{"id":47444,"date":"2025-10-17T05:09:20","date_gmt":"2025-10-17T05:09:20","guid":{"rendered":"https:\/\/nttgroup.com\/?page_id=47444"},"modified":"2025-10-17T08:22:14","modified_gmt":"2025-10-17T08:22:14","slug":"historia-ntt","status":"publish","type":"page","link":"https:\/\/nttgroup.com\/pl\/historia-ntt\/","title":{"rendered":"Historia NTT"},"content":{"rendered":"<div class=\"wpb-content-wrapper\"><p>[vc_section full_width=&#8221;stretch_row&#8221; css=&#8221;.vc_custom_1542025240624{background-color: #f9f9f9 !important;}&#8221;][vc_row css=&#8221;.vc_custom_1542025031874{background-color: #f9f9f9 !important;}&#8221;][vc_column width=&#8221;1\/6&#8243;][\/vc_column][vc_column width=&#8221;2\/3&#8243;][vc_column_text]<\/p>\n<h4 style=\"font-size: 42px; text-align: center;\">Historia NTT Group<\/h4>\n<p>&nbsp;<br \/>\n[\/vc_column_text][vc_separator border_width=&#8221;2&#8243; css=&#8221;.vc_custom_1542025311822{margin-bottom: 20px !important;}&#8221;][\/vc_column][vc_column width=&#8221;1\/6&#8243;][\/vc_column][\/vc_row][vc_row css=&#8221;.vc_custom_1542025040822{background-color: #f9f9f9 !important;}&#8221;][vc_column width=&#8221;1\/3&#8243;]\t\t\t<div class=\" basel-info-box text-center icon-alignment-top box-style-base color-scheme-dark  with-animation \" onclick=\"\">\n\t\t\t\t\t\t\t\t<div class=\"info-box-content\">\n\t\t\t\t\t<div class=\"info-box-inner\">\n\t\t\t\t\t\t<\/p>\n<h2>Mi\u0119dzynarodowa<\/h2>\n<p>nasze produkty docieraj\u0105 do klient\u00f3w na wszystkich kontynentach<\/p>\n\t\t\t\t\t<\/div>\n\t\t\t\t<\/div>\n\t\t\t<\/div>\n\t\t[\/vc_column][vc_column width=&#8221;1\/3&#8243;]\t\t\t<div class=\" basel-info-box text-center icon-alignment-top box-style-base color-scheme-dark  with-animation \" onclick=\"\">\n\t\t\t\t\t\t\t\t<div class=\"info-box-content\">\n\t\t\t\t\t<div class=\"info-box-inner\">\n\t\t\t\t\t\t<\/p>\n<h2>Do\u015bwiadczenie<\/h2>\n<p>silne fundamenty od 1969 roku<\/p>\n\t\t\t\t\t<\/div>\n\t\t\t\t<\/div>\n\t\t\t<\/div>\n\t\t[\/vc_column][vc_column width=&#8221;1\/3&#8243;]\t\t\t<div class=\" basel-info-box text-center icon-alignment-top box-style-base color-scheme-dark  with-animation \" onclick=\"\">\n\t\t\t\t\t\t\t\t<div class=\"info-box-content\">\n\t\t\t\t\t<div class=\"info-box-inner\">\n\t\t\t\t\t\t<\/p>\n<h2>Niezwyk\u0142e pomys\u0142y<\/h2>\n<p>pomagali\u015bmy klientom realizowa\u0107 wyj\u0105tkowe pomys\u0142y<\/p>\n\t\t\t\t\t<\/div>\n\t\t\t\t<\/div>\n\t\t\t<\/div>\n\t\t[\/vc_column][\/vc_row][\/vc_section][vc_row full_width=&#8221;stretch_row&#8221; css=&#8221;.vc_custom_1694062051816{margin-top: 40px !important;margin-bottom: 45px !important;}&#8221;][vc_column width=&#8221;1\/3&#8243; el_class=&#8221;text-right&#8221;][vc_column_text css=&#8221;.vc_custom_1760606243044{margin-bottom: 30px !important;}&#8221; basel_color_scheme=&#8221;dark&#8221;]<\/p>\n<h5><strong style=\"color: #1b1919; font-family: Karla, Arial, Helvetica, sans-serif;\">1969<\/strong><\/h5>\n<p><\/p>\n<p class=\"Normal\">M\u00f6lndals Industriprodukter AB zosta\u0142a za\u0142o\u017cona przez Reinhardta Denbergera, by\u0142ego pracownika firmy Berggrens Mekaniska. Reinhardt sta\u0142 si\u0119 pionierem w swojej bran\u017cy, rozpoczynaj\u0105c import komponent\u00f3w wykorzystywanych w produkcji przemys\u0142owej.<\/p>\n<p>[\/vc_column_text][vc_column_text css=&#8221;.vc_custom_1760606252932{margin-bottom: 30px !important;}&#8221; basel_color_scheme=&#8221;dark&#8221;]<\/p>\n<h5><strong style=\"color: #1b1919; font-family: Karla, Arial, Helvetica, sans-serif;\">1976<\/strong><\/h5>\n<p><\/p>\n<h5 style=\"margin-bottom: 10px;\"><\/h5>\n<p><\/p>\n<p class=\"Normal\">Nordisk Transmissionsteknik AB zostaje utworzona jako sp\u00f3\u0142ka w\u0142a\u015bcicielska firmy M\u00f6lndals Industriprodukter.<\/p>\n<p>&nbsp;<br \/>\n[\/vc_column_text][vc_column_text css=&#8221;.vc_custom_1760606259178{margin-bottom: 30px !important;}&#8221; basel_color_scheme=&#8221;dark&#8221;]<\/p>\n<h5><strong style=\"color: #1b1919; font-family: Karla, Arial, Helvetica, sans-serif;\">1983<\/strong><\/h5>\n<p><\/p>\n<h5 style=\"margin-bottom: 10px;\"><\/h5>\n<p>Berndt Denberger zostaje w\u0142a\u015bcicielem i dyrektorem generalnym firmy.[\/vc_column_text][vc_column_text css=&#8221;.vc_custom_1760606503745{margin-bottom: 30px !important;}&#8221; basel_color_scheme=&#8221;dark&#8221;]<\/p>\n<h5><strong style=\"color: #1b1919; font-family: Karla, Arial, Helvetica, sans-serif;\">2010<\/strong><\/h5>\n<p><\/p>\n<h5 style=\"margin-bottom: 10px;\"><\/h5>\n<p><\/p>\n<p class=\"Normal\">M\u00f6lndals Industriprodukter AB przejmuje firm\u0119 Berggrens Mekaniska. Jednocze\u015bnie w Norwegii powstaje M\u00f6lndals Industriprodukter A\/S.<\/p>\n<p>[\/vc_column_text][vc_column_text css=&#8221;.vc_custom_1760606493561{margin-bottom: 30px !important;}&#8221; basel_color_scheme=&#8221;dark&#8221;]<\/p>\n<h5><strong style=\"color: #1b1919; font-family: Karla, Arial, Helvetica, sans-serif;\">1989<\/strong><\/h5>\n<p><\/p>\n<h5 style=\"margin-bottom: 10px;\"><\/h5>\n<p><\/p>\n<p class=\"Normal\">Kontynuuj\u0105c ekspansj\u0119 mi\u0119dzynarodow\u0105, powstaje M\u00f6lndals Industriprodukter AS w Danii, wzmacniaj\u0105c obecno\u015b\u0107 firmy na rynku skandynawskim.<\/p>\n<p>[\/vc_column_text][vc_column_text css=&#8221;.vc_custom_1760606483612{margin-bottom: 30px !important;}&#8221; basel_color_scheme=&#8221;dark&#8221;]<\/p>\n<h5><strong style=\"color: #1b1919; font-family: Karla, Arial, Helvetica, sans-serif;\">2000<\/strong><\/h5>\n<p><\/p>\n<h5 style=\"margin-bottom: 10px;\"><\/h5>\n<p><\/p>\n<p class=\"Normal\">W ramach dalszej ekspansji mi\u0119dzynarodowej powstaje M\u00f6lndals Industriprodukter Sp. z o.o. w Polsce, wzmacniaj\u0105c obecno\u015b\u0107 firmy w Europie \u015arodkowo-Wschodniej.<\/p>\n<p>[\/vc_column_text][\/vc_column][vc_column width=&#8221;1\/3&#8243;][vc_single_image image=&#8221;15472&#8243; img_size=&#8221;full&#8221; alignment=&#8221;center&#8221; css_animation=&#8221;bottom-to-top&#8221;][vc_single_image image=&#8221;15478&#8243; img_size=&#8221;full&#8221; alignment=&#8221;center&#8221; css_animation=&#8221;bottom-to-top&#8221;][\/vc_column][vc_column width=&#8221;1\/3&#8243;][vc_column_text css=&#8221;.vc_custom_1760606269712{margin-bottom: 30px !important;}&#8221; basel_color_scheme=&#8221;dark&#8221;]<\/p>\n<h5><strong style=\"color: #1b1919; font-family: Karla, Arial, Helvetica, sans-serif;\">2006-2009<\/strong><\/h5>\n<p><\/p>\n<h5 style=\"margin-bottom: 10px;\"><\/h5>\n<p><\/p>\n<p class=\"Normal\">M\u00f6lndals Industriprodukter AB przejmuje szwedzkie firmy: Kedjeexperten i Lingbo AB, SKS Teknik AB, SKS Nylund AB, Sandarne Legomekaniska AB (SLM), Conveyorteknik Sweden AB oraz Vittsj\u00f6 Mekaniska Verkstads AB.<\/p>\n<p>[\/vc_column_text][vc_column_text css=&#8221;.vc_custom_1760606280031{margin-bottom: 30px !important;}&#8221; basel_color_scheme=&#8221;dark&#8221;]<\/p>\n<h5><strong style=\"color: #1b1919; font-family: Karla, Arial, Helvetica, sans-serif;\">2010<\/strong><\/h5>\n<p><\/p>\n<h5 style=\"margin-bottom: 10px;\"><\/h5>\n<p><\/p>\n<p class=\"Normal\">W ramach dalszej ekspansji europejskiej powstaje M\u00f6lndals Industriprodukter GmbH w Niemczech, umacniaj\u0105c obecno\u015b\u0107 firmy na kluczowych rynkach przemys\u0142owych Europy.<\/p>\n<p>[\/vc_column_text][vc_column_text css=&#8221;.vc_custom_1760606292997{margin-bottom: 30px !important;}&#8221; basel_color_scheme=&#8221;dark&#8221;]<\/p>\n<h5><strong style=\"color: #1b1919; font-family: Karla, Arial, Helvetica, sans-serif;\">2011<\/strong><\/h5>\n<p><\/p>\n<h5 style=\"margin-bottom: 10px;\"><\/h5>\n<p><\/p>\n<p class=\"Normal\">M\u00f6lndals Industriprodukter AB przejmuje firm\u0119 Svenska Transmissionsprodukter.<\/p>\n<p>[\/vc_column_text][vc_column_text css=&#8221;.vc_custom_1760606303761{margin-bottom: 30px !important;}&#8221; basel_color_scheme=&#8221;dark&#8221;]<\/p>\n<h5><strong style=\"color: #1b1919; font-family: Karla, Arial, Helvetica, sans-serif;\">2012<\/strong><\/h5>\n<p><\/p>\n<h5 style=\"margin-bottom: 10px;\"><\/h5>\n<p><\/p>\n<p class=\"Normal\">KAHI Ecotec GmbH zostaje przej\u0119ta.<\/p>\n<p>&nbsp;<br \/>\n[\/vc_column_text][vc_column_text css=&#8221;.vc_custom_1760606407579{margin-bottom: 30px !important;}&#8221; basel_color_scheme=&#8221;dark&#8221;]<\/p>\n<h5><strong style=\"color: #1b1919; font-family: Karla, Arial, Helvetica, sans-serif;\">2014<\/strong><\/h5>\n<p><\/p>\n<h5 style=\"margin-bottom: 10px;\"><\/h5>\n<p><\/p>\n<div class=\"dxGrid\">\n<div class=\"dxGrid8 Main1\">\n<p class=\"Normal\">Wszystkie sp\u00f3\u0142ki wchodz\u0105ce w sk\u0142ad grupy konsoliduj\u0105 swoj\u0105 dzia\u0142alno\u015b\u0107 pod jedn\u0105, rozpoznawaln\u0105 mark\u0105: NTT Group, tworz\u0105c siln\u0105 i sp\u00f3jn\u0105 obecno\u015b\u0107 na rynkach mi\u0119dzynarodowych.<\/p>\n<\/div>\n<p><\/div>\n<p>\n[\/vc_column_text][vc_column_text css=&#8221;.vc_custom_1760606418241{margin-bottom: 30px !important;}&#8221; basel_color_scheme=&#8221;dark&#8221;]<\/p>\n<h5><strong style=\"color: #1b1919; font-family: Karla, Arial, Helvetica, sans-serif;\">2020-2022<\/strong><\/h5>\n<p><\/p>\n<h5 style=\"margin-bottom: 10px;\"><\/h5>\n<p><\/p>\n<div class=\"dxGrid\">\n<div class=\"dxGrid8 Main1\">\n<p class=\"Normal\">W M\u00f6lndal przeprowadzono kompletn\u0105 modernizacj\u0119 parku maszynowego, wprowadzaj\u0105c zrobotyzowane maszyny CNC, co znacz\u0105co zwi\u0119ksza efektywno\u015b\u0107 produkcji i innowacyjno\u015b\u0107 proces\u00f3w przemys\u0142owych.<\/p>\n<\/div>\n<p><\/div>\n<p>\n[\/vc_column_text][vc_column_text css=&#8221;.vc_custom_1760606474430{margin-bottom: 30px !important;}&#8221; basel_color_scheme=&#8221;dark&#8221;]<\/p>\n<h5><strong style=\"color: #1b1919; font-family: Karla, Arial, Helvetica, sans-serif;\">2023<\/strong><\/h5>\n<p><\/p>\n<h5 style=\"margin-bottom: 10px;\"><\/h5>\n<p><\/p>\n<div class=\"dxGrid\">\n<div class=\"dxGrid8 Main1\">\n<p class=\"Normal\">Nowy oddzia\u0142 zostaje otwarty w Finlandii.<\/p>\n<\/div>\n<p><\/div>\n<p>\n[\/vc_column_text][\/vc_column][\/vc_row]<\/p>\n<\/div>","protected":false},"excerpt":{"rendered":"<p>[vc_section full_width=&#8221;stretch_row&#8221; css=&#8221;.vc_custom_1542025240624{background-color: #f9f9f9 !important;}&#8221;][vc_row css=&#8221;.vc_custom_1542025031874{background-color: #f9f9f9 !important;}&#8221;][vc_column width=&#8221;1\/6&#8243;][\/vc_column][vc_column width=&#8221;2\/3&#8243;][vc_column_text] Historia NTT Group &nbsp; [\/vc_column_text][vc_separator border_width=&#8221;2&#8243; css=&#8221;.vc_custom_1542025311822{margin-bottom: 20px !important;}&#8221;][\/vc_column][vc_column width=&#8221;1\/6&#8243;][\/vc_column][\/vc_row][vc_row<\/p>\n","protected":false},"author":3,"featured_media":0,"parent":0,"menu_order":0,"comment_status":"closed","ping_status":"closed","template":"","meta":{"footnotes":""},"class_list":["post-47444","page","type-page","status-publish","hentry"],"_links":{"self":[{"href":"https:\/\/nttgroup.com\/pl\/wp-json\/wp\/v2\/pages\/47444","targetHints":{"allow":["GET"]}}],"collection":[{"href":"https:\/\/nttgroup.com\/pl\/wp-json\/wp\/v2\/pages"}],"about":[{"href":"https:\/\/nttgroup.com\/pl\/wp-json\/wp\/v2\/types\/page"}],"author":[{"embeddable":true,"href":"https:\/\/nttgroup.com\/pl\/wp-json\/wp\/v2\/users\/3"}],"replies":[{"embeddable":true,"href":"https:\/\/nttgroup.com\/pl\/wp-json\/wp\/v2\/comments?post=47444"}],"version-history":[{"count":5,"href":"https:\/\/nttgroup.com\/pl\/wp-json\/wp\/v2\/pages\/47444\/revisions"}],"predecessor-version":[{"id":47569,"href":"https:\/\/nttgroup.com\/pl\/wp-json\/wp\/v2\/pages\/47444\/revisions\/47569"}],"wp:attachment":[{"href":"https:\/\/nttgroup.com\/pl\/wp-json\/wp\/v2\/media?parent=47444"}],"curies":[{"name":"wp","href":"https:\/\/api.w.org\/{rel}","templated":true}]}}