{"id":47585,"date":"2025-10-20T06:20:13","date_gmt":"2025-10-20T06:20:13","guid":{"rendered":"https:\/\/nttgroup.com\/ntt-misja-wizja-wartosci\/"},"modified":"2025-10-20T07:17:23","modified_gmt":"2025-10-20T07:17:23","slug":"ntt-misja-wizja-wartosci","status":"publish","type":"page","link":"https:\/\/nttgroup.com\/pl\/ntt-misja-wizja-wartosci\/","title":{"rendered":"NTT Misja, Wizja, Warto\u015bci"},"content":{"rendered":"<div class=\"wpb-content-wrapper\"><p>[vc_section full_width=&#8221;stretch_row&#8221; css=&#8221;.vc_custom_1542025240624{background-color: #f9f9f9 !important;}&#8221;][vc_row css=&#8221;.vc_custom_1542025031874{background-color: #f9f9f9 !important;}&#8221;][vc_column width=&#8221;1\/6&#8243;][\/vc_column][vc_column width=&#8221;2\/3&#8243;][vc_column_text]<\/p>\n<h4 style=\"font-size: 42px; text-align: center;\">Nasze Warto\u015bci I Cele<\/h4>\n<p>[\/vc_column_text][vc_separator border_width=&#8221;2&#8243; css=&#8221;.vc_custom_1542025311822{margin-bottom: 20px !important;}&#8221;][\/vc_column][vc_column width=&#8221;1\/6&#8243;][\/vc_column][\/vc_row][vc_row css=&#8221;.vc_custom_1542025040822{background-color: #f9f9f9 !important;}&#8221;][vc_column width=&#8221;1\/3&#8243;]\t\t\t<div class=\" basel-info-box text-center icon-alignment-top box-style-base color-scheme-dark  with-animation \" onclick=\"\">\n\t\t\t\t\t\t\t\t<div class=\"info-box-content\">\n\t\t\t\t\t<div class=\"info-box-inner\">\n\t\t\t\t\t\t<\/p>\n<h2>Misja<\/h2>\n<p class=\"Normal\" style=\"text-align: left;\">Oferujemy najszerszy zakres produkt\u00f3w i us\u0142ug\u00a0 \u00a0 \u00a0 \u00a0 \u00a0 \u00a0 \u00a0 \u00a0 \u00a0 \u00a0 \u00a0 \u00a0 \u00a0 \u00a0w dziedzinie transmisji mechanicznej.<\/p>\n<p>\n\t\t\t\t\t<\/div>\n\t\t\t\t<\/div>\n\t\t\t<\/div>\n\t\t[\/vc_column][vc_column width=&#8221;1\/3&#8243;]\t\t\t<div class=\" basel-info-box text-center icon-alignment-top box-style-base color-scheme-dark  with-animation \" onclick=\"\">\n\t\t\t\t\t\t\t\t<div class=\"info-box-content\">\n\t\t\t\t\t<div class=\"info-box-inner\">\n\t\t\t\t\t\t<\/p>\n<h2>Wizja<\/h2>\n<p class=\"Normal\">Najcz\u0119\u015bciej wybierany partner w dziedzinie transmisji mechanicznej.<\/p>\n<p>\n\t\t\t\t\t<\/div>\n\t\t\t\t<\/div>\n\t\t\t<\/div>\n\t\t[\/vc_column][vc_column width=&#8221;1\/3&#8243;]\t\t\t<div class=\" basel-info-box text-center icon-alignment-top box-style-base color-scheme-dark  with-animation \" onclick=\"\">\n\t\t\t\t\t\t\t\t<div class=\"info-box-content\">\n\t\t\t\t\t<div class=\"info-box-inner\">\n\t\t\t\t\t\t<\/p>\n<h2>Kluczowe Warto\u015bci<\/h2>\n<p>Ludzie, transparentno\u015b\u0107 i niezawodno\u015b\u0107 to nasze kluczowe warto\u015bci.<\/p>\n\t\t\t\t\t<\/div>\n\t\t\t\t<\/div>\n\t\t\t<\/div>\n\t\t[\/vc_column][\/vc_row][\/vc_section][vc_row full_width=&#8221;stretch_row&#8221; css=&#8221;.vc_custom_1694062051816{margin-top: 40px !important;margin-bottom: 45px !important;}&#8221;][vc_column width=&#8221;1\/2&#8243; el_class=&#8221;text-left&#8221;][vc_column_text css=&#8221;.vc_custom_1760944639179{margin-bottom: 30px !important;}&#8221; basel_color_scheme=&#8221;dark&#8221;]<\/p>\n<div class=\"presented-response-container ng-tns-c4150723369-352\">\n<div class=\"response-container-content ng-tns-c4150723369-352\">\n<div class=\"response-content ng-trigger ng-trigger-responsePopulation ng-tns-c4150723369-352\">\n<div class=\"markdown markdown-main-panel ui-v2-enabled\" dir=\"ltr\">\n<p data-sourcepos=\"3:1-3:52\"><strong>Zaufanie Oparte Na: Niezawodno\u015bci<\/strong><\/p>\n<p data-sourcepos=\"5:1-5:32\">W NTT Group, <strong>niezawodno\u015b\u0107<\/strong> jest fundamentem wszystkiego, co robimy.<br \/>\nDoskonale rozumiemy, \u017ce nasi klienci polegaj\u0105 na nas, by zawsze otrzyma\u0107<br \/>\n<strong>odpowiedni produkt, we w\u0142a\u015bciwym czasie<\/strong>. Dlatego inwestujemy w <strong>nowoczesne <\/strong><strong>zaplecze produkcyjne<\/strong>, kt\u00f3re gwarantuje najwy\u017csz\u0105 <strong>precyzj\u0119 i powtarzalno\u015b\u0107<\/strong>.<\/p>\n<p>Dysponujemy <strong>najszerszym asortymentem produkt\u00f3w<\/strong> na rynku, co daje naszym klientom pe\u0142n\u0105 elastyczno\u015b\u0107 w wyborze idealnego rozwi\u0105zania. Dzi\u0119ki <strong>rozbudowanemu magazynowi<\/strong> zapewniamy <strong>terminowe dostawy <\/strong>oraz <strong>niezr\u00f3wnan\u0105 jako\u015b\u0107<\/strong>.<\/p>\n<p>Jednak niezawodno\u015b\u0107 to co\u015b wi\u0119cej ni\u017c technologia. To tak\u017ce <strong>zaufanie<\/strong>.<br \/>\nNasz zesp\u00f3\u0142 dzia\u0142a w pe\u0142nej <strong>harmonii i wsp\u00f3\u0142pracy<\/strong>, a ka\u017cdy pracownik bierze odpowiedzialno\u015b\u0107 za <strong>satysfakcj\u0119 klienta<\/strong>. Stawiamy na <strong>otwart\u0105 komunikacj\u0119<\/strong> i <strong>wzajemny szacunek<\/strong>, tworz\u0105c bezpieczne \u015brodowisko, w kt\u00f3rym Twoje potrzeby zawsze s\u0105 priorytetem.<\/p>\n<p data-sourcepos=\"9:1-9:51\"><strong>Zawsze Dost\u0119pni: \u0141\u0105czymy \u015awiat Dzi\u0119ki Dost\u0119pno\u015bci<\/strong><\/p>\n<p style=\"text-align: left;\" data-sourcepos=\"11:1-11:59\">Wierzymy, \u017ce kluczem do sukcesu jest <strong>\u0142atwy dost\u0119p do naszych us\u0142ug i zespo\u0142u<\/strong>.\u00a0 \u00a0Dlatego dbamy o <strong>jasne kana\u0142y komunikacji<\/strong> oraz <strong>szybk\u0105 reakcj\u0119 <\/strong>na wszystkie pytania\u00a0 \u00a0 \u00a0 i potrzeby klient\u00f3w. Dzi\u0119ki <strong>bogatemu do\u015bwiadczeniu i wiedzy<\/strong> potrafimy znale\u017a\u0107 <strong>idealne rozwi\u0105zanie,<\/strong>\u00a0niezale\u017cnie od stopnia skomplikowania wyzwania. Jeste\u015bmy <strong>proaktywni, <\/strong>nie tylko reagujemy, ale <strong>wyprzedzamy oczekiwania klient\u00f3w<\/strong>, poszukuj\u0105c nowych mo\u017cliwo\u015bci i rozwi\u0105za\u0144.<\/p>\n<p>Nasze zaanga\u017cowanie w dost\u0119pno\u015b\u0107 to nie tylko szybka reakcja, ale te\u017c <strong>uwa\u017cne s\u0142uchanie<\/strong> i <strong>empatia<\/strong>. Budujemy autentyczne <strong>relacje<\/strong> z klientami, dostawcami\u00a0 \u00a0 \u00a0 \u00a0 \u00a0 \u00a0 \u00a0 \u00a0 \u00a0 \u00a0 \u00a0 \u00a0 i pracownikami. Zawsze idziemy o krok dalej, by zapewni\u0107 obs\u0142ug\u0119 klienta na najwy\u017cszym poziomie tak, aby\u015b czu\u0142 si\u0119 doceniony i wspierany na ka\u017cdym etapie naszej wsp\u00f3\u0142pracy.<\/p>\n<p data-sourcepos=\"15:1-15:46\"><strong>Si\u0142a Wsp\u00f3\u0142pracy: Razem Tworzymy Sukces<\/strong><\/p>\n<p data-sourcepos=\"17:1-17:312\">W NTT Group traktujemy relacje z klientami jako prawdziw\u0105 <strong>wsp\u00f3\u0142prac\u0119<\/strong>.\u00a0 \u00a0 \u00a0 \u00a0 \u00a0 \u00a0 \u00a0 Stawiamy na partnerstwo, kt\u00f3re pozwala osi\u0105gn\u0105\u0107 Twoje cele i zrealizowa\u0107 wizj\u0119. Oznacza to, \u017ce reagujemy na zmieniaj\u0105ce si\u0119 potrzeby, wprowadzamy innowacyjne rozwi\u0105zania i jeste\u015bmy elastyczni, aby sprosta\u0107 Twoim indywidualnym wymaganiom.<\/p>\n<p>Wewn\u0119trzna <strong>wsp\u00f3\u0142praca<\/strong> to nasza najwi\u0119ksza si\u0142a. Nasz zesp\u00f3\u0142 dzia\u0142a jak jeden organizm, zjednoczony <strong>wsp\u00f3lnym celem: Twoim sukcesem<\/strong>. Dzi\u0119ki temu zapewniamy <strong>efektywn\u0105 komunikacj\u0119<\/strong>, <strong>sprawne procesy<\/strong> i ostatecznie <strong>produkty oraz us\u0142ugi<\/strong>,\u00a0 \u00a0 \u00a0 \u00a0 \u00a0 \u00a0 \u00a0kt\u00f3re doskonale odpowiadaj\u0105 Twoim oczekiwaniom.<\/p>\n<p data-sourcepos=\"19:1-19:146\"><strong>Zaufanie. <strong>Dost\u0119pno\u015b\u0107.<strong> Wsp\u00f3\u0142praca.<\/strong><\/strong><\/strong><\/p>\n<p>Poprzez po\u0142\u0105czenie <strong>niezawodno\u015bci, dost\u0119pno\u015bci i wsp\u00f3\u0142pracy<\/strong>, NTT Group staje si\u0119 czym\u015b wi\u0119cej ni\u017c tylko dostawc\u0105. Jeste\u015bmy <strong>Twoim zaufanym partnerem<\/strong>, buduj\u0105cym trwa\u0142e relacje oparte na <strong>wzajemnym szacunku<\/strong> i <strong>wsp\u00f3lnym d\u0105\u017ceniu do sukcesu<\/strong>.<\/p>\n<\/div>\n<\/div>\n<\/div>\n<\/div>\n<p>[\/vc_column_text][\/vc_column][vc_column width=&#8221;1\/2&#8243;][vc_single_image image=&#8221;15483&#8243; img_size=&#8221;full&#8221; alignment=&#8221;center&#8221; css_animation=&#8221;bottom-to-top&#8221;][\/vc_column][\/vc_row][vc_row][vc_column][vc_column_text].[\/vc_column_text][\/vc_column][\/vc_row]<\/p>\n<\/div>","protected":false},"excerpt":{"rendered":"<p>[vc_section full_width=&#8221;stretch_row&#8221; css=&#8221;.vc_custom_1542025240624{background-color: #f9f9f9 !important;}&#8221;][vc_row css=&#8221;.vc_custom_1542025031874{background-color: #f9f9f9 !important;}&#8221;][vc_column width=&#8221;1\/6&#8243;][\/vc_column][vc_column width=&#8221;2\/3&#8243;][vc_column_text] Nasze Warto\u015bci I Cele [\/vc_column_text][vc_separator border_width=&#8221;2&#8243; css=&#8221;.vc_custom_1542025311822{margin-bottom: 20px !important;}&#8221;][\/vc_column][vc_column width=&#8221;1\/6&#8243;][\/vc_column][\/vc_row][vc_row<\/p>\n","protected":false},"author":3,"featured_media":0,"parent":0,"menu_order":0,"comment_status":"closed","ping_status":"closed","template":"","meta":{"footnotes":""},"class_list":["post-47585","page","type-page","status-publish","hentry"],"_links":{"self":[{"href":"https:\/\/nttgroup.com\/pl\/wp-json\/wp\/v2\/pages\/47585","targetHints":{"allow":["GET"]}}],"collection":[{"href":"https:\/\/nttgroup.com\/pl\/wp-json\/wp\/v2\/pages"}],"about":[{"href":"https:\/\/nttgroup.com\/pl\/wp-json\/wp\/v2\/types\/page"}],"author":[{"embeddable":true,"href":"https:\/\/nttgroup.com\/pl\/wp-json\/wp\/v2\/users\/3"}],"replies":[{"embeddable":true,"href":"https:\/\/nttgroup.com\/pl\/wp-json\/wp\/v2\/comments?post=47585"}],"version-history":[{"count":5,"href":"https:\/\/nttgroup.com\/pl\/wp-json\/wp\/v2\/pages\/47585\/revisions"}],"predecessor-version":[{"id":47603,"href":"https:\/\/nttgroup.com\/pl\/wp-json\/wp\/v2\/pages\/47585\/revisions\/47603"}],"wp:attachment":[{"href":"https:\/\/nttgroup.com\/pl\/wp-json\/wp\/v2\/media?parent=47585"}],"curies":[{"name":"wp","href":"https:\/\/api.w.org\/{rel}","templated":true}]}}