{"id":47627,"date":"2025-10-20T07:16:15","date_gmt":"2025-10-20T07:16:15","guid":{"rendered":"https:\/\/nttgroup.com\/zrownowazony-rozwoj-ntt\/"},"modified":"2026-04-24T14:28:27","modified_gmt":"2026-04-24T14:28:27","slug":"zrownowazony-rozwoj-ntt","status":"publish","type":"page","link":"https:\/\/nttgroup.com\/pl\/zrownowazony-rozwoj-ntt\/","title":{"rendered":"Zr\u00f3wnowa\u017cony rozw\u00f3j NTT"},"content":{"rendered":"<div class=\"wpb-content-wrapper\"><p>[vc_section full_width=&#8221;stretch_row&#8221; css=&#8221;.vc_custom_1542025240624{background-color: #f9f9f9 !important;}&#8221;][vc_row css=&#8221;.vc_custom_1542025031874{background-color: #f9f9f9 !important;}&#8221;][vc_column width=&#8221;1\/6&#8243;][\/vc_column][vc_column width=&#8221;2\/3&#8243;][vc_column_text]<\/p>\n<h4 style=\"font-size: 42px; text-align: center;\">Zr\u00f3wnowa\u017cony rozw\u00f3j<\/h4>\n<p>[\/vc_column_text][vc_separator border_width=&#8221;2&#8243; css=&#8221;.vc_custom_1542025311822{margin-bottom: 20px !important;}&#8221;][\/vc_column][vc_column width=&#8221;1\/6&#8243;][\/vc_column][\/vc_row][vc_row css=&#8221;.vc_custom_1542025040822{background-color: #f9f9f9 !important;}&#8221;][vc_column width=&#8221;1\/3&#8243;]\t\t\t<div class=\" basel-info-box text-center icon-alignment-top box-style-base color-scheme-dark  with-animation \" onclick=\"\">\n\t\t\t\t\t\t\t\t<div class=\"info-box-content\">\n\t\t\t\t\t<div class=\"info-box-inner\">\n\t\t\t\t\t\t<\/p>\n<h2>Standardy<\/h2>\n<p class=\"Normal\">Bierzemy udzia\u0142 w wielu mi\u0119dzynarodowych programach oceny, takich jak EcoVadis.<\/p>\n<p>\n\t\t\t\t\t<\/div>\n\t\t\t\t<\/div>\n\t\t\t<\/div>\n\t\t[\/vc_column][vc_column width=&#8221;1\/3&#8243;]\t\t\t<div class=\" basel-info-box text-center icon-alignment-top box-style-base color-scheme-dark  with-animation \" onclick=\"\">\n\t\t\t\t\t\t\t\t<div class=\"info-box-content\">\n\t\t\t\t\t<div class=\"info-box-inner\">\n\t\t\t\t\t\t<\/p>\n<h2>Codzienna praca<\/h2>\n<p class=\"Normal\">Codziennie d\u0105\u017cymy do wprowadzania usprawnie\u0144.<\/p>\n<p>\n\t\t\t\t\t<\/div>\n\t\t\t\t<\/div>\n\t\t\t<\/div>\n\t\t[\/vc_column][vc_column width=&#8221;1\/3&#8243;]\t\t\t<div class=\" basel-info-box text-center icon-alignment-top box-style-base color-scheme-dark  with-animation \" onclick=\"\">\n\t\t\t\t\t\t\t\t<div class=\"info-box-content\">\n\t\t\t\t\t<div class=\"info-box-inner\">\n\t\t\t\t\t\t<\/p>\n<h2>-120,860T CO2<\/h2>\n<p class=\"Normal\">Dzi\u0119ki zielonej energii.<\/p>\n<p>\n\t\t\t\t\t<\/div>\n\t\t\t\t<\/div>\n\t\t\t<\/div>\n\t\t[\/vc_column][\/vc_row][\/vc_section][vc_row full_width=&#8221;stretch_row&#8221; css=&#8221;.vc_custom_1694612155645{margin-top: 60px !important;margin-bottom: 45px !important;}&#8221;][vc_column width=&#8221;1\/2&#8243; el_class=&#8221;text-left&#8221;][vc_column_text css=&#8221;.vc_custom_1760606597905{margin-bottom: 30px !important;}&#8221; basel_color_scheme=&#8221;dark&#8221;]<\/p>\n<div class=\"dxGrid\">\n<div class=\"dxGrid8 Main1\">\n<div class=\"presented-response-container ng-tns-c4150723369-374\">\n<div class=\"response-container-content ng-tns-c4150723369-374\">\n<div class=\"response-content ng-trigger ng-trigger-responsePopulation ng-tns-c4150723369-374\">\n<div class=\"markdown markdown-main-panel ui-v2-enabled\" dir=\"ltr\">\n<p><strong>Zr\u00f3wnowa\u017cone rozwi\u0105zania, trwa\u0142e efekty: proekologiczna produkcja<\/strong><\/p>\n<p>W NTT Group zdajemy sobie spraw\u0119, jak wa\u017cne jest <strong>minimalizowanie naszego wp\u0142ywu na \u015brodowisko.<\/strong> <span data-teams=\"true\">Osi\u0105gamy to <strong>poprzez<\/strong><strong> aktywne wdra\u017canie<\/strong> zr\u00f3wnowa\u017conych metod, kt\u00f3re stawiaj\u0105 na minimalny wp\u0142yw na \u015brodowisko. To zobowi\u0105zanie <strong>obejmuje<\/strong><strong> wszystkie obszary naszej dzia\u0142alno\u015bci, <\/strong>od pozyskiwania surowc\u00f3w i proces\u00f3w produkcyjnych po zarz\u0105dzanie odpadami<\/span>.<\/p>\n<p><strong>Oszcz\u0119dne gospodarowanie zasobami: <\/strong>Wierzymy w odpowiedzialne wykorzystanie zasob\u00f3w. Od ograniczania zu\u017cycia energii w naszych zak\u0142adach po optymalizacj\u0119 wykorzystania materia\u0142\u00f3w poprzez innowacyjne metody produkcji.&nbsp; &nbsp; &nbsp; &nbsp; &nbsp; &nbsp; &nbsp; &nbsp; &nbsp; &nbsp; &nbsp; &nbsp; &nbsp; &nbsp; D\u0105\u017cymy do minimalizacji naszego \u015bladu ekologicznego na ka\u017cdym etapie.<\/p>\n<p><strong>Optymalizacja gospodarki odpadami:<\/strong> Jeste\u015bmy zaanga\u017cowani w <strong data-start=\"882\" data-end=\"907\">minimalizacj\u0119 odpad\u00f3w<\/strong> i stosujemy zasady <strong data-start=\"927\" data-end=\"949\">hierarchii odpad\u00f3w<\/strong>. Oznacza to priorytetowe podej\u015bcie&nbsp; &nbsp; &nbsp;do zapobiegania powstawaniu odpad\u00f3w, ich redukcji, ponownego u\u017cycia i recyklingu, zanim rozwa\u017cymy ich unieszkodliwienie. Osi\u0105gamy to dzi\u0119ki efektywnym procesom produkcyjnym oraz wsp\u00f3\u0142pracy z certyfikowanymi firmami recyklingowymi,&nbsp; &nbsp; &nbsp; &nbsp; &nbsp; &nbsp; &nbsp; &nbsp; &nbsp; kt\u00f3re odpowiedzialnie zarz\u0105dzaj\u0105 nieuniknionymi odpadami.<\/p>\n<p>Poprzez aktywne podej\u015bcie do zr\u00f3wnowa\u017conego rozwoju chcemy nie tylko ogranicza\u0107 nasz wp\u0142yw na \u015brodowisko, ale r\u00f3wnie\u017c inspirowa\u0107 do odpowiedzialnych praktyk w ca\u0142ej bran\u017cy. Wierzymy, \u017ce <strong data-start=\"1464\" data-end=\"1492\">zr\u00f3wnowa\u017cone rozwi\u0105zania<\/strong> prowadz\u0105 do <strong data-start=\"1505\" data-end=\"1528\">trwa\u0142ych rezultat\u00f3w<\/strong>, zapewniaj\u0105c zdrow\u0105 planet\u0119 dla przysz\u0142ych pokole\u0144.<\/p>\n<\/div>\n<\/div>\n<\/div>\n<\/div>\n<h1 class=\"Normal\"><span style=\"color: #333333; font-family: Georgia, 'Times New Roman', 'Bitstream Charter', Times, serif; font-size: 16px;\">NTT Group jest cz\u0142onkiem Stowarzyszenia ds. Zbi\u00f3rki Opakowa\u0144 i Papieru. (former REPA) \u2013 <\/span><a style=\"font-family: Georgia, &#039;Times New Roman&#039;, &#039;Bitstream Charter&#039;, Times, serif; font-size: 16px;\" title=\"Packaging and Newspaper Collection Service\" href=\"http:\/\/www.ftiab.se\/257.html\" target=\"_blank\" rel=\"noopener\">Packaging and Newspaper Collection Service<\/a><span style=\"color: #333333; font-family: Georgia, 'Times New Roman', 'Bitstream Charter', Times, serif; font-size: 16px;\">.<\/span><\/h1>\n<\/div>\n<\/div>\n<div class=\"Footer dxGrid16\"><\/div>\n<p>[\/vc_column_text][\/vc_column][vc_column width=&#8221;1\/2&#8243;][vc_single_image image=&#8221;15624&#8243; img_size=&#8221;medium&#8221; alignment=&#8221;center&#8221; css_animation=&#8221;bottom-to-top&#8221;][\/vc_column][\/vc_row][vc_row full_width=&#8221;stretch_row&#8221; css=&#8221;.vc_custom_1694611561590{margin-top: 40px !important;margin-bottom: 45px !important;background-color: #f9f9f9 !important;}&#8221;][vc_column width=&#8221;1\/2&#8243; el_class=&#8221;text-left&#8221;][vc_single_image image=&#8221;15618&#8243; img_size=&#8221;large&#8221; alignment=&#8221;center&#8221;][vc_column_text css=&#8221;.vc_custom_1760606609208{margin-bottom: 30px !important;}&#8221; basel_color_scheme=&#8221;dark&#8221;]<\/p>\n<div class=\"dxGrid\">\n<div class=\"dxGrid8 Main1\">\n<h2 class=\"\" data-sourcepos=\"1:1-1:41\">NTT Group: Nap\u0119dzani energi\u0105 odnawialn\u0105 w Polsce<\/h2>\n<p data-sourcepos=\"3:1-3:16\">Jako dumny lider w dziedzinie zr\u00f3wnowa\u017conej produkcji, NTT Group zasila swoj\u0105 polsk\u0105 fabryk\u0119 wy\u0142\u0105cznie energi\u0105 odnawialn\u0105. To zaanga\u017cowanie odzwierciedla nasze oddanie sprawie zmniejszenia naszego wp\u0142ywu na \u015brodowisko i przyczynienia si\u0119 do bardziej ekologicznej przysz\u0142o\u015bci.<\/p>\n<\/div>\n<\/div>\n<p>[\/vc_column_text][\/vc_column][vc_column width=&#8221;1\/2&#8243;][vc_single_image image=&#8221;15575&#8243; img_size=&#8221;large&#8221; alignment=&#8221;center&#8221; css_animation=&#8221;bottom-to-top&#8221;][\/vc_column][\/vc_row]<\/p>\n<\/div>","protected":false},"excerpt":{"rendered":"<p>[vc_section full_width=&#8221;stretch_row&#8221; css=&#8221;.vc_custom_1542025240624{background-color: #f9f9f9 !important;}&#8221;][vc_row css=&#8221;.vc_custom_1542025031874{background-color: #f9f9f9 !important;}&#8221;][vc_column width=&#8221;1\/6&#8243;][\/vc_column][vc_column width=&#8221;2\/3&#8243;][vc_column_text] Zr\u00f3wnowa\u017cony rozw\u00f3j [\/vc_column_text][vc_separator border_width=&#8221;2&#8243; css=&#8221;.vc_custom_1542025311822{margin-bottom: 20px !important;}&#8221;][\/vc_column][vc_column width=&#8221;1\/6&#8243;][\/vc_column][\/vc_row][vc_row css=&#8221;.vc_custom_1542025040822{background-color: #f9f9f9<\/p>\n","protected":false},"author":3,"featured_media":0,"parent":0,"menu_order":0,"comment_status":"closed","ping_status":"closed","template":"","meta":{"footnotes":""},"class_list":["post-47627","page","type-page","status-publish","hentry"],"_links":{"self":[{"href":"https:\/\/nttgroup.com\/pl\/wp-json\/wp\/v2\/pages\/47627","targetHints":{"allow":["GET"]}}],"collection":[{"href":"https:\/\/nttgroup.com\/pl\/wp-json\/wp\/v2\/pages"}],"about":[{"href":"https:\/\/nttgroup.com\/pl\/wp-json\/wp\/v2\/types\/page"}],"author":[{"embeddable":true,"href":"https:\/\/nttgroup.com\/pl\/wp-json\/wp\/v2\/users\/3"}],"replies":[{"embeddable":true,"href":"https:\/\/nttgroup.com\/pl\/wp-json\/wp\/v2\/comments?post=47627"}],"version-history":[{"count":6,"href":"https:\/\/nttgroup.com\/pl\/wp-json\/wp\/v2\/pages\/47627\/revisions"}],"predecessor-version":[{"id":53092,"href":"https:\/\/nttgroup.com\/pl\/wp-json\/wp\/v2\/pages\/47627\/revisions\/53092"}],"wp:attachment":[{"href":"https:\/\/nttgroup.com\/pl\/wp-json\/wp\/v2\/media?parent=47627"}],"curies":[{"name":"wp","href":"https:\/\/api.w.org\/{rel}","templated":true}]}}