{"id":47687,"date":"2025-10-20T09:30:06","date_gmt":"2025-10-20T09:30:06","guid":{"rendered":"https:\/\/nttgroup.com\/jak-pracujemy-w-ntt\/"},"modified":"2025-10-20T09:34:05","modified_gmt":"2025-10-20T09:34:05","slug":"jak-pracujemy-w-ntt","status":"publish","type":"page","link":"https:\/\/nttgroup.com\/pl\/jak-pracujemy-w-ntt\/","title":{"rendered":"Jak pracujemy w NTT"},"content":{"rendered":"<div class=\"wpb-content-wrapper\"><p>[vc_section full_width=&#8221;stretch_row&#8221; css=&#8221;.vc_custom_1542025240624{background-color: #f9f9f9 !important;}&#8221;][vc_row css=&#8221;.vc_custom_1542025031874{background-color: #f9f9f9 !important;}&#8221;][vc_column width=&#8221;1\/6&#8243;][\/vc_column][vc_column width=&#8221;2\/3&#8243;][vc_column_text]<\/p>\n<h4 style=\"font-size: 42px; text-align: center;\">Proces Pracy<\/h4>\n<p>[\/vc_column_text][vc_separator border_width=&#8221;2&#8243; css=&#8221;.vc_custom_1542025311822{margin-bottom: 20px !important;}&#8221;][\/vc_column][vc_column width=&#8221;1\/6&#8243;][\/vc_column][\/vc_row][vc_row css=&#8221;.vc_custom_1542025040822{background-color: #f9f9f9 !important;}&#8221;][vc_column width=&#8221;1\/3&#8243;]\t\t\t<div class=\" basel-info-box text-center icon-alignment-top box-style-base color-scheme-dark  with-animation \" onclick=\"\">\n\t\t\t\t\t\t\t\t<div class=\"info-box-content\">\n\t\t\t\t\t<div class=\"info-box-inner\">\n\t\t\t\t\t\t<\/p>\n<h2>Oferta<\/h2>\n<p class=\"Normal\">Najlepsza oferta produkt\u00f3w do wszelkiego rodzaju nap\u0119d\u00f3w mechanicznych<\/p>\n<p>\n\t\t\t\t\t<\/div>\n\t\t\t\t<\/div>\n\t\t\t<\/div>\n\t\t[\/vc_column][vc_column width=&#8221;1\/3&#8243;]\t\t\t<div class=\" basel-info-box text-center icon-alignment-top box-style-base color-scheme-dark  with-animation \" onclick=\"\">\n\t\t\t\t\t\t\t\t<div class=\"info-box-content\">\n\t\t\t\t\t<div class=\"info-box-inner\">\n\t\t\t\t\t\t<\/p>\n<h2>Produkcja<\/h2>\n<p class=\"Normal\">W\u0142asne zak\u0142ady produkcyjne w Szwecji, Polsce i Niemczech<\/p>\n<p>\n\t\t\t\t\t<\/div>\n\t\t\t\t<\/div>\n\t\t\t<\/div>\n\t\t[\/vc_column][vc_column width=&#8221;1\/3&#8243;]\t\t\t<div class=\" basel-info-box text-center icon-alignment-top box-style-base color-scheme-dark  with-animation \" onclick=\"\">\n\t\t\t\t\t\t\t\t<div class=\"info-box-content\">\n\t\t\t\t\t<div class=\"info-box-inner\">\n\t\t\t\t\t\t<\/p>\n<h2>Dostawy<\/h2>\n<p>Standard spe\u0142niaj\u0105cy oczekiwania klient\u00f3w<\/p>\n\t\t\t\t\t<\/div>\n\t\t\t\t<\/div>\n\t\t\t<\/div>\n\t\t[\/vc_column][\/vc_row][\/vc_section][vc_row full_width=&#8221;stretch_row&#8221; css=&#8221;.vc_custom_1694062051816{margin-top: 40px !important;margin-bottom: 45px !important;}&#8221;][vc_column width=&#8221;1\/2&#8243; el_class=&#8221;text-left&#8221;][vc_column_text css=&#8221;.vc_custom_1760952822633{margin-bottom: 30px !important;}&#8221; basel_color_scheme=&#8221;dark&#8221;]<\/p>\n<div class=\"dxGrid\">\n<div class=\"dxGrid8 Main1\">\n<div class=\"dxGrid\">\n<div class=\"dxGrid8 Main1\">\n<p class=\"Normal\"><strong>1. Wymagania klienta<\/strong><\/p>\n<p data-start=\"140\" data-end=\"284\">Nasi przedstawiciele handlowi analizuj\u0105 potrzeby i oczekiwania klient\u00f3w, zadaj\u0105 dodatkowe pytania oraz proponuj\u0105 nowe rozwi\u0105zania.<\/p>\n<p data-start=\"286\" data-end=\"333\">S\u0142owa kluczowe: Odpowiedzialno\u015b\u0107 i wiedza<\/p>\n<p class=\"Normal\"><strong>2. Najlepsza oferta<br \/>\n<\/strong>Nasi przedstawiciele handlowi przedstawiaj\u0105 najlepsz\u0105 ofert\u0119, uwzgl\u0119dniaj\u0105c wymagania klienta dotycz\u0105ce ceny, terminu dostawy i konstrukcji produktu:<\/p>\n<ul class=\"dxUl\">\n<li>\n<p class=\"Normal\">poprzez nasz\u0105 w\u0142asn\u0105 produkcj\u0119 w Szwecji, lub<\/p>\n<\/li>\n<li>\n<p class=\"Normal\">poprzez zakup od najbardziej odpowiedniego dostawcy w Europie lub Azji<\/p>\n<\/li>\n<\/ul>\n<p data-start=\"438\" data-end=\"616\">Po zaakceptowaniu oferty przez klienta, potwierdzamy zam\u00f3wienie. R\u00f3wnocze\u015bnie zam\u00f3wienie produkcyjne trafia do wyznaczonego zak\u0142adu NTT Group lub do dzia\u0142u zakup\u00f3w.<\/p>\n<p data-start=\"618\" data-end=\"662\">S\u0142owa kluczowe: Wiedza i do\u015bwiadczenie<\/p>\n<p class=\"Normal\"><strong>3. Produkcja<br \/>\n<\/strong><\/p>\n<p data-start=\"109\" data-end=\"212\">Przy zam\u00f3wieniu produkt\u00f3w standardowych: Najcz\u0119\u015bciej mo\u017cemy wys\u0142a\u0107 produkty tego samego dnia.<\/p>\n<p data-start=\"214\" data-end=\"278\">Przy produkcji artyku\u0142\u00f3w dostosowanych do potrzeb klienta:<\/p>\n<p class=\"Normal\"><strong>3 a. Produkcja w naszych zak\u0142adach<br \/>\n<\/strong>NTT Group dzia\u0142a w o\u015bmiu lokalizacjach w Szwecji, Niemczech i Polsce:<\/p>\n<table class=\"dxTable\" summary=\"\">\n<tbody>\n<tr>\n<td>\n<p class=\"Normal\">Sweden<\/p>\n<\/td>\n<td>\n<p class=\"Normal\">M\u00f6lndal<\/p>\n<\/td>\n<td>\n<p class=\"Normal\">Produkcja wieloseryjna<\/p>\n<\/td>\n<\/tr>\n<tr>\n<td>\n<p class=\"Normal\">Sweden<\/p>\n<\/td>\n<td>\n<p class=\"Normal\">Vittsj\u00f6<\/p>\n<\/td>\n<td>\n<p class=\"Normal\">Produkcja jednostkowa<\/p>\n<\/td>\n<\/tr>\n<tr>\n<td>\n<p class=\"Normal\">Sweden<\/p>\n<\/td>\n<td>\n<p class=\"Normal\">Lingbo<\/p>\n<\/td>\n<td>\n<p class=\"Normal\">Centrum doskona\u0142o\u015bci: \u0141a\u0144cuchy<\/p>\n<\/td>\n<\/tr>\n<tr>\n<td>\n<p class=\"Normal\">Sweden<\/p>\n<\/td>\n<td>\n<p class=\"Normal\">Sandarne<\/p>\n<\/td>\n<td>\n<p class=\"Normal\">Subcontractors<\/p>\n<\/td>\n<\/tr>\n<tr>\n<td>\n<p class=\"Normal\">Sweden<\/p>\n<\/td>\n<td>\n<p class=\"Normal\">Broby<\/p>\n<\/td>\n<td>\n<p class=\"Normal\">Centrum doskona\u0142o\u015bci: Pasy<\/p>\n<\/td>\n<\/tr>\n<tr>\n<td>\n<p class=\"Normal\">Sweden<\/p>\n<\/td>\n<td>\n<p class=\"Normal\">Sv\u00e4ngsta<\/p>\n<\/td>\n<td>\n<p class=\"Normal\">Centrum doskona\u0142o\u015bci: Przek\u0142adnie z\u0119bate i silniki elektryczne<\/p>\n<\/td>\n<\/tr>\n<tr>\n<td>\n<p class=\"Normal\">Germany<\/p>\n<\/td>\n<td>\n<p class=\"Normal\">Hamburg<\/p>\n<\/td>\n<td>\n<p class=\"Normal\">Centrum doskona\u0142o\u015bci: \u0141a\u0144cuchy<\/p>\n<\/td>\n<\/tr>\n<tr>\n<td>\n<p class=\"Normal\">Poland<\/p>\n<\/td>\n<td>\n<p class=\"Normal\">Chojn\u00f3w<\/p>\n<\/td>\n<td>\n<p class=\"Normal\">Produkcja jednostkowa<\/p>\n<\/td>\n<\/tr>\n<\/tbody>\n<\/table>\n<p class=\"Normal\">Produkty wytwarzane w naszych w\u0142asnych zak\u0142adach charakteryzuj\u0105 si\u0119 szybkimi dostawami oraz najwy\u017csz\u0105 jako\u015bci\u0105.<\/p>\n<p class=\"Normal\">S\u0142owa kluczowe: Szeroki asortyment i kompleksowo\u015b\u0107<\/p>\n<p class=\"Normal\"><strong>3 b. Produkcja w Europie i Azji<br \/>\n<\/strong>Dla klient\u00f3w akceptuj\u0105cych d\u0142u\u017cszy czas dostawy oraz produkty nieprodukowane\u00a0 \u00a0 \u00a0 \u00a0 \u00a0 \u00a0 \u00a0 w Szwecji lub Polsce, naszymi najlepszymi alternatywami mog\u0105 by\u0107 zewn\u0119trzni dostawcy.<\/p>\n<p class=\"Normal\">NTT Group posiada bliskie i d\u0142ugoletnie umowy z wiarygodnymi producentami,\u00a0 \u00a0 \u00a0 \u00a0 \u00a0 \u00a0 \u00a0 \u00a0 \u00a0 co stanowi warunek konieczny do importu najlepszych i najbardziej op\u0142acalnych produkt\u00f3w.<\/p>\n<p class=\"Normal\">S\u0142owo kluczowe: Wsp\u00f3\u0142praca<\/p>\n<p class=\"Normal\"><strong>4. Dostawy<br \/>\n<\/strong>Kontrola jako\u015bci jest zawsze przeprowadzana przez nas przed pakowaniem i wysy\u0142k\u0105 produkt\u00f3w do klienta.<\/p>\n<p class=\"Normal\">S\u0142owa kluczowe: Dok\u0142adno\u015b\u0107 i orientacja na klienta<\/p>\n<p class=\"Normal\"><strong>5. Fakturowanie<br \/>\n<\/strong>Faktura jest wysy\u0142ana w tym samym dniu co towary.<br \/>\nWarunki p\u0142atno\u015bci: Zwykle 30 dni.<\/p>\n<p class=\"Normal\">S\u0142owo kluczowe: Przejrzysto\u015b\u0107<\/p>\n<\/div>\n<\/div>\n<\/div>\n<\/div>\n<p>[\/vc_column_text][\/vc_column][vc_column width=&#8221;1\/2&#8243;][vc_single_image image=&#8221;15630&#8243; img_size=&#8221;full&#8221; alignment=&#8221;center&#8221; css_animation=&#8221;bottom-to-top&#8221;][\/vc_column][\/vc_row][vc_row][vc_column][vc_column_text].[\/vc_column_text][\/vc_column][\/vc_row]<\/p>\n<\/div>","protected":false},"excerpt":{"rendered":"<p>[vc_section full_width=&#8221;stretch_row&#8221; css=&#8221;.vc_custom_1542025240624{background-color: #f9f9f9 !important;}&#8221;][vc_row css=&#8221;.vc_custom_1542025031874{background-color: #f9f9f9 !important;}&#8221;][vc_column width=&#8221;1\/6&#8243;][\/vc_column][vc_column width=&#8221;2\/3&#8243;][vc_column_text] Proces Pracy [\/vc_column_text][vc_separator border_width=&#8221;2&#8243; css=&#8221;.vc_custom_1542025311822{margin-bottom: 20px !important;}&#8221;][\/vc_column][vc_column width=&#8221;1\/6&#8243;][\/vc_column][\/vc_row][vc_row css=&#8221;.vc_custom_1542025040822{background-color: #f9f9f9<\/p>\n","protected":false},"author":3,"featured_media":0,"parent":0,"menu_order":0,"comment_status":"closed","ping_status":"closed","template":"","meta":{"footnotes":""},"class_list":["post-47687","page","type-page","status-publish","hentry"],"_links":{"self":[{"href":"https:\/\/nttgroup.com\/pl\/wp-json\/wp\/v2\/pages\/47687","targetHints":{"allow":["GET"]}}],"collection":[{"href":"https:\/\/nttgroup.com\/pl\/wp-json\/wp\/v2\/pages"}],"about":[{"href":"https:\/\/nttgroup.com\/pl\/wp-json\/wp\/v2\/types\/page"}],"author":[{"embeddable":true,"href":"https:\/\/nttgroup.com\/pl\/wp-json\/wp\/v2\/users\/3"}],"replies":[{"embeddable":true,"href":"https:\/\/nttgroup.com\/pl\/wp-json\/wp\/v2\/comments?post=47687"}],"version-history":[{"count":5,"href":"https:\/\/nttgroup.com\/pl\/wp-json\/wp\/v2\/pages\/47687\/revisions"}],"predecessor-version":[{"id":47702,"href":"https:\/\/nttgroup.com\/pl\/wp-json\/wp\/v2\/pages\/47687\/revisions\/47702"}],"wp:attachment":[{"href":"https:\/\/nttgroup.com\/pl\/wp-json\/wp\/v2\/media?parent=47687"}],"curies":[{"name":"wp","href":"https:\/\/api.w.org\/{rel}","templated":true}]}}