{"id":47946,"date":"2025-12-31T11:03:52","date_gmt":"2025-12-31T11:03:52","guid":{"rendered":"https:\/\/nttgroup.com\/frezowanie-cnc\/"},"modified":"2025-12-31T12:04:42","modified_gmt":"2025-12-31T12:04:42","slug":"frezowanie-cnc","status":"publish","type":"page","link":"https:\/\/nttgroup.com\/pl\/frezowanie-cnc\/","title":{"rendered":"Frezowanie CNC"},"content":{"rendered":"<div class=\"wpb-content-wrapper\"><p>[vc_section full_width=&#8221;stretch_row&#8221; css=&#8221;.vc_custom_1542025240624{background-color: #f9f9f9 !important;}&#8221;][vc_row css=&#8221;.vc_custom_1542025031874{background-color: #f9f9f9 !important;}&#8221;][vc_column width=&#8221;1\/6&#8243;][\/vc_column][vc_column width=&#8221;2\/3&#8243;][vc_column_text]<\/p>\n<h4 style=\"font-size: 42px; text-align: center;\">Frezowanie\u00a0<span class=\"color-primary\">CNC<\/span><\/h4>\n<p>[\/vc_column_text][vc_separator border_width=&#8221;2&#8243; css=&#8221;.vc_custom_1542025311822{margin-bottom: 20px !important;}&#8221;][\/vc_column][vc_column width=&#8221;1\/6&#8243;][\/vc_column][\/vc_row][vc_row css=&#8221;.vc_custom_1542025040822{background-color: #f9f9f9 !important;}&#8221;][vc_column width=&#8221;1\/3&#8243;]\t\t\t<div class=\" basel-info-box text-center icon-alignment-top box-style-base color-scheme-dark  with-animation \" onclick=\"\">\n\t\t\t\t\t\t\t\t<div class=\"info-box-content\">\n\t\t\t\t\t<div class=\"info-box-inner\">\n\t\t\t\t\t\t<\/p>\n<h2>Kontrola<\/h2>\n<p>Maszyny sterowane systemem Heidenhain<br \/>\ns\u0105 wykorzystywane do najbardziej wymagaj\u0105cych zastosowa\u0144<\/p>\n\t\t\t\t\t<\/div>\n\t\t\t\t<\/div>\n\t\t\t<\/div>\n\t\t[\/vc_column][vc_column width=&#8221;1\/3&#8243;]\t\t\t<div class=\" basel-info-box text-center icon-alignment-top box-style-base color-scheme-dark  with-animation \" onclick=\"\">\n\t\t\t\t\t\t\t\t<div class=\"info-box-content\">\n\t\t\t\t\t<div class=\"info-box-inner\">\n\t\t\t\t\t\t<\/p>\n<h2>CAM<\/h2>\n<p>Do skomplikowanych operacji frezarskich wykorzystujemy oprogramowanie CAD i CAM<\/p>\n\t\t\t\t\t<\/div>\n\t\t\t\t<\/div>\n\t\t\t<\/div>\n\t\t[\/vc_column][vc_column width=&#8221;1\/3&#8243;]\t\t\t<div class=\" basel-info-box text-center icon-alignment-top box-style-base color-scheme-dark  with-animation \" onclick=\"\">\n\t\t\t\t\t\t\t\t<div class=\"info-box-content\">\n\t\t\t\t\t<div class=\"info-box-inner\">\n\t\t\t\t\t\t<\/p>\n<h2>5-osi<\/h2>\n<p>Jednoczesne, dynamiczne operacje frezowania<br \/>\n5-osiowego w jednym zamocowaniu<\/p>\n\t\t\t\t\t<\/div>\n\t\t\t\t<\/div>\n\t\t\t<\/div>\n\t\t[\/vc_column][\/vc_row][\/vc_section][vc_row full_width=&#8221;stretch_row_content_no_spaces&#8221; content_placement=&#8221;top&#8221; css=&#8221;.vc_custom_1542028241205{margin-top: 40px !important;margin-bottom: -40px !important;}&#8221;][vc_column width=&#8221;1\/2&#8243; offset=&#8221;vc_col-md-6&#8243;][vc_single_image image=&#8221;14849&#8243; img_size=&#8221;full&#8221;][\/vc_column][vc_column width=&#8221;1\/2&#8243; css=&#8221;.vc_custom_1485009354843{margin-top: 25px !important;margin-bottom: 40px !important;padding-right: 10% !important;padding-left: 10% !important;}&#8221; offset=&#8221;vc_col-md-6&#8243;][vc_column_text css=&#8221;.vc_custom_1694192847025{margin-bottom: 30px !important;}&#8221;]<\/p>\n<h1 class=\"font-title\" style=\"text-align: center; font-size: 42px; text-transform: capitalize;\"><span style=\"border-bottom: 1px solid #BDBDBD; padding-bottom: 4px;\">Frezarki CNC\u00a0&#8211;\u00a0Pionowe<\/span><\/h1>\n<h3 class=\"LC20lb\" style=\"text-align: center;\">2100\u00a0x 760\u00a0x 630 mm | do 3000 kg<\/h3>\n<p>[\/vc_column_text][vc_column_text css=&#8221;.vc_custom_1767179301018{padding-right: 30px !important;padding-left: 30px !important;}&#8221; basel_color_scheme=&#8221;dark&#8221;]<\/p>\n<p style=\"text-align: center;\">Nasz park maszynowy obejmuje zaawansowane frezarki o ma\u0142ych i du\u017cych gabarytach. Pracujemy na systemach sterowania Fanuc oraz Heidenhain.<\/p>\n<table border=\"0\" width=\"505\" cellspacing=\"0\" cellpadding=\"0\">\n<colgroup>\n<col width=\"197\" \/>\n<col width=\"124\" \/>\n<col span=\"2\" width=\"92\" \/><\/colgroup>\n<tbody>\n<tr>\n<td class=\"xl66\" width=\"197\" height=\"28\"><strong>Machine<\/strong><\/td>\n<td class=\"xl66\" width=\"124\"><strong>X\/Y\/Z<\/strong><\/td>\n<td class=\"xl66\" width=\"92\"><\/td>\n<td class=\"xl66\" width=\"92\"><strong>Quantity<\/strong><\/td>\n<\/tr>\n<tr>\n<td class=\"xl65\" height=\"20\">Dahlih DMV-2000<\/td>\n<td>200\/700\/650<\/td>\n<td><\/td>\n<td align=\"right\">1<\/td>\n<\/tr>\n<tr>\n<td class=\"xl65\" height=\"20\">Dahlih MCV-1700<\/td>\n<td>1700\/800\/750<\/td>\n<td><\/td>\n<td align=\"right\">1<\/td>\n<\/tr>\n<tr>\n<td class=\"xl65\" height=\"20\">Hyundai Wia F400<\/td>\n<td>800\/460\/520<\/td>\n<td>3+1X<\/td>\n<td align=\"right\">1<\/td>\n<\/tr>\n<tr>\n<td class=\"xl69\" height=\"20\">Hyundai Wia F650PLUS<\/td>\n<td>1400\/660\/635<\/td>\n<td><\/td>\n<td align=\"right\">1<\/td>\n<\/tr>\n<tr>\n<td class=\"xl68\" height=\"20\">Hyundai Wia KF 5600<\/td>\n<td>1100\/560\/520<\/td>\n<td><\/td>\n<td align=\"right\">2<\/td>\n<\/tr>\n<tr>\n<td class=\"xl68\" height=\"20\">Hyundai Wia KF 5600C<\/td>\n<td>1100\/560\/635<\/td>\n<td><\/td>\n<td align=\"right\">1<\/td>\n<\/tr>\n<tr>\n<td class=\"xl67\" height=\"20\">Hyundai Wia KF7600L<\/td>\n<td>2100\/760\/635<\/td>\n<td>3+1X<\/td>\n<td align=\"right\">1<\/td>\n<\/tr>\n<tr>\n<td class=\"xl67\" height=\"20\">Hyundai Wia XF6300<\/td>\n<td>650\/765\/500<\/td>\n<td>5X<\/td>\n<td align=\"right\">1<\/td>\n<\/tr>\n<\/tbody>\n<\/table>\n<p>[\/vc_column_text][\/vc_column][\/vc_row][vc_row full_width=&#8221;stretch_row&#8221; content_placement=&#8221;middle&#8221; css=&#8221;.vc_custom_1707801645313{margin-bottom: 0px !important;background-color: #f9f9f9 !important;}&#8221;][vc_column width=&#8221;1\/2&#8243; css=&#8221;.vc_custom_1438784954834{margin-bottom: 40px !important;}&#8221;][vc_column_text css=&#8221;&#8221; basel_color_scheme=&#8221;dark&#8221;]<\/p>\n<h2 data-start=\"178\" data-end=\"244\">DOSKONA\u0141O\u015a\u0106 W OBR\u00d3BCE: NAP\u0118DZANA NAJNOWOCZE\u015aNIEJSZ\u0104 TECHNOLOGI\u0104<\/h2>\n<p data-start=\"246\" data-end=\"693\">W NTT Group doskonale rozumiemy, \u017ce <strong data-start=\"282\" data-end=\"319\">precyzyjna produkcja k\u00f3\u0142 z\u0119batych<\/strong> wymaga najlepszego dost\u0119pnego wyposa\u017cenia. Dlatego intensywnie inwestujemy w nasz park maszynowy, oparty g\u0142\u00f3wnie na <strong data-start=\"436\" data-end=\"505\">nowych, zaawansowanych centrach obr\u00f3bczych CNC do obr\u00f3bki twardej<\/strong>. Te nowoczesne maszyny wyposa\u017cone s\u0105 w <strong data-start=\"545\" data-end=\"607\">najnowsze systemy sterowania CNC firm Heidenhain lub Fanuc,<\/strong>\u00a0uznanych lider\u00f3w w bran\u017cy. To pot\u0119\u017cne po\u0142\u0105czenie zapewnia nam nast\u0119puj\u0105ce przewagi:<\/p>\n<ul data-start=\"695\" data-end=\"1581\">\n<li data-start=\"695\" data-end=\"920\">\n<p data-start=\"697\" data-end=\"920\"><strong data-start=\"697\" data-end=\"722\">Niezr\u00f3wnana precyzja:<\/strong> Zaawansowane funkcje i w\u0105skie tolerancje gwarantuj\u0105, \u017ce ka\u017cdy element przek\u0142adni jest obrabiany z <strong data-start=\"821\" data-end=\"865\">wyj\u0105tkow\u0105 dok\u0142adno\u015bci\u0105 i powtarzalno\u015bci\u0105<\/strong>, spe\u0142niaj\u0105c nawet najbardziej rygorystyczne wymagania.<\/p>\n<\/li>\n<li data-start=\"922\" data-end=\"1117\">\n<p data-start=\"924\" data-end=\"1117\"><strong data-start=\"924\" data-end=\"949\">Zwi\u0119kszona wydajno\u015b\u0107:<\/strong> Nowoczesna technologia przek\u0142ada si\u0119 na <strong data-start=\"990\" data-end=\"1049\">kr\u00f3tsze czasy obr\u00f3bki i usprawnione procesy produkcyjne<\/strong>, co pozwala nam dostarcza\u0107 klientom rozwi\u0105zania efektywne kosztowo.<\/p>\n<\/li>\n<li data-start=\"1119\" data-end=\"1355\">\n<p data-start=\"1121\" data-end=\"1355\"><strong data-start=\"1121\" data-end=\"1145\">Maksymalna kontrola:<\/strong> Przyjazne dla u\u017cytkownika interfejsy i intuicyjna obs\u0142uga umo\u017cliwiaj\u0105 naszym do\u015bwiadczonym operatorom realizacj\u0119 <strong data-start=\"1259\" data-end=\"1307\">precyzyjnych i z\u0142o\u017conych operacji obr\u00f3bczych<\/strong>, zapewniaj\u0105c konsekwentnie optymalne rezultaty.<\/p>\n<\/li>\n<li data-start=\"1357\" data-end=\"1581\">\n<p data-start=\"1359\" data-end=\"1581\"><strong data-start=\"1359\" data-end=\"1396\">Technologia gotowa na przysz\u0142o\u015b\u0107:<\/strong> Ci\u0105g\u0142e inwestycje w najnowocze\u015bniejsze maszyny CNC pozwalaj\u0105 nam pozostawa\u0107 w czo\u0142\u00f3wce bran\u017cy, dostosowywa\u0107 si\u0119 do zmieniaj\u0105cych si\u0119 technologii i <strong data-start=\"1544\" data-end=\"1580\">przewy\u017csza\u0107 oczekiwania klient\u00f3w<\/strong>.<\/p>\n<\/li>\n<\/ul>\n<p data-start=\"1583\" data-end=\"1891\">Dzi\u0119ki wykorzystaniu zaawansowanej technologii zapewniamy, \u017ce ka\u017cde ko\u0142o z\u0119bate NTT powstaje z <strong data-start=\"1678\" data-end=\"1730\">bezkompromisow\u0105 precyzj\u0105, wydajno\u015bci\u0105 i jako\u015bci\u0105<\/strong>. Nasze zaanga\u017cowanie w inwestowanie w najlepsze rozwi\u0105zania pozwala nam dostarcza\u0107 <strong data-start=\"1814\" data-end=\"1852\">niezawodne, wysokowydajne produkty<\/strong>, kt\u00f3re nap\u0119dzaj\u0105 sukces Twoich maszyn.<\/p>\n<p>[\/vc_column_text][\/vc_column][vc_column width=&#8221;1\/2&#8243; css=&#8221;.vc_custom_1438784968106{margin-bottom: 40px !important;}&#8221;][vc_single_image image=&#8221;20226&#8243; img_size=&#8221;large&#8221; alignment=&#8221;center&#8221; css_animation=&#8221;right-to-left&#8221;][\/vc_column][\/vc_row][vc_row full_width=&#8221;stretch_row&#8221; content_placement=&#8221;middle&#8221; css=&#8221;.vc_custom_1707892189539{margin-bottom: 0px !important;}&#8221;][vc_column width=&#8221;1\/2&#8243; css=&#8221;.vc_custom_1438784954834{margin-bottom: 40px !important;}&#8221;][vc_single_image image=&#8221;20246&#8243; img_size=&#8221;large&#8221; alignment=&#8221;center&#8221; css_animation=&#8221;right-to-left&#8221;][\/vc_column][vc_column width=&#8221;1\/2&#8243; css=&#8221;.vc_custom_1438784968106{margin-bottom: 40px !important;}&#8221;][vc_column_text css=&#8221;&#8221; basel_color_scheme=&#8221;dark&#8221;]<\/p>\n<h3>NASZA FACHOWO\u015a\u0106 WE FREZOWANIU CNC NA DU\u017b\u0104 SKAL\u0118<\/h3>\n<p>Gdy Tw\u00f3j projekt wymaga <strong>k\u00f3\u0142 z\u0119batych du\u017cych rozmiar\u00f3w lub ponadwymiarowych komponent\u00f3w,<\/strong> nie szukaj dalej ni\u017c dzia\u0142 frezowania CNC Grupy NTT. Specjalizujemy si\u0119 w obr\u00f3bce cz\u0119\u015bci<strong> wielkogabarytowych<\/strong> z t\u0105 sam\u0105 skrupulatn\u0105 precyzj\u0105 i niezachwian\u0105 jako\u015bci\u0105, jakiej oczekujesz od wszystkich naszych produkt\u00f3w.<\/p>\n<p>Oto co wyr\u00f3\u017cnia nas w <strong>projektach du\u017cych cz\u0119\u015bci:<\/strong><\/p>\n<ul>\n<li><strong>Masywna pojemno\u015b\u0107:<\/strong> Nasze obrabiarki CNC mog\u0105 pochwali\u0107 si\u0119 imponuj\u0105c\u0105 <strong>przestrzeni\u0105 robocz\u0105,<\/strong> mieszcz\u0105c cz\u0119\u015bci wy\u017csze, szersze i d\u0142u\u017csze ni\u017c pozwala na to tradycyjne frezowanie. Niezale\u017cnie od tego, czy jest to kolosalne ko\u0142o z\u0119bate do maszyn przemys\u0142owych, czy rozleg\u0142y komponent do prze\u0142omowego projektu, poradzimy sobie z tym.<\/li>\n<li><strong>Niezachwiana precyzja:<\/strong> Pomimo skali, nasza zaawansowana technologia CNC i wykwalifikowani operatorzy zapewniaj\u0105 niezr\u00f3wnan\u0105 dok\u0142adno\u015b\u0107. \u015acis\u0142e tolerancje i drobiazgowa dba\u0142o\u015b\u0107 o szczeg\u00f3\u0142y przek\u0142adaj\u0105 si\u0119 na bezb\u0142\u0119dnie obrobione cz\u0119\u015bci, nawet na wielk\u0105 skal\u0119.<\/li>\n<li><strong>P\u0142ynny przep\u0142yw pracy:<\/strong> Nasz do\u015bwiadczony zesp\u00f3\u0142 rozumie z\u0142o\u017cono\u015b\u0107 obs\u0142ugi du\u017cych cz\u0119\u015bci. Posiadamy wiedz\u0119 niezb\u0119dn\u0105 do zarz\u0105dzania logistyk\u0105 projektu, transportem materia\u0142\u00f3w i przep\u0142ywami pracy obr\u00f3bki w spos\u00f3b bezb\u0142\u0119dny, zapewniaj\u0105c wydajno\u015b\u0107 i terminow\u0105 dostaw\u0119.<\/li>\n<li><strong>Jako\u015b\u0107, kt\u00f3rej mo\u017cesz zaufa\u0107:<\/strong> Nasze zaanga\u017cowanie w jako\u015b\u0107 nie maleje wraz z rozmiarem. Rygorystycznie przestrzegamy tych samych surowych \u015brodk\u00f3w kontroli jako\u015bci i mi\u0119dzynarodowych standard\u00f3w dla wszystkich naszych projekt\u00f3w, zar\u00f3wno du\u017cych, jak i ma\u0142ych.<\/li>\n<\/ul>\n<p>Grupa NTT zapewnia wysokoprecyzyjne frezowanie CNC dla k\u00f3\u0142 z\u0119batych i innych komponent\u00f3w. Zajmujemy si\u0119 projektami na du\u017c\u0105 skal\u0119 i oferujemy konkurencyjne stawki.[\/vc_column_text][\/vc_column][\/vc_row]<\/p>\n<\/div>","protected":false},"excerpt":{"rendered":"<p>[vc_section full_width=&#8221;stretch_row&#8221; css=&#8221;.vc_custom_1542025240624{background-color: #f9f9f9 !important;}&#8221;][vc_row css=&#8221;.vc_custom_1542025031874{background-color: #f9f9f9 !important;}&#8221;][vc_column width=&#8221;1\/6&#8243;][\/vc_column][vc_column width=&#8221;2\/3&#8243;][vc_column_text] Frezowanie\u00a0CNC [\/vc_column_text][vc_separator border_width=&#8221;2&#8243; css=&#8221;.vc_custom_1542025311822{margin-bottom: 20px !important;}&#8221;][\/vc_column][vc_column width=&#8221;1\/6&#8243;][\/vc_column][\/vc_row][vc_row css=&#8221;.vc_custom_1542025040822{background-color: #f9f9f9 !important;}&#8221;][vc_column<\/p>\n","protected":false},"author":3,"featured_media":0,"parent":0,"menu_order":0,"comment_status":"closed","ping_status":"closed","template":"","meta":{"footnotes":""},"class_list":["post-47946","page","type-page","status-publish","hentry"],"_links":{"self":[{"href":"https:\/\/nttgroup.com\/pl\/wp-json\/wp\/v2\/pages\/47946","targetHints":{"allow":["GET"]}}],"collection":[{"href":"https:\/\/nttgroup.com\/pl\/wp-json\/wp\/v2\/pages"}],"about":[{"href":"https:\/\/nttgroup.com\/pl\/wp-json\/wp\/v2\/types\/page"}],"author":[{"embeddable":true,"href":"https:\/\/nttgroup.com\/pl\/wp-json\/wp\/v2\/users\/3"}],"replies":[{"embeddable":true,"href":"https:\/\/nttgroup.com\/pl\/wp-json\/wp\/v2\/comments?post=47946"}],"version-history":[{"count":5,"href":"https:\/\/nttgroup.com\/pl\/wp-json\/wp\/v2\/pages\/47946\/revisions"}],"predecessor-version":[{"id":47994,"href":"https:\/\/nttgroup.com\/pl\/wp-json\/wp\/v2\/pages\/47946\/revisions\/47994"}],"wp:attachment":[{"href":"https:\/\/nttgroup.com\/pl\/wp-json\/wp\/v2\/media?parent=47946"}],"curies":[{"name":"wp","href":"https:\/\/api.w.org\/{rel}","templated":true}]}}