{"id":48719,"date":"2026-01-23T08:38:55","date_gmt":"2026-01-23T08:38:55","guid":{"rendered":"https:\/\/nttgroup.com\/?page_id=48719"},"modified":"2026-01-23T08:40:29","modified_gmt":"2026-01-23T08:40:29","slug":"faq","status":"publish","type":"page","link":"https:\/\/nttgroup.com\/pl\/faq\/","title":{"rendered":"FAQ"},"content":{"rendered":"<div class=\"wpb-content-wrapper\"><p>[vc_section full_width=&#8221;stretch_row&#8221; css=&#8221;.vc_custom_1542025240624{background-color: #f9f9f9 !important;}&#8221;][vc_row css=&#8221;.vc_custom_1542025031874{background-color: #f9f9f9 !important;}&#8221;][vc_column width=&#8221;1\/6&#8243;][\/vc_column][vc_column width=&#8221;2\/3&#8243;][vc_column_text css=&#8221;&#8221;]<\/p>\n<h4 style=\"font-size: 42px; text-align: center;\">FAQ<\/h4>\n<p>[\/vc_column_text][vc_separator border_width=&#8221;2&#8243; css=&#8221;.vc_custom_1542025311822{margin-bottom: 20px !important;}&#8221;][\/vc_column][vc_column width=&#8221;1\/6&#8243;][\/vc_column][\/vc_row][vc_row css=&#8221;.vc_custom_1542025040822{background-color: #f9f9f9 !important;}&#8221;][vc_column width=&#8221;1\/3&#8243;]\t\t\t<div class=\" basel-info-box text-center icon-alignment-top box-style-base color-scheme-dark  with-animation \" onclick=\"\">\n\t\t\t\t\t\t\t\t<div class=\"info-box-content\">\n\t\t\t\t\t<div class=\"info-box-inner\">\n\t\t\t\t\t\t<\/p>\n<h2>Dost\u0119pno\u015b\u0107<\/h2>\n<p>Standardowe produkty dost\u0119pne s\u0105<br \/>\nz naszych magazyn\u00f3w w Polsce i Szwecji<\/p>\n\t\t\t\t\t<\/div>\n\t\t\t\t<\/div>\n\t\t\t<\/div>\n\t\t[\/vc_column][vc_column width=&#8221;1\/3&#8243;]\t\t\t<div class=\" basel-info-box text-center icon-alignment-top box-style-base color-scheme-dark  with-animation \" onclick=\"\">\n\t\t\t\t\t\t\t\t<div class=\"info-box-content\">\n\t\t\t\t\t<div class=\"info-box-inner\">\n\t\t\t\t\t\t<\/p>\n<h2>Wsparcie<\/h2>\n<p>Masz problem z cz\u0119\u015bciami?<br \/>\nPrzyjedziemy do Ciebie i zmierzymy je na miejscu<\/p>\n\t\t\t\t\t<\/div>\n\t\t\t\t<\/div>\n\t\t\t<\/div>\n\t\t[\/vc_column][vc_column width=&#8221;1\/3&#8243;]\t\t\t<div class=\" basel-info-box text-center icon-alignment-top box-style-base color-scheme-dark  with-animation \" onclick=\"\">\n\t\t\t\t\t\t\t\t<div class=\"info-box-content\">\n\t\t\t\t\t<div class=\"info-box-inner\">\n\t\t\t\t\t\t<\/p>\n<h2>Wycena<\/h2>\n<p>Wszystkie wyceny s\u0105 bezp\u0142atne.<\/p>\n\t\t\t\t\t<\/div>\n\t\t\t\t<\/div>\n\t\t\t<\/div>\n\t\t[\/vc_column][\/vc_row][\/vc_section][vc_row css=&#8221;.vc_custom_1769157624868{margin-top: 50px !important;margin-bottom: 50px !important;}&#8221;][vc_column][vc_tta_tabs][vc_tta_section title=&#8221;Sprzeda\u017c&#8221; tab_id=&#8221;1769156994287-83a668be-9444&#8243;][vc_toggle style=&#8221;arrow&#8221; css=&#8221;&#8221;]Toggle content goes here, click edit button to change this text.[\/vc_toggle][\/vc_tta_section][vc_tta_section title=&#8221;Produkcja&#8221; tab_id=&#8221;1769156994297-1e64b8a0-14e7&#8243;][vc_toggle css=&#8221;&#8221;]Toggle content goes here, click edit button to change this text.[\/vc_toggle][\/vc_tta_section][vc_tta_section title=&#8221;Wsparcie&#8221; tab_id=&#8221;1769156996695-2556ae7f-263d&#8221;][vc_toggle css=&#8221;&#8221;]Toggle content goes here, click edit button to change this text.[\/vc_toggle][\/vc_tta_section][\/vc_tta_tabs][\/vc_column][\/vc_row]<\/p>\n<\/div>","protected":false},"excerpt":{"rendered":"<p>[vc_section full_width=&#8221;stretch_row&#8221; css=&#8221;.vc_custom_1542025240624{background-color: #f9f9f9 !important;}&#8221;][vc_row css=&#8221;.vc_custom_1542025031874{background-color: #f9f9f9 !important;}&#8221;][vc_column width=&#8221;1\/6&#8243;][\/vc_column][vc_column width=&#8221;2\/3&#8243;][vc_column_text css=&#8221;&#8221;] FAQ [\/vc_column_text][vc_separator border_width=&#8221;2&#8243; css=&#8221;.vc_custom_1542025311822{margin-bottom: 20px !important;}&#8221;][\/vc_column][vc_column width=&#8221;1\/6&#8243;][\/vc_column][\/vc_row][vc_row css=&#8221;.vc_custom_1542025040822{background-color: #f9f9f9<\/p>\n","protected":false},"author":3,"featured_media":0,"parent":0,"menu_order":0,"comment_status":"closed","ping_status":"closed","template":"","meta":{"footnotes":""},"class_list":["post-48719","page","type-page","status-publish","hentry"],"_links":{"self":[{"href":"https:\/\/nttgroup.com\/pl\/wp-json\/wp\/v2\/pages\/48719","targetHints":{"allow":["GET"]}}],"collection":[{"href":"https:\/\/nttgroup.com\/pl\/wp-json\/wp\/v2\/pages"}],"about":[{"href":"https:\/\/nttgroup.com\/pl\/wp-json\/wp\/v2\/types\/page"}],"author":[{"embeddable":true,"href":"https:\/\/nttgroup.com\/pl\/wp-json\/wp\/v2\/users\/3"}],"replies":[{"embeddable":true,"href":"https:\/\/nttgroup.com\/pl\/wp-json\/wp\/v2\/comments?post=48719"}],"version-history":[{"count":5,"href":"https:\/\/nttgroup.com\/pl\/wp-json\/wp\/v2\/pages\/48719\/revisions"}],"predecessor-version":[{"id":48761,"href":"https:\/\/nttgroup.com\/pl\/wp-json\/wp\/v2\/pages\/48719\/revisions\/48761"}],"wp:attachment":[{"href":"https:\/\/nttgroup.com\/pl\/wp-json\/wp\/v2\/media?parent=48719"}],"curies":[{"name":"wp","href":"https:\/\/api.w.org\/{rel}","templated":true}]}}