{"id":49013,"date":"2026-01-24T11:18:27","date_gmt":"2026-01-24T11:18:27","guid":{"rendered":"https:\/\/nttgroup.com\/?page_id=49013"},"modified":"2026-02-03T10:48:01","modified_gmt":"2026-02-03T10:48:01","slug":"nextreme","status":"publish","type":"page","link":"https:\/\/nttgroup.com\/pl\/nextreme\/","title":{"rendered":"NEXTREME"},"content":{"rendered":"<div class=\"wpb-content-wrapper\"><p>[vc_row full_width=&#8221;stretch_row_content_no_spaces&#8221; content_placement=&#8221;middle&#8221; css=&#8221;.vc_custom_1770107736380{margin-top: -40px !important;margin-bottom: 40px !important;padding-top: 130px !important;padding-bottom: 100px !important;background-image: url(https:\/\/nttgroup.com\/wp-content\/uploads\/2026\/01\/unnamed.jpg?id=49022) !important;background-position: center !important;background-repeat: no-repeat !important;background-size: cover !important;}&#8221;][vc_column width=&#8221;1\/4&#8243;][\/vc_column][vc_column width=&#8221;1\/4&#8243;][vc_column_text css=&#8221;.vc_custom_1770115348713{padding-top: 50px !important;padding-right: 40px !important;padding-bottom: 50px !important;padding-left: 55px !important;background-color: #1E73BE !important;}&#8221; basel_color_scheme=&#8221;light&#8221;]<img loading=\"lazy\" decoding=\"async\" class=\"alignnone size-medium wp-image-49883\" src=\"https:\/\/nttgroup.com\/wp-content\/uploads\/2026\/02\/Projekt-bez-nazwy-3-300x100.png\" alt=\"\" width=\"300\" height=\"100\" srcset=\"https:\/\/nttgroup.com\/wp-content\/uploads\/2026\/02\/Projekt-bez-nazwy-3-300x100.png 300w, https:\/\/nttgroup.com\/wp-content\/uploads\/2026\/02\/Projekt-bez-nazwy-3-1024x342.png 1024w, https:\/\/nttgroup.com\/wp-content\/uploads\/2026\/02\/Projekt-bez-nazwy-3-768x257.png 768w, https:\/\/nttgroup.com\/wp-content\/uploads\/2026\/02\/Projekt-bez-nazwy-3-1536x513.png 1536w, https:\/\/nttgroup.com\/wp-content\/uploads\/2026\/02\/Projekt-bez-nazwy-3-1200x401.png 1200w, https:\/\/nttgroup.com\/wp-content\/uploads\/2026\/02\/Projekt-bez-nazwy-3.png 1940w\" sizes=\"auto, (max-width: 300px) 100vw, 300px\" \/>[\/vc_column_text][\/vc_column][vc_column width=&#8221;1\/4&#8243;][\/vc_column][vc_column width=&#8221;1\/4&#8243;][\/vc_column][\/vc_row][vc_row full_width=&#8221;stretch_row&#8221; css=&#8221;.vc_custom_1769158225347{border-bottom-width: 0px !important;border-bottom-style: solid !important;border-color: #f4f4f4 !important;}&#8221;][vc_column width=&#8221;1\/2&#8243; css=&#8221;.vc_custom_1438787474201{margin-bottom: 50px !important;padding-right: 50px !important;}&#8221;][vc_single_image image=&#8221;49052&#8243; img_size=&#8221;full&#8221; alignment=&#8221;center&#8221; css_animation=&#8221;left-to-right&#8221; css=&#8221;&#8221;][\/vc_column][vc_column width=&#8221;1\/2&#8243;]<div class=\"title-wrapper  basel-title-color-default basel-title-style-bordered basel-title-size-default text-left vc_custom_1770108166040\"><div class=\"liner-continer\"> <span class=\"left-line\"><\/span> <h4 class=\"title\" >Best Performance<span class=\"title-separator\"><span><\/span><\/span><\/h4> <span class=\"right-line\"><\/span> <\/div><\/div>[vc_column_text css=&#8221;.vc_custom_1770108187463{margin-bottom: 40px !important;}&#8221;]Unique material and heat treatment specification.[\/vc_column_text][vc_row_inner css=&#8221;.vc_custom_1451151064538{margin-bottom: 5px !important;}&#8221;][vc_column_inner width=&#8221;1\/2&#8243;]\t\t\t<div class=\" basel-info-box2 text-left icon-alignment-left box-style-base color-scheme-dark  \" onclick=\"\">\n\t\t\t\t\t\t\t\t\t<div class=\"box-icon-wrapper\">\n\t\t\t\t\t\t<div class=\"info-box-icon\">\n\t\t\t\t\t\t\t\t\t\t\t\t\t\t\t\t\t\t\t\t\t\t\t\t\t\t<img decoding=\"async\" class=\"info-icon image-1 \" src=\"https:\/\/nttgroup.com\/wp-content\/uploads\/2026\/02\/HIGH-QUALITY-MATERIALS-AND-STRONG-HARDENED-ZONE-60x60.png\" width=\"60\" height=\"60\" alt=\"HIGH QUALITY MATERIALS AND STRONG HARDENED ZONE\" title=\"HIGH QUALITY MATERIALS AND STRONG HARDENED ZONE\" loading=\"lazy\" \/>\t\t\t\t\t\t\t\t\t\t\t\t\t\t<\/div>\n\t\t\t\t\t<\/div>\n\t\t\t\t\t\t\t\t<div class=\"info-box-content\">\n\t\t\t\t\t<div class=\"info-box-inner\">\n\t\t\t\t\t\t<p>high quality materials<br \/>\nultra-strong hardened zone<\/p>\n\t\t\t\t\t<\/div>\n\t\t\t\t<\/div>\n\t\t\t<\/div>\n\t\t\t\t\t<div class=\" basel-info-box2 text-left icon-alignment-left box-style-base color-scheme-dark  \" onclick=\"\">\n\t\t\t\t\t\t\t\t\t<div class=\"box-icon-wrapper\">\n\t\t\t\t\t\t<div class=\"info-box-icon\">\n\t\t\t\t\t\t\t\t\t\t\t\t\t\t\t\t\t\t\t\t\t\t\t\t\t\t<img decoding=\"async\" class=\"info-icon image-1 \" src=\"https:\/\/nttgroup.com\/wp-content\/uploads\/2026\/02\/PRE-LOADED-20-HIGHER-BREAKING-LOAD-THAN-ISO-STANDARD-60x60.png\" width=\"60\" height=\"60\" alt=\"PRE-LOADED, 20% HIGHER BREAKING LOAD THAN ISO STANDARD\" title=\"PRE-LOADED, 20% HIGHER BREAKING LOAD THAN ISO STANDARD\" loading=\"lazy\" \/>\t\t\t\t\t\t\t\t\t\t\t\t\t\t<\/div>\n\t\t\t\t\t<\/div>\n\t\t\t\t\t\t\t\t<div class=\"info-box-content\">\n\t\t\t\t\t<div class=\"info-box-inner\">\n\t\t\t\t\t\t<p>+20% higher<br \/>\nbreaking load<\/p>\n\t\t\t\t\t<\/div>\n\t\t\t\t<\/div>\n\t\t\t<\/div>\n\t\t[\/vc_column_inner][vc_column_inner width=&#8221;1\/2&#8243;]\t\t\t<div class=\" basel-info-box2 text-left icon-alignment-left box-style-base color-scheme-dark  \" onclick=\"\">\n\t\t\t\t\t\t\t\t\t<div class=\"box-icon-wrapper\">\n\t\t\t\t\t\t<div class=\"info-box-icon\">\n\t\t\t\t\t\t\t\t\t\t\t\t\t\t\t\t\t\t\t\t\t\t\t\t\t\t<img decoding=\"async\" class=\"info-icon image-1 \" src=\"https:\/\/nttgroup.com\/wp-content\/uploads\/2026\/02\/OPTIMISED-PLATE-SHAPE-SOLID-BUSHINGS-AND-ROLLERS-SHOT-PENNED-PARTS-60x60.png\" width=\"60\" height=\"60\" alt=\"OPTIMISED PLATE SHAPE, SOLID BUSHINGS AND ROLLERS SHOT PENNED PARTS\" title=\"OPTIMISED PLATE SHAPE, SOLID BUSHINGS AND ROLLERS SHOT PENNED PARTS\" loading=\"lazy\" \/>\t\t\t\t\t\t\t\t\t\t\t\t\t\t<\/div>\n\t\t\t\t\t<\/div>\n\t\t\t\t\t\t\t\t<div class=\"info-box-content\">\n\t\t\t\t\t<div class=\"info-box-inner\">\n\t\t\t\t\t\t<p>optimised plate shape<br \/>\nsolid bushings &amp; rollers<\/p>\n\t\t\t\t\t<\/div>\n\t\t\t\t<\/div>\n\t\t\t<\/div>\n\t\t\t\t\t<div class=\" basel-info-box2 text-left icon-alignment-left box-style-base color-scheme-dark  \" onclick=\"\">\n\t\t\t\t\t\t\t\t\t<div class=\"box-icon-wrapper\">\n\t\t\t\t\t\t<div class=\"info-box-icon\">\n\t\t\t\t\t\t\t\t\t\t\t\t\t\t\t\t\t\t\t\t\t\t\t\t\t\t<img decoding=\"async\" class=\"info-icon image-1 \" src=\"https:\/\/nttgroup.com\/wp-content\/uploads\/2026\/02\/preloaded-scaled-60x60.png\" width=\"60\" height=\"60\" alt=\"preloaded\" title=\"preloaded\" loading=\"lazy\" \/>\t\t\t\t\t\t\t\t\t\t\t\t\t\t<\/div>\n\t\t\t\t\t<\/div>\n\t\t\t\t\t\t\t\t<div class=\"info-box-content\">\n\t\t\t\t\t<div class=\"info-box-inner\">\n\t\t\t\t\t\t<p>pre-loaded to reduce<br \/>\ninitial elongation<\/p>\n\t\t\t\t\t<\/div>\n\t\t\t\t<\/div>\n\t\t\t<\/div>\n\t\t[\/vc_column_inner][\/vc_row_inner]<div class=\"basel-button-wrapper text-center\"><a href=\"https:\/\/nttgroup.com\/pl\/faq\/\" title=\"FAQ\" class=\"btn btn-color-primary btn-style-default btn-size-default\">COMPARE TABLE<\/a><\/div>[\/vc_column][\/vc_row][vc_row full_width=&#8221;stretch_row&#8221; css=&#8221;.vc_custom_1770114264398{border-bottom-width: 0px !important;background-color: #F9F9F9 !important;border-bottom-style: solid !important;border-color: #f4f4f4 !important;}&#8221;][vc_column width=&#8221;1\/2&#8243;]<div class=\"title-wrapper  basel-title-color-default basel-title-style-bordered basel-title-size-default text-left vc_custom_1770110304678\"><div class=\"liner-continer\"> <span class=\"left-line\"><\/span> <h4 class=\"title\" >The Best in Scandinavia<span class=\"title-separator\"><span><\/span><\/span><\/h4> <span class=\"right-line\"><\/span> <\/div><\/div>[vc_column_text css=&#8221;.vc_custom_1770109115868{margin-bottom: 40px !important;}&#8221;]<\/p>\n<p class=\"p1\">The<span class=\"s1\"> NEXTREME <\/span>series is engineered for the ultimate combination of performance and durability, making it the most versatile roller chain on the market.<\/p>\n<p>[\/vc_column_text][vc_row_inner css=&#8221;.vc_custom_1451151064538{margin-bottom: 5px !important;}&#8221;][vc_column_inner width=&#8221;1\/2&#8243;]\t\t\t<div class=\" basel-info-box2 text-left icon-alignment-left box-style-base color-scheme-dark  \" onclick=\"\">\n\t\t\t\t\t\t\t\t<div class=\"info-box-content\">\n\t\t\t\t\t<div class=\"info-box-inner\">\n\t\t\t\t\t\t<\/p>\n<h5>Endure Tough Conditions<\/h5>\n<p class=\"p1\">Dust, abrasion and heavy shock loads are no match for NEXTREME Series.<br \/>\nIt\u2019s designed to withstand harsh environments with minimal wear life.<\/p>\n<p>\n\t\t\t\t\t<\/div>\n\t\t\t\t<\/div>\n\t\t\t<\/div>\n\t\t\t\t\t<div class=\" basel-info-box2 text-left icon-alignment-left box-style-base color-scheme-dark  \" onclick=\"\">\n\t\t\t\t\t\t\t\t<div class=\"info-box-content\">\n\t\t\t\t\t<div class=\"info-box-inner\">\n\t\t\t\t\t\t<\/p>\n<h5>Low Maintenance<\/h5>\n<p class=\"p1\">Experience extended service life with minimal elongation. Frequent adjustments or replacements are reduced.<\/p>\n<p>\n\t\t\t\t\t<\/div>\n\t\t\t\t<\/div>\n\t\t\t<\/div>\n\t\t[\/vc_column_inner][vc_column_inner width=&#8221;1\/2&#8243;]\t\t\t<div class=\" basel-info-box2 text-left icon-alignment-left box-style-base color-scheme-dark  \" onclick=\"\">\n\t\t\t\t\t\t\t\t<div class=\"info-box-content\">\n\t\t\t\t\t<div class=\"info-box-inner\">\n\t\t\t\t\t\t<\/p>\n<h5>High Speed Performance<\/h5>\n<p class=\"p1\">Engineered for smooth operation at higher speeds (up to 2.5 m\/s) for maximum efficiency.<\/p>\n<p>\n\t\t\t\t\t<\/div>\n\t\t\t\t<\/div>\n\t\t\t<\/div>\n\t\t\t\t\t<div class=\" basel-info-box2 text-left icon-alignment-left box-style-base color-scheme-dark  \" onclick=\"\">\n\t\t\t\t\t\t\t\t<div class=\"info-box-content\">\n\t\t\t\t\t<div class=\"info-box-inner\">\n\t\t\t\t\t\t<\/p>\n<h5>Move Heavy Loads<\/h5>\n<p class=\"p1\">50% of breaking load used for pre-loading.<br \/>\nElongation is reduced to minimum in heavy lifting applications.<\/p>\n<p>\n\t\t\t\t\t<\/div>\n\t\t\t\t<\/div>\n\t\t\t<\/div>\n\t\t[\/vc_column_inner][\/vc_row_inner][\/vc_column][vc_column width=&#8221;1\/2&#8243; basel_bg_position=&#8221;center-center&#8221; basel_text_align=&#8221;center&#8221; css=&#8221;.vc_custom_1770114877045{margin-bottom: 50px !important;padding-right: 50px !important;}&#8221;][vc_single_image image=&#8221;49076&#8243; img_size=&#8221;full&#8221; alignment=&#8221;center&#8221; css_animation=&#8221;left-to-right&#8221; css=&#8221;&#8221;][\/vc_column][\/vc_row][vc_row full_width=&#8221;stretch_row&#8221; css=&#8221;.vc_custom_1769158225347{border-bottom-width: 0px !important;border-bottom-style: solid !important;border-color: #f4f4f4 !important;}&#8221;][vc_column width=&#8221;1\/2&#8243; css=&#8221;.vc_custom_1438787474201{margin-bottom: 50px !important;padding-right: 50px !important;}&#8221;][vc_single_image image=&#8221;49799&#8243; img_size=&#8221;full&#8221; alignment=&#8221;center&#8221; css_animation=&#8221;left-to-right&#8221; css=&#8221;&#8221;][\/vc_column][vc_column width=&#8221;1\/2&#8243;]<div class=\"title-wrapper  basel-title-color-default basel-title-style-bordered basel-title-size-default text-left vc_custom_1770113197905\"><div class=\"liner-continer\"> <span class=\"left-line\"><\/span> <h4 class=\"title\" >One Chain Solution<span class=\"title-separator\"><span><\/span><\/span><\/h4> <span class=\"right-line\"><\/span> <\/div><\/div>[vc_column_text css=&#8221;.vc_custom_1770108187463{margin-bottom: 40px !important;}&#8221;]Unique material and heat treatment specification.[\/vc_column_text][vc_row_inner css=&#8221;.vc_custom_1451151064538{margin-bottom: 5px !important;}&#8221;][vc_column_inner]\t\t\t<div class=\" basel-info-box2 text-left icon-alignment-left box-style-base color-scheme-dark  \" onclick=\"\">\n\t\t\t\t\t\t\t\t\t<div class=\"box-icon-wrapper\">\n\t\t\t\t\t\t<div class=\"info-box-icon\">\n\t\t\t\t\t\t\t\t\t\t\t\t\t\t\t\t\t\t\t\t\t\t\t\t\t\t<img decoding=\"async\" class=\"info-icon image-1 \" src=\"https:\/\/nttgroup.com\/wp-content\/uploads\/2026\/02\/SELF-LUBRICATING-BLUE-80x80.png\" width=\"80\" height=\"80\" alt=\"SELF LUBRICATING BLUE\" title=\"SELF LUBRICATING BLUE\" loading=\"lazy\" \/>\t\t\t\t\t\t\t\t\t\t\t\t\t\t<\/div>\n\t\t\t\t\t<\/div>\n\t\t\t\t\t\t\t\t<div class=\"info-box-content\">\n\t\t\t\t\t<div class=\"info-box-inner\">\n\t\t\t\t\t\t<p>no maintenance required<br \/>\nGOLD Series is free of lubrication<\/p>\n\t\t\t\t\t<\/div>\n\t\t\t\t<\/div>\n\t\t\t<\/div>\n\t\t\t\t\t<div class=\" basel-info-box2 text-left icon-alignment-left box-style-base color-scheme-dark  \" onclick=\"\">\n\t\t\t\t\t\t\t\t\t<div class=\"box-icon-wrapper\">\n\t\t\t\t\t\t<div class=\"info-box-icon\">\n\t\t\t\t\t\t\t\t\t\t\t\t\t\t\t\t\t\t\t\t\t\t\t\t\t\t<img decoding=\"async\" class=\"info-icon image-1 \" src=\"https:\/\/nttgroup.com\/wp-content\/uploads\/2026\/02\/EKO-FRIENDLY-SELFLUBE-80x80.png\" width=\"80\" height=\"80\" alt=\"EKO FRIENDLY SELFLUBE\" title=\"EKO FRIENDLY SELFLUBE\" loading=\"lazy\" \/>\t\t\t\t\t\t\t\t\t\t\t\t\t\t<\/div>\n\t\t\t\t\t<\/div>\n\t\t\t\t\t\t\t\t<div class=\"info-box-content\">\n\t\t\t\t\t<div class=\"info-box-inner\">\n\t\t\t\t\t\t<p>no lubrication required<br \/>\nit reduces impact on environment<\/p>\n\t\t\t\t\t<\/div>\n\t\t\t\t<\/div>\n\t\t\t<\/div>\n\t\t[\/vc_column_inner][\/vc_row_inner][\/vc_column][\/vc_row][vc_row full_width=&#8221;stretch_row&#8221; css=&#8221;.vc_custom_1770114264398{border-bottom-width: 0px !important;background-color: #F9F9F9 !important;border-bottom-style: solid !important;border-color: #f4f4f4 !important;}&#8221;][vc_column width=&#8221;1\/2&#8243;]<div class=\"title-wrapper  basel-title-color-default basel-title-style-bordered basel-title-size-default text-left vc_custom_1770110304678\"><div class=\"liner-continer\"> <span class=\"left-line\"><\/span> <h4 class=\"title\" >The Best in Scandinavia<span class=\"title-separator\"><span><\/span><\/span><\/h4> <span class=\"right-line\"><\/span> <\/div><\/div>[vc_column_text css=&#8221;.vc_custom_1770109115868{margin-bottom: 40px !important;}&#8221;]<\/p>\n<p class=\"p1\">The<span class=\"s1\"> NEXTREME <\/span>series is engineered for the ultimate combination of performance and durability, making it the most versatile roller chain on the market.<\/p>\n<p>[\/vc_column_text][vc_row_inner css=&#8221;.vc_custom_1451151064538{margin-bottom: 5px !important;}&#8221;][vc_column_inner width=&#8221;1\/2&#8243;]\t\t\t<div class=\" basel-info-box2 text-left icon-alignment-left box-style-base color-scheme-dark  \" onclick=\"\">\n\t\t\t\t\t\t\t\t<div class=\"info-box-content\">\n\t\t\t\t\t<div class=\"info-box-inner\">\n\t\t\t\t\t\t<\/p>\n<h5>Endure Tough Conditions<\/h5>\n<p class=\"p1\">Dust, abrasion and heavy shock loads are no match for NEXTREME Series.<br \/>\nIt\u2019s designed to withstand harsh environments with minimal wear life.<\/p>\n<p>\n\t\t\t\t\t<\/div>\n\t\t\t\t<\/div>\n\t\t\t<\/div>\n\t\t\t\t\t<div class=\" basel-info-box2 text-left icon-alignment-left box-style-base color-scheme-dark  \" onclick=\"\">\n\t\t\t\t\t\t\t\t<div class=\"info-box-content\">\n\t\t\t\t\t<div class=\"info-box-inner\">\n\t\t\t\t\t\t<\/p>\n<h5>Low Maintenance<\/h5>\n<p class=\"p1\">Experience extended service life with minimal elongation. Frequent adjustments or replacements are reduced.<\/p>\n<p>\n\t\t\t\t\t<\/div>\n\t\t\t\t<\/div>\n\t\t\t<\/div>\n\t\t[\/vc_column_inner][vc_column_inner width=&#8221;1\/2&#8243;]\t\t\t<div class=\" basel-info-box2 text-left icon-alignment-left box-style-base color-scheme-dark  \" onclick=\"\">\n\t\t\t\t\t\t\t\t<div class=\"info-box-content\">\n\t\t\t\t\t<div class=\"info-box-inner\">\n\t\t\t\t\t\t<\/p>\n<h5>High Speed Performance<\/h5>\n<p class=\"p1\">Engineered for smooth operation at higher speeds (up to 2.5 m\/s) for maximum efficiency.<\/p>\n<p>\n\t\t\t\t\t<\/div>\n\t\t\t\t<\/div>\n\t\t\t<\/div>\n\t\t\t\t\t<div class=\" basel-info-box2 text-left icon-alignment-left box-style-base color-scheme-dark  \" onclick=\"\">\n\t\t\t\t\t\t\t\t<div class=\"info-box-content\">\n\t\t\t\t\t<div class=\"info-box-inner\">\n\t\t\t\t\t\t<\/p>\n<h5>Move Heavy Loads<\/h5>\n<p class=\"p1\">50% of breaking load used for pre-loading.<br \/>\nElongation is reduced to minimum in heavy lifting applications.<\/p>\n<p>\n\t\t\t\t\t<\/div>\n\t\t\t\t<\/div>\n\t\t\t<\/div>\n\t\t[\/vc_column_inner][\/vc_row_inner][\/vc_column][vc_column width=&#8221;1\/2&#8243; basel_bg_position=&#8221;center-center&#8221; basel_text_align=&#8221;center&#8221; css=&#8221;.vc_custom_1770114864024{margin-bottom: 50px !important;padding-right: 50px !important;}&#8221;][vc_single_image image=&#8221;49841&#8243; img_size=&#8221;full&#8221; alignment=&#8221;center&#8221; css_animation=&#8221;left-to-right&#8221; css=&#8221;&#8221;][\/vc_column][\/vc_row][vc_row full_width=&#8221;stretch_row&#8221; css=&#8221;.vc_custom_1691438077588{margin-bottom: 45px !important;padding-top: 50px !important;padding-bottom: 70px !important;background-image: url(https:\/\/nttgroup.com\/wp-content\/uploads\/2017\/05\/NTT-listwy-zebate-produkcja-polska.png?id=13832) !important;background-position: center !important;background-repeat: no-repeat !important;background-size: cover !important;}&#8221;][vc_column basel_color_scheme=&#8221;light&#8221;][vc_row_inner content_placement=&#8221;middle&#8221; css=&#8221;.vc_custom_1760349135705{margin-bottom: 0px !important;}&#8221;][vc_column_inner width=&#8221;1\/4&#8243; css=&#8221;.vc_custom_1438783347292{margin-bottom: 40px !important;}&#8221;][vc_icon type=&#8221;linecons&#8221; icon_linecons=&#8221;vc_li vc_li-world&#8221; color=&#8221;custom&#8221; background_style=&#8221;rounded-outline&#8221; background_color=&#8221;white&#8221; size=&#8221;lg&#8221; align=&#8221;center&#8221; css=&#8221;.vc_custom_1494268059583{margin-bottom: 20px !important;}&#8221; custom_color=&#8221;#ffffff&#8221;]\t\t\t<div class=\"basel-counter  counter-default\">\n\t\t\t\t<span class=\"counter-value\" data-state=\"new\" data-final=\"9\">9<\/span>\n\t\t\t\t\t\t\t\t\t<span class=\"counter-label\">ZAK\u0141AD\u00d3W PRODUKCYJNYCH<\/span>\n\t\t\t\t\t\t\t<\/div>\n\n\t\t[\/vc_column_inner][vc_column_inner width=&#8221;1\/4&#8243; css=&#8221;.vc_custom_1438783353284{margin-bottom: 40px !important;}&#8221;][vc_icon type=&#8221;linecons&#8221; icon_linecons=&#8221;vc_li vc_li-tag&#8221; color=&#8221;custom&#8221; background_style=&#8221;rounded-outline&#8221; background_color=&#8221;white&#8221; size=&#8221;lg&#8221; align=&#8221;center&#8221; css=&#8221;.vc_custom_1494268094805{margin-bottom: 20px !important;}&#8221; custom_color=&#8221;#ffffff&#8221;]\t\t\t<div class=\"basel-counter  counter-default\">\n\t\t\t\t<span class=\"counter-value\" data-state=\"new\" data-final=\"45000\">45000<\/span>\n\t\t\t\t\t\t\t\t\t<span class=\"counter-label\">PRODUKT\u00d3W W MAGAZYNIE<\/span>\n\t\t\t\t\t\t\t<\/div>\n\n\t\t[\/vc_column_inner][vc_column_inner width=&#8221;1\/4&#8243; css=&#8221;.vc_custom_1438783357796{margin-bottom: 40px !important;}&#8221;][vc_icon type=&#8221;linecons&#8221; icon_linecons=&#8221;vc_li vc_li-settings&#8221; color=&#8221;custom&#8221; background_style=&#8221;rounded-outline&#8221; background_color=&#8221;white&#8221; size=&#8221;lg&#8221; align=&#8221;center&#8221; css=&#8221;.vc_custom_1450023589607{margin-bottom: 20px !important;}&#8221; custom_color=&#8221;#ffffff&#8221;]\t\t\t<div class=\"basel-counter  counter-default\">\n\t\t\t\t<span class=\"counter-value\" data-state=\"new\" data-final=\"100\">100<\/span>\n\t\t\t\t\t\t\t\t\t<span class=\"counter-label\">MASZYN CNC<\/span>\n\t\t\t\t\t\t\t<\/div>\n\n\t\t[\/vc_column_inner][vc_column_inner width=&#8221;1\/4&#8243; css=&#8221;.vc_custom_1438783362371{margin-bottom: 40px !important;}&#8221;][vc_icon type=&#8221;linecons&#8221; icon_linecons=&#8221;vc_li vc_li-user&#8221; color=&#8221;custom&#8221; background_style=&#8221;rounded-outline&#8221; background_color=&#8221;white&#8221; size=&#8221;lg&#8221; align=&#8221;center&#8221; css=&#8221;.vc_custom_1494268124889{margin-bottom: 20px !important;}&#8221; custom_color=&#8221;#ffffff&#8221;]\t\t\t<div class=\"basel-counter  counter-default\">\n\t\t\t\t<span class=\"counter-value\" data-state=\"new\" data-final=\"200\">200<\/span>\n\t\t\t\t\t\t\t\t\t<span class=\"counter-label\">PRACOWNIK\u00d3W<\/span>\n\t\t\t\t\t\t\t<\/div>\n\n\t\t[\/vc_column_inner][\/vc_row_inner][\/vc_column][\/vc_row][vc_row css=&#8221;.vc_custom_1451575485367{margin-bottom: 65px !important;}&#8221;][vc_column css=&#8221;.vc_custom_1451389567526{padding-right: 40px !important;}&#8221;][vc_single_image image=&#8221;47137&#8243; img_size=&#8221;full&#8221; alignment=&#8221;center&#8221; css_animation=&#8221;left-to-right&#8221; css=&#8221;&#8221;][\/vc_column][\/vc_row][vc_row css=&#8221;.vc_custom_1451575485367{margin-bottom: 65px !important;}&#8221;][vc_column width=&#8221;1\/2&#8243; css=&#8221;.vc_custom_1451389567526{padding-right: 40px !important;}&#8221;][vc_column_text css_animation=&#8221;fadeInLeft&#8221; css=&#8221;.vc_custom_1760607456282{margin-bottom: 30px !important;}&#8221; basel_color_scheme=&#8221;dark&#8221;]<\/p>\n<h2>Szwecja<span class=\"color-primary\">\u00a0produkcja seryjna i precyzyjna<\/span><\/h2>\n<p>Nasz zak\u0142ad w <b>Szwecji<\/b> jest g\u0142\u00f3wnym centrum <b>produkcji wielkoseryjnej<\/b> (partie powy\u017cej 100 sztuk). Specjalizujemy si\u0119 tu w komponentach wymagaj\u0105cych absolutnej precyzji, wykorzystuj\u0105c do tego <b>zaawansowane, zrobotyzowane centra obr\u00f3bcze<\/b>.<\/p>\n<p>G\u0142\u00f3wne produkty wytwarzane w Szwecji to:<\/p>\n<ul>\n<li>Precyzyjne, <b>szlifowane ko\u0142a z\u0119bate<\/b> i <b>listwy z\u0119bate<\/b>.<\/li>\n<li><b>Wa\u0142ki wielowypustowe<\/b>.<\/li>\n<li><b>Ko\u0142a pasowe z\u0119bate<\/b>.<\/li>\n<li><b>Kompletne przek\u0142adnie<\/b>.<\/li>\n<\/ul>\n<p>[\/vc_column_text][\/vc_column][vc_column width=&#8221;1\/2&#8243;][vc_column_text css_animation=&#8221;fadeInRight&#8221; css=&#8221;.vc_custom_1760607465101{margin-bottom: 30px !important;}&#8221; basel_color_scheme=&#8221;dark&#8221;]<\/p>\n<h2>Polska<span class=\"color-primary\"> elastyczno\u015b\u0107 i du\u017ce gabaryty<\/span><\/h2>\n<p>Zak\u0142ad NTT Poland w <b>Polsce<\/b> to miejsce dla <b>produkcji jednostkowej<\/b> oraz <b>ma\u0142ych serii<\/b>, dzi\u0119ki zastosowaniu zar\u00f3wno <b>uniwersalnych maszyn<\/b>, jak i <b>zrobotyzowanych stanowisk<\/b>. Pozwala nam to szybko reagowa\u0107 na niestandardowe zam\u00f3wienia, pojedyncze realizacje i prototypow\u0105 produkcje.<\/p>\n<p>W Polsce produkujemy:<\/p>\n<ul>\n<li>ko\u0142a <b>\u0142a\u0144cuchowe, z\u0119bate i pasowe do \u00d82000 mm,<\/b><\/li>\n<li>elementy o du\u017cych gabarytach: <b>cz\u0119\u015bci toczone i frezowane<\/b> do d\u0142ugo\u015bci <b>3 metr\u00f3w,<\/b><\/li>\n<li><b>\u0142a\u0144cuchy transportowe<\/b> oraz inne cz\u0119\u015bci maszyn.<\/li>\n<\/ul>\n<p>Taki podzia\u0142 zapewnia nam zar\u00f3wno efektywno\u015b\u0107 kosztow\u0105 w produkcji masowej, jak i elastyczno\u015b\u0107 niezb\u0119dn\u0105 do realizacji najbardziej z\u0142o\u017conych, niestandardowych projekt\u00f3w.[\/vc_column_text][\/vc_column][\/vc_row][vc_row css=&#8221;.vc_custom_1451575485367{margin-bottom: 65px !important;}&#8221;][vc_column width=&#8221;1\/2&#8243; css=&#8221;.vc_custom_1451389567526{padding-right: 40px !important;}&#8221;][vc_column_text css_animation=&#8221;fadeInLeft&#8221; css=&#8221;.vc_custom_1760607473364{margin-bottom: 30px !important;}&#8221; basel_color_scheme=&#8221;dark&#8221;]<\/p>\n<h2>Nasi<span class=\"color-primary\">\u00a0klienci<\/span><\/h2>\n<p>Komponenty nap\u0119dowe produkowane przez NTT Poland s\u0105 fundamentem niezawodno\u015bci w szerokim spektrum sektor\u00f3w przemys\u0142owych. Obs\u0142ugujemy dwie g\u0142\u00f3wne grupy klient\u00f3w, staj\u0105c si\u0119 ich zaufanym partnerem w budowie i utrzymaniu maszyn.<\/p>\n<h3>Producenci maszyn (OEM)<\/h3>\n<p>Jeste\u015bmy kluczowym dostawc\u0105 dla <b>\u015bwiatowych i lokalnych producent\u00f3w maszyn<\/b> (Original Equipment Manufacturers). Nasze cz\u0119\u015bci trafiaj\u0105 bezpo\u015brednio do nowych urz\u0105dze\u0144 i zaawansowanych system\u00f3w. Wspieramy m.in. sektory:<\/p>\n<ul>\n<li><b>maszyn pakuj\u0105cych,\u00a0<\/b><\/li>\n<li><b>intralogistyki i transporter\u00f3w, linii technologicznych<\/b><\/li>\n<li><b>laser\u00f3w, ploter\u00f3w, centr\u00f3w CNC,<\/b><\/li>\n<li><b>przemys\u0142u spo\u017cywczego, drzewnego, kopalni, elektrowni,<\/b><\/li>\n<li><b>maszyn medycznych<\/b> i innych specjalistycznych zastosowa\u0144.<\/li>\n<\/ul>\n<p>&nbsp;<\/p>\n<h3>U\u017cytkownicy ko\u0144cowi (utrzymanie ruchu)<\/h3>\n<p>Dostarczamy r\u00f3wnie\u017c niezb\u0119dne <b>cz\u0119\u015bci zamienne i komponenty<\/b> dla u\u017cytkownik\u00f3w ko\u0144cowych, wspieraj\u0105c ich dzia\u0142y <strong>u<\/strong><b>trzymania ruchu (UR)<\/b>. Zapewniamy szybki dost\u0119p do wysokiej jako\u015bci element\u00f3w, gwarantuj\u0105c ci\u0105g\u0142o\u015b\u0107 i minimalizuj\u0105c przestoje w pracy zak\u0142ad\u00f3w.<\/p>\n<p>Dzi\u0119ki temu, \u017ce dostarczamy zar\u00f3wno do masowej produkcji, jak i dla potrzeb serwisowych, nasze do\u015bwiadczenie i jako\u015b\u0107 komponent\u00f3w s\u0105 stale weryfikowane przez najbardziej wymagaj\u0105cych partner\u00f3w w bran\u017cy.[\/vc_column_text][\/vc_column][vc_column width=&#8221;1\/2&#8243;][vc_single_image image=&#8221;47167&#8243; img_size=&#8221;full&#8221; alignment=&#8221;center&#8221; css_animation=&#8221;left-to-right&#8221; css=&#8221;&#8221;][\/vc_column][\/vc_row]<\/p>\n<\/div>","protected":false},"excerpt":{"rendered":"<p>[vc_row full_width=&#8221;stretch_row_content_no_spaces&#8221; content_placement=&#8221;middle&#8221; css=&#8221;.vc_custom_1770107736380{margin-top: -40px !important;margin-bottom: 40px !important;padding-top: 130px !important;padding-bottom: 100px !important;background-image: url(https:\/\/nttgroup.com\/wp-content\/uploads\/2026\/01\/unnamed.jpg?id=49022) !important;background-position: center !important;background-repeat: no-repeat !important;background-size: cover !important;}&#8221;][vc_column<\/p>\n","protected":false},"author":3,"featured_media":0,"parent":0,"menu_order":0,"comment_status":"closed","ping_status":"closed","template":"","meta":{"footnotes":""},"class_list":["post-49013","page","type-page","status-publish","hentry"],"_links":{"self":[{"href":"https:\/\/nttgroup.com\/pl\/wp-json\/wp\/v2\/pages\/49013","targetHints":{"allow":["GET"]}}],"collection":[{"href":"https:\/\/nttgroup.com\/pl\/wp-json\/wp\/v2\/pages"}],"about":[{"href":"https:\/\/nttgroup.com\/pl\/wp-json\/wp\/v2\/types\/page"}],"author":[{"embeddable":true,"href":"https:\/\/nttgroup.com\/pl\/wp-json\/wp\/v2\/users\/3"}],"replies":[{"embeddable":true,"href":"https:\/\/nttgroup.com\/pl\/wp-json\/wp\/v2\/comments?post=49013"}],"version-history":[{"count":5,"href":"https:\/\/nttgroup.com\/pl\/wp-json\/wp\/v2\/pages\/49013\/revisions"}],"predecessor-version":[{"id":49907,"href":"https:\/\/nttgroup.com\/pl\/wp-json\/wp\/v2\/pages\/49013\/revisions\/49907"}],"wp:attachment":[{"href":"https:\/\/nttgroup.com\/pl\/wp-json\/wp\/v2\/media?parent=49013"}],"curies":[{"name":"wp","href":"https:\/\/api.w.org\/{rel}","templated":true}]}}