{"id":49221,"date":"2026-01-28T06:58:52","date_gmt":"2026-01-28T06:58:52","guid":{"rendered":"https:\/\/nttgroup.com\/spawanie-zrobotyzowane\/"},"modified":"2026-01-28T08:01:50","modified_gmt":"2026-01-28T08:01:50","slug":"spawanie-zrobotyzowane","status":"publish","type":"page","link":"https:\/\/nttgroup.com\/pl\/spawanie-zrobotyzowane\/","title":{"rendered":"Spawanie zrobotyzowane"},"content":{"rendered":"<div class=\"wpb-content-wrapper\"><p>[vc_section full_width=&#8221;stretch_row&#8221; css=&#8221;.vc_custom_1542025240624{background-color: #f9f9f9 !important;}&#8221;][vc_row css=&#8221;.vc_custom_1542025031874{background-color: #f9f9f9 !important;}&#8221;][vc_column width=&#8221;1\/6&#8243;][\/vc_column][vc_column width=&#8221;2\/3&#8243;][vc_column_text css=&#8221;&#8221;]<\/p>\n<h4 style=\"font-size: 42px; text-align: center;\">Spawanie Zrobotyzowane<\/h4>\n<p>[\/vc_column_text][vc_separator border_width=&#8221;2&#8243; css=&#8221;.vc_custom_1542025311822{margin-bottom: 20px !important;}&#8221;][\/vc_column][vc_column width=&#8221;1\/6&#8243;][\/vc_column][\/vc_row][vc_row css=&#8221;.vc_custom_1542025040822{background-color: #f9f9f9 !important;}&#8221;][vc_column width=&#8221;1\/3&#8243;]\t\t\t<div class=\" basel-info-box text-center icon-alignment-top box-style-base color-scheme-dark  with-animation \" onclick=\"\">\n\t\t\t\t\t\t\t\t<div class=\"info-box-content\">\n\t\t\t\t\t<div class=\"info-box-inner\">\n\t\t\t\t\t\t<\/p>\n<h2>Wysoka Jako\u015b\u0107<\/h2>\n<p>Spoiny MIG\/MAG charakteryzuj\u0105 si\u0119 najwy\u017csz\u0105 jako\u015bci\u0105<\/p>\n\t\t\t\t\t<\/div>\n\t\t\t\t<\/div>\n\t\t\t<\/div>\n\t\t[\/vc_column][vc_column width=&#8221;1\/3&#8243;]\t\t\t<div class=\" basel-info-box text-center icon-alignment-top box-style-base color-scheme-dark  with-animation \" onclick=\"\">\n\t\t\t\t\t\t\t\t<div class=\"info-box-content\">\n\t\t\t\t\t<div class=\"info-box-inner\">\n\t\t\t\t\t\t<\/p>\n<h2>Du\u017ce Gabaryty<\/h2>\n<p>Mo\u017cliwo\u015b\u0107 precyzyjnego spawania element\u00f3w o \u015brednicy do \u00d81,5m<\/p>\n\t\t\t\t\t<\/div>\n\t\t\t\t<\/div>\n\t\t\t<\/div>\n\t\t[\/vc_column][vc_column width=&#8221;1\/3&#8243;]\t\t\t<div class=\" basel-info-box text-center icon-alignment-top box-style-base color-scheme-dark  with-animation \" onclick=\"\">\n\t\t\t\t\t\t\t\t<div class=\"info-box-content\">\n\t\t\t\t\t<div class=\"info-box-inner\">\n\t\t\t\t\t\t<\/p>\n<h2>Szybka Realizacja<\/h2>\n<p>Kr\u00f3tkie terminy dla produkcji jednostkowej i seryjnej<\/p>\n\t\t\t\t\t<\/div>\n\t\t\t\t<\/div>\n\t\t\t<\/div>\n\t\t[\/vc_column][\/vc_row][\/vc_section][vc_row full_width=&#8221;stretch_row_content_no_spaces&#8221; content_placement=&#8221;top&#8221; css=&#8221;.vc_custom_1542028241205{margin-top: 40px !important;margin-bottom: -40px !important;}&#8221;][vc_column width=&#8221;1\/2&#8243; offset=&#8221;vc_col-md-6&#8243;][vc_single_image image=&#8221;15510&#8243; img_size=&#8221;500x&#8221; alignment=&#8221;center&#8221;][\/vc_column][vc_column width=&#8221;1\/2&#8243; css=&#8221;.vc_custom_1485009354843{margin-top: 25px !important;margin-bottom: 40px !important;padding-right: 10% !important;padding-left: 10% !important;}&#8221; offset=&#8221;vc_col-md-6&#8243;][vc_column_text css=&#8221;.vc_custom_1694516324558{margin-bottom: 30px !important;}&#8221;]<\/p>\n<h1 class=\"font-title\" style=\"text-align: center; font-size: 42px; text-transform: capitalize;\"><span style=\"border-bottom: 1px solid #BDBDBD; padding-bottom: 4px;\">Roboty Spawalnicze<\/span><\/h1>\n<h3 class=\"LC20lb\" style=\"text-align: center;\">MIG\/MAG<\/h3>\n<p>[\/vc_column_text][vc_column_text css=&#8221;.vc_custom_1694516428854{padding-right: 30px !important;padding-left: 30px !important;}&#8221;]<\/p>\n<table border=\"0\" width=\"512\" cellspacing=\"0\" cellpadding=\"0\">\n<colgroup>\n<col width=\"143\" \/>\n<col width=\"141\" \/>\n<col width=\"228\" \/><\/colgroup>\n<tbody>\n<tr>\n<td class=\"xl65\" width=\"143\" height=\"28\"><strong>Maszyna<\/strong><\/td>\n<td class=\"xl65\" width=\"141\"><strong>\u0179r\u00f3d\u0142o spawalnicze<\/strong><\/td>\n<td class=\"xl65\" width=\"228\"><strong>Uwagi<\/strong><\/td>\n<\/tr>\n<tr>\n<td height=\"20\">Fanuc 120iC<\/td>\n<td>Fronius TPS 400i<\/td>\n<td>Poziome i pionowe sto\u0142y obrotowe<\/td>\n<\/tr>\n<\/tbody>\n<\/table>\n<p>[\/vc_column_text][\/vc_column][\/vc_row][vc_row full_width=&#8221;stretch_row&#8221; content_placement=&#8221;middle&#8221; css=&#8221;.vc_custom_1708612183404{margin-top: 40px !important;margin-bottom: 0px !important;background-color: #f9f9f9 !important;}&#8221;][vc_column width=&#8221;1\/2&#8243; css=&#8221;.vc_custom_1438784954834{margin-bottom: 40px !important;}&#8221;][vc_column_text css=&#8221;&#8221; basel_color_scheme=&#8221;dark&#8221;]<\/p>\n<div class=\"presented-response-container ng-tns-c4150723369-462\">\n<div class=\"response-container-content ng-tns-c4150723369-462\">\n<div class=\"response-content ng-trigger ng-trigger-responsePopulation ng-tns-c4150723369-462\">\n<div class=\"markdown markdown-main-panel ui-v2-enabled\" dir=\"ltr\">\n<div class=\"presented-response-container ng-tns-c4150723369-496\">\n<div class=\"response-container-content ng-tns-c4150723369-496\">\n<div class=\"response-content ng-trigger ng-trigger-responsePopulation ng-tns-c4150723369-496\">\n<div class=\"markdown markdown-main-panel ui-v2-enabled\" dir=\"ltr\">\n<h2 class=\"\" data-sourcepos=\"1:1-1:83\">Zrobotyzowana doskona\u0142o\u015b\u0107: Innowacyjne spawanie najwy\u017cszej klasy \u0142a\u0144cuch\u00f3w transportowych<\/h2>\n<p data-sourcepos=\"3:1-3:151\">W NTT Group wznosimy produkcj\u0119 \u0142a\u0144cuch\u00f3w transportowych na wy\u017cszy poziom, wykorzystuj\u0105c precyzj\u0119 i wydajno\u015b\u0107 <strong>automatycznego spawania zrobotyzowanego.<\/strong> Nasz zak\u0142ad dysponuje nowoczesnym stanowiskiem z robotem <strong>FANUC (metoda MAG 135)<\/strong>, wyposa\u017conym w najwy\u017cszej klasy <strong>osprz\u0119t spawalniczy Fronius,<\/strong> co gwarantuje wyj\u0105tkowe rezultaty ka\u017cdego spawu.<\/p>\n<p data-sourcepos=\"5:1-5:87\">Ta zaawansowana technologia pozwala nam wytwarza\u0107 najwy\u017cszej jako\u015bci spawane \u0142a\u0144cuchy transportowe o bezkonkurencyjnej precyzji i powtarzalno\u015bci. Dzi\u0119ki p\u0142ynnej integracji robotyki z naszym procesem produkcyjnym zapewniamy:<\/p>\n<ul data-sourcepos=\"7:1-7:37\">\n<li data-sourcepos=\"7:1-7:37\"><strong>Niezmienn\u0105 precyzj\u0119: <\/strong>Robot eliminuje b\u0142\u0119dy ludzkie, dostarczaj\u0105c spoiny o sta\u0142ej dok\u0142adno\u015bci i powtarzalno\u015bci, nawet przy skomplikowanej geometrii ogniw.<\/li>\n<li data-sourcepos=\"8:1-8:129\"><strong>Zwi\u0119kszon\u0105 wydajno\u015b\u0107:<\/strong> Automatyzacja przyspiesza proces produkcji, zwi\u0119kszaj\u0105c moce przerobowe przy jednoczesnym skr\u00f3ceniu czasu realizacji i optymalizacji koszt\u00f3w.<\/li>\n<li data-sourcepos=\"9:1-9:166\"><strong>Doskona\u0142\u0105 jako\u015b\u0107 spoin: <\/strong>Sprz\u0119t marki Fronius gwarantuje mocne i niezawodne z\u0142\u0105cza, kt\u00f3re spe\u0142niaj\u0105 najwy\u017csze standardy jako\u015bci, zapewniaj\u0105c wytrzyma\u0142o\u015b\u0107 i trwa\u0142o\u015b\u0107 \u0142a\u0144cucha.<\/li>\n<li data-sourcepos=\"10:1-10:73\"><strong>Wszechstronno\u015b\u0107 bez kompromis\u00f3w: <\/strong>Robot sprawnie realizuje r\u00f3\u017cnorodne zadania, od monta\u017cu specjalistycznych zabierak\u00f3w po spawanie k\u00f3\u0142 \u0142a\u0144cuchowych dla \u0142a\u0144cuch\u00f3w rolkowych i transportowych z niedo\u015bcignion\u0105 dok\u0142adno\u015bci\u0105.<\/li>\n<\/ul>\n<p data-sourcepos=\"12:1-12:350\">Poza wydajno\u015bci\u0105 i precyzj\u0105, spawanie zrobotyzowane pozwala nam wdra\u017ca\u0107 innowacyjne konstrukcje \u0142a\u0144cuch\u00f3w o z\u0142o\u017conych po\u0142\u0105czeniach spawalniczych, rozwijaj\u0105c mo\u017cliwo\u015bci w produkcji system\u00f3w transportowych. Nieustanne d\u0105\u017cenie do innowacji stawia nas na pozycji lidera bran\u017cy, dostarczaj\u0105cego wyj\u0105tkowe rozwi\u0105zania, kt\u00f3re wspieraj\u0105 procesy operacyjne naszych klient\u00f3w.<\/p>\n<\/div>\n<\/div>\n<\/div>\n<\/div>\n<\/div>\n<\/div>\n<\/div>\n<\/div>\n<p>[\/vc_column_text][\/vc_column][vc_column width=&#8221;1\/2&#8243; css=&#8221;.vc_custom_1438784968106{margin-bottom: 40px !important;}&#8221;][vc_video link=&#8221;https:\/\/youtu.be\/UjHtWgB1sf4&#8243;][\/vc_column][\/vc_row]<\/p>\n<\/div>","protected":false},"excerpt":{"rendered":"<p>[vc_section full_width=&#8221;stretch_row&#8221; css=&#8221;.vc_custom_1542025240624{background-color: #f9f9f9 !important;}&#8221;][vc_row css=&#8221;.vc_custom_1542025031874{background-color: #f9f9f9 !important;}&#8221;][vc_column width=&#8221;1\/6&#8243;][\/vc_column][vc_column width=&#8221;2\/3&#8243;][vc_column_text css=&#8221;&#8221;] Spawanie Zrobotyzowane [\/vc_column_text][vc_separator border_width=&#8221;2&#8243; css=&#8221;.vc_custom_1542025311822{margin-bottom: 20px !important;}&#8221;][\/vc_column][vc_column width=&#8221;1\/6&#8243;][\/vc_column][\/vc_row][vc_row css=&#8221;.vc_custom_1542025040822{background-color:<\/p>\n","protected":false},"author":3,"featured_media":0,"parent":0,"menu_order":0,"comment_status":"closed","ping_status":"closed","template":"","meta":{"footnotes":""},"class_list":["post-49221","page","type-page","status-publish","hentry"],"_links":{"self":[{"href":"https:\/\/nttgroup.com\/pl\/wp-json\/wp\/v2\/pages\/49221","targetHints":{"allow":["GET"]}}],"collection":[{"href":"https:\/\/nttgroup.com\/pl\/wp-json\/wp\/v2\/pages"}],"about":[{"href":"https:\/\/nttgroup.com\/pl\/wp-json\/wp\/v2\/types\/page"}],"author":[{"embeddable":true,"href":"https:\/\/nttgroup.com\/pl\/wp-json\/wp\/v2\/users\/3"}],"replies":[{"embeddable":true,"href":"https:\/\/nttgroup.com\/pl\/wp-json\/wp\/v2\/comments?post=49221"}],"version-history":[{"count":5,"href":"https:\/\/nttgroup.com\/pl\/wp-json\/wp\/v2\/pages\/49221\/revisions"}],"predecessor-version":[{"id":49323,"href":"https:\/\/nttgroup.com\/pl\/wp-json\/wp\/v2\/pages\/49221\/revisions\/49323"}],"wp:attachment":[{"href":"https:\/\/nttgroup.com\/pl\/wp-json\/wp\/v2\/media?parent=49221"}],"curies":[{"name":"wp","href":"https:\/\/api.w.org\/{rel}","templated":true}]}}