{"id":49394,"date":"2026-01-29T06:18:40","date_gmt":"2026-01-29T06:18:40","guid":{"rendered":"https:\/\/nttgroup.com\/magazyn\/"},"modified":"2026-01-29T06:48:33","modified_gmt":"2026-01-29T06:48:33","slug":"magazyn","status":"publish","type":"page","link":"https:\/\/nttgroup.com\/pl\/magazyn\/","title":{"rendered":"Cz\u0119\u015bci Standardowe"},"content":{"rendered":"<div class=\"wpb-content-wrapper\"><p>[vc_section full_width=&#8221;stretch_row&#8221; css=&#8221;.vc_custom_1694496734621{background-color: #f9f9f9 !important;}&#8221;][vc_row css=&#8221;.vc_custom_1542025031874{background-color: #f9f9f9 !important;}&#8221;][vc_column width=&#8221;1\/6&#8243;][\/vc_column][vc_column width=&#8221;2\/3&#8243;][vc_column_text]<\/p>\n<h4 style=\"font-size: 42px; text-align: center;\">Cz\u0119\u015bci Standardowe<\/h4>\n<p>[\/vc_column_text][vc_separator border_width=&#8221;2&#8243; css=&#8221;.vc_custom_1542025311822{margin-bottom: 20px !important;}&#8221;][\/vc_column][vc_column width=&#8221;1\/6&#8243;][\/vc_column][\/vc_row][vc_row css=&#8221;.vc_custom_1542025040822{background-color: #f9f9f9 !important;}&#8221;][vc_column width=&#8221;1\/3&#8243;]\t\t\t<div class=\" basel-info-box text-center icon-alignment-top box-style-base color-scheme-dark  with-animation \" onclick=\"\">\n\t\t\t\t\t\t\t\t<div class=\"info-box-content\">\n\t\t\t\t\t<div class=\"info-box-inner\">\n\t\t\t\t\t\t<\/p>\n<h2>Zasi\u0119g Mi\u0119dzynarodowy<\/h2>\n<p>Nasze magazyny zlokalizowane s\u0105 w Szwecji, Niemczech, Polsce i Finlandii<\/p>\n\t\t\t\t\t<\/div>\n\t\t\t\t<\/div>\n\t\t\t<\/div>\n\t\t[\/vc_column][vc_column width=&#8221;1\/3&#8243;]\t\t\t<div class=\" basel-info-box text-center icon-alignment-top box-style-base color-scheme-dark  with-animation \" onclick=\"\">\n\t\t\t\t\t\t\t\t<div class=\"info-box-content\">\n\t\t\t\t\t<div class=\"info-box-inner\">\n\t\t\t\t\t\t<\/p>\n<h2>+100.000 Cz\u0119\u015bci<\/h2>\n<\/p>\n<p>Oferujemy ponad 100 000 standardowych element\u00f3w przeniesienia nap\u0119du dost\u0119pnych od r\u0119ki<\/p>\n<\/p>\n<h3 class=\"LC20lb\"><\/h3>\n<\/p>\n<p>\n\t\t\t\t\t<\/div>\n\t\t\t\t<\/div>\n\t\t\t<\/div>\n\t\t[\/vc_column][vc_column width=&#8221;1\/3&#8243;]\t\t\t<div class=\" basel-info-box text-center icon-alignment-top box-style-base color-scheme-dark  with-animation \" onclick=\"\">\n\t\t\t\t\t\t\t\t<div class=\"info-box-content\">\n\t\t\t\t\t<div class=\"info-box-inner\">\n\t\t\t\t\t\t<\/p>\n<h2>Elastyczne Dostawy<\/h2>\n<\/p>\n<p>Mo\u017cliwa wysy\u0142ka jeszcze tego samego dnia<\/p>\n\t\t\t\t\t<\/div>\n\t\t\t\t<\/div>\n\t\t\t<\/div>\n\t\t[\/vc_column][\/vc_row][\/vc_section][vc_row full_width=&#8221;stretch_row&#8221; css=&#8221;.vc_custom_1694062051816{margin-top: 40px !important;margin-bottom: 45px !important;}&#8221;][vc_column width=&#8221;1\/3&#8243; el_class=&#8221;text-right&#8221;][vc_column_text css=&#8221;.vc_custom_1760610945973{margin-bottom: 30px !important;}&#8221; basel_color_scheme=&#8221;dark&#8221;]<\/p>\n<h5><strong style=\"color: #1b1919; font-family: Karla, Arial, Helvetica, sans-serif;\">\u0141A\u0143CUCHY ROLKOWE<\/strong><\/h5>\n<p><\/p>\n<h5 style=\"margin-bottom: 10px;\"><\/h5>\n<p>Wszystkie typy \u0142a\u0144cuch\u00f3w rolkowych wed\u0142ug normy brytyjskiej (BS) oraz ameryka\u0144skiej (ANSI). O wyd\u0142u\u017conej podzia\u0142ce, ze stali nierdzewnej, ocynkowane, wzmocnione (Heavy Duty).[\/vc_column_text][vc_column_text css=&#8221;.vc_custom_1760610951525{margin-bottom: 30px !important;}&#8221; basel_color_scheme=&#8221;dark&#8221;]<\/p>\n<p><\/p>\n<h5><strong style=\"color: #1b1919; font-family: Karla, Arial, Helvetica, sans-serif;\">\u0141A\u0143CUCHY TRANSPORTOWE<\/strong><\/h5>\n<p><\/p>\n<h5 style=\"margin-bottom: 10px;\"><\/h5>\n<p><\/p>\n<p>Typ M w wykonaniu standardowym oraz spawanym.<\/p>\n<p>Ogniwa kute matrycowo.<\/p>\n<p>Specjalistyczne \u0142a\u0144cuchy transportowe.[\/vc_column_text][vc_column_text css=&#8221;.vc_custom_1760610957110{margin-bottom: 30px !important;}&#8221; basel_color_scheme=&#8221;dark&#8221;]<\/p>\n<p><\/p>\n<h5><strong style=\"color: #1b1919; font-family: Karla, Arial, Helvetica, sans-serif;\">KO\u0141A \u0141A\u0143CUCHOWE<\/strong><\/h5>\n<p><\/p>\n<h5 style=\"margin-bottom: 10px;\"><\/h5>\n<p><\/p>\n<p>Ko\u0142a 1-, 2- i 3-rz\u0119dowe oraz tarcze \u0142a\u0144cuchowe z z\u0119bami hartowanymi indukcyjnie.<\/p>\n<p>Wykonania ze stali nierdzewnej, ko\u0142a na dwa pojedyncze \u0142a\u0144cuchy, rozwi\u0105zania specjalne.[\/vc_column_text][\/vc_column][vc_column width=&#8221;1\/3&#8243;][vc_single_image image=&#8221;15354&#8243; img_size=&#8221;full&#8221; alignment=&#8221;center&#8221; css_animation=&#8221;bottom-to-top&#8221; css=&#8221;.vc_custom_1694027075096{background-image: url(http:\/\/nttwooc.bmbox.net\/wp-content\/uploads\/2017\/02\/Iphone-company-1.jpg?id=803) !important;}&#8221;][\/vc_column][vc_column width=&#8221;1\/3&#8243;][vc_column_text css=&#8221;.vc_custom_1760610927925{margin-bottom: 30px !important;}&#8221; basel_color_scheme=&#8221;dark&#8221;]<\/p>\n<p><\/p>\n<h5><strong style=\"color: #1b1919; font-family: Karla, Arial, Helvetica, sans-serif;\">KO\u0141A I LISTWY Z\u0118BATE<\/strong><\/h5>\n<p><\/p>\n<h5 style=\"margin-bottom: 10px;\"><\/h5>\n<p><\/p>\n<p>Pe\u0142ny zakres rozmiar\u00f3w dost\u0119pny z magazynu: od modu\u0142u M=0,5 do M=8.<\/p>\n<p>Listwy z\u0119bate: w wersji kwadratowej oraz okr\u0105g\u0142ej.<\/p>\n<p>Ko\u0142a z\u0119bate walcowe: wykonane ze stali, tworzywa sztucznego oraz mosi\u0105dzu.[\/vc_column_text][vc_column_text css=&#8221;.vc_custom_1760610934075{margin-bottom: 30px !important;}&#8221; basel_color_scheme=&#8221;dark&#8221;]<\/p>\n<p><\/p>\n<h5><strong style=\"color: #1b1919; font-family: Karla, Arial, Helvetica, sans-serif;\">WA\u0141Y \/ \u015aRUBY<\/strong><\/h5>\n<p><\/p>\n<h5 style=\"margin-bottom: 10px;\"><\/h5>\n<p><\/p>\n<p>Wa\u0142y i tuleje wielowypustowe wykonane z r\u00f3\u017cnych materia\u0142\u00f3w.<\/p>\n<p>\u015aruby trapezowe i nakr\u0119tki: dost\u0119pne w wersji lewo- i prawoskr\u0119tnej.<\/p>\n<p>Wa\u0142y wieloboczne (poligonowe).[\/vc_column_text][vc_column_text css=&#8221;.vc_custom_1760610939909{margin-bottom: 30px !important;}&#8221; basel_color_scheme=&#8221;dark&#8221;]<\/p>\n<p><\/p>\n<h5><strong style=\"color: #1b1919; font-family: Karla, Arial, Helvetica, sans-serif;\">NAP\u0118DY PASOWE<\/strong><\/h5>\n<p><\/p>\n<h5 style=\"margin-bottom: 10px;\"><\/h5>\n<p><\/p>\n<p>Szeroki asortyment dost\u0119pny bezpo\u015brednio z magazynu: wszystkie typy standardowych profili okr\u0105g\u0142ych i trapezowych, pasy z\u0119bate oraz pasy klinowe.[\/vc_column_text][\/vc_column][\/vc_row][vc_row content_placement=&#8221;middle&#8221; css=&#8221;.vc_custom_1451577043146{margin-bottom: 0px !important;}&#8221;][vc_column width=&#8221;1\/2&#8243; css=&#8221;.vc_custom_1438784954834{margin-bottom: 40px !important;}&#8221;][vc_column_text css=&#8221;&#8221; basel_color_scheme=&#8221;dark&#8221;]<\/p>\n<h2><strong>NASZE STANY MAGAZYNOWE<\/strong><\/h2>\n<p><\/p>\n<p data-sourcepos=\"3:1-3:150\">W <b data-path-to-node=\"3\" data-index-in-node=\"2\">NTT Group<\/b> doskonale wiemy, \u017ce ka\u017cdy przest\u00f3j generuje wysokie koszty. Dlatego utrzymujemy <b data-path-to-node=\"3\" data-index-in-node=\"92\">rozbudowane stany magazynowe<\/b> kluczowych podzespo\u0142\u00f3w przeniesienia nap\u0119du, gotowych do <b data-path-to-node=\"3\" data-index-in-node=\"178\">natychmiastowej wysy\u0142ki<\/b>. Ko\u0142a z\u0119bate, ko\u0142a \u0142a\u0144cuchowe, ko\u0142a pasowe, listwy z\u0119bate. Cokolwiek potrzebujesz, mamy to u siebie.<\/p>\n<p>&nbsp;[\/vc_column_text][vc_progress_bar values=&#8221;%5B%7B%22label%22%3A%22%5Cu0141a%5Cu0144cuchy%20Rolkowe%22%2C%22value%22%3A%2290%22%2C%22customcolor%22%3A%22%23196767%22%7D%2C%7B%22label%22%3A%22Ko%5Cu0142a%20%5Cu0141a%5Cu0144cuchowe%22%2C%22value%22%3A%2295%22%2C%22customcolor%22%3A%22%23196767%22%7D%2C%7B%22label%22%3A%22Ko%5Cu0142a%20Z%5Cu0119bate%20%26%20Listwy%20Z%5Cu0119bate%22%2C%22value%22%3A%2280%22%2C%22customcolor%22%3A%22%23196767%22%7D%2C%7B%22label%22%3A%22Pasy%20%26%20Ko%5Cu0142a%20Pasowe%22%2C%22value%22%3A%2270%22%2C%22customcolor%22%3A%22%23196767%22%7D%2C%7B%22label%22%3A%22%5Cu0141a%5Cu0144cuchy%20Transportowe%22%2C%22value%22%3A%2290%22%2C%22customcolor%22%3A%22%23196767%22%7D%2C%7B%22label%22%3A%22Wa%5Cu0142y%20%26%20Tuleje%20Wielowypustowe%22%2C%22value%22%3A%2270%22%7D%2C%7B%22label%22%3A%22Sprz%5Cu0119g%5Cu0142a%22%2C%22value%22%3A%2250%22%7D%5D&#8221; bgcolor=&#8221;custom&#8221; custombgcolor=&#8221;#1daaa3&#8243; customtxtcolor=&#8221;#ffffff&#8221;][\/vc_column][vc_column width=&#8221;1\/2&#8243; css=&#8221;.vc_custom_1438784968106{margin-bottom: 40px !important;}&#8221;][vc_single_image image=&#8221;20277&#8243; img_size=&#8221;614&#215;414&#8243; alignment=&#8221;center&#8221; css_animation=&#8221;right-to-left&#8221;][\/vc_column][\/vc_row]<\/p>\n<\/div>","protected":false},"excerpt":{"rendered":"<p>[vc_section full_width=&#8221;stretch_row&#8221; css=&#8221;.vc_custom_1694496734621{background-color: #f9f9f9 !important;}&#8221;][vc_row css=&#8221;.vc_custom_1542025031874{background-color: #f9f9f9 !important;}&#8221;][vc_column width=&#8221;1\/6&#8243;][\/vc_column][vc_column width=&#8221;2\/3&#8243;][vc_column_text] Cz\u0119\u015bci Standardowe [\/vc_column_text][vc_separator border_width=&#8221;2&#8243; css=&#8221;.vc_custom_1542025311822{margin-bottom: 20px !important;}&#8221;][\/vc_column][vc_column width=&#8221;1\/6&#8243;][\/vc_column][\/vc_row][vc_row css=&#8221;.vc_custom_1542025040822{background-color: #f9f9f9<\/p>\n","protected":false},"author":3,"featured_media":0,"parent":0,"menu_order":0,"comment_status":"closed","ping_status":"open","template":"","meta":{"footnotes":""},"class_list":["post-49394","page","type-page","status-publish","hentry"],"_links":{"self":[{"href":"https:\/\/nttgroup.com\/pl\/wp-json\/wp\/v2\/pages\/49394","targetHints":{"allow":["GET"]}}],"collection":[{"href":"https:\/\/nttgroup.com\/pl\/wp-json\/wp\/v2\/pages"}],"about":[{"href":"https:\/\/nttgroup.com\/pl\/wp-json\/wp\/v2\/types\/page"}],"author":[{"embeddable":true,"href":"https:\/\/nttgroup.com\/pl\/wp-json\/wp\/v2\/users\/3"}],"replies":[{"embeddable":true,"href":"https:\/\/nttgroup.com\/pl\/wp-json\/wp\/v2\/comments?post=49394"}],"version-history":[{"count":5,"href":"https:\/\/nttgroup.com\/pl\/wp-json\/wp\/v2\/pages\/49394\/revisions"}],"predecessor-version":[{"id":49466,"href":"https:\/\/nttgroup.com\/pl\/wp-json\/wp\/v2\/pages\/49394\/revisions\/49466"}],"wp:attachment":[{"href":"https:\/\/nttgroup.com\/pl\/wp-json\/wp\/v2\/media?parent=49394"}],"curies":[{"name":"wp","href":"https:\/\/api.w.org\/{rel}","templated":true}]}}