{"id":49415,"date":"2026-01-29T06:40:48","date_gmt":"2026-01-29T06:40:48","guid":{"rendered":"https:\/\/nttgroup.com\/ntt-produkty-na-zamowienie\/"},"modified":"2026-01-29T06:46:00","modified_gmt":"2026-01-29T06:46:00","slug":"ntt-produkty-na-zamowienie","status":"publish","type":"page","link":"https:\/\/nttgroup.com\/pl\/ntt-produkty-na-zamowienie\/","title":{"rendered":"NTT Cz\u0119\u015bci Przerabiane"},"content":{"rendered":"<div class=\"wpb-content-wrapper\"><p>[vc_section full_width=&#8221;stretch_row&#8221; css=&#8221;.vc_custom_1542025240624{background-color: #f9f9f9 !important;}&#8221;][vc_row css=&#8221;.vc_custom_1542025031874{background-color: #f9f9f9 !important;}&#8221;][vc_column width=&#8221;1\/6&#8243;][\/vc_column][vc_column width=&#8221;2\/3&#8243;][vc_column_text]<\/p>\n<h4 style=\"font-size: 42px; text-align: center;\">Produkty Dostosowane Do Klienta<\/h4>\n<p>&nbsp;[\/vc_column_text][vc_separator border_width=&#8221;2&#8243; css=&#8221;.vc_custom_1542025311822{margin-bottom: 20px !important;}&#8221;][\/vc_column][vc_column width=&#8221;1\/6&#8243;][\/vc_column][\/vc_row][vc_row css=&#8221;.vc_custom_1542025040822{background-color: #f9f9f9 !important;}&#8221;][vc_column width=&#8221;1\/3&#8243;]\t\t\t<div class=\" basel-info-box text-center icon-alignment-top box-style-base color-scheme-dark  with-animation \" onclick=\"\">\n\t\t\t\t\t\t\t\t<div class=\"info-box-content\">\n\t\t\t\t\t<div class=\"info-box-inner\">\n\t\t\t\t\t\t<\/p>\n<h2>Szybka Dostawa<\/h2>\n<\/p>\n<p>Dzi\u0119ki ogromnym stanom magazynowym produkt\u00f3w standardowych<\/p>\n\t\t\t\t\t<\/div>\n\t\t\t\t<\/div>\n\t\t\t<\/div>\n\t\t[\/vc_column][vc_column width=&#8221;1\/3&#8243;]\t\t\t<div class=\" basel-info-box text-center icon-alignment-top box-style-base color-scheme-dark  with-animation \" onclick=\"\">\n\t\t\t\t\t\t\t\t<div class=\"info-box-content\">\n\t\t\t\t\t<div class=\"info-box-inner\">\n\t\t\t\t\t\t<\/p>\n<h2>Gotowe Do Monta\u017cu<\/h2>\n<\/p>\n<p>Wszystkie produkty personalizowane s\u0105 w pe\u0142ni dopasowane do wymaga\u0144 klienta<\/p>\n\t\t\t\t\t<\/div>\n\t\t\t\t<\/div>\n\t\t\t<\/div>\n\t\t[\/vc_column][vc_column width=&#8221;1\/3&#8243;]\t\t\t<div class=\" basel-info-box text-center icon-alignment-top box-style-base color-scheme-dark  with-animation \" onclick=\"\">\n\t\t\t\t\t\t\t\t<div class=\"info-box-content\">\n\t\t\t\t\t<div class=\"info-box-inner\">\n\t\t\t\t\t\t<\/p>\n<h2>Wsparcie Techniczne<\/h2>\n<\/p>\n<p>Pozw\u00f3l nam pom\u00f3c Ci w znalezieniu najbardziej efektywnych rozwi\u0105za\u0144<\/p>\n\t\t\t\t\t<\/div>\n\t\t\t\t<\/div>\n\t\t\t<\/div>\n\t\t[\/vc_column][\/vc_row][\/vc_section][vc_row full_width=&#8221;stretch_row&#8221; css=&#8221;.vc_custom_1694062051816{margin-top: 40px !important;margin-bottom: 45px !important;}&#8221;][vc_column width=&#8221;1\/3&#8243; el_class=&#8221;text-right&#8221;][vc_column_text css=&#8221;.vc_custom_1760610994658{margin-bottom: 30px !important;}&#8221; basel_color_scheme=&#8221;dark&#8221;]<\/p>\n<p><\/p>\n<h5><strong style=\"color: #1b1919; font-family: Karla, Arial, Helvetica, sans-serif;\">OTW\u00d3R<\/strong><\/h5>\n<p><\/p>\n<h5 style=\"margin-bottom: 10px;\"><\/h5>\n<p><\/p>\n<p>Osadzenie pod \u0142o\u017cysko.<\/p>\n<p>Przygotowanie pod tulej\u0119 zaciskow\u0105 Taper Lock (Taper Bush).[\/vc_column_text][vc_column_text css=&#8221;.vc_custom_1760611008876{margin-bottom: 30px !important;}&#8221; basel_color_scheme=&#8221;dark&#8221;]<\/p>\n<p><\/p>\n<h5><strong style=\"color: #1b1919; font-family: Karla, Arial, Helvetica, sans-serif;\">ROWEK WPUSTOWY<\/strong><\/h5>\n<p><\/p>\n<h5 style=\"margin-bottom: 10px;\"><\/h5>\n<p><\/p>\n<p>Pojedynczy lub podw\u00f3jny rowek wpustowy.<\/p>\n<p>Dowolny rozmiar szeroko\u015bci w zakresie 2\u2013100 mm.[\/vc_column_text][vc_column_text css=&#8221;.vc_custom_1760611021592{margin-bottom: 30px !important;}&#8221; basel_color_scheme=&#8221;dark&#8221;]<\/p>\n<p><\/p>\n<h5><strong style=\"color: #1b1919; font-family: Karla, Arial, Helvetica, sans-serif;\">WIELOWYPUST<\/strong><\/h5>\n<p><\/p>\n<h5 style=\"margin-bottom: 10px;\"><\/h5>\n<p><\/p>\n<p>Mo\u017cliwo\u015b\u0107 wykonania wielowypust\u00f3w zgodnie z norm\u0105 DIN lub innymi standardami.[\/vc_column_text][\/vc_column][vc_column width=&#8221;1\/3&#8243;][vc_single_image image=&#8221;13807&#8243; img_size=&#8221;full&#8221; alignment=&#8221;center&#8221; css_animation=&#8221;bottom-to-top&#8221;][\/vc_column][vc_column width=&#8221;1\/3&#8243;][vc_column_text css=&#8221;.vc_custom_1760611003043{margin-bottom: 30px !important;}&#8221; basel_color_scheme=&#8221;dark&#8221;]<\/p>\n<p><\/p>\n<h5><strong style=\"color: #1b1919; font-family: Karla, Arial, Helvetica, sans-serif;\">WKR\u0118TY DOCISKOWE<\/strong><\/h5>\n<p><\/p>\n<h5 style=\"margin-bottom: 10px;\"><\/h5>\n<p><\/p>\n<p>Wykonujemy gniazda i montujemy wkr\u0119ty dociskowe na piastach.[\/vc_column_text][vc_column_text css=&#8221;.vc_custom_1760611014726{margin-bottom: 30px !important;}&#8221; basel_color_scheme=&#8221;dark&#8221;]<\/p>\n<p><\/p>\n<h5><strong style=\"color: #1b1919; font-family: Karla, Arial, Helvetica, sans-serif;\">REDUKCJA WAGI (OTWORY ODCI\u0104\u017bAJ\u0104CE)<\/strong><\/h5>\n<p><\/p>\n<h5 style=\"margin-bottom: 10px;\"><\/h5>\n<p><\/p>\n<p>Oferujemy elastyczne rozwi\u0105zania w zakresie redukcji masy komponent\u00f3w.[\/vc_column_text][vc_column_text css=&#8221;.vc_custom_1760611030859{margin-bottom: 30px !important;}&#8221; basel_color_scheme=&#8221;dark&#8221;]<\/p>\n<p><\/p>\n<h5><strong style=\"color: #1b1919; font-family: Karla, Arial, Helvetica, sans-serif;\">WERSJA DZIELONA<\/strong><\/h5>\n<p><\/p>\n<h5 style=\"margin-bottom: 10px;\"><\/h5>\n<p><\/p>\n<p>Ka\u017cde ko\u0142o \u0142a\u0144cuchowe, ko\u0142o pasowe czy ko\u0142o z\u0119bate mo\u017cemy wykona\u0107 w wersji dzielonej.[\/vc_column_text][\/vc_column][\/vc_row][vc_row content_placement=&#8221;middle&#8221; css=&#8221;.vc_custom_1451577043146{margin-bottom: 0px !important;}&#8221;][vc_column width=&#8221;1\/2&#8243; css=&#8221;.vc_custom_1438784954834{margin-bottom: 40px !important;}&#8221;][vc_column_text css=&#8221;&#8221; basel_color_scheme=&#8221;dark&#8221;]<\/p>\n<h2><strong>NASZE STANY MAGAZYNOWE<\/strong><\/h2>\n<p><\/p>\n<p data-sourcepos=\"3:1-3:150\">W\u00a0<b data-path-to-node=\"3\" data-index-in-node=\"2\">NTT Group<\/b>\u00a0doskonale wiemy, \u017ce ka\u017cdy przest\u00f3j generuje wysokie koszty. Dlatego utrzymujemy\u00a0<b data-path-to-node=\"3\" data-index-in-node=\"92\">rozbudowane stany magazynowe<\/b>\u00a0kluczowych podzespo\u0142\u00f3w przeniesienia nap\u0119du, gotowych do\u00a0<b data-path-to-node=\"3\" data-index-in-node=\"178\">natychmiastowej wysy\u0142ki<\/b>. Ko\u0142a z\u0119bate, ko\u0142a \u0142a\u0144cuchowe, ko\u0142a pasowe, listwy z\u0119bate. Cokolwiek potrzebujesz, mamy to u siebie.<\/p>\n<p>[\/vc_column_text][vc_progress_bar values=&#8221;%5B%7B%22label%22%3A%22%5Cu0141a%5Cu0144cuchy%20Rolkowe%22%2C%22value%22%3A%2290%22%2C%22customcolor%22%3A%22%23196767%22%7D%2C%7B%22label%22%3A%22Ko%5Cu0142a%20%5Cu0141a%5Cu0144cuchowe%22%2C%22value%22%3A%2295%22%2C%22customcolor%22%3A%22%23196767%22%7D%2C%7B%22label%22%3A%22Ko%5Cu0142a%20Z%5Cu0119bate%20%26%20Listwy%20Z%5Cu0119bate%22%2C%22value%22%3A%2280%22%2C%22customcolor%22%3A%22%23196767%22%7D%2C%7B%22label%22%3A%22Pasy%20%26%20Ko%5Cu0142a%20Pasowe%22%2C%22value%22%3A%2270%22%2C%22customcolor%22%3A%22%23196767%22%7D%2C%7B%22label%22%3A%22%5Cu0141a%5Cu0144cuchy%20Transportowe%22%2C%22value%22%3A%2290%22%2C%22customcolor%22%3A%22%23196767%22%7D%2C%7B%22label%22%3A%22Wa%5Cu0142y%20%26%20Tuleje%20Wielowypustowe%22%2C%22value%22%3A%2270%22%7D%2C%7B%22label%22%3A%22Sprz%5Cu0119g%5Cu0142a%22%2C%22value%22%3A%2250%22%7D%5D&#8221; bgcolor=&#8221;custom&#8221; custombgcolor=&#8221;#1daaa3&#8243; customtxtcolor=&#8221;#ffffff&#8221;][\/vc_column][vc_column width=&#8221;1\/2&#8243; css=&#8221;.vc_custom_1438784968106{margin-bottom: 40px !important;}&#8221;][vc_single_image image=&#8221;20277&#8243; img_size=&#8221;614&#215;414&#8243; alignment=&#8221;center&#8221; css_animation=&#8221;right-to-left&#8221;][\/vc_column][\/vc_row]<\/p>\n<\/div>","protected":false},"excerpt":{"rendered":"<p>[vc_section full_width=&#8221;stretch_row&#8221; css=&#8221;.vc_custom_1542025240624{background-color: #f9f9f9 !important;}&#8221;][vc_row css=&#8221;.vc_custom_1542025031874{background-color: #f9f9f9 !important;}&#8221;][vc_column width=&#8221;1\/6&#8243;][\/vc_column][vc_column width=&#8221;2\/3&#8243;][vc_column_text] Produkty Dostosowane Do Klienta &nbsp;[\/vc_column_text][vc_separator border_width=&#8221;2&#8243; css=&#8221;.vc_custom_1542025311822{margin-bottom: 20px !important;}&#8221;][\/vc_column][vc_column width=&#8221;1\/6&#8243;][\/vc_column][\/vc_row][vc_row<\/p>\n","protected":false},"author":3,"featured_media":0,"parent":0,"menu_order":0,"comment_status":"closed","ping_status":"open","template":"","meta":{"footnotes":""},"class_list":["post-49415","page","type-page","status-publish","hentry"],"_links":{"self":[{"href":"https:\/\/nttgroup.com\/pl\/wp-json\/wp\/v2\/pages\/49415","targetHints":{"allow":["GET"]}}],"collection":[{"href":"https:\/\/nttgroup.com\/pl\/wp-json\/wp\/v2\/pages"}],"about":[{"href":"https:\/\/nttgroup.com\/pl\/wp-json\/wp\/v2\/types\/page"}],"author":[{"embeddable":true,"href":"https:\/\/nttgroup.com\/pl\/wp-json\/wp\/v2\/users\/3"}],"replies":[{"embeddable":true,"href":"https:\/\/nttgroup.com\/pl\/wp-json\/wp\/v2\/comments?post=49415"}],"version-history":[{"count":6,"href":"https:\/\/nttgroup.com\/pl\/wp-json\/wp\/v2\/pages\/49415\/revisions"}],"predecessor-version":[{"id":49457,"href":"https:\/\/nttgroup.com\/pl\/wp-json\/wp\/v2\/pages\/49415\/revisions\/49457"}],"wp:attachment":[{"href":"https:\/\/nttgroup.com\/pl\/wp-json\/wp\/v2\/media?parent=49415"}],"curies":[{"name":"wp","href":"https:\/\/api.w.org\/{rel}","templated":true}]}}