{"id":49469,"date":"2026-01-29T07:00:02","date_gmt":"2026-01-29T07:00:02","guid":{"rendered":"https:\/\/nttgroup.com\/ntt-produkcja-na-zamowienie\/"},"modified":"2026-01-29T07:00:04","modified_gmt":"2026-01-29T07:00:04","slug":"ntt-produkcja-na-zamowienie","status":"publish","type":"page","link":"https:\/\/nttgroup.com\/pl\/ntt-produkcja-na-zamowienie\/","title":{"rendered":"NTT Produkcja Na Zam\u00f3wienie"},"content":{"rendered":"<div class=\"wpb-content-wrapper\"><p>[vc_section full_width=&#8221;stretch_row&#8221; css=&#8221;.vc_custom_1542025240624{background-color: #f9f9f9 !important;}&#8221;][vc_row css=&#8221;.vc_custom_1542025031874{background-color: #f9f9f9 !important;}&#8221;][vc_column width=&#8221;1\/6&#8243;][\/vc_column][vc_column width=&#8221;2\/3&#8243;][vc_column_text]<\/p>\n<p><\/p>\n<h4 style=\"font-size: 42px; text-align: center;\">Produkcja\u00a0<span class=\"color-primary\">Na Zam\u00f3wienie<\/span><\/h4>\n<p><\/p>\n<p>[\/vc_column_text][vc_separator border_width=&#8221;2&#8243; css=&#8221;.vc_custom_1542025311822{margin-bottom: 20px !important;}&#8221;][\/vc_column][vc_column width=&#8221;1\/6&#8243;][\/vc_column][\/vc_row][vc_row css=&#8221;.vc_custom_1542025040822{background-color: #f9f9f9 !important;}&#8221;][vc_column width=&#8221;1\/3&#8243;]\t\t\t<div class=\" basel-info-box text-center icon-alignment-top box-style-base color-scheme-dark  with-animation \" onclick=\"\">\n\t\t\t\t\t\t\t\t<div class=\"info-box-content\">\n\t\t\t\t\t<div class=\"info-box-inner\">\n\t\t\t\t\t\t<\/p>\n<h2>Zu\u017cyta cz\u0119\u015b\u0107<\/h2>\n<p>Mo\u017cemy wykona\u0107 now\u0105 cz\u0119\u015b\u0107 na podstawie Twojego starego elementu<\/p>\n\t\t\t\t\t<\/div>\n\t\t\t\t<\/div>\n\t\t\t<\/div>\n\t\t[\/vc_column][vc_column width=&#8221;1\/3&#8243;]\t\t\t<div class=\" basel-info-box text-center icon-alignment-top box-style-base color-scheme-dark  with-animation \" onclick=\"\">\n\t\t\t\t\t\t\t\t<div class=\"info-box-content\">\n\t\t\t\t\t<div class=\"info-box-inner\">\n\t\t\t\t\t\t<\/p>\n<h2>Rysunek Techniczny<\/h2>\n<\/p>\n<p>Wykonujemy dowolne ko\u0142a z\u0119bate w oparciu o dokumentacj\u0119 klienta<\/p>\n<\/p>\n<h3 class=\"LC20lb\"><\/h3>\n<\/p>\n<p>\n\t\t\t\t\t<\/div>\n\t\t\t\t<\/div>\n\t\t\t<\/div>\n\t\t[\/vc_column][vc_column width=&#8221;1\/3&#8243;]\t\t\t<div class=\" basel-info-box text-center icon-alignment-top box-style-base color-scheme-dark  with-animation \" onclick=\"\">\n\t\t\t\t\t\t\t\t<div class=\"info-box-content\">\n\t\t\t\t\t<div class=\"info-box-inner\">\n\t\t\t\t\t\t<\/p>\n<h2>Wsparcie Techniczne<\/h2>\n<\/p>\n<p>Oferujemy bezp\u0142atn\u0105 pomoc w zakresie projektowania i przygotowania rysunk\u00f3w<\/p>\n\t\t\t\t\t<\/div>\n\t\t\t\t<\/div>\n\t\t\t<\/div>\n\t\t[\/vc_column][\/vc_row][\/vc_section][vc_row full_width=&#8221;stretch_row&#8221; css=&#8221;.vc_custom_1694062051816{margin-top: 40px !important;margin-bottom: 45px !important;}&#8221;][vc_column width=&#8221;1\/3&#8243; el_class=&#8221;text-right&#8221;][vc_column_text css=&#8221;.vc_custom_1760610843009{margin-bottom: 30px !important;}&#8221; basel_color_scheme=&#8221;dark&#8221;]<\/p>\n<h5><strong style=\"color: #1b1919; font-family: Karla, Arial, Helvetica, sans-serif;\">PRODUKCJA PROTOTYPOWA<\/strong><\/h5>\n<p><\/p>\n<h5 style=\"margin-bottom: 10px;\"><\/h5>\n<p>Oferujemy produkcj\u0119 pojedynczych detali.<br \/>Realizujemy zam\u00f3wienia na prototypy oraz partie pr\u00f3bne.[\/vc_column_text][vc_column_text css=&#8221;.vc_custom_1760610849127{margin-bottom: 30px !important;}&#8221; basel_color_scheme=&#8221;dark&#8221;]<\/p>\n<p><\/p>\n<h5><strong style=\"color: #1b1919; font-family: Karla, Arial, Helvetica, sans-serif;\">MA\u0141E SERIE<\/strong><\/h5>\n<p><\/p>\n<h5 style=\"margin-bottom: 10px;\"><\/h5>\n<p><\/p>\n<p>Nasz proces produkcyjny jest w pe\u0142ni elastyczny, co pozwala na wytwarzanie dowolnych komponent\u00f3w przek\u0142adni w ma\u0142ych i \u015brednich partiach.[\/vc_column_text][vc_column_text css=&#8221;.vc_custom_1760610854410{margin-bottom: 30px !important;}&#8221; basel_color_scheme=&#8221;dark&#8221;]<\/p>\n<p><\/p>\n<h5><strong style=\"color: #1b1919; font-family: Karla, Arial, Helvetica, sans-serif;\">PRODUKCJA WIELOSERYJNA<\/strong><\/h5>\n<p><\/p>\n<h5 style=\"margin-bottom: 10px;\"><\/h5>\n<p><\/p>\n<p>Produkcja du\u017cych serii oraz elastyczne zarz\u0105dzanie zapasami pod roczne zapotrzebowanie klienta.[\/vc_column_text][\/vc_column][vc_column width=&#8221;1\/3&#8243;][vc_single_image image=&#8221;15056&#8243; img_size=&#8221;full&#8221; alignment=&#8221;center&#8221; css_animation=&#8221;bottom-to-top&#8221;][\/vc_column][vc_column width=&#8221;1\/3&#8243;][vc_column_text css=&#8221;.vc_custom_1760610860473{margin-bottom: 30px !important;}&#8221; basel_color_scheme=&#8221;dark&#8221;]<\/p>\n<p><\/p>\n<h5><strong style=\"color: #1b1919; font-family: Karla, Arial, Helvetica, sans-serif;\">ZNAKOWANIE OEM<\/strong><\/h5>\n<p><\/p>\n<h5 style=\"margin-bottom: 10px;\"><\/h5>\n<p><\/p>\n<p>Oferujemy znakowanie cz\u0119\u015bci metod\u0105 laserow\u0105 lub mikropunktow\u0105 (grawerowanie). Mo\u017cliwo\u015b\u0107 naniesienia logo klienta, numeru rysunku oraz innych oznacze\u0144.[\/vc_column_text][vc_column_text css=&#8221;.vc_custom_1760610866044{margin-bottom: 30px !important;}&#8221; basel_color_scheme=&#8221;dark&#8221;]<\/p>\n<p><\/p>\n<h5><strong style=\"color: #1b1919; font-family: Karla, Arial, Helvetica, sans-serif;\">PAKOWANIE SPECJALNE<\/strong><\/h5>\n<p><\/p>\n<h5 style=\"margin-bottom: 10px;\"><\/h5>\n<p><\/p>\n<p>Cz\u0119\u015bci mog\u0105 by\u0107 pakowane zgodnie ze specyfikacj\u0105 klienta. Zapewniamy pe\u0142ne etykietowanie oraz personalizacj\u0119 opakowa\u0144.[\/vc_column_text][vc_column_text css=&#8221;.vc_custom_1760610873027{margin-bottom: 30px !important;}&#8221; basel_color_scheme=&#8221;dark&#8221;]<\/p>\n<p><\/p>\n<h5><strong style=\"color: #1b1919; font-family: Karla, Arial, Helvetica, sans-serif;\">MONTA\u017b<\/strong><\/h5>\n<p><\/p>\n<h5 style=\"margin-bottom: 10px;\"><\/h5>\n<p><\/p>\n<p>Oferujemy monta\u017c naszych cz\u0119\u015bci z komponentami klienta lub podzespo\u0142ami dostawc\u00f3w zewn\u0119trznych. Proces monta\u017cu realizowany jest bezpo\u015brednio w naszych zak\u0142adach.[\/vc_column_text][\/vc_column][\/vc_row][vc_row full_width=&#8221;stretch_row&#8221; content_placement=&#8221;middle&#8221; css=&#8221;.vc_custom_1694062097233{margin-bottom: 0px !important;background-color: #f9f9f9 !important;}&#8221;][vc_column width=&#8221;1\/2&#8243; css=&#8221;.vc_custom_1438784954834{margin-bottom: 40px !important;}&#8221;][vc_column_text css=&#8221;&#8221; basel_color_scheme=&#8221;dark&#8221;]<\/p>\n<h2><strong>PRODUKCJA<\/strong><\/h2>\n<p>Nasz nowoczesny park maszynowy, dysponuj\u0105cy ponad 100 maszynami CNC w r\u00f3\u017cnych lokalizacjach, jest gotowy sprosta\u0107 Pa\u0144stwa wymaganiom w zakresie cz\u0119\u015bci wykonywanych na zam\u00f3wienie.<\/p>\n<p>Poziom naszej wiedzy specjalistycznej w odniesieniu do ka\u017cdego z oferowanych produkt\u00f3w prezentuje si\u0119 nast\u0119puj\u0105co:[\/vc_column_text][vc_progress_bar values=&#8221;%5B%7B%22label%22%3A%22%5Cu0141a%5Cu0144cuchy%20Rolkowe%22%2C%22value%22%3A%2270%22%2C%22customcolor%22%3A%22%23196767%22%7D%2C%7B%22label%22%3A%22Ko%5Cu0142a%20%5Cu0141a%5Cu0144cuchowe%22%2C%22value%22%3A%22100%22%2C%22customcolor%22%3A%22%23196767%22%7D%2C%7B%22label%22%3A%22Ko%5Cu0142a%20Z%5Cu0119bate%20%26%20Listwy%20Z%5Cu0119bate%22%2C%22value%22%3A%2290%22%2C%22customcolor%22%3A%22%23196767%22%7D%2C%7B%22label%22%3A%22Pasy%20%26%20Ko%5Cu0142a%20Pasowe%22%2C%22value%22%3A%22100%22%2C%22customcolor%22%3A%22%23196767%22%7D%2C%7B%22label%22%3A%22%5Cu0141a%5Cu0144cuchy%20Transportowe%22%2C%22value%22%3A%22100%22%2C%22customcolor%22%3A%22%23196767%22%7D%2C%7B%22label%22%3A%22Wa%5Cu0142y%20%26%20Tuleje%20Wielowypustowe%22%2C%22value%22%3A%2245%22%7D%2C%7B%22label%22%3A%22Sprz%5Cu0119g%5Cu0142a%22%2C%22value%22%3A%2240%22%7D%5D&#8221; bgcolor=&#8221;custom&#8221; custombgcolor=&#8221;#1daaa3&#8243; customtxtcolor=&#8221;#ffffff&#8221;][\/vc_column][vc_column width=&#8221;1\/2&#8243; css=&#8221;.vc_custom_1438784968106{margin-bottom: 40px !important;}&#8221;][vc_single_image image=&#8221;13792&#8243; img_size=&#8221;614&#215;414&#8243; alignment=&#8221;center&#8221; css_animation=&#8221;right-to-left&#8221;][\/vc_column][\/vc_row]<\/p>\n<\/div>","protected":false},"excerpt":{"rendered":"<p>[vc_section full_width=&#8221;stretch_row&#8221; css=&#8221;.vc_custom_1542025240624{background-color: #f9f9f9 !important;}&#8221;][vc_row css=&#8221;.vc_custom_1542025031874{background-color: #f9f9f9 !important;}&#8221;][vc_column width=&#8221;1\/6&#8243;][\/vc_column][vc_column width=&#8221;2\/3&#8243;][vc_column_text] Produkcja\u00a0Na Zam\u00f3wienie [\/vc_column_text][vc_separator border_width=&#8221;2&#8243; css=&#8221;.vc_custom_1542025311822{margin-bottom: 20px !important;}&#8221;][\/vc_column][vc_column width=&#8221;1\/6&#8243;][\/vc_column][\/vc_row][vc_row css=&#8221;.vc_custom_1542025040822{background-color: #f9f9f9<\/p>\n","protected":false},"author":3,"featured_media":0,"parent":0,"menu_order":0,"comment_status":"closed","ping_status":"open","template":"","meta":{"footnotes":""},"class_list":["post-49469","page","type-page","status-publish","hentry"],"_links":{"self":[{"href":"https:\/\/nttgroup.com\/pl\/wp-json\/wp\/v2\/pages\/49469","targetHints":{"allow":["GET"]}}],"collection":[{"href":"https:\/\/nttgroup.com\/pl\/wp-json\/wp\/v2\/pages"}],"about":[{"href":"https:\/\/nttgroup.com\/pl\/wp-json\/wp\/v2\/types\/page"}],"author":[{"embeddable":true,"href":"https:\/\/nttgroup.com\/pl\/wp-json\/wp\/v2\/users\/3"}],"replies":[{"embeddable":true,"href":"https:\/\/nttgroup.com\/pl\/wp-json\/wp\/v2\/comments?post=49469"}],"version-history":[{"count":2,"href":"https:\/\/nttgroup.com\/pl\/wp-json\/wp\/v2\/pages\/49469\/revisions"}],"predecessor-version":[{"id":49475,"href":"https:\/\/nttgroup.com\/pl\/wp-json\/wp\/v2\/pages\/49469\/revisions\/49475"}],"wp:attachment":[{"href":"https:\/\/nttgroup.com\/pl\/wp-json\/wp\/v2\/media?parent=49469"}],"curies":[{"name":"wp","href":"https:\/\/api.w.org\/{rel}","templated":true}]}}