{"id":49487,"date":"2026-01-29T07:07:20","date_gmt":"2026-01-29T07:07:20","guid":{"rendered":"https:\/\/nttgroup.com\/ntt-warunki-dostawy\/"},"modified":"2026-01-29T07:07:22","modified_gmt":"2026-01-29T07:07:22","slug":"ntt-warunki-dostawy","status":"publish","type":"page","link":"https:\/\/nttgroup.com\/pl\/ntt-warunki-dostawy\/","title":{"rendered":"NTT Warunki Dostawy"},"content":{"rendered":"<div class=\"wpb-content-wrapper\"><p>[vc_section full_width=&#8221;stretch_row&#8221; css=&#8221;.vc_custom_1542025240624{background-color: #f9f9f9 !important;}&#8221;][vc_row css=&#8221;.vc_custom_1542025031874{background-color: #f9f9f9 !important;}&#8221;][vc_column width=&#8221;1\/6&#8243;][\/vc_column][vc_column width=&#8221;2\/3&#8243;][vc_column_text]<\/p>\n<p><\/p>\n<h4 style=\"font-size: 42px; text-align: center;\">Warunki Dostawy<\/h4>\n<p><\/p>\n<p>[\/vc_column_text][\/vc_column][vc_column width=&#8221;1\/6&#8243;][\/vc_column][\/vc_row][\/vc_section][vc_row full_width=&#8221;stretch_row&#8221; css=&#8221;.vc_custom_1694062051816{margin-top: 40px !important;margin-bottom: 45px !important;}&#8221;][vc_column width=&#8221;1\/2&#8243; el_class=&#8221;text-left&#8221;][vc_column_text css=&#8221;.vc_custom_1760610768340{margin-bottom: 30px !important;}&#8221; basel_color_scheme=&#8221;dark&#8221;]<\/p>\n<div class=\"dxGrid\">\n<div class=\"dxGrid8 Main1\">\n<p class=\"Normal\">Wy\u0142\u0105czamy nasz\u0105 odpowiedzialno\u015b\u0107 z tytu\u0142u wzrostu cen towar\u00f3w, nieprzewidzianych koszt\u00f3w dodatkowych, zmian kurs\u00f3w walut, trudno\u015bci w dystrybucji oraz innych okoliczno\u015bci pozostaj\u0105cych poza nasz\u0105 kontrol\u0105.<\/p>\n<p class=\"Normal\">Wszystkie dostawy NTT Group s\u0105 realizowane zgodnie z \u201eOg\u00f3lnymi warunkami dostaw NL 09\u201d.<\/p>\n<p class=\"Normal\">W przypadku produkcji niestandardowej zastrzegamy sobie prawo do dostawy z tolerancj\u0105 ilo\u015bciow\u0105 wynosz\u0105c\u0105 maksymalnie +10 procent.<\/p>\n<p class=\"Normal\">W przypadku dostaw od Kedjeexperten odwo\u0142ujemy si\u0119 do normy <a title=\"SSG 9012\" href=\"https:\/\/www.ssg.se\/Produkter-och-tjanster\/SSG-Leveranskontrakt\/Utbildningsvideor\/Video---SSG-Allmanna-Bestammelser-90-12\/\" target=\"_blank\" rel=\"noopener\">SSG 9012<\/a>.<\/p>\n<\/div>\n<p><\/div>\n<p>&nbsp;[\/vc_column_text][\/vc_column][vc_column width=&#8221;1\/2&#8243;][vc_single_image image=&#8221;15354&#8243; img_size=&#8221;full&#8221; alignment=&#8221;center&#8221; css_animation=&#8221;bottom-to-top&#8221;][\/vc_column][\/vc_row]<\/p>\n<\/div>","protected":false},"excerpt":{"rendered":"<p>[vc_section full_width=&#8221;stretch_row&#8221; css=&#8221;.vc_custom_1542025240624{background-color: #f9f9f9 !important;}&#8221;][vc_row css=&#8221;.vc_custom_1542025031874{background-color: #f9f9f9 !important;}&#8221;][vc_column width=&#8221;1\/6&#8243;][\/vc_column][vc_column width=&#8221;2\/3&#8243;][vc_column_text] Warunki Dostawy [\/vc_column_text][\/vc_column][vc_column width=&#8221;1\/6&#8243;][\/vc_column][\/vc_row][\/vc_section][vc_row full_width=&#8221;stretch_row&#8221; css=&#8221;.vc_custom_1694062051816{margin-top: 40px !important;margin-bottom: 45px !important;}&#8221;][vc_column<\/p>\n","protected":false},"author":3,"featured_media":0,"parent":0,"menu_order":0,"comment_status":"closed","ping_status":"closed","template":"","meta":{"footnotes":""},"class_list":["post-49487","page","type-page","status-publish","hentry"],"_links":{"self":[{"href":"https:\/\/nttgroup.com\/pl\/wp-json\/wp\/v2\/pages\/49487","targetHints":{"allow":["GET"]}}],"collection":[{"href":"https:\/\/nttgroup.com\/pl\/wp-json\/wp\/v2\/pages"}],"about":[{"href":"https:\/\/nttgroup.com\/pl\/wp-json\/wp\/v2\/types\/page"}],"author":[{"embeddable":true,"href":"https:\/\/nttgroup.com\/pl\/wp-json\/wp\/v2\/users\/3"}],"replies":[{"embeddable":true,"href":"https:\/\/nttgroup.com\/pl\/wp-json\/wp\/v2\/comments?post=49487"}],"version-history":[{"count":2,"href":"https:\/\/nttgroup.com\/pl\/wp-json\/wp\/v2\/pages\/49487\/revisions"}],"predecessor-version":[{"id":49493,"href":"https:\/\/nttgroup.com\/pl\/wp-json\/wp\/v2\/pages\/49487\/revisions\/49493"}],"wp:attachment":[{"href":"https:\/\/nttgroup.com\/pl\/wp-json\/wp\/v2\/media?parent=49487"}],"curies":[{"name":"wp","href":"https:\/\/api.w.org\/{rel}","templated":true}]}}