{"id":51623,"date":"2026-03-03T07:27:16","date_gmt":"2026-03-03T07:27:16","guid":{"rendered":"https:\/\/nttgroup.com\/nasa-spolocnost\/"},"modified":"2026-03-03T07:27:18","modified_gmt":"2026-03-03T07:27:18","slug":"nasa-spolocnost","status":"publish","type":"page","link":"https:\/\/nttgroup.com\/sk\/nasa-spolocnost\/","title":{"rendered":"Na\u0161a spolo\u010dnos\u0165"},"content":{"rendered":"<div class=\"wpb-content-wrapper\"><p>[vc_row full_width=&#8221;stretch_row&#8221; full_height=&#8221;yes&#8221; css=&#8221;.vc_custom_1707748147847{margin-top: -45px !important;margin-bottom: 60px !important;padding-top: 15% !important;padding-bottom: 10% !important;background-image: url(https:\/\/nttgroup.com\/wp-content\/uploads\/2017\/05\/NTT-kola-zebate-produkcja.png?id=13827) !important;background-position: center !important;background-repeat: no-repeat !important;background-size: cover !important;}&#8221;][vc_column][vc_custom_heading text=&#8221;<strong>\u0160v\u00e9dske sk\u00fasenosti<\/strong>&#8221; font_container=&#8221;tag:h1|font_size:68|text_align:center|color:%23ffffff|line_height:1&#8243; use_theme_fonts=&#8221;yes&#8221;][vc_custom_heading text=&#8221;<strong>od roku 1969<\/strong>&#8221; font_container=&#8221;tag:h1|font_size:68|text_align:center|color:%23ffffff|line_height:1&#8243; use_theme_fonts=&#8221;yes&#8221;][vc_column_text basel_color_scheme=&#8221;light&#8221;]<\/p>\n<p><\/p>\n<p style=\"font-size: 18px; margin-bottom: 25px; color: rgba(255,255,255,0.9); text-align: center;\">NTT Group offers the widest ragne\u00a0of products\u00a0for mechanical power transmissions.<\/p>\n<p>We have one of the largest machine park in north Europe.[\/vc_column_text][\/vc_column][\/vc_row][vc_row css=&#8221;.vc_custom_1451575485367{margin-bottom: 65px !important;}&#8221;][vc_column width=&#8221;1\/2&#8243; css=&#8221;.vc_custom_1451389567526{padding-right: 40px !important;}&#8221;][vc_single_image image=&#8221;13815&#8243; img_size=&#8221;full&#8221; alignment=&#8221;center&#8221; css_animation=&#8221;left-to-right&#8221;][\/vc_column][vc_column width=&#8221;1\/2&#8243;][vc_column_text css=&#8221;.vc_custom_1760606184778{margin-bottom: 30px !important;}&#8221; basel_color_scheme=&#8221;dark&#8221;]<\/p>\n<h1 style=\"margin-bottom: 15px;\">NAJ\u0160IR\u0160\u00cd SORTIMENT PRODUKTOV PRE MECHANICK\u00dd PRENOS V\u00ddKONU<\/h1>\n<p><\/p>\n<p data-start=\"129\" data-end=\"394\">Hnan\u00e1 gener\u00e1ciami rodinnej hrdosti a duchom severnej Eur\u00f3py, NTT Group formuje priemyseln\u00e9 prostredie u\u017e od roku 1969. Spolo\u010dnos\u0165 bola zalo\u017een\u00e1 vo \u0160v\u00e9dsku a postupne sa rozr\u00e1stla na rodinn\u00fa organiz\u00e1ciu p\u00f4sobiacu vo \u0160v\u00e9dsku, N\u00f3rsku, F\u00ednsku, D\u00e1nsku, Po\u013esku a Nemecku.<\/p>\n<p><\/p>\n<p data-start=\"396\" data-end=\"712\">Na t\u00fdchto trhoch vystupujeme ako spo\u013eahliv\u00fd partner pre priemyseln\u00e9 odvetvia a spolo\u010dnosti, predov\u0161etk\u00fdm v sektore OEM (Original Equipment Manufacturer \u2013 v\u00fdrobcovia origin\u00e1lnych zariaden\u00ed) a \u00fadr\u017eby strojov. Na\u0161i z\u00e1kazn\u00edci sa spoliehaj\u00fa na na\u0161e odborn\u00e9 znalosti pri dod\u00e1vkach \u0161pi\u010dkov\u00fdch komponentov pre prenos v\u00fdkonu.<\/p>\n<p><\/p>\n<p data-start=\"714\" data-end=\"1021\">Z\u00e1kladom tejto odbornosti je n\u00e1\u0161 z\u00e1v\u00e4zok k v\u00fdrobe. Prev\u00e1dzkujeme v\u00fdrobn\u00e9 z\u00e1vody vo \u0160v\u00e9dsku a Po\u013esku, kde s prec\u00edznos\u0165ou a d\u00f4razom na kvalitu vyr\u00e1bame vysokokvalitn\u00e9 komponenty. V pr\u00edpade potreby vyu\u017e\u00edvame aj strategick\u00e9 partnerstv\u00e1 s overen\u00fdmi dod\u00e1vate\u013emi, aby sme zabezpe\u010dili komplexn\u00e9 portf\u00f3lio produktov.<\/p>\n<p><\/p>\n<p data-start=\"1023\" data-end=\"1081\">N\u00e1\u0161 \u00faspech je postaven\u00fd na nieko\u013ek\u00fdch k\u013e\u00fa\u010dov\u00fdch hodnot\u00e1ch:<\/p>\n<ul data-sourcepos=\"11:1-11:86\">\n<li data-sourcepos=\"11:1-11:86\"><strong>Seversk\u00e9 dedi\u010dstvo:<\/strong> Rozumieme po\u017eiadavk\u00e1m a o\u010dak\u00e1vaniam severoeur\u00f3pskeho priemyslu a premie\u0148ame ich na spo\u013eahliv\u00e9 rie\u0161enia.<\/li>\n<li data-sourcepos=\"12:1-12:131\"><strong>Rodinn\u00e9 hodnoty:<\/strong> Riaden\u00ed zodpovednos\u0165ou a dlhodob\u00fdm z\u00e1v\u00e4zkom kladieme d\u00f4raz na kvalitu a spokojnos\u0165 z\u00e1kazn\u00edkov.<\/li>\n<li data-sourcepos=\"13:1-13:143\"><strong>Inov\u00e1cie:<\/strong> Neust\u00e1le investujeme do modern\u00fdch technol\u00f3gi\u00ed a procesov, aby na\u0161e produkty zost\u00e1vali na \u0161pi\u010dke odvetvia.<\/li>\n<li data-sourcepos=\"14:1-15:0\"><strong>Partnerstvo:<\/strong> Budujeme siln\u00e9 vz\u0165ahy so z\u00e1kazn\u00edkmi, dod\u00e1vate\u013emi a zamestnancami, \u010d\u00edm podporujeme d\u00f4veru a spolo\u010dn\u00fd \u00faspech.<\/li>\n<\/ul>\n<p><\/p>\n<p data-sourcepos=\"16:1-16:247\">Do bud\u00facnosti zost\u00e1va NTT Group pevne odhodlan\u00e1 by\u0165 popredn\u00fdm dod\u00e1vate\u013eom komponentov pre prenos v\u00fdkonu v severnej Eur\u00f3pe. Budeme \u010falej rozv\u00edja\u0165 na\u0161e siln\u00e9 z\u00e1klady, poh\u00e1\u0148an\u00ed inov\u00e1ciami, seversk\u00fdmi hodnotami a rodinn\u00fdm pr\u00edstupom.<\/p>\n<p>[\/vc_column_text][\/vc_column][\/vc_row][vc_row full_width=&#8221;stretch_row&#8221; css=&#8221;.vc_custom_1691438077588{margin-bottom: 45px !important;padding-top: 50px !important;padding-bottom: 70px !important;background-image: url(https:\/\/nttgroup.com\/wp-content\/uploads\/2017\/05\/NTT-listwy-zebate-produkcja-polska.png?id=13832) !important;background-position: center !important;background-repeat: no-repeat !important;background-size: cover !important;}&#8221;][vc_column basel_color_scheme=&#8221;light&#8221;][vc_row_inner css=&#8221;.vc_custom_1450023659115{margin-bottom: 60px !important;}&#8221;][vc_column_inner][vc_custom_heading text=&#8221;<strong>KVALITA \u2013 V\u017dDY NAJVY\u0160\u0160IA PRIORITA<\/strong>&#8221; font_container=&#8221;tag:h2|font_size:52|text_align:center|color:%23ffffff|line_height:1.4&#8243; use_theme_fonts=&#8221;yes&#8221; css=&#8221;.vc_custom_1494268022640{margin-bottom: 20px !important;}&#8221;][\/vc_column_inner][\/vc_row_inner][vc_row_inner css=&#8221;.vc_custom_1450023674178{margin-bottom: 0px !important;}&#8221;][vc_column_inner width=&#8221;1\/4&#8243; css=&#8221;.vc_custom_1438783347292{margin-bottom: 40px !important;}&#8221;][vc_icon type=&#8221;linecons&#8221; icon_linecons=&#8221;vc_li vc_li-world&#8221; color=&#8221;custom&#8221; background_style=&#8221;rounded-outline&#8221; background_color=&#8221;white&#8221; size=&#8221;lg&#8221; align=&#8221;center&#8221; css=&#8221;.vc_custom_1494268059583{margin-bottom: 20px !important;}&#8221; custom_color=&#8221;#ffffff&#8221;]\t\t\t<div class=\"basel-counter  counter-default\">\n\t\t\t\t<span class=\"counter-value\" data-state=\"new\" data-final=\"9\">9<\/span>\n\t\t\t\t\t\t\t\t\t<span class=\"counter-label\">PRODUCTION PLANTS IN SWEDEN POLAND GERMANY<\/span>\n\t\t\t\t\t\t\t<\/div>\n\n\t\t[\/vc_column_inner][vc_column_inner width=&#8221;1\/4&#8243; css=&#8221;.vc_custom_1438783353284{margin-bottom: 40px !important;}&#8221;][vc_icon type=&#8221;linecons&#8221; icon_linecons=&#8221;vc_li vc_li-tag&#8221; color=&#8221;custom&#8221; background_style=&#8221;rounded-outline&#8221; background_color=&#8221;white&#8221; size=&#8221;lg&#8221; align=&#8221;center&#8221; css=&#8221;.vc_custom_1494268094805{margin-bottom: 20px !important;}&#8221; custom_color=&#8221;#ffffff&#8221;]\t\t\t<div class=\"basel-counter  counter-default\">\n\t\t\t\t<span class=\"counter-value\" data-state=\"new\" data-final=\"45000\">45000<\/span>\n\t\t\t\t\t\t\t\t\t<span class=\"counter-label\">PRODUCTS IN STOCK<\/span>\n\t\t\t\t\t\t\t<\/div>\n\n\t\t[\/vc_column_inner][vc_column_inner width=&#8221;1\/4&#8243; css=&#8221;.vc_custom_1438783357796{margin-bottom: 40px !important;}&#8221;][vc_icon type=&#8221;linecons&#8221; icon_linecons=&#8221;vc_li vc_li-settings&#8221; color=&#8221;custom&#8221; background_style=&#8221;rounded-outline&#8221; background_color=&#8221;white&#8221; size=&#8221;lg&#8221; align=&#8221;center&#8221; css=&#8221;.vc_custom_1450023589607{margin-bottom: 20px !important;}&#8221; custom_color=&#8221;#ffffff&#8221;]\t\t\t<div class=\"basel-counter  counter-default\">\n\t\t\t\t<span class=\"counter-value\" data-state=\"new\" data-final=\"100\">100<\/span>\n\t\t\t\t\t\t\t\t\t<span class=\"counter-label\">HIGH QUALITY MACHINES<\/span>\n\t\t\t\t\t\t\t<\/div>\n\n\t\t[\/vc_column_inner][vc_column_inner width=&#8221;1\/4&#8243; css=&#8221;.vc_custom_1438783362371{margin-bottom: 40px !important;}&#8221;][vc_icon type=&#8221;linecons&#8221; icon_linecons=&#8221;vc_li vc_li-user&#8221; color=&#8221;custom&#8221; background_style=&#8221;rounded-outline&#8221; background_color=&#8221;white&#8221; size=&#8221;lg&#8221; align=&#8221;center&#8221; css=&#8221;.vc_custom_1494268124889{margin-bottom: 20px !important;}&#8221; custom_color=&#8221;#ffffff&#8221;]\t\t\t<div class=\"basel-counter  counter-default\">\n\t\t\t\t<span class=\"counter-value\" data-state=\"new\" data-final=\"200\">200<\/span>\n\t\t\t\t\t\t\t\t\t<span class=\"counter-label\">PASSIONATE EMPLOYEES<\/span>\n\t\t\t\t\t\t\t<\/div>\n\n\t\t[\/vc_column_inner][\/vc_row_inner][\/vc_column][\/vc_row][vc_row content_placement=&#8221;middle&#8221; css=&#8221;.vc_custom_1451577043146{margin-bottom: 0px !important;}&#8221;][vc_column width=&#8221;1\/2&#8243; css=&#8221;.vc_custom_1438784954834{margin-bottom: 40px !important;}&#8221;][vc_column_text css=&#8221;&#8221; basel_color_scheme=&#8221;dark&#8221;]<\/p>\n<p><\/p>\n<h2><strong>SPOLO\u010cNOSTI NTT GROUP<\/strong><\/h2>\n<p><\/p>\n<p class=\"Normal\">NTT GROUP SWEDEN AB (M\u00f6lndals Industriprodukter AB) (Sweden)<\/p>\n<p><\/p>\n<p class=\"Normal\">M\u00f6lndals Industriprodukter Polska Sp. z o.o. (Poland)<\/p>\n<p><\/p>\n<p class=\"Normal\">NTT Germany&nbsp;GmbH (Germany)<\/p>\n<p><\/p>\n<p class=\"Normal\"><a href=\"https:\/\/nttgroup.com\/ntt-finland-oy\/\">NTT Finland OY (Finland)<\/a><\/p>\n<p><\/p>\n<p class=\"Normal\">Kedjeexperten i Lingbo AB (Sweden)<\/p>\n<p><\/p>\n<p class=\"Normal\">Svenska Transmissionsprodukter AB (Sweden)<\/p>\n<p><\/p>\n<p class=\"Normal\">Conveyorteknik Sweden AB (Sweden)<\/p>\n<p><\/p>\n<p class=\"Normal\">Vittsj\u00f6 Mekaniska Verkstads AB (Sweden)<\/p>\n<p><\/p>\n<p class=\"Normal\">Sandarne Legomekan AB (Sweden)<\/p>\n<p><\/p>\n<p class=\"Normal\">SKS Nylund AB (Sweden)<\/p>\n<p><\/p>\n<p class=\"Normal\">Transtech i Borl\u00e4nge AB (Sweden)<\/p>\n<p><\/p>\n<p class=\"Normal\">M\u00f6lndals Industriprodukter Norge AS (Norway)<\/p>\n<p><\/p>\n<p class=\"Normal\">M\u00f6lndals Industriprodukter A\/S (Denmark)<\/p>\n<p><\/p>\n<p>[\/vc_column_text][\/vc_column][vc_column width=&#8221;1\/2&#8243; css=&#8221;.vc_custom_1438784968106{margin-bottom: 40px !important;}&#8221;][vc_single_image image=&#8221;15580&#8243; img_size=&#8221;600&#215;600&#8243; alignment=&#8221;center&#8221; css_animation=&#8221;right-to-left&#8221;][\/vc_column][\/vc_row]<\/p>\n<\/div>","protected":false},"excerpt":{"rendered":"<p>[vc_row full_width=&#8221;stretch_row&#8221; full_height=&#8221;yes&#8221; css=&#8221;.vc_custom_1707748147847{margin-top: -45px !important;margin-bottom: 60px !important;padding-top: 15% !important;padding-bottom: 10% !important;background-image: url(https:\/\/nttgroup.com\/wp-content\/uploads\/2017\/05\/NTT-kola-zebate-produkcja.png?id=13827) !important;background-position: center !important;background-repeat: no-repeat !important;background-size: cover !important;}&#8221;][vc_column][vc_custom_heading<\/p>\n","protected":false},"author":3,"featured_media":0,"parent":0,"menu_order":0,"comment_status":"closed","ping_status":"closed","template":"","meta":{"footnotes":""},"class_list":["post-51623","page","type-page","status-publish","hentry"],"_links":{"self":[{"href":"https:\/\/nttgroup.com\/sk\/wp-json\/wp\/v2\/pages\/51623","targetHints":{"allow":["GET"]}}],"collection":[{"href":"https:\/\/nttgroup.com\/sk\/wp-json\/wp\/v2\/pages"}],"about":[{"href":"https:\/\/nttgroup.com\/sk\/wp-json\/wp\/v2\/types\/page"}],"author":[{"embeddable":true,"href":"https:\/\/nttgroup.com\/sk\/wp-json\/wp\/v2\/users\/3"}],"replies":[{"embeddable":true,"href":"https:\/\/nttgroup.com\/sk\/wp-json\/wp\/v2\/comments?post=51623"}],"version-history":[{"count":2,"href":"https:\/\/nttgroup.com\/sk\/wp-json\/wp\/v2\/pages\/51623\/revisions"}],"predecessor-version":[{"id":51629,"href":"https:\/\/nttgroup.com\/sk\/wp-json\/wp\/v2\/pages\/51623\/revisions\/51629"}],"wp:attachment":[{"href":"https:\/\/nttgroup.com\/sk\/wp-json\/wp\/v2\/media?parent=51623"}],"curies":[{"name":"wp","href":"https:\/\/api.w.org\/{rel}","templated":true}]}}