{"id":51632,"date":"2026-03-03T07:38:09","date_gmt":"2026-03-03T07:38:09","guid":{"rendered":"https:\/\/nttgroup.com\/historia-ntt\/"},"modified":"2026-03-03T07:38:29","modified_gmt":"2026-03-03T07:38:29","slug":"historia-ntt","status":"publish","type":"page","link":"https:\/\/nttgroup.com\/sk\/historia-ntt\/","title":{"rendered":"Hist\u00f3ria NTT"},"content":{"rendered":"<div class=\"wpb-content-wrapper\"><p>[vc_section full_width=&#8221;stretch_row&#8221; css=&#8221;.vc_custom_1542025240624{background-color: #f9f9f9 !important;}&#8221;][vc_row css=&#8221;.vc_custom_1542025031874{background-color: #f9f9f9 !important;}&#8221;][vc_column width=&#8221;1\/6&#8243;][\/vc_column][vc_column width=&#8221;2\/3&#8243;][vc_column_text]<\/p>\n<h4 style=\"font-size: 42px; text-align: center;\">Pr\u00edbeh NTT Group<\/h4>\n<p>[\/vc_column_text][vc_separator border_width=&#8221;2&#8243; css=&#8221;.vc_custom_1542025311822{margin-bottom: 20px !important;}&#8221;][\/vc_column][vc_column width=&#8221;1\/6&#8243;][\/vc_column][\/vc_row][vc_row css=&#8221;.vc_custom_1542025040822{background-color: #f9f9f9 !important;}&#8221;][vc_column width=&#8221;1\/3&#8243;]\t\t\t<div class=\" basel-info-box text-center icon-alignment-top box-style-base color-scheme-dark  with-animation \" onclick=\"\">\n\t\t\t\t\t\t\t\t<div class=\"info-box-content\">\n\t\t\t\t\t<div class=\"info-box-inner\">\n\t\t\t\t\t\t<\/p>\n<h2>Medzin\u00e1rodne<\/h2>\n<p>Na\u0161e produkty sa pou\u017e\u00edvaj\u00fa na ka\u017edom kontinente.<\/p>\n\t\t\t\t\t<\/div>\n\t\t\t\t<\/div>\n\t\t\t<\/div>\n\t\t[\/vc_column][vc_column width=&#8221;1\/3&#8243;]\t\t\t<div class=\" basel-info-box text-center icon-alignment-top box-style-base color-scheme-dark  with-animation \" onclick=\"\">\n\t\t\t\t\t\t\t\t<div class=\"info-box-content\">\n\t\t\t\t\t<div class=\"info-box-inner\">\n\t\t\t\t\t\t<\/p>\n<h2>Sk\u00fasenosti<\/h2>\n<p>Siln\u00e9 z\u00e1zemie od roku 1969.<\/p>\n\t\t\t\t\t<\/div>\n\t\t\t\t<\/div>\n\t\t\t<\/div>\n\t\t[\/vc_column][vc_column width=&#8221;1\/3&#8243;]\t\t\t<div class=\" basel-info-box text-center icon-alignment-top box-style-base color-scheme-dark  with-animation \" onclick=\"\">\n\t\t\t\t\t\t\t\t<div class=\"info-box-content\">\n\t\t\t\t\t<div class=\"info-box-inner\">\n\t\t\t\t\t\t<\/p>\n<h2>V\u00fdnimo\u010dn\u00e9 n\u00e1pady<\/h2>\n<p>Pomohli sme z\u00e1kazn\u00edkom realizova\u0165 aj ve\u013emi \u0161peci\u00e1lne projekty.<\/p>\n\t\t\t\t\t<\/div>\n\t\t\t\t<\/div>\n\t\t\t<\/div>\n\t\t[\/vc_column][\/vc_row][\/vc_section][vc_row full_width=&#8221;stretch_row&#8221; css=&#8221;.vc_custom_1694062051816{margin-top: 40px !important;margin-bottom: 45px !important;}&#8221;][vc_column width=&#8221;1\/3&#8243; el_class=&#8221;text-right&#8221;][vc_column_text css=&#8221;.vc_custom_1760606243044{margin-bottom: 30px !important;}&#8221; basel_color_scheme=&#8221;dark&#8221;]<\/p>\n<h5><strong style=\"color: #1b1919; font-family: Karla, Arial, Helvetica, sans-serif;\">1969<\/strong><\/h5>\n<p><\/p>\n<p class=\"Normal\">Spolo\u010dnos\u0165 M\u00f6lndals Industriprodukter AB zaklad\u00e1 Reinhardt Denberger, b\u00fdval\u00fd zamestnanec Berggrens Mekaniska. Reinhardt sa st\u00e1va priekopn\u00edkom v tomto odvetv\u00ed, ke\u010f za\u010d\u00edna dov\u00e1\u017ea\u0165 komponenty pre priemyseln\u00fa v\u00fdrobu.<\/p>\n<p>[\/vc_column_text][vc_column_text css=&#8221;.vc_custom_1760606252932{margin-bottom: 30px !important;}&#8221; basel_color_scheme=&#8221;dark&#8221;]<\/p>\n<h5><strong style=\"color: #1b1919; font-family: Karla, Arial, Helvetica, sans-serif;\">1976<\/strong><\/h5>\n<p><\/p>\n<h5 style=\"margin-bottom: 10px;\"><\/h5>\n<p><\/p>\n<p class=\"Normal\">Ako vlastn\u00edcka spolo\u010dnos\u0165 pre M\u00f6lndals Industriprodukter je zalo\u017een\u00e1 Nordisk Transmissionsteknik AB.<\/p>\n<p>[\/vc_column_text][vc_column_text css=&#8221;.vc_custom_1760606259178{margin-bottom: 30px !important;}&#8221; basel_color_scheme=&#8221;dark&#8221;]<\/p>\n<h5><strong style=\"color: #1b1919; font-family: Karla, Arial, Helvetica, sans-serif;\">1983<\/strong><\/h5>\n<p><\/p>\n<h5 style=\"margin-bottom: 10px;\"><\/h5>\n<p>Berndt Denberger sa st\u00e1va majite\u013eom a gener\u00e1lnym riadite\u013eom (CEO).[\/vc_column_text][vc_column_text css=&#8221;.vc_custom_1760606503745{margin-bottom: 30px !important;}&#8221; basel_color_scheme=&#8221;dark&#8221;]<\/p>\n<h5><strong style=\"color: #1b1919; font-family: Karla, Arial, Helvetica, sans-serif;\">1985<\/strong><\/h5>\n<p><\/p>\n<h5 style=\"margin-bottom: 10px;\"><\/h5>\n<p><\/p>\n<p class=\"Normal\">M\u00f6lndals Industriprodukter AB preber\u00e1 spolo\u010dnos\u0165 Berggrens Mekaniska.<br data-start=\"746\" data-end=\"749\" \/>V N\u00f3rsku je zalo\u017een\u00e1 spolo\u010dnos\u0165 M\u00f6lndals Industriprodukter A\/S<\/p>\n<p>[\/vc_column_text][vc_column_text css=&#8221;.vc_custom_1760606493561{margin-bottom: 30px !important;}&#8221; basel_color_scheme=&#8221;dark&#8221;]<\/p>\n<h5><strong style=\"color: #1b1919; font-family: Karla, Arial, Helvetica, sans-serif;\">1989<\/strong><\/h5>\n<p><\/p>\n<h5 style=\"margin-bottom: 10px;\"><\/h5>\n<p><\/p>\n<p class=\"Normal\">V D\u00e1nsku je zalo\u017een\u00e1 spolo\u010dnos\u0165 M\u00f6lndals Industriprodukter AS.<\/p>\n<p>[\/vc_column_text][vc_column_text css=&#8221;.vc_custom_1760606483612{margin-bottom: 30px !important;}&#8221; basel_color_scheme=&#8221;dark&#8221;]<\/p>\n<h5><strong style=\"color: #1b1919; font-family: Karla, Arial, Helvetica, sans-serif;\">2000<\/strong><\/h5>\n<p><\/p>\n<h5 style=\"margin-bottom: 10px;\"><\/h5>\n<p><\/p>\n<p class=\"Normal\">V Po\u013esku je zalo\u017een\u00e1 spolo\u010dnos\u0165 M\u00f6lndals Industriprodukter Sp. z o.o.<\/p>\n<p>[\/vc_column_text][\/vc_column][vc_column width=&#8221;1\/3&#8243;][vc_single_image image=&#8221;15472&#8243; img_size=&#8221;full&#8221; alignment=&#8221;center&#8221; css_animation=&#8221;bottom-to-top&#8221;][vc_single_image image=&#8221;15478&#8243; img_size=&#8221;full&#8221; alignment=&#8221;center&#8221; css_animation=&#8221;bottom-to-top&#8221;][\/vc_column][vc_column width=&#8221;1\/3&#8243;][vc_column_text css=&#8221;.vc_custom_1760606269712{margin-bottom: 30px !important;}&#8221; basel_color_scheme=&#8221;dark&#8221;]<\/p>\n<h5><strong style=\"color: #1b1919; font-family: Karla, Arial, Helvetica, sans-serif;\">2006-2009<\/strong><\/h5>\n<p><\/p>\n<h5 style=\"margin-bottom: 10px;\"><\/h5>\n<p><\/p>\n<p class=\"Normal\">M\u00f6lndals Industriprodukter AB preber\u00e1 \u0161v\u00e9dske spolo\u010dnosti: Kedjeexperten i Lingbo AB, SKS Teknik AB, SKS Nylund AB, Sandarne Legomekaniska AB (SLM), Conveyorteknik Sweden AB a Vittsj\u00f6 Mekaniska Verkstads AB.<\/p>\n<p>[\/vc_column_text][vc_column_text css=&#8221;.vc_custom_1760606280031{margin-bottom: 30px !important;}&#8221; basel_color_scheme=&#8221;dark&#8221;]<\/p>\n<h5><strong style=\"color: #1b1919; font-family: Karla, Arial, Helvetica, sans-serif;\">2010<\/strong><\/h5>\n<p><\/p>\n<h5 style=\"margin-bottom: 10px;\"><\/h5>\n<p><\/p>\n<p class=\"Normal\">V Nemecku je zalo\u017een\u00e1 spolo\u010dnos\u0165 M\u00f6lndals Industriprodukter GmbH.<\/p>\n<p>[\/vc_column_text][vc_column_text css=&#8221;.vc_custom_1760606292997{margin-bottom: 30px !important;}&#8221; basel_color_scheme=&#8221;dark&#8221;]<\/p>\n<h5><strong style=\"color: #1b1919; font-family: Karla, Arial, Helvetica, sans-serif;\">2011<\/strong><\/h5>\n<p><\/p>\n<h5 style=\"margin-bottom: 10px;\"><\/h5>\n<p><\/p>\n<p class=\"Normal\">M\u00f6lndals Industriprodukter AB preber\u00e1 spolo\u010dnos\u0165 Svenska Transmissionsprodukter.<\/p>\n<p>[\/vc_column_text][vc_column_text css=&#8221;.vc_custom_1760606303761{margin-bottom: 30px !important;}&#8221; basel_color_scheme=&#8221;dark&#8221;]<\/p>\n<h5><strong style=\"color: #1b1919; font-family: Karla, Arial, Helvetica, sans-serif;\">2012<\/strong><\/h5>\n<p><\/p>\n<h5 style=\"margin-bottom: 10px;\"><\/h5>\n<p><\/p>\n<p class=\"Normal\">Je akvizovan\u00e1 spolo\u010dnos\u0165 KAHI Ecotec GmbH.<\/p>\n<p>[\/vc_column_text][vc_column_text css=&#8221;.vc_custom_1760606407579{margin-bottom: 30px !important;}&#8221; basel_color_scheme=&#8221;dark&#8221;]<\/p>\n<h5><strong style=\"color: #1b1919; font-family: Karla, Arial, Helvetica, sans-serif;\">2014<\/strong><\/h5>\n<p><\/p>\n<h5 style=\"margin-bottom: 10px;\"><\/h5>\n<p><\/p>\n<div class=\"dxGrid\">\n<div class=\"dxGrid8 Main1\">\n<p class=\"Normal\">V\u0161etky spolo\u010dnosti v skupine sa sp\u00e1jaj\u00fa pod jednotn\u00fa zna\u010dku: NTT Group.<\/p>\n<\/div>\n<p><\/div>\n<p>[\/vc_column_text][vc_column_text css=&#8221;.vc_custom_1760606418241{margin-bottom: 30px !important;}&#8221; basel_color_scheme=&#8221;dark&#8221;]<\/p>\n<h5><strong style=\"color: #1b1919; font-family: Karla, Arial, Helvetica, sans-serif;\">2020-2022<\/strong><\/h5>\n<p><\/p>\n<h5 style=\"margin-bottom: 10px;\"><\/h5>\n<p><\/p>\n<div class=\"dxGrid\">\n<div class=\"dxGrid8 Main1\">\n<p class=\"Normal\">Kompletn\u00e1 v\u00fdmena strojov\u00e9ho parku za robotizovan\u00e9 CNC stroje v M\u00f6lndale.<\/p>\n<\/div>\n<p><\/div>\n<p>[\/vc_column_text][vc_column_text css=&#8221;.vc_custom_1760606474430{margin-bottom: 30px !important;}&#8221; basel_color_scheme=&#8221;dark&#8221;]<\/p>\n<h5><strong style=\"color: #1b1919; font-family: Karla, Arial, Helvetica, sans-serif;\">2023<\/strong><\/h5>\n<p><\/p>\n<h5 style=\"margin-bottom: 10px;\"><\/h5>\n<p><\/p>\n<div class=\"dxGrid\">\n<div class=\"dxGrid8 Main1\">\n<p class=\"Normal\">Zalo\u017een\u00e1 nov\u00e1 pobo\u010dka vo F\u00ednsku.<\/p>\n<\/div>\n<p><\/div>\n<p>[\/vc_column_text][\/vc_column][\/vc_row]<\/p>\n<\/div>","protected":false},"excerpt":{"rendered":"<p>[vc_section full_width=&#8221;stretch_row&#8221; css=&#8221;.vc_custom_1542025240624{background-color: #f9f9f9 !important;}&#8221;][vc_row css=&#8221;.vc_custom_1542025031874{background-color: #f9f9f9 !important;}&#8221;][vc_column width=&#8221;1\/6&#8243;][\/vc_column][vc_column width=&#8221;2\/3&#8243;][vc_column_text] Pr\u00edbeh NTT Group [\/vc_column_text][vc_separator border_width=&#8221;2&#8243; css=&#8221;.vc_custom_1542025311822{margin-bottom: 20px !important;}&#8221;][\/vc_column][vc_column width=&#8221;1\/6&#8243;][\/vc_column][\/vc_row][vc_row css=&#8221;.vc_custom_1542025040822{background-color:<\/p>\n","protected":false},"author":3,"featured_media":0,"parent":0,"menu_order":0,"comment_status":"closed","ping_status":"closed","template":"","meta":{"footnotes":""},"class_list":["post-51632","page","type-page","status-publish","hentry"],"_links":{"self":[{"href":"https:\/\/nttgroup.com\/sk\/wp-json\/wp\/v2\/pages\/51632","targetHints":{"allow":["GET"]}}],"collection":[{"href":"https:\/\/nttgroup.com\/sk\/wp-json\/wp\/v2\/pages"}],"about":[{"href":"https:\/\/nttgroup.com\/sk\/wp-json\/wp\/v2\/types\/page"}],"author":[{"embeddable":true,"href":"https:\/\/nttgroup.com\/sk\/wp-json\/wp\/v2\/users\/3"}],"replies":[{"embeddable":true,"href":"https:\/\/nttgroup.com\/sk\/wp-json\/wp\/v2\/comments?post=51632"}],"version-history":[{"count":5,"href":"https:\/\/nttgroup.com\/sk\/wp-json\/wp\/v2\/pages\/51632\/revisions"}],"predecessor-version":[{"id":51647,"href":"https:\/\/nttgroup.com\/sk\/wp-json\/wp\/v2\/pages\/51632\/revisions\/51647"}],"wp:attachment":[{"href":"https:\/\/nttgroup.com\/sk\/wp-json\/wp\/v2\/media?parent=51632"}],"curies":[{"name":"wp","href":"https:\/\/api.w.org\/{rel}","templated":true}]}}