{"id":51650,"date":"2026-03-03T07:49:16","date_gmt":"2026-03-03T07:49:16","guid":{"rendered":"https:\/\/nttgroup.com\/karierne-prilezitosti-v-ntt\/"},"modified":"2026-03-03T07:49:18","modified_gmt":"2026-03-03T07:49:18","slug":"karierne-prilezitosti-v-ntt","status":"publish","type":"page","link":"https:\/\/nttgroup.com\/sk\/karierne-prilezitosti-v-ntt\/","title":{"rendered":"Kari\u00e9rne pr\u00edle\u017eitosti v NTT"},"content":{"rendered":"<div class=\"wpb-content-wrapper\"><p>[vc_section full_width=&#8221;stretch_row&#8221; css=&#8221;.vc_custom_1542025240624{background-color: #f9f9f9 !important;}&#8221;][vc_row css=&#8221;.vc_custom_1542025031874{background-color: #f9f9f9 !important;}&#8221;][vc_column width=&#8221;1\/6&#8243;][\/vc_column][vc_column width=&#8221;2\/3&#8243;][vc_column_text]<\/p>\n<h4 style=\"font-size: 42px; text-align: center;\">\u013dudia \u2013 na\u0161a najv\u00e4\u010d\u0161ia hodnota<\/h4>\n<p>&nbsp;[\/vc_column_text][vc_separator border_width=&#8221;2&#8243; css=&#8221;.vc_custom_1542025311822{margin-bottom: 20px !important;}&#8221;][\/vc_column][vc_column width=&#8221;1\/6&#8243;][\/vc_column][\/vc_row][vc_row css=&#8221;.vc_custom_1542025040822{background-color: #f9f9f9 !important;}&#8221;][vc_column width=&#8221;1\/3&#8243;]\t\t\t<div class=\" basel-info-box text-center icon-alignment-top box-style-base color-scheme-dark  with-animation \" onclick=\"\">\n\t\t\t\t\t\t\t\t<div class=\"info-box-content\">\n\t\t\t\t\t<div class=\"info-box-inner\">\n\t\t\t\t\t\t<\/p>\n<h2>V\u00fdroba<\/h2>\n<\/p>\n<p class=\"Normal\">Neust\u00e1le h\u013ead\u00e1me nov\u00fdch kolegov do v\u00fdroby \u2013 CNC oper\u00e1torov a \u0161pecialistov na ozubenie.<\/p>\n<p>\n\t\t\t\t\t<\/div>\n\t\t\t\t<\/div>\n\t\t\t<\/div>\n\t\t[\/vc_column][vc_column width=&#8221;1\/3&#8243;]\t\t\t<div class=\" basel-info-box text-center icon-alignment-top box-style-base color-scheme-dark  with-animation \" onclick=\"\">\n\t\t\t\t\t\t\t\t<div class=\"info-box-content\">\n\t\t\t\t\t<div class=\"info-box-inner\">\n\t\t\t\t\t\t<\/p>\n<h2>Administrat\u00edva<\/h2>\n<\/p>\n<p class=\"Normal\">M\u00e1te sk\u00fasenosti s komponentmi pre prenos v\u00fdkonu?<br data-start=\"4526\" data-end=\"4529\" \/>Pridajte sa k n\u00e1\u0161mu skvel\u00e9mu t\u00edmu!<\/p>\n\t\t\t\t\t<\/div>\n\t\t\t\t<\/div>\n\t\t\t<\/div>\n<p>[\/vc_column][vc_column width=&#8221;1\/3&#8243;]\t\t\t<div class=\" basel-info-box text-center icon-alignment-top box-style-base color-scheme-dark  with-animation \" onclick=\"\">\n\t\t\t\t\t\t\t\t<div class=\"info-box-content\">\n\t\t\t\t\t<div class=\"info-box-inner\">\n\t\t\t\t\t\t<\/p>\n<h2>Nov\u00e9 trhy<\/h2>\n<p>Sme otvoren\u00ed nov\u00fdm trhov\u00fdm pr\u00edle\u017eitostiam.<\/p>\n\t\t\t\t\t<\/div>\n\t\t\t\t<\/div>\n\t\t\t<\/div>\n\t\t[\/vc_column][\/vc_row]<\/p>\n<p>[\/vc_section]<\/p>\n<p>[vc_row full_width=&#8221;stretch_row&#8221; css=&#8221;.vc_custom_1694062051816{margin-top: 40px !important;margin-bottom: 45px !important;}&#8221;][vc_column width=&#8221;1\/2&#8243; el_class=&#8221;text-left&#8221;][vc_column_text css=&#8221;.vc_custom_1760606635939{margin-bottom: 30px !important;}&#8221; basel_color_scheme=&#8221;dark&#8221;]<\/p>\n<div class=\"presented-response-container ng-tns-c4150723369-418\">\n<div class=\"response-container-content ng-tns-c4150723369-418\">\n<div class=\"response-content ng-trigger ng-trigger-responsePopulation ng-tns-c4150723369-418\">\n<div class=\"markdown markdown-main-panel ui-v2-enabled\" dir=\"ltr\">\n<div class=\"presented-response-container ng-tns-c4150723369-429\">\n<div class=\"response-container-content ng-tns-c4150723369-429\">\n<div class=\"response-content ng-trigger ng-trigger-responsePopulation ng-tns-c4150723369-429\">\n<div class=\"markdown markdown-main-panel ui-v2-enabled\" dir=\"ltr\">\n<h2 data-sourcepos=\"1:1-1:59\">Pridajte sa k rodine NTT: Formujte svoju bud\u00facnos\u0165, pos\u00favajte inov\u00e1cie<\/h2>\n<p data-sourcepos=\"3:1-3:368\">H\u013ead\u00e1te kari\u00e9ru, kde m\u00e1 va\u0161a pr\u00e1ca skuto\u010dn\u00fd v\u00fdznam? V NTT Group pon\u00fakame viac ne\u017e len zamestnanie \u2013 vytv\u00e1rame podporuj\u00face a spolupracuj\u00face prostredie, kde m\u00f4\u017eete r\u00e1s\u0165, u\u010di\u0165 sa a napredova\u0165. \u010ci u\u017e ste profesion\u00e1l v kancel\u00e1rii alebo kvalifikovan\u00fd pracovn\u00edk vo v\u00fdrobe, pon\u00fakame atrakt\u00edvne pr\u00edle\u017eitosti sta\u0165 sa s\u00fa\u010das\u0165ou n\u00e1\u0161ho \u00faspechu.<\/p>\n<p data-sourcepos=\"5:1-5:318\"><strong>Pre administrat\u00edvnych pracovn\u00edkov:<\/strong> Ak m\u00e1te v\u00e1\u0161e\u0148 pre organiz\u00e1ciu, rie\u0161enie probl\u00e9mov a komunik\u00e1ciu, m\u00f4\u017eete sa podie\u013ea\u0165 na plynulom fungovan\u00ed na\u0161ej spolo\u010dnosti. Pon\u00fakame r\u00f4znorod\u00e9 poz\u00edcie v oblasti administrat\u00edvy, financi\u00ed, marketingu a predaja s mo\u017enos\u0165ou rozv\u00edja\u0165 svoje schopnosti.<\/p>\n<p data-sourcepos=\"7:1-7:346\"><strong>Pre v\u00fdrobn\u00fdch pracovn\u00edkov:<\/strong> Ak ste prec\u00edzny a prakticky zameran\u00fd \u010dlovek, ktor\u00e9mu vyhovuje dynamick\u00e9 prostredie, m\u00f4\u017eete sa podie\u013ea\u0165 na v\u00fdrobe vysokokvalitn\u00fdch komponentov poh\u00e1\u0148aj\u00facich priemysel v celej Eur\u00f3pe. Pon\u00fakame pracovn\u00e9 poz\u00edcie v oblasti mont\u00e1\u017ee, kontroly kvality a obsluhy strojov, kde si v\u00e1\u017eime va\u0161u odbornos\u0165 a nasadenie.<\/p>\n<p data-sourcepos=\"9:1-9:402\"><strong>\u010co n\u00e1s odli\u0161uje?<\/strong> Sme rodinn\u00e1 spolo\u010dnos\u0165 so siln\u00fdm z\u00e1v\u00e4zkom vo\u010di zamestnancom. Pon\u00fakame konkurencieschopn\u00e9 mzdy a benefity, mo\u017enosti profesion\u00e1lneho rozvoja a zdrav\u00fa rovnov\u00e1hu medzi pracovn\u00fdm a s\u00fakromn\u00fdm \u017eivotom. Podporujeme kult\u00faru otvorenej komunik\u00e1cie, re\u0161pektu a t\u00edmovej spolupr\u00e1ce, aby ste sa u n\u00e1s c\u00edtili podporovan\u00ed a oce\u0148ovan\u00ed.<\/p>\n<p data-sourcepos=\"11:1-11:216\"><strong>Ste pripraven\u00ed urobi\u0165 \u010fal\u0161\u00ed krok?<\/strong> Pridajte sa k NTT Group a za\u010dnite \u00faspe\u0161n\u00fa kari\u00e9rnu cestu. Presk\u00famajte na\u0161e vo\u013en\u00e9 pracovn\u00e9 poz\u00edcie a zistite, ako m\u00f4\u017eete prispie\u0165 k na\u0161ej bud\u00facnosti. Te\u0161\u00edme sa na v\u00e1s!<\/p>\n<\/div>\n<p><\/div>\n<p><\/div>\n<p><\/div>\n<p><\/div>\n<p><\/div>\n<p><\/div>\n<p><\/div>\n<p>&nbsp;[\/vc_column_text][\/vc_column][vc_column width=&#8221;1\/2&#8243;][vc_single_image image=&#8221;15483&#8243; img_size=&#8221;full&#8221; alignment=&#8221;center&#8221; css_animation=&#8221;bottom-to-top&#8221;][\/vc_column][\/vc_row]<\/p>\n<\/div>","protected":false},"excerpt":{"rendered":"<p>[vc_section full_width=&#8221;stretch_row&#8221; css=&#8221;.vc_custom_1542025240624{background-color: #f9f9f9 !important;}&#8221;][vc_row css=&#8221;.vc_custom_1542025031874{background-color: #f9f9f9 !important;}&#8221;][vc_column width=&#8221;1\/6&#8243;][\/vc_column][vc_column width=&#8221;2\/3&#8243;][vc_column_text] \u013dudia \u2013 na\u0161a najv\u00e4\u010d\u0161ia hodnota &nbsp;[\/vc_column_text][vc_separator border_width=&#8221;2&#8243; css=&#8221;.vc_custom_1542025311822{margin-bottom: 20px !important;}&#8221;][\/vc_column][vc_column<\/p>\n","protected":false},"author":3,"featured_media":0,"parent":0,"menu_order":0,"comment_status":"closed","ping_status":"closed","template":"","meta":{"footnotes":""},"class_list":["post-51650","page","type-page","status-publish","hentry"],"_links":{"self":[{"href":"https:\/\/nttgroup.com\/sk\/wp-json\/wp\/v2\/pages\/51650","targetHints":{"allow":["GET"]}}],"collection":[{"href":"https:\/\/nttgroup.com\/sk\/wp-json\/wp\/v2\/pages"}],"about":[{"href":"https:\/\/nttgroup.com\/sk\/wp-json\/wp\/v2\/types\/page"}],"author":[{"embeddable":true,"href":"https:\/\/nttgroup.com\/sk\/wp-json\/wp\/v2\/users\/3"}],"replies":[{"embeddable":true,"href":"https:\/\/nttgroup.com\/sk\/wp-json\/wp\/v2\/comments?post=51650"}],"version-history":[{"count":2,"href":"https:\/\/nttgroup.com\/sk\/wp-json\/wp\/v2\/pages\/51650\/revisions"}],"predecessor-version":[{"id":51656,"href":"https:\/\/nttgroup.com\/sk\/wp-json\/wp\/v2\/pages\/51650\/revisions\/51656"}],"wp:attachment":[{"href":"https:\/\/nttgroup.com\/sk\/wp-json\/wp\/v2\/media?parent=51650"}],"curies":[{"name":"wp","href":"https:\/\/api.w.org\/{rel}","templated":true}]}}