{"id":51659,"date":"2026-03-03T07:52:29","date_gmt":"2026-03-03T07:52:29","guid":{"rendered":"https:\/\/nttgroup.com\/misia-vizia-a-zakladne-hodnoty-ntt\/"},"modified":"2026-03-03T07:52:33","modified_gmt":"2026-03-03T07:52:33","slug":"misia-vizia-a-zakladne-hodnoty-ntt","status":"publish","type":"page","link":"https:\/\/nttgroup.com\/sk\/misia-vizia-a-zakladne-hodnoty-ntt\/","title":{"rendered":"Misia, v\u00edzia a z\u00e1kladn\u00e9 hodnoty NTT"},"content":{"rendered":"<div class=\"wpb-content-wrapper\"><p>[vc_section full_width=&#8221;stretch_row&#8221; css=&#8221;.vc_custom_1542025240624{background-color: #f9f9f9 !important;}&#8221;][vc_row css=&#8221;.vc_custom_1542025031874{background-color: #f9f9f9 !important;}&#8221;][vc_column width=&#8221;1\/6&#8243;][\/vc_column][vc_column width=&#8221;2\/3&#8243;][vc_column_text]<\/p>\n<p><\/p>\n<h4 style=\"font-size: 42px; text-align: center;\">Na\u0161e hodnoty a ciele<\/h4>\n<p><\/p>\n<p>[\/vc_column_text][vc_separator border_width=&#8221;2&#8243; css=&#8221;.vc_custom_1542025311822{margin-bottom: 20px !important;}&#8221;][\/vc_column][vc_column width=&#8221;1\/6&#8243;][\/vc_column][\/vc_row][vc_row css=&#8221;.vc_custom_1542025040822{background-color: #f9f9f9 !important;}&#8221;][vc_column width=&#8221;1\/3&#8243;]<\/p>\n\t\t\t<div class=\" basel-info-box text-center icon-alignment-top box-style-base color-scheme-dark  with-animation \" onclick=\"\">\n\t\t\t\t\t\t\t\t<div class=\"info-box-content\">\n\t\t\t\t\t<div class=\"info-box-inner\">\n\t\t\t\t\t\t<\/p>\n<h2>Misia<\/h2>\n<p class=\"Normal\">Naj\u0161ir\u0161\u00ed sortiment produktov na trhu a poskytovanie slu\u017eieb v oblasti mechanick\u00e9ho prenosu v\u00fdkonu.<\/p>\n<p>\n\t\t\t\t\t<\/div>\n\t\t\t\t<\/div>\n\t\t\t<\/div>\n\t\t\n<p>[\/vc_column][vc_column width=&#8221;1\/3&#8243;]<\/p>\n\t\t\t<div class=\" basel-info-box text-center icon-alignment-top box-style-base color-scheme-dark  with-animation \" onclick=\"\">\n\t\t\t\t\t\t\t\t<div class=\"info-box-content\">\n\t\t\t\t\t<div class=\"info-box-inner\">\n\t\t\t\t\t\t<\/p>\n<h2>V\u00edzia<\/h2>\n<p class=\"Normal\">By\u0165 naj\u017eiadanej\u0161\u00edm partnerom v oblasti mechanick\u00e9ho prenosu v\u00fdkonu.<\/p>\n<p>\n\t\t\t\t\t<\/div>\n\t\t\t\t<\/div>\n\t\t\t<\/div>\n\t\t\n<p>[\/vc_column][vc_column width=&#8221;1\/3&#8243;]\t\t\t<div class=\" basel-info-box text-center icon-alignment-top box-style-base color-scheme-dark  with-animation \" onclick=\"\">\n\t\t\t\t\t\t\t\t<div class=\"info-box-content\">\n\t\t\t\t\t<div class=\"info-box-inner\">\n\t\t\t\t\t\t<\/p>\n<h2>Z\u00e1kladn\u00e9 hodnoty<\/h2>\n<\/p>\n<p>\u013dudia, transparentnos\u0165 a spo\u013eahlivos\u0165 s\u00fa na\u0161imi k\u013e\u00fa\u010dov\u00fdmi hodnotami.<\/p>\n\t\t\t\t\t<\/div>\n\t\t\t\t<\/div>\n\t\t\t<\/div>\n\t\t[\/vc_column][\/vc_row]<\/p>\n<p>[\/vc_section]<\/p>\n<p>[vc_row full_width=&#8221;stretch_row&#8221; css=&#8221;.vc_custom_1694062051816{margin-top: 40px !important;margin-bottom: 45px !important;}&#8221;][vc_column width=&#8221;1\/2&#8243; el_class=&#8221;text-left&#8221;][vc_column_text css=&#8221;.vc_custom_1760606568806{margin-bottom: 30px !important;}&#8221; basel_color_scheme=&#8221;dark&#8221;]<\/p>\n<div class=\"presented-response-container ng-tns-c4150723369-352\">\n<div class=\"response-container-content ng-tns-c4150723369-352\">\n<div class=\"response-content ng-trigger ng-trigger-responsePopulation ng-tns-c4150723369-352\">\n<div class=\"markdown markdown-main-panel ui-v2-enabled\" dir=\"ltr\">\n<p data-sourcepos=\"3:1-3:52\"><strong>Budovanie d\u00f4very: Z\u00e1klad spo\u013eahlivosti<\/strong><\/p>\n<p data-sourcepos=\"5:1-5:32\">V NTT Group je spo\u013eahlivos\u0165 z\u00e1kladom v\u0161etk\u00e9ho, \u010do rob\u00edme. Vieme, \u017ee na\u0161i z\u00e1kazn\u00edci sa na n\u00e1s spoliehaj\u00fa, \u017ee v\u017edy dod\u00e1me spr\u00e1vny produkt. Preto v\u00fdrazne investujeme do modern\u00fdch v\u00fdrobn\u00fdch zariaden\u00ed, aby sme zabezpe\u010dili konzistentnos\u0165 a presnos\u0165. Pon\u00fakame naj\u0161ir\u0161\u00ed sortiment produktov na trhu, \u010do v\u00e1m d\u00e1va flexibilitu pri v\u00fdbere ide\u00e1lneho rie\u0161enia. V\u010faka rozsiahlym skladov\u00fdm z\u00e1sob\u00e1m garantujeme v\u010dasn\u00e9 dodanie a bezchybn\u00fa kvalitu.<\/p>\n<p>Spo\u013eahlivos\u0165 v\u0161ak neznamen\u00e1 len technick\u00e9 vybavenie. Znamen\u00e1 aj budovanie d\u00f4very. Na\u0161i zamestnanci \u00fazko spolupracuj\u00fa a ka\u017ed\u00fd osobne zodpoved\u00e1 za spokojnos\u0165 z\u00e1kazn\u00edka. Podporujeme otvoren\u00fa komunik\u00e1ciu a vz\u00e1jomn\u00fd re\u0161pekt, \u010d\u00edm vytv\u00e1rame stabiln\u00e9 prostredie, kde s\u00fa va\u0161e potreby v\u017edy prioritou.<\/p>\n<p data-sourcepos=\"9:1-9:51\"><strong>V\u017edy dostupn\u00ed: Premos\u0165ovanie potrieb dostupnos\u0165ou<\/strong><\/p>\n<p data-start=\"1183\" data-end=\"1549\">Ver\u00edme v jednoduch\u00fa dostupnos\u0165 pre na\u0161ich z\u00e1kazn\u00edkov. To znamen\u00e1 jasn\u00e9 a otvoren\u00e9 komunika\u010dn\u00e9 kan\u00e1ly a t\u00edm pripraven\u00fd odpoveda\u0165 na va\u0161e ot\u00e1zky a rie\u0161i\u0165 va\u0161e po\u017eiadavky. Vyu\u017e\u00edvame na\u0161e rozsiahle znalosti a sk\u00fasenosti na n\u00e1jdenie ide\u00e1lneho rie\u0161enia, bez oh\u013eadu na jedine\u010dnos\u0165 va\u0161ej v\u00fdzvy. Akt\u00edvne h\u013ead\u00e1me nov\u00e9 rie\u0161enia a predv\u00eddame va\u0161e potreby e\u0161te sk\u00f4r, ne\u017e vznikn\u00fa.<\/p>\n<p data-start=\"1551\" data-end=\"1848\">Na\u0161a dostupnos\u0165 presahuje r\u00e1mec r\u00fdchlej reakcie. Akt\u00edvne a empaticky po\u010d\u00favame, budujeme pevn\u00e9 vz\u0165ahy so z\u00e1kazn\u00edkmi, dod\u00e1vate\u013emi aj zamestnancami. Ideme nad r\u00e1mec o\u010dak\u00e1van\u00ed, aby sme poskytli \u0161pi\u010dkov\u00fd z\u00e1kazn\u00edcky servis a zabezpe\u010dili, \u017ee sa budete c\u00edti\u0165 v\u00e1\u017een\u00ed a podporovan\u00ed v ka\u017edej f\u00e1ze spolupr\u00e1ce.<\/p>\n<p data-sourcepos=\"15:1-15:46\"><strong>Sp\u00e1janie s\u00edl: Sila spolupr\u00e1ce<\/strong><\/p>\n<p data-start=\"1890\" data-end=\"2131\">V NTT Group vn\u00edmame vz\u0165ahy so z\u00e1kazn\u00edkmi ako skuto\u010dn\u00e9 partnerstv\u00e1. Spolupracujeme s vami na dosahovan\u00ed va\u0161ich cie\u013eov a nap\u013a\u0148an\u00ed va\u0161ej v\u00edzie. Znamen\u00e1 to flexibilitu, inovat\u00edvny pr\u00edstup a schopnos\u0165 prisp\u00f4sobi\u0165 sa va\u0161im \u0161pecifick\u00fdm po\u017eiadavk\u00e1m.<\/p>\n<p data-start=\"2133\" data-end=\"2362\">Aj interne je spolupr\u00e1ca na\u0161ou silnou str\u00e1nkou. N\u00e1\u0161 t\u00edm pracuje jednotne s jasn\u00fdm cie\u013eom \u2013 va\u0161\u00edm \u00faspechom. V\u00fdsledkom je efekt\u00edvna komunik\u00e1cia, optimalizovan\u00e9 procesy a produkty \u010di slu\u017eby, ktor\u00e9 plne zodpovedaj\u00fa va\u0161im o\u010dak\u00e1vaniam.<\/p>\n<p data-start=\"2364\" data-end=\"2562\">Prijat\u00edm spo\u013eahlivosti, dostupnosti a spolupr\u00e1ce sa sna\u017e\u00edme by\u0165 viac ne\u017e len dod\u00e1vate\u013eom \u2013 chceme by\u0165 va\u0161\u00edm d\u00f4veryhodn\u00fdm partnerom a budova\u0165 dlhodob\u00e9 vz\u0165ahy zalo\u017een\u00e9 na re\u0161pekte a spolo\u010dnom \u00faspechu.<\/p>\n<\/div>\n<\/div>\n<\/div>\n<\/div>\n<p><\/p>\n<p>[\/vc_column_text][\/vc_column][vc_column width=&#8221;1\/2&#8243;][vc_single_image image=&#8221;15483&#8243; img_size=&#8221;full&#8221; alignment=&#8221;center&#8221; css_animation=&#8221;bottom-to-top&#8221;][\/vc_column][\/vc_row]<\/p>\n<\/div>","protected":false},"excerpt":{"rendered":"<p>[vc_section full_width=&#8221;stretch_row&#8221; css=&#8221;.vc_custom_1542025240624{background-color: #f9f9f9 !important;}&#8221;][vc_row css=&#8221;.vc_custom_1542025031874{background-color: #f9f9f9 !important;}&#8221;][vc_column width=&#8221;1\/6&#8243;][\/vc_column][vc_column width=&#8221;2\/3&#8243;][vc_column_text] Na\u0161e hodnoty a ciele [\/vc_column_text][vc_separator border_width=&#8221;2&#8243; css=&#8221;.vc_custom_1542025311822{margin-bottom: 20px !important;}&#8221;][\/vc_column][vc_column width=&#8221;1\/6&#8243;][\/vc_column][\/vc_row][vc_row<\/p>\n","protected":false},"author":3,"featured_media":0,"parent":0,"menu_order":0,"comment_status":"closed","ping_status":"closed","template":"","meta":{"footnotes":""},"class_list":["post-51659","page","type-page","status-publish","hentry"],"_links":{"self":[{"href":"https:\/\/nttgroup.com\/sk\/wp-json\/wp\/v2\/pages\/51659","targetHints":{"allow":["GET"]}}],"collection":[{"href":"https:\/\/nttgroup.com\/sk\/wp-json\/wp\/v2\/pages"}],"about":[{"href":"https:\/\/nttgroup.com\/sk\/wp-json\/wp\/v2\/types\/page"}],"author":[{"embeddable":true,"href":"https:\/\/nttgroup.com\/sk\/wp-json\/wp\/v2\/users\/3"}],"replies":[{"embeddable":true,"href":"https:\/\/nttgroup.com\/sk\/wp-json\/wp\/v2\/comments?post=51659"}],"version-history":[{"count":5,"href":"https:\/\/nttgroup.com\/sk\/wp-json\/wp\/v2\/pages\/51659\/revisions"}],"predecessor-version":[{"id":51674,"href":"https:\/\/nttgroup.com\/sk\/wp-json\/wp\/v2\/pages\/51659\/revisions\/51674"}],"wp:attachment":[{"href":"https:\/\/nttgroup.com\/sk\/wp-json\/wp\/v2\/media?parent=51659"}],"curies":[{"name":"wp","href":"https:\/\/api.w.org\/{rel}","templated":true}]}}