{"id":51677,"date":"2026-03-03T07:56:53","date_gmt":"2026-03-03T07:56:53","guid":{"rendered":"https:\/\/nttgroup.com\/udrzatelnost-ntt\/"},"modified":"2026-03-03T07:56:57","modified_gmt":"2026-03-03T07:56:57","slug":"udrzatelnost-ntt","status":"publish","type":"page","link":"https:\/\/nttgroup.com\/sk\/udrzatelnost-ntt\/","title":{"rendered":"Udr\u017eate\u013enos\u0165 NTT"},"content":{"rendered":"<div class=\"wpb-content-wrapper\"><p>[vc_section full_width=&#8221;stretch_row&#8221; css=&#8221;.vc_custom_1542025240624{background-color: #f9f9f9 !important;}&#8221;][vc_row css=&#8221;.vc_custom_1542025031874{background-color: #f9f9f9 !important;}&#8221;][vc_column width=&#8221;1\/6&#8243;][\/vc_column][vc_column width=&#8221;2\/3&#8243;][vc_column_text]<\/p>\n<h4 style=\"font-size: 42px; text-align: center;\">Udr\u017eate\u013enos\u0165<\/h4>\n<p>&nbsp;[\/vc_column_text][vc_separator border_width=&#8221;2&#8243; css=&#8221;.vc_custom_1542025311822{margin-bottom: 20px !important;}&#8221;][\/vc_column][vc_column width=&#8221;1\/6&#8243;][\/vc_column][\/vc_row][vc_row css=&#8221;.vc_custom_1542025040822{background-color: #f9f9f9 !important;}&#8221;][vc_column width=&#8221;1\/3&#8243;]\t\t\t<div class=\" basel-info-box text-center icon-alignment-top box-style-base color-scheme-dark  with-animation \" onclick=\"\">\n\t\t\t\t\t\t\t\t<div class=\"info-box-content\">\n\t\t\t\t\t<div class=\"info-box-inner\">\n\t\t\t\t\t\t<\/p>\n<h2>\u0160tandardy<\/h2>\n<\/p>\n<p class=\"Normal\">Dodr\u017eiavame viacer\u00e9 medzin\u00e1rodn\u00e9 hodnotiace programy, ako napr\u00edklad EcoVadis.<\/p>\n<p>\n\t\t\t\t\t<\/div>\n\t\t\t\t<\/div>\n\t\t\t<\/div>\n\t\t[\/vc_column][vc_column width=&#8221;1\/3&#8243;]\t\t\t<div class=\" basel-info-box text-center icon-alignment-top box-style-base color-scheme-dark  with-animation \" onclick=\"\">\n\t\t\t\t\t\t\t\t<div class=\"info-box-content\">\n\t\t\t\t\t<div class=\"info-box-inner\">\n\t\t\t\t\t\t<\/p>\n<h2>Ka\u017edodenn\u00e1 pr\u00e1ca<\/h2>\n<\/p>\n<p class=\"Normal\">Ka\u017ed\u00fd de\u0148 h\u013ead\u00e1me mo\u017enosti zlep\u0161ovania.<\/p>\n<p>\n\t\t\t\t\t<\/div>\n\t\t\t\t<\/div>\n\t\t\t<\/div>\n\t\t[\/vc_column][vc_column width=&#8221;1\/3&#8243;]\t\t\t<div class=\" basel-info-box text-center icon-alignment-top box-style-base color-scheme-dark  with-animation \" onclick=\"\">\n\t\t\t\t\t\t\t\t<div class=\"info-box-content\">\n\t\t\t\t\t<div class=\"info-box-inner\">\n\t\t\t\t\t\t<\/p>\n<h2>-120,860T CO2<\/h2>\n<p>V\u010faka zelenej energii.<\/p>\n\t\t\t\t\t<\/div>\n\t\t\t\t<\/div>\n\t\t\t<\/div>\n\t\t[\/vc_column][\/vc_row]<\/p>\n<p>[\/vc_section]<\/p>\n<p>[vc_row full_width=&#8221;stretch_row&#8221; css=&#8221;.vc_custom_1694612155645{margin-top: 60px !important;margin-bottom: 45px !important;}&#8221;][vc_column width=&#8221;1\/2&#8243; el_class=&#8221;text-left&#8221;][vc_column_text css=&#8221;.vc_custom_1760606597905{margin-bottom: 30px !important;}&#8221; basel_color_scheme=&#8221;dark&#8221;]<\/p>\n<div class=\"dxGrid\">\n<div class=\"dxGrid8 Main1\">\n<div class=\"presented-response-container ng-tns-c4150723369-374\">\n<div class=\"response-container-content ng-tns-c4150723369-374\">\n<div class=\"response-content ng-trigger ng-trigger-responsePopulation ng-tns-c4150723369-374\">\n<div class=\"markdown markdown-main-panel ui-v2-enabled\" dir=\"ltr\">\n<p><strong>Udr\u017eate\u013en\u00e9 rie\u0161enia, trval\u00e9 v\u00fdsledky: Environment\u00e1lne zodpovedn\u00e1 v\u00fdroba<\/strong><\/p>\n<p>V NTT Group si uvedomujeme d\u00f4le\u017eitos\u0165 minimaliz\u00e1cie n\u00e1\u0161ho environment\u00e1lneho dopadu. Dosahujeme to akt\u00edvnym zav\u00e1dzan\u00edm udr\u017eate\u013en\u00fdch postupov s d\u00f4razom na \u010do najmen\u0161\u00ed vplyv na \u017eivotn\u00e9 prostredie. Tento z\u00e1v\u00e4zok sa prejavuje vo v\u0161etk\u00fdch oblastiach na\u0161ej \u010dinnosti \u2013 od obstar\u00e1vania surov\u00edn a v\u00fdrobn\u00fdch procesov a\u017e po nakladanie s odpadom.<\/p>\n<p><strong>Zodpovedn\u00e9 vyu\u017e\u00edvanie zdrojov:<\/strong> Ver\u00edme v zodpovedn\u00e9 hospod\u00e1renie so zdrojmi. Od zni\u017eovania spotreby energie v na\u0161ich prev\u00e1dzkach a\u017e po optimaliz\u00e1ciu vyu\u017eitia materi\u00e1lov prostredn\u00edctvom inovat\u00edvnych v\u00fdrobn\u00fdch met\u00f3d \u2013 sna\u017e\u00edme sa minimalizova\u0165 na\u0161u environment\u00e1lnu stopu v ka\u017edej oblasti.<\/p>\n<p><strong>Optimaliz\u00e1cia odpadov\u00e9ho hospod\u00e1rstva:<\/strong><\/p>\n<p data-start=\"3521\" data-end=\"3904\">Zaviazali sme sa k minimaliz\u00e1cii odpadu a riadime sa princ\u00edpmi hierarchie odpadov\u00e9ho hospod\u00e1rstva \u2013 prevencia, zni\u017eovanie, op\u00e4tovn\u00e9 pou\u017eitie a recykl\u00e1cia maj\u00fa prednos\u0165 pred likvid\u00e1ciou. Dosahujeme to efekt\u00edvnymi v\u00fdrobn\u00fdmi procesmi a spolupr\u00e1cou s certifikovan\u00fdmi recykla\u010dn\u00fdmi spolo\u010dnos\u0165ami pri zodpovednom nakladan\u00ed s nevyhnutn\u00fdm odpadom.<\/p>\n<p data-start=\"3906\" data-end=\"4164\">Akt\u00edvnym pr\u00edstupom k udr\u017eate\u013enosti sa sna\u017e\u00edme nielen zni\u017eova\u0165 n\u00e1\u0161 dopad na \u017eivotn\u00e9 prostredie, ale aj in\u0161pirova\u0165 cel\u00e9 odvetvie k zodpovedn\u00fdm postupom. Ver\u00edme, \u017ee udr\u017eate\u013en\u00e9 rie\u0161enia prin\u00e1\u0161aj\u00fa trval\u00e9 v\u00fdsledky a zabezpe\u010duj\u00fa zdrav\u00fa plan\u00e9tu pre bud\u00face gener\u00e1cie.<\/p>\n<p data-start=\"4166\" data-end=\"4282\">NTT Group je \u010dlenom organiz\u00e1cie F\u00f6rpacknings- och Tidningsinsamlingen (predt\u00fdm REPA) \u2013 syst\u00e9mu zberu obalov a nov\u00edn.<\/p>\n<\/div>\n<p><\/div>\n<p><\/div>\n<p><\/div>\n<p><\/div>\n<p><\/div>\n<p><\/p>\n<div class=\"Footer dxGrid16\"><\/div>\n<p>&nbsp;[\/vc_column_text][\/vc_column][vc_column width=&#8221;1\/2&#8243;][vc_single_image image=&#8221;15624&#8243; img_size=&#8221;medium&#8221; alignment=&#8221;center&#8221; css_animation=&#8221;bottom-to-top&#8221;][\/vc_column][\/vc_row][vc_row full_width=&#8221;stretch_row&#8221; css=&#8221;.vc_custom_1694611561590{margin-top: 40px !important;margin-bottom: 45px !important;background-color: #f9f9f9 !important;}&#8221;][vc_column width=&#8221;1\/2&#8243; el_class=&#8221;text-left&#8221;][vc_single_image image=&#8221;15618&#8243; img_size=&#8221;large&#8221; alignment=&#8221;center&#8221;][vc_column_text css=&#8221;.vc_custom_1760606609208{margin-bottom: 30px !important;}&#8221; basel_color_scheme=&#8221;dark&#8221;]<\/p>\n<div class=\"dxGrid\">\n<div class=\"dxGrid8 Main1\">\n<h2 class=\"\" data-sourcepos=\"1:1-1:41\">NTT Group: Poh\u00e1\u0148an\u00e1 obnovite\u013enou energiou v Po\u013esku<\/h2>\n<p data-sourcepos=\"3:1-3:16\">Ako hrd\u00fd l\u00edder v oblasti udr\u017eate\u013enej v\u00fdroby prev\u00e1dzkuje NTT Group svoj v\u00fdrobn\u00fd z\u00e1vod v Po\u013esku v\u00fdhradne na obnovite\u013en\u00fa energiu. Tento z\u00e1v\u00e4zok odr\u00e1\u017ea na\u0161u snahu zni\u017eova\u0165 environment\u00e1lnu stopu a akt\u00edvne prispieva\u0165 k ekologickej\u0161ej a udr\u017eate\u013enej\u0161ej bud\u00facnosti.<\/p>\n<\/div>\n<p><\/div>\n<p>&nbsp;[\/vc_column_text][\/vc_column][vc_column width=&#8221;1\/2&#8243;][vc_single_image image=&#8221;15575&#8243; img_size=&#8221;large&#8221; alignment=&#8221;center&#8221; css_animation=&#8221;bottom-to-top&#8221;][\/vc_column][\/vc_row]<\/p>\n<\/div>","protected":false},"excerpt":{"rendered":"<p>[vc_section full_width=&#8221;stretch_row&#8221; css=&#8221;.vc_custom_1542025240624{background-color: #f9f9f9 !important;}&#8221;][vc_row css=&#8221;.vc_custom_1542025031874{background-color: #f9f9f9 !important;}&#8221;][vc_column width=&#8221;1\/6&#8243;][\/vc_column][vc_column width=&#8221;2\/3&#8243;][vc_column_text] Udr\u017eate\u013enos\u0165 &nbsp;[\/vc_column_text][vc_separator border_width=&#8221;2&#8243; css=&#8221;.vc_custom_1542025311822{margin-bottom: 20px !important;}&#8221;][\/vc_column][vc_column width=&#8221;1\/6&#8243;][\/vc_column][\/vc_row][vc_row css=&#8221;.vc_custom_1542025040822{background-color: #f9f9f9 !important;}&#8221;][vc_column<\/p>\n","protected":false},"author":3,"featured_media":0,"parent":0,"menu_order":0,"comment_status":"closed","ping_status":"closed","template":"","meta":{"footnotes":""},"class_list":["post-51677","page","type-page","status-publish","hentry"],"_links":{"self":[{"href":"https:\/\/nttgroup.com\/sk\/wp-json\/wp\/v2\/pages\/51677","targetHints":{"allow":["GET"]}}],"collection":[{"href":"https:\/\/nttgroup.com\/sk\/wp-json\/wp\/v2\/pages"}],"about":[{"href":"https:\/\/nttgroup.com\/sk\/wp-json\/wp\/v2\/types\/page"}],"author":[{"embeddable":true,"href":"https:\/\/nttgroup.com\/sk\/wp-json\/wp\/v2\/users\/3"}],"replies":[{"embeddable":true,"href":"https:\/\/nttgroup.com\/sk\/wp-json\/wp\/v2\/comments?post=51677"}],"version-history":[{"count":2,"href":"https:\/\/nttgroup.com\/sk\/wp-json\/wp\/v2\/pages\/51677\/revisions"}],"predecessor-version":[{"id":51683,"href":"https:\/\/nttgroup.com\/sk\/wp-json\/wp\/v2\/pages\/51677\/revisions\/51683"}],"wp:attachment":[{"href":"https:\/\/nttgroup.com\/sk\/wp-json\/wp\/v2\/media?parent=51677"}],"curies":[{"name":"wp","href":"https:\/\/api.w.org\/{rel}","templated":true}]}}