{"id":51717,"date":"2026-03-09T08:13:03","date_gmt":"2026-03-09T08:13:03","guid":{"rendered":"https:\/\/nttgroup.com\/kvalita\/"},"modified":"2026-03-09T08:17:59","modified_gmt":"2026-03-09T08:17:59","slug":"kvalita","status":"publish","type":"page","link":"https:\/\/nttgroup.com\/sk\/kvalita\/","title":{"rendered":"Kvalita"},"content":{"rendered":"<div class=\"wpb-content-wrapper\"><p>[vc_row full_width=&#8221;stretch_row&#8221; full_height=&#8221;yes&#8221; css=&#8221;.vc_custom_1694029144707{margin-top: -40px !important;margin-bottom: 60px !important;padding-top: 15% !important;padding-bottom: 15% !important;background-image: url(https:\/\/nttgroup.com\/wp-content\/uploads\/2017\/05\/NTT-kola-zebate-produkcja.png?id=13827) !important;background-position: center !important;background-repeat: no-repeat !important;background-size: cover !important;}&#8221;][vc_column][vc_custom_heading text=&#8221;Kvalita za\u010d\u00edna&#8221; font_container=&#8221;tag:h1|font_size:68|text_align:center|color:%23ffffff|line_height:1&#8243; use_theme_fonts=&#8221;yes&#8221;][vc_custom_heading text=&#8221;na\u0161imi \u013eu\u010fmi&#8221; font_container=&#8221;tag:h1|font_size:68|text_align:center|color:%23ffffff|line_height:1&#8243; use_theme_fonts=&#8221;yes&#8221;][vc_column_text basel_color_scheme=&#8221;light&#8221;]<\/p>\n<p style=\"font-size: 18px; margin-bottom: 25px; color: rgba(255,255,255,0.9); text-align: center;\">NTT Group pon\u00faka naj\u0161ir\u0161\u00ed sortiment produktov pre mechanick\u00e9 prenosy v\u00fdkonu.<br data-start=\"356\" data-end=\"359\" \/>M\u00e1me jeden z najv\u00e4\u010d\u0161\u00edch strojov\u00fdch parkov v severnej Eur\u00f3pe.<\/p>\n<p><\/p>\n<p style=\"font-size: 18px; margin-bottom: 25px; color: rgba(255,255,255,0.9); text-align: center;\"><a class=\"btn btn-color-white btn-size-large btn-style-bordered\" style=\"margin-right: 10px;\" href=\"https:\/\/nttgroup.com\/sk\/nasa-spolocnost\/\">o n\u00e1s kontaktujte n\u00e1s<\/a><\/p>\n<p>[\/vc_column_text][\/vc_column][\/vc_row][vc_row css=&#8221;.vc_custom_1451575485367{margin-bottom: 65px !important;}&#8221;][vc_column width=&#8221;1\/2&#8243; css=&#8221;.vc_custom_1451389567526{padding-right: 40px !important;}&#8221;][vc_single_image image=&#8221;14950&#8243; img_size=&#8221;full&#8221; alignment=&#8221;center&#8221; css_animation=&#8221;left-to-right&#8221; el_class=&#8221;Liebherr WGT400&#8243;][\/vc_column][vc_column width=&#8221;1\/2&#8243;][vc_column_text css=&#8221;.vc_custom_1707802122137{margin-bottom: 30px !important;}&#8221;]<\/p>\n<h1 style=\"margin-bottom: 15px;\">KVALITA NAD R\u00c1MEC \u0160TANDARDOV<\/h1>\n<p><\/p>\n<div class=\"dxGrid\">\n<div class=\"dxGrid8 Main1\">\n<p data-start=\"658\" data-end=\"1210\">V spolo\u010dnosti NTT Group nie je kvalita len slogan \u2013 je to n\u00e1\u0161 hlavn\u00fd princ\u00edp. Je zakotven\u00e1 v na\u0161ej ofici\u00e1lnej politike kvality, dokumente, ktor\u00fd vyjadruje n\u00e1\u0161 neochvejn\u00fd z\u00e1v\u00e4zok k pr\u00edsnej kontrole kvality a k prekon\u00e1vaniu medzin\u00e1rodn\u00fdch \u0161tandardov, ako je ISO 9001. Ver\u00edme, \u017ee kvalita za\u010d\u00edna na\u0161imi \u013eu\u010fmi, a preto v\u00fdrazne investujeme do z\u00edskavania a vzdel\u00e1vania najsk\u00fasenej\u0161\u00edch v\u00fdrobcov ozuben\u00fdch kolies v odvetv\u00ed. Ka\u017ed\u00fd \u010dlen n\u00e1\u0161ho t\u00edmu \u2013 od in\u017einierov a\u017e po pracovn\u00edkov v\u00fdrobn\u00fdch liniek \u2013 ch\u00e1pe v\u00fdznam svojej \u00falohy pri nap\u013a\u0148an\u00ed n\u00e1\u0161ho pr\u00eds\u013eubu kvality.<\/p>\n<p data-start=\"1212\" data-end=\"1751\">Nejde len o splnenie technick\u00fdch \u0161pecifik\u00e1ci\u00ed; ide o v\u00fdrobu ka\u017ed\u00e9ho ozuben\u00e9ho kolesa s maxim\u00e1lnou starostlivos\u0165ou a d\u00f4razom na detail. Toto odhodlanie nekon\u010d\u00ed pri individu\u00e1lnom \u00fasil\u00ed \u2013 vytv\u00e1ra kult\u00faru spolupr\u00e1ce, v ktorej ka\u017ed\u00fd preber\u00e1 zodpovednos\u0165 za kvalitu. Na\u0161ich zamestnancov podporujeme v identifikovan\u00ed a navrhovan\u00ed zlep\u0161en\u00ed, \u010d\u00edm vytv\u00e1rame neust\u00e1ly cyklus u\u010denia a optimaliz\u00e1cie. T\u00e1to spolo\u010dn\u00e1 v\u00e1\u0161e\u0148 pre kvalitu zabezpe\u010duje, \u017ee ka\u017ed\u00e9 ozuben\u00e9 koleso NTT prekon\u00e1va o\u010dak\u00e1vania a prin\u00e1\u0161a na\u0161im z\u00e1kazn\u00edkom v\u00fdnimo\u010dn\u00fd v\u00fdkon a spo\u013eahlivos\u0165.<\/p>\n<p data-start=\"1753\" data-end=\"1896\">Poz\u00fdvame v\u00e1s spolupracova\u0165 so spolo\u010dnos\u0165ou, pre ktor\u00fa kvalita nie je len cie\u013eom, ale hlboko zakorenenou hodnotou zdie\u013eanou ka\u017ed\u00fdm jednotlivcom.<\/p>\n<\/div>\n<p><\/div>\n<p>[\/vc_column_text]<div class=\"basel-button-wrapper text-center\"><a  class=\"btn btn-color-primary btn-style-default btn-size-default\">more info<\/a><\/div>[\/vc_column][\/vc_row][vc_row full_width=&#8221;stretch_row&#8221; css=&#8221;.vc_custom_1689860877236{margin-bottom: 45px !important;padding-top: 50px !important;padding-bottom: 70px !important;background-image: url(https:\/\/nttgroup.com\/wp-content\/uploads\/2017\/05\/NTT-listwy-zebate-produkcja-polska.png?id=13832) !important;background-position: center !important;background-repeat: no-repeat !important;background-size: cover !important;}&#8221;][vc_column basel_color_scheme=&#8221;light&#8221;][vc_row_inner css=&#8221;.vc_custom_1450023659115{margin-bottom: 60px !important;}&#8221;][vc_column_inner][vc_custom_heading text=&#8221;KVALITA \u2013 V\u017dDY NA PRVOM MIESTE&#8221; font_container=&#8221;tag:h2|font_size:52|text_align:center|color:%23ffffff|line_height:1.4&#8243; use_theme_fonts=&#8221;yes&#8221; css=&#8221;.vc_custom_1709186376018{margin-bottom: 20px !important;}&#8221;][\/vc_column_inner][\/vc_row_inner][vc_row_inner css=&#8221;.vc_custom_1450023674178{margin-bottom: 0px !important;}&#8221;][vc_column_inner width=&#8221;1\/4&#8243; css=&#8221;.vc_custom_1438783347292{margin-bottom: 40px !important;}&#8221;][vc_icon type=&#8221;linecons&#8221; icon_linecons=&#8221;vc_li vc_li-world&#8221; color=&#8221;custom&#8221; background_style=&#8221;rounded-outline&#8221; background_color=&#8221;white&#8221; size=&#8221;lg&#8221; align=&#8221;center&#8221; custom_color=&#8221;#ffffff&#8221; css=&#8221;.vc_custom_1494268059583{margin-bottom: 20px !important;}&#8221;]\t\t\t<div class=\"basel-counter  counter-default\">\n\t\t\t\t<span class=\"counter-value\" data-state=\"new\" data-final=\"9\">9<\/span>\n\t\t\t\t\t\t\t\t\t<span class=\"counter-label\">TUOTANTOLAITOSTA RUOTSISSA JA PUOLASSA<\/span>\n\t\t\t\t\t\t\t<\/div>\n\n\t\t[\/vc_column_inner][vc_column_inner width=&#8221;1\/4&#8243; css=&#8221;.vc_custom_1438783353284{margin-bottom: 40px !important;}&#8221;][vc_icon type=&#8221;linecons&#8221; icon_linecons=&#8221;vc_li vc_li-tag&#8221; color=&#8221;custom&#8221; background_style=&#8221;rounded-outline&#8221; background_color=&#8221;white&#8221; size=&#8221;lg&#8221; align=&#8221;center&#8221; custom_color=&#8221;#ffffff&#8221; css=&#8221;.vc_custom_1494268094805{margin-bottom: 20px !important;}&#8221;]\t\t\t<div class=\"basel-counter  counter-default\">\n\t\t\t\t<span class=\"counter-value\" data-state=\"new\" data-final=\"40000\">40000<\/span>\n\t\t\t\t\t\t\t\t\t<span class=\"counter-label\">TUOTTEITA HETI VARASTOSTA<\/span>\n\t\t\t\t\t\t\t<\/div>\n\n\t\t[\/vc_column_inner][vc_column_inner width=&#8221;1\/4&#8243; css=&#8221;.vc_custom_1438783357796{margin-bottom: 40px !important;}&#8221;][vc_icon type=&#8221;linecons&#8221; icon_linecons=&#8221;vc_li vc_li-settings&#8221; color=&#8221;custom&#8221; background_style=&#8221;rounded-outline&#8221; background_color=&#8221;white&#8221; size=&#8221;lg&#8221; align=&#8221;center&#8221; custom_color=&#8221;#ffffff&#8221; css=&#8221;.vc_custom_1450023589607{margin-bottom: 20px !important;}&#8221;]\t\t\t<div class=\"basel-counter  counter-default\">\n\t\t\t\t<span class=\"counter-value\" data-state=\"new\" data-final=\"100\">100<\/span>\n\t\t\t\t\t\t\t\t\t<span class=\"counter-label\">KORKEALAATUISTA TY\u00d6ST\u00d6KONETTA<\/span>\n\t\t\t\t\t\t\t<\/div>\n\n\t\t[\/vc_column_inner][vc_column_inner width=&#8221;1\/4&#8243; css=&#8221;.vc_custom_1438783362371{margin-bottom: 40px !important;}&#8221;][vc_icon type=&#8221;linecons&#8221; icon_linecons=&#8221;vc_li vc_li-user&#8221; color=&#8221;custom&#8221; background_style=&#8221;rounded-outline&#8221; background_color=&#8221;white&#8221; size=&#8221;lg&#8221; align=&#8221;center&#8221; custom_color=&#8221;#ffffff&#8221; css=&#8221;.vc_custom_1494268124889{margin-bottom: 20px !important;}&#8221;]\t\t\t<div class=\"basel-counter  counter-default\">\n\t\t\t\t<span class=\"counter-value\" data-state=\"new\" data-final=\"200\">200<\/span>\n\t\t\t\t\t\t\t\t\t<span class=\"counter-label\">OMISTAUTUNUTTA TY\u00d6NTEKIJ\u00c4\u00c4<\/span>\n\t\t\t\t\t\t\t<\/div>\n\n\t\t[\/vc_column_inner][\/vc_row_inner][\/vc_column][\/vc_row][vc_row content_placement=&#8221;middle&#8221; css=&#8221;.vc_custom_1451577043146{margin-bottom: 0px !important;}&#8221;][vc_column width=&#8221;1\/2&#8243; css=&#8221;.vc_custom_1438784954834{margin-bottom: 40px !important;}&#8221;][vc_column_text]<\/p>\n<h2>POLITIKA KVALITY NTT GROUP<\/h2>\n<p><\/p>\n<div class=\"dxGrid\">\n<div class=\"dxGrid8 Main1\">\n<p class=\"Normal\"><em>Politika kvality spolo\u010dnosti NTT Group je zalo\u017een\u00e1 na dlhoro\u010dnej trad\u00edcii v\u00fdroby s vysokou \u00farov\u0148ou kvality a na snahe udr\u017ea\u0165 si ved\u00face postavenie v oblasti mechanick\u00fdch prenosov.Na\u0161a politika kvality zah\u0155\u0148a tieto hlavn\u00e9 body:<\/em><\/p>\n<ul class=\"dxUl\">\n<li>\n<p class=\"Normal\"><em>Dod\u00e1va\u0165 produkty so spr\u00e1vnou \u00farov\u0148ou kvality, v spr\u00e1vnom \u010dase, na spr\u00e1vnu dodaciu adresu a za konkurencieschopn\u00fa cenu. T\u00fdmto sp\u00f4sobom sp\u013a\u0148ame po\u017eiadavky a o\u010dak\u00e1vania na\u0161ich z\u00e1kazn\u00edkov.<\/em><\/p>\n<\/li>\n<li>\n<p class=\"Normal\"><em>Na\u0161ou amb\u00edciou je vytv\u00e1ra\u0165 dlhodob\u00e9 vz\u0165ahy so z\u00e1kazn\u00edkmi.<\/em><\/p>\n<\/li>\n<\/ul>\n<p class=\"Normal\"><em>Ako to dosahujeme:<\/em><\/p>\n<ul class=\"dxUl\">\n<li>\n<p class=\"Normal\"><em>Neust\u00e1lym zlep\u0161ovan\u00edm syst\u00e9mu riadenia kvality, na\u0161ich produktov a procesov rozv\u00edjame podnikanie tak, aby sme zvy\u0161ovali spokojnos\u0165 z\u00e1kazn\u00edkov.<\/em><\/p>\n<\/li>\n<li>\n<p class=\"Normal\"><em>Vedenie spolo\u010dnosti podporuje zamestnancov.<\/em><\/p>\n<\/li>\n<li>\n<p class=\"Normal\"><em>Vedenie stanovuje relevantn\u00e9 a motivuj\u00face ciele kvality, ktor\u00e9 s\u00fa pravidelne komunikovan\u00e9, sledovan\u00e9 a zlep\u0161ovan\u00e9.<\/em><\/p>\n<\/li>\n<li>\n<p class=\"Normal\"><em>M\u00e1me kvalifikovan\u00fdch zamestnancov, ktor\u00ed c\u00edtia zodpovednos\u0165 za kvalitu svojej pr\u00e1ce.<\/em><\/p>\n<\/li>\n<li>\n<p class=\"Normal\"><em>Na\u0161i dod\u00e1vatelia a partneri sp\u013a\u0148aj\u00fa nami stanoven\u00fa \u00farove\u0148 kvality<\/em><\/p>\n<\/li>\n<li>\n<p class=\"Normal\"><em>Pracujeme na tom, aby ka\u017ed\u00e1 realizovan\u00e1 dod\u00e1vka bola dobrou referenciou pre bud\u00facu spolupr\u00e1cu.<\/p>\n<p><\/em><\/p>\n<\/li>\n<\/ul>\n<p class=\"Normal\"><em>Ka\u017ed\u00fd v spolo\u010dnosti nesie spolo\u010dn\u00fa zodpovednos\u0165 za plnenie na\u0161ej politiky kvality.<\/em><\/p>\n<p class=\"Normal\"><em>M\u00f6lndal 2014-10-22<\/em><\/p>\n<p class=\"Normal\"><em>Berndt Denberger<br \/>\nCEO<\/em><\/p>\n<\/div>\n<p><\/div>\n<p>[\/vc_column_text][\/vc_column][vc_column width=&#8221;1\/2&#8243; css=&#8221;.vc_custom_1438784968106{margin-bottom: 40px !important;}&#8221;][vc_single_image image=&#8221;13740&#8243; img_size=&#8221;614&#215;414&#8243; alignment=&#8221;center&#8221; css_animation=&#8221;right-to-left&#8221;][\/vc_column][\/vc_row][vc_row full_width=&#8221;stretch_row&#8221; content_placement=&#8221;middle&#8221; css=&#8221;.vc_custom_1707801645313{margin-bottom: 0px !important;background-color: #f9f9f9 !important;}&#8221;][vc_column width=&#8221;1\/2&#8243; css=&#8221;.vc_custom_1438784954834{margin-bottom: 40px !important;}&#8221;][vc_single_image image=&#8221;20179&#8243; img_size=&#8221;large&#8221; alignment=&#8221;center&#8221; css_animation=&#8221;right-to-left&#8221;][\/vc_column][vc_column width=&#8221;1\/2&#8243; css=&#8221;.vc_custom_1438784968106{margin-bottom: 40px !important;}&#8221;][vc_column_text]<\/p>\n<h2>CERTIFIKOVAN\u00c1 KVALITA: VA\u0160A Z\u00c1RUKA EXCELENTNOSTI<\/h2>\n<p><\/p>\n<div class=\"dxGrid\">\n<div class=\"dxGrid8 Main1\">\n<p data-start=\"3235\" data-end=\"3524\">Ako \u010fal\u0161ie potvrdenie na\u0161ej oddanosti v\u00fdnimo\u010dnej kvalite je NTT Group hrd\u00e1 na to, \u017ee vlastn\u00ed certifik\u00e1ty ISO 9001 vo viacer\u00fdch na\u0161ich pobo\u010dk\u00e1ch. Tento medzin\u00e1rodne uzn\u00e1van\u00fd \u0161tandard znamen\u00e1, \u017ee n\u00e1\u0161 syst\u00e9m riadenia kvality prech\u00e1dza pr\u00edsnymi auditmi a sp\u013a\u0148a najvy\u0161\u0161ie medzin\u00e1rodn\u00e9 krit\u00e9ri\u00e1.<\/p>\n<p data-start=\"3526\" data-end=\"3570\">Ka\u017ed\u00e1 certifik\u00e1cia potvrdzuje n\u00e1\u0161 z\u00e1v\u00e4zok k:<\/p>\n<ul data-sourcepos=\"5:1-5:139\">\n<li data-sourcepos=\"5:1-5:139\"><strong>Neust\u00e1lemu zlep\u0161ovaniu:<\/strong> Akt\u00edvne identifikujeme a zav\u00e1dzame procesy, ktor\u00e9 zvy\u0161uj\u00fa efekt\u00edvnos\u0165, konzistentnos\u0165 a spokojnos\u0165 z\u00e1kazn\u00edkov.<\/li>\n<li data-sourcepos=\"6:1-6:165\"><strong>\u0160tandardizovan\u00fdm oper\u00e1ci\u00e1m:<\/strong> Na\u0161e \u0161tandardizovan\u00e9 v\u00fdrobn\u00e9 procesy vo v\u0161etk\u00fdch pobo\u010dk\u00e1ch zaru\u010duj\u00fa rovnak\u00fa kvalitu a spo\u013eahlivos\u0165 ka\u017ed\u00e9ho dodan\u00e9ho komponentu.<\/li>\n<li data-sourcepos=\"7:1-8:0\"><strong>Pr\u00edsnej kontrole kvality:<\/strong> Ka\u017ed\u00e1 f\u00e1za v\u00fdroby \u2013 od v\u00fdberu surov\u00edn a\u017e po fin\u00e1lnu kontrolu \u2013 sa riadi pr\u00edsnymi postupmi kvality, ktor\u00e9 minimalizuj\u00fa chyby a zabezpe\u010duj\u00fa \u0161pi\u010dkov\u00fd v\u00fdkon.<\/li>\n<\/ul>\n<p data-sourcepos=\"9:1-9:256\">Z\u00edskanie a udr\u017eiavanie certifik\u00e1cie ISO 9001 je d\u00f4kazom n\u00e1\u0161ho pevn\u00e9ho z\u00e1v\u00e4zku poskytova\u0165 z\u00e1kazn\u00edkom istotu a pokoj pri spolupr\u00e1ci s v\u00fdrobcom orientovan\u00fdm na kvalitu. Tento z\u00e1v\u00e4zok presahuje samotn\u00e9 certifik\u00e1cie \u2013 odr\u00e1\u017ea na\u0161e z\u00e1kladn\u00e9 hodnoty a riadi ka\u017ed\u00fd aspekt na\u0161ej \u010dinnosti.<\/p>\n<\/div>\n<p><\/div>\n<p>[\/vc_column_text][\/vc_column][\/vc_row]<\/p>\n<\/div>","protected":false},"excerpt":{"rendered":"<p>[vc_row full_width=&#8221;stretch_row&#8221; full_height=&#8221;yes&#8221; css=&#8221;.vc_custom_1694029144707{margin-top: -40px !important;margin-bottom: 60px !important;padding-top: 15% !important;padding-bottom: 15% !important;background-image: url(https:\/\/nttgroup.com\/wp-content\/uploads\/2017\/05\/NTT-kola-zebate-produkcja.png?id=13827) !important;background-position: center !important;background-repeat: no-repeat !important;background-size: cover !important;}&#8221;][vc_column][vc_custom_heading<\/p>\n","protected":false},"author":3,"featured_media":0,"parent":0,"menu_order":0,"comment_status":"closed","ping_status":"closed","template":"","meta":{"footnotes":""},"class_list":["post-51717","page","type-page","status-publish","hentry"],"_links":{"self":[{"href":"https:\/\/nttgroup.com\/sk\/wp-json\/wp\/v2\/pages\/51717","targetHints":{"allow":["GET"]}}],"collection":[{"href":"https:\/\/nttgroup.com\/sk\/wp-json\/wp\/v2\/pages"}],"about":[{"href":"https:\/\/nttgroup.com\/sk\/wp-json\/wp\/v2\/types\/page"}],"author":[{"embeddable":true,"href":"https:\/\/nttgroup.com\/sk\/wp-json\/wp\/v2\/users\/3"}],"replies":[{"embeddable":true,"href":"https:\/\/nttgroup.com\/sk\/wp-json\/wp\/v2\/comments?post=51717"}],"version-history":[{"count":5,"href":"https:\/\/nttgroup.com\/sk\/wp-json\/wp\/v2\/pages\/51717\/revisions"}],"predecessor-version":[{"id":51747,"href":"https:\/\/nttgroup.com\/sk\/wp-json\/wp\/v2\/pages\/51717\/revisions\/51747"}],"wp:attachment":[{"href":"https:\/\/nttgroup.com\/sk\/wp-json\/wp\/v2\/media?parent=51717"}],"curies":[{"name":"wp","href":"https:\/\/api.w.org\/{rel}","templated":true}]}}