{"id":51750,"date":"2026-03-09T08:32:57","date_gmt":"2026-03-09T08:32:57","guid":{"rendered":"https:\/\/nttgroup.com\/cnc-brusenie-ozubenych-kolies\/"},"modified":"2026-03-09T09:51:26","modified_gmt":"2026-03-09T09:51:26","slug":"cnc-brusenie-ozubenych-kolies","status":"publish","type":"page","link":"https:\/\/nttgroup.com\/sk\/cnc-brusenie-ozubenych-kolies\/","title":{"rendered":"CNC br\u00fasenie ozuben\u00fdch kolies"},"content":{"rendered":"<div class=\"wpb-content-wrapper\"><p>[vc_section full_width=&#8221;stretch_row&#8221; css=&#8221;.vc_custom_1542025240624{background-color: #f9f9f9 !important;}&#8221;][vc_row css=&#8221;.vc_custom_1542025031874{background-color: #f9f9f9 !important;}&#8221;][vc_column width=&#8221;1\/6&#8243;][\/vc_column][vc_column width=&#8221;2\/3&#8243;][vc_column_text]<\/p>\n<h4 style=\"font-size: 42px; text-align: center;\">Br\u00fasenie ozuben\u00fdch kolies<\/h4>\n<p>[\/vc_column_text][vc_separator border_width=&#8221;2&#8243; css=&#8221;.vc_custom_1542025311822{margin-bottom: 20px !important;}&#8221;][\/vc_column][vc_column width=&#8221;1\/6&#8243;][\/vc_column][\/vc_row][vc_row css=&#8221;.vc_custom_1542025040822{background-color: #f9f9f9 !important;}&#8221;][vc_column width=&#8221;1\/3&#8243;]\t\t\t<div class=\" basel-info-box text-center icon-alignment-top box-style-base color-scheme-dark  with-animation \" onclick=\"\">\n\t\t\t\t\t\t\t\t<div class=\"info-box-content\">\n\t\t\t\t\t<div class=\"info-box-inner\">\n\t\t\t\t\t\t<\/p>\n<h2>Vysok\u00e1 kvalita<\/h2>\n<p>Dok\u00e1\u017eeme vyr\u00e1ba\u0165 ozuben\u00e9 koles\u00e1 v kvalite <strong data-start=\"493\" data-end=\"515\">DIN 5 alebo lep\u0161ej<\/strong>.<\/p>\n\t\t\t\t\t<\/div>\n\t\t\t\t<\/div>\n\t\t\t<\/div>\n\t\t[\/vc_column][vc_column width=&#8221;1\/3&#8243;]\t\t\t<div class=\" basel-info-box text-center icon-alignment-top box-style-base color-scheme-dark  with-animation \" onclick=\"\">\n\t\t\t\t\t\t\t\t<div class=\"info-box-content\">\n\t\t\t\t\t<div class=\"info-box-inner\">\n\t\t\t\t\t\t<\/p>\n<h2>Kr\u00e1tke v\u00fdrobn\u00e9 cykly<\/h2>\n<p>Na\u0161a v\u00fdroba je n\u00e1kladovo efekt\u00edvna v\u010faka ve\u013emi kr\u00e1tkym v\u00fdrobn\u00fdm cyklom.<\/p>\n\t\t\t\t\t<\/div>\n\t\t\t\t<\/div>\n\t\t\t<\/div>\n\t\t[\/vc_column][vc_column width=&#8221;1\/3&#8243;]\t\t\t<div class=\" basel-info-box text-center icon-alignment-top box-style-base color-scheme-dark  with-animation \" onclick=\"\">\n\t\t\t\t\t\t\t\t<div class=\"info-box-content\">\n\t\t\t\t\t<div class=\"info-box-inner\">\n\t\t\t\t\t\t<\/p>\n<h2>Modul<\/h2>\n<p>Od modulu 0.5 do 7<\/p>\n\t\t\t\t\t<\/div>\n\t\t\t\t<\/div>\n\t\t\t<\/div>\n\t\t[\/vc_column][\/vc_row]<\/p>\n<p>[\/vc_section]<\/p>\n<p>[vc_row full_width=&#8221;stretch_row_content_no_spaces&#8221; content_placement=&#8221;top&#8221; css=&#8221;.vc_custom_1706592699168{margin-top: 40px !important;margin-bottom: 40px !important;}&#8221;][vc_column width=&#8221;1\/2&#8243; offset=&#8221;vc_col-md-6&#8243;][vc_single_image image=&#8221;14863&#8243; img_size=&#8221;500x&#8221; alignment=&#8221;center&#8221;][\/vc_column][vc_column width=&#8221;1\/2&#8243; css=&#8221;.vc_custom_1485009354843{margin-top: 25px !important;margin-bottom: 40px !important;padding-right: 10% !important;padding-left: 10% !important;}&#8221; offset=&#8221;vc_col-md-6&#8243;][vc_column_text css=&#8221;.vc_custom_1694515511227{margin-bottom: 30px !important;}&#8221;]<\/p>\n<h1 class=\"font-title\" style=\"text-align: center; font-size: 42px; text-transform: capitalize;\">CNC br\u00fasenie ozuben\u00fdch kolies<\/h1>\n<p><\/p>\n<h3 class=\"LC20lb\" style=\"text-align: center;\">\u00d8 370 mm x 400 mm | Modul 7<\/h3>\n<p>&nbsp;[\/vc_column_text][vc_column_text css=&#8221;.vc_custom_1694515519652{padding-right: 30px !important;padding-left: 30px !important;}&#8221;]<\/p>\n<table border=\"0\" width=\"320\" cellspacing=\"0\" cellpadding=\"0\">\n<colgroup>\n<col width=\"97\" \/>\n<col width=\"136\" \/>\n<col width=\"87\" \/><\/colgroup>\n<tbody>\n<tr>\n<td class=\"xl65\" width=\"97\" height=\"28\"><strong>Stroj<\/strong><\/td>\n<td class=\"xl65\" width=\"136\"><strong>\u00d8 max [mm]<\/strong><\/td>\n<td class=\"xl65\" width=\"87\"><strong>Modul<\/strong><\/td>\n<\/tr>\n<tr>\n<td height=\"20\">Burri BZ370<\/td>\n<td align=\"right\">360<\/td>\n<td align=\"right\">7<\/td>\n<\/tr>\n<\/tbody>\n<\/table>\n<p>&nbsp;[\/vc_column_text][\/vc_column][\/vc_row][vc_row full_width=&#8221;stretch_row&#8221; css=&#8221;.vc_custom_1706509912284{background-color: #f9f9f9 !important;}&#8221;][vc_column width=&#8221;1\/6&#8243;][\/vc_column][vc_column width=&#8221;2\/3&#8243;][vc_column_text]<\/p>\n<h1 style=\"font-size: 42px; text-align: center;\">Br\u00fasenie ozuben\u00fdch kolies<\/h1>\n<p>[\/vc_column_text][vc_separator border_width=&#8221;2&#8243; css=&#8221;.vc_custom_1542025311822{margin-bottom: 20px !important;}&#8221;][\/vc_column][vc_column width=&#8221;1\/6&#8243;][\/vc_column][\/vc_row][vc_row full_width=&#8221;stretch_row&#8221; css=&#8221;.vc_custom_1706509934356{background-color: #f9f9f9 !important;}&#8221;][vc_column][vc_column_text css=&#8221;&#8221; basel_color_scheme=&#8221;dark&#8221;]<\/p>\n<p data-start=\"855\" data-end=\"1126\">Br\u00fasenie ozuben\u00fdch kolies je ide\u00e1lnym rie\u0161en\u00edm pre t\u00fdch, ktor\u00ed h\u013eadaj\u00fa presn\u00e9 a vysoko kvalitn\u00e9 br\u00fasen\u00e9 ozuben\u00e9 koles\u00e1. V\u010faka na\u0161ej \u0161pi\u010dkovej technol\u00f3gii a odborn\u00fdm znalostiam zabezpe\u010dujeme, \u017ee ka\u017ed\u00fd zub je dokon\u010den\u00fd s maxim\u00e1lnou presnos\u0165ou a prekon\u00e1va v\u0161etky o\u010dak\u00e1vania.<\/p>\n<p><\/p>\n<p data-start=\"1128\" data-end=\"1397\">N\u00e1\u0161 proces br\u00fasenia ozuben\u00fdch kolies je vykon\u00e1van\u00fd s maxim\u00e1lnou presnos\u0165ou, aby zaru\u010dil v\u00fdnimo\u010dn\u00e9 v\u00fdsledky. Ka\u017ed\u00e9 ozuben\u00e9 koleso prech\u00e1dza prec\u00edznym br\u00fasen\u00edm, \u010do vedie k dokonal\u00e9mu povrchu zubov. Zabudnite na nedokonalosti a u\u017e\u00edvajte si najhlad\u0161\u00ed chod ozuben\u00fdch kolies.<\/p>\n<p><\/p>\n<p data-start=\"1399\" data-end=\"1600\">Tajomstvo na\u0161ej \u0161pi\u010dkovej kvality spo\u010d\u00edva v udr\u017eiavan\u00ed <strong data-start=\"1454\" data-end=\"1487\">ve\u013emi n\u00edzkej drsnosti povrchu<\/strong>. T\u00e1to d\u00f4kladn\u00e1 pozornos\u0165 k detailu zabezpe\u010duje plynul\u00fa prev\u00e1dzku, minimalizuje trenie a maximalizuje efektivitu.<\/p>\n<p><\/p>\n<p data-start=\"1602\" data-end=\"1924\">Vysk\u00fa\u0161ajte v\u00fdhody na\u0161ej expert\u00edzy v oblasti br\u00fasenia ozuben\u00fdch kolies. Na\u0161e br\u00fasen\u00e9 ozuben\u00e9 koles\u00e1 s\u00fa zn\u00e1me svojou vysokou kvalitou a presnos\u0165ou, v\u010faka \u010domu s\u00fa ide\u00e1lne pre \u0161irok\u00fa \u0161k\u00e1lu aplik\u00e1ci\u00ed. \u010ci u\u017e p\u00f4sob\u00edte v <strong data-start=\"1815\" data-end=\"1869\">automobilovom, leteckom alebo priemyselnom sektore<\/strong>, na\u0161e presn\u00e9 br\u00fasenie spln\u00ed a prekon\u00e1 va\u0161e po\u017eiadavky.<\/p>\n<p><\/p>\n<p data-start=\"1926\" data-end=\"2101\">Investujte do br\u00fasenia ozuben\u00fdch kolies, ktor\u00e9 prin\u00e1\u0161a <strong data-start=\"1981\" data-end=\"2018\">bezkonkuren\u010dn\u00fa presnos\u0165 a kvalitu<\/strong>. D\u00f4verujte na\u0161im sk\u00fasenostiam a vyu\u017eite v\u00fdhody br\u00fasenia zubov na najvy\u0161\u0161ej \u00farovni.<\/p>\n<p><\/p>\n<p data-start=\"2103\" data-end=\"2248\" data-is-last-node=\"\" data-is-only-node=\"\">H\u013ead\u00e1te \u0161tandardn\u00e9 rie\u0161enie pre rezanie ozuben\u00fdch kolies? Pozrite si aj na\u0161u slu\u017ebu <strong data-start=\"2187\" data-end=\"2247\">odva\u013eovacieho fr\u00e9zovania ozuben\u00fdch kolies (gear hobbing)<\/strong>.<\/p>\n<p>[\/vc_column_text][\/vc_column][\/vc_row]<\/p>\n<\/div>","protected":false},"excerpt":{"rendered":"<p>[vc_section full_width=&#8221;stretch_row&#8221; css=&#8221;.vc_custom_1542025240624{background-color: #f9f9f9 !important;}&#8221;][vc_row css=&#8221;.vc_custom_1542025031874{background-color: #f9f9f9 !important;}&#8221;][vc_column width=&#8221;1\/6&#8243;][\/vc_column][vc_column width=&#8221;2\/3&#8243;][vc_column_text] Br\u00fasenie ozuben\u00fdch kolies [\/vc_column_text][vc_separator border_width=&#8221;2&#8243; css=&#8221;.vc_custom_1542025311822{margin-bottom: 20px !important;}&#8221;][\/vc_column][vc_column width=&#8221;1\/6&#8243;][\/vc_column][\/vc_row][vc_row css=&#8221;.vc_custom_1542025040822{background-color:<\/p>\n","protected":false},"author":3,"featured_media":0,"parent":0,"menu_order":0,"comment_status":"closed","ping_status":"closed","template":"","meta":{"footnotes":""},"class_list":["post-51750","page","type-page","status-publish","hentry"],"_links":{"self":[{"href":"https:\/\/nttgroup.com\/sk\/wp-json\/wp\/v2\/pages\/51750","targetHints":{"allow":["GET"]}}],"collection":[{"href":"https:\/\/nttgroup.com\/sk\/wp-json\/wp\/v2\/pages"}],"about":[{"href":"https:\/\/nttgroup.com\/sk\/wp-json\/wp\/v2\/types\/page"}],"author":[{"embeddable":true,"href":"https:\/\/nttgroup.com\/sk\/wp-json\/wp\/v2\/users\/3"}],"replies":[{"embeddable":true,"href":"https:\/\/nttgroup.com\/sk\/wp-json\/wp\/v2\/comments?post=51750"}],"version-history":[{"count":5,"href":"https:\/\/nttgroup.com\/sk\/wp-json\/wp\/v2\/pages\/51750\/revisions"}],"predecessor-version":[{"id":51774,"href":"https:\/\/nttgroup.com\/sk\/wp-json\/wp\/v2\/pages\/51750\/revisions\/51774"}],"wp:attachment":[{"href":"https:\/\/nttgroup.com\/sk\/wp-json\/wp\/v2\/media?parent=51750"}],"curies":[{"name":"wp","href":"https:\/\/api.w.org\/{rel}","templated":true}]}}