{"id":51777,"date":"2026-03-09T08:41:53","date_gmt":"2026-03-09T08:41:53","guid":{"rendered":"https:\/\/nttgroup.com\/cmm-kontrola\/"},"modified":"2026-04-25T09:55:03","modified_gmt":"2026-04-25T09:55:03","slug":"cmm-kontrola","status":"publish","type":"page","link":"https:\/\/nttgroup.com\/sk\/cmm-kontrola\/","title":{"rendered":"CMM kontrola"},"content":{"rendered":"<div class=\"wpb-content-wrapper\"><p>[vc_section full_width=&#8221;stretch_row&#8221; css=&#8221;.vc_custom_1542025240624{background-color: #f9f9f9 !important;}&#8221;][vc_row css=&#8221;.vc_custom_1542025031874{background-color: #f9f9f9 !important;}&#8221;][vc_column width=&#8221;1\/6&#8243;][\/vc_column][vc_column width=&#8221;2\/3&#8243;][vc_column_text]<\/p>\n<h1 style=\"font-size: 42px; text-align: center;\">CMM kontrola<\/h1>\n<p>&nbsp;[\/vc_column_text][vc_separator border_width=&#8221;2&#8243; css=&#8221;.vc_custom_1542025311822{margin-bottom: 20px !important;}&#8221;][\/vc_column][vc_column width=&#8221;1\/6&#8243;][\/vc_column][\/vc_row][vc_row css=&#8221;.vc_custom_1542025040822{background-color: #f9f9f9 !important;}&#8221;][vc_column width=&#8221;1\/3&#8243;]\t\t\t<div class=\" basel-info-box text-center icon-alignment-top box-style-base color-scheme-dark  with-animation \" onclick=\"\">\n\t\t\t\t\t\t\t\t<div class=\"info-box-content\">\n\t\t\t\t\t<div class=\"info-box-inner\">\n\t\t\t\t\t\t<\/p>\n<h2>Flexibilita<\/h2>\n<p>Parts up to 1000mm<\/p>\n\t\t\t\t\t<\/div>\n\t\t\t\t<\/div>\n\t\t\t<\/div>\n\t\t[\/vc_column][vc_column width=&#8221;1\/3&#8243;]\t\t\t<div class=\" basel-info-box text-center icon-alignment-top box-style-base color-scheme-dark  with-animation \" onclick=\"\">\n\t\t\t\t\t\t\t\t<div class=\"info-box-content\">\n\t\t\t\t\t<div class=\"info-box-inner\">\n\t\t\t\t\t\t<\/p>\n<h2>Najvy\u0161\u0161ia kvalita<\/h2>\n<p>Garantovan\u00e1 spolo\u010dnos\u0165ou <strong data-start=\"492\" data-end=\"502\">Wenzel<\/strong><\/p>\n\t\t\t\t\t<\/div>\n\t\t\t\t<\/div>\n\t\t\t<\/div>\n\t\t[\/vc_column][vc_column width=&#8221;1\/3&#8243;]\t\t\t<div class=\" basel-info-box text-center icon-alignment-top box-style-base color-scheme-dark  with-animation \" onclick=\"\">\n\t\t\t\t\t\t\t\t<div class=\"info-box-content\">\n\t\t\t\t\t<div class=\"info-box-inner\">\n\t\t\t\t\t\t<\/p>\n<h2>Protokoly z merania<\/h2>\n<p>Kompletn\u00e9 meracie protokoly pre ka\u017ed\u00fd diel<\/p>\n\t\t\t\t\t<\/div>\n\t\t\t\t<\/div>\n\t\t\t<\/div>\n\t\t[\/vc_column][\/vc_row][\/vc_section][vc_row full_width=&#8221;stretch_row_content_no_spaces&#8221; content_placement=&#8221;top&#8221; css=&#8221;.vc_custom_1706509972045{margin-top: 40px !important;margin-bottom: 40px !important;}&#8221;][vc_column width=&#8221;1\/2&#8243; offset=&#8221;vc_col-md-6&#8243;][vc_single_image image=&#8221;15515&#8243; img_size=&#8221;500x&#8221; alignment=&#8221;center&#8221;][\/vc_column][vc_column width=&#8221;1\/2&#8243; css=&#8221;.vc_custom_1485009354843{margin-top: 25px !important;margin-bottom: 40px !important;padding-right: 10% !important;padding-left: 10% !important;}&#8221; offset=&#8221;vc_col-md-6&#8243;][vc_column_text css=&#8221;.vc_custom_1694516946522{margin-bottom: 30px !important;}&#8221;]<\/p>\n<p><\/p>\n<h1 class=\"font-title\" style=\"text-align: center; font-size: 42px; text-transform: capitalize;\"><span style=\"border-bottom: 1px solid #BDBDBD; padding-bottom: 4px;\">CMM<\/span><\/h1>\n<p><\/p>\n<h3 class=\"LC20lb\" style=\"text-align: center;\">1000x800x700<\/h3>\n<p><\/p>\n<p>[\/vc_column_text][vc_column_text css=&#8221;.vc_custom_1694516977714{padding-right: 30px !important;padding-left: 30px !important;}&#8221;]<\/p>\n<table border=\"0\" width=\"332\" cellspacing=\"0\" cellpadding=\"0\">\n<colgroup>\n<col width=\"196\" \/>\n<col width=\"136\" \/><\/colgroup>\n<tbody>\n<tr>\n<td class=\"xl65\" width=\"196\" height=\"28\">\n<table class=\"w-fit min-w-(--thread-content-width)\" data-start=\"574\" data-end=\"653\">\n<thead data-start=\"574\" data-end=\"593\">\n<tr data-start=\"574\" data-end=\"593\">\n<th class=\"\" data-start=\"574\" data-end=\"582\" data-col-size=\"sm\">Stroj<\/th>\n<\/tr>\n<\/thead>\n<\/table>\n<p><\/td>\n<p><\/p>\n<td class=\"xl65\" width=\"136\"><strong>\u00a0Ve\u013ekos\u0165<\/strong><\/td>\n<p><\/tr>\n<p><\/p>\n<tr>\n<td height=\"20\">Wenzel Liberty XO87<\/td>\n<td>800x1000x700<\/td>\n<\/tr>\n<p><\/tbody>\n<p><\/table>\n<p>&nbsp;[\/vc_column_text][\/vc_column][\/vc_row][vc_row full_width=&#8221;stretch_row&#8221; css=&#8221;.vc_custom_1706509912284{background-color: #f9f9f9 !important;}&#8221;][vc_column width=&#8221;1\/6&#8243;][\/vc_column][vc_column width=&#8221;2\/3&#8243;][vc_column_text]<\/p>\n<p><\/p>\n<h1 style=\"font-size: 42px; text-align: center;\"><span class=\"color-primary\">Kontrola kvality<\/span><\/h1>\n<p><\/p>\n<p>[\/vc_column_text][vc_separator border_width=&#8221;2&#8243; css=&#8221;.vc_custom_1542025311822{margin-bottom: 20px !important;}&#8221;][\/vc_column][vc_column width=&#8221;1\/6&#8243;][\/vc_column][\/vc_row][vc_row full_width=&#8221;stretch_row&#8221; css=&#8221;.vc_custom_1706509934356{background-color: #f9f9f9 !important;}&#8221;][vc_column][vc_column_text css=&#8221;&#8221; basel_color_scheme=&#8221;dark&#8221;]<\/p>\n<p data-start=\"681\" data-end=\"951\">Kontrola kvality je nevyhnutn\u00e1 na zabezpe\u010denie konzistentnosti a spo\u013eahlivosti v\u00fdrobkov. Jednou z \u00fa\u010dinn\u00fdch met\u00f3d je <strong data-start=\"797\" data-end=\"844\">CMM (Coordinate Measuring Machine) kontrola<\/strong>, ktor\u00e1 vyu\u017e\u00edva pokro\u010dil\u00e9 techniky merania ozuben\u00fdch kolies na dosiahnutie presn\u00fdch toleranci\u00ed v mikr\u00f3noch.<\/p>\n<p><\/p>\n<p data-start=\"953\" data-end=\"1125\" data-is-last-node=\"\" data-is-only-node=\"\">Tento proces kontroly sa vykon\u00e1va pomocou modern\u00fdch merac\u00edch zariaden\u00ed a vy\u017eaduje kombin\u00e1ciu odborn\u00fdch znalost\u00ed a sk\u00fasenost\u00ed, aby bolo mo\u017en\u00e9 presne pos\u00fadi\u0165 kvalitu v\u00fdrobku.<\/p>\n<p>[\/vc_column_text][\/vc_column][\/vc_row]<\/p>\n<\/div>","protected":false},"excerpt":{"rendered":"<p>[vc_section full_width=&#8221;stretch_row&#8221; css=&#8221;.vc_custom_1542025240624{background-color: #f9f9f9 !important;}&#8221;][vc_row css=&#8221;.vc_custom_1542025031874{background-color: #f9f9f9 !important;}&#8221;][vc_column width=&#8221;1\/6&#8243;][\/vc_column][vc_column width=&#8221;2\/3&#8243;][vc_column_text] CMM kontrola &nbsp;[\/vc_column_text][vc_separator border_width=&#8221;2&#8243; css=&#8221;.vc_custom_1542025311822{margin-bottom: 20px !important;}&#8221;][\/vc_column][vc_column width=&#8221;1\/6&#8243;][\/vc_column][\/vc_row][vc_row css=&#8221;.vc_custom_1542025040822{background-color: #f9f9f9<\/p>\n","protected":false},"author":3,"featured_media":0,"parent":0,"menu_order":0,"comment_status":"closed","ping_status":"closed","template":"","meta":{"footnotes":""},"class_list":["post-51777","page","type-page","status-publish","hentry"],"_links":{"self":[{"href":"https:\/\/nttgroup.com\/sk\/wp-json\/wp\/v2\/pages\/51777","targetHints":{"allow":["GET"]}}],"collection":[{"href":"https:\/\/nttgroup.com\/sk\/wp-json\/wp\/v2\/pages"}],"about":[{"href":"https:\/\/nttgroup.com\/sk\/wp-json\/wp\/v2\/types\/page"}],"author":[{"embeddable":true,"href":"https:\/\/nttgroup.com\/sk\/wp-json\/wp\/v2\/users\/3"}],"replies":[{"embeddable":true,"href":"https:\/\/nttgroup.com\/sk\/wp-json\/wp\/v2\/comments?post=51777"}],"version-history":[{"count":5,"href":"https:\/\/nttgroup.com\/sk\/wp-json\/wp\/v2\/pages\/51777\/revisions"}],"predecessor-version":[{"id":53523,"href":"https:\/\/nttgroup.com\/sk\/wp-json\/wp\/v2\/pages\/51777\/revisions\/53523"}],"wp:attachment":[{"href":"https:\/\/nttgroup.com\/sk\/wp-json\/wp\/v2\/media?parent=51777"}],"curies":[{"name":"wp","href":"https:\/\/api.w.org\/{rel}","templated":true}]}}