{"id":51819,"date":"2026-03-09T08:50:11","date_gmt":"2026-03-09T08:50:11","guid":{"rendered":"https:\/\/nttgroup.com\/cnc-rezanie-hrebenovych-ozubeni\/"},"modified":"2026-03-09T08:50:22","modified_gmt":"2026-03-09T08:50:22","slug":"cnc-rezanie-hrebenovych-ozubeni","status":"publish","type":"page","link":"https:\/\/nttgroup.com\/sk\/cnc-rezanie-hrebenovych-ozubeni\/","title":{"rendered":"CNC rezanie hrebe\u0148ov\u00fdch ozuben\u00ed"},"content":{"rendered":"<div class=\"wpb-content-wrapper\"><p>[vc_section full_width=&#8221;stretch_row&#8221; css=&#8221;.vc_custom_1542025240624{background-color: #f9f9f9 !important;}&#8221;][vc_row css=&#8221;.vc_custom_1542025031874{background-color: #f9f9f9 !important;}&#8221;][vc_column width=&#8221;1\/6&#8243;][\/vc_column][vc_column width=&#8221;2\/3&#8243;][vc_column_text]<\/p>\n<h4 style=\"font-size: 42px; text-align: center;\">CNC rezanie hrebe\u0148ov\u00fdch ozuben\u00ed<\/h4>\n<p>&nbsp;[\/vc_column_text][vc_separator border_width=&#8221;2&#8243; css=&#8221;.vc_custom_1542025311822{margin-bottom: 20px !important;}&#8221;][\/vc_column][vc_column width=&#8221;1\/6&#8243;][\/vc_column][\/vc_row][vc_row css=&#8221;.vc_custom_1542025040822{background-color: #f9f9f9 !important;}&#8221;][vc_column width=&#8221;1\/3&#8243;]\t\t\t<div class=\" basel-info-box text-center icon-alignment-top box-style-base color-scheme-dark  with-animation \" onclick=\"\">\n\t\t\t\t\t\t\t\t<div class=\"info-box-content\">\n\t\t\t\t\t<div class=\"info-box-inner\">\n\t\t\t\t\t\t<\/p>\n<h2>Vysok\u00e1 kvalita<\/h2>\n<p>Dok\u00e1\u017eeme vyr\u00e1ba\u0165 ozuben\u00e9 hrebe\u0148e vo ve\u013emi presn\u00fdch toleranci\u00e1ch.<\/p>\n\t\t\t\t\t<\/div>\n\t\t\t\t<\/div>\n\t\t\t<\/div>\n\t\t[\/vc_column][vc_column width=&#8221;1\/3&#8243;]\t\t\t<div class=\" basel-info-box text-center icon-alignment-top box-style-base color-scheme-dark  with-animation \" onclick=\"\">\n\t\t\t\t\t\t\t\t<div class=\"info-box-content\">\n\t\t\t\t\t<div class=\"info-box-inner\">\n\t\t\t\t\t\t<\/p>\n<h2>Ne\u0161tandardn\u00e9 rie\u0161enia<\/h2>\n<p>\u0160tandardn\u00e1 d\u013a\u017eka je <strong data-start=\"637\" data-end=\"652\">a\u017e do 3,2 m<\/strong>. Dlh\u0161ie rozmery s\u00fa mo\u017en\u00e9 na \u0161peci\u00e1lnu objedn\u00e1vku.<\/p>\n\t\t\t\t\t<\/div>\n\t\t\t\t<\/div>\n\t\t\t<\/div>\n\t\t[\/vc_column][vc_column width=&#8221;1\/3&#8243;]\t\t\t<div class=\" basel-info-box text-center icon-alignment-top box-style-base color-scheme-dark  with-animation \" onclick=\"\">\n\t\t\t\t\t\t\t\t<div class=\"info-box-content\">\n\t\t\t\t\t<div class=\"info-box-inner\">\n\t\t\t\t\t\t<\/p>\n<h2>Modul<\/h2>\n<\/p>\n<p>Od modulu 0.5 do 20<\/p>\n\t\t\t\t\t<\/div>\n\t\t\t\t<\/div>\n\t\t\t<\/div>\n\t\t[\/vc_column][\/vc_row]<\/p>\n<p>[\/vc_section]<\/p>\n<p>[vc_row full_width=&#8221;stretch_row_content_no_spaces&#8221; content_placement=&#8221;top&#8221; css=&#8221;.vc_custom_1542028241205{margin-top: 40px !important;margin-bottom: -40px !important;}&#8221;][vc_column width=&#8221;1\/2&#8243; offset=&#8221;vc_col-md-6&#8243;][vc_single_image image=&#8221;15505&#8243; img_size=&#8221;500x&#8221; alignment=&#8221;center&#8221;][\/vc_column][vc_column width=&#8221;1\/2&#8243; css=&#8221;.vc_custom_1716827582547{margin-top: 25px !important;margin-bottom: 80px !important;padding-right: 10% !important;padding-left: 10% !important;}&#8221; offset=&#8221;vc_col-md-6&#8243;][vc_column_text css=&#8221;.vc_custom_1694515784086{margin-bottom: 30px !important;}&#8221;]<\/p>\n<h1 class=\"font-title\" style=\"text-align: center; font-size: 42px; text-transform: capitalize;\">CNC rezanie hrebe\u0148ov<\/h1>\n<p><\/p>\n<h3 class=\"LC20lb\" style=\"text-align: center;\">L=3200 mm | Modul 20<\/h3>\n<p>&nbsp;[\/vc_column_text][vc_column_text css=&#8221;.vc_custom_1694515859982{padding-right: 30px !important;padding-left: 30px !important;}&#8221;]<\/p>\n<table border=\"0\" width=\"361\" cellspacing=\"0\" cellpadding=\"0\">\n<colgroup>\n<col width=\"133\" \/>\n<col width=\"141\" \/>\n<col width=\"87\" \/><\/colgroup>\n<tbody>\n<tr>\n<td class=\"xl65\" width=\"133\" height=\"28\">\n<table class=\"w-fit min-w-(--thread-content-width)\" data-start=\"771\" data-end=\"832\" data-is-last-node=\"\" data-is-only-node=\"\">\n<thead data-start=\"771\" data-end=\"801\">\n<tr data-start=\"771\" data-end=\"801\">\n<th class=\"\" data-start=\"771\" data-end=\"779\" data-col-size=\"sm\">Stroj<\/th>\n<\/tr>\n<\/thead>\n<\/table>\n<p><\/td>\n<p><\/p>\n<td class=\"xl65\" width=\"141\"><strong>D\u013a\u017eka[mm]<\/strong><\/td>\n<p><\/p>\n<td class=\"xl65\" width=\"87\"><strong>Modul<\/strong><\/td>\n<p><\/tr>\n<p><\/p>\n<tr>\n<td height=\"20\">Kesel RMS 3200<\/td>\n<td align=\"right\">3200<\/td>\n<td align=\"right\">20<\/td>\n<\/tr>\n<p><\/p>\n<tr>\n<td height=\"20\">Kesel RMS 2100<\/td>\n<td align=\"right\">2100<\/td>\n<td align=\"right\">20<\/td>\n<\/tr>\n<p><\/tbody>\n<p><\/table>\n<p>&nbsp;[\/vc_column_text][\/vc_column][\/vc_row][vc_row][vc_column][vc_separator color=&#8221;white&#8221; css=&#8221;.vc_custom_1716832365631{margin-top: 20px !important;margin-bottom: 50px !important;}&#8221;][\/vc_column][\/vc_row]<\/p>\n<\/div>","protected":false},"excerpt":{"rendered":"<p>[vc_section full_width=&#8221;stretch_row&#8221; css=&#8221;.vc_custom_1542025240624{background-color: #f9f9f9 !important;}&#8221;][vc_row css=&#8221;.vc_custom_1542025031874{background-color: #f9f9f9 !important;}&#8221;][vc_column width=&#8221;1\/6&#8243;][\/vc_column][vc_column width=&#8221;2\/3&#8243;][vc_column_text] CNC rezanie hrebe\u0148ov\u00fdch ozuben\u00ed &nbsp;[\/vc_column_text][vc_separator border_width=&#8221;2&#8243; css=&#8221;.vc_custom_1542025311822{margin-bottom: 20px !important;}&#8221;][\/vc_column][vc_column width=&#8221;1\/6&#8243;][\/vc_column][\/vc_row][vc_row<\/p>\n","protected":false},"author":3,"featured_media":0,"parent":0,"menu_order":0,"comment_status":"closed","ping_status":"closed","template":"","meta":{"footnotes":""},"class_list":["post-51819","page","type-page","status-publish","hentry"],"_links":{"self":[{"href":"https:\/\/nttgroup.com\/sk\/wp-json\/wp\/v2\/pages\/51819","targetHints":{"allow":["GET"]}}],"collection":[{"href":"https:\/\/nttgroup.com\/sk\/wp-json\/wp\/v2\/pages"}],"about":[{"href":"https:\/\/nttgroup.com\/sk\/wp-json\/wp\/v2\/types\/page"}],"author":[{"embeddable":true,"href":"https:\/\/nttgroup.com\/sk\/wp-json\/wp\/v2\/users\/3"}],"replies":[{"embeddable":true,"href":"https:\/\/nttgroup.com\/sk\/wp-json\/wp\/v2\/comments?post=51819"}],"version-history":[{"count":5,"href":"https:\/\/nttgroup.com\/sk\/wp-json\/wp\/v2\/pages\/51819\/revisions"}],"predecessor-version":[{"id":51834,"href":"https:\/\/nttgroup.com\/sk\/wp-json\/wp\/v2\/pages\/51819\/revisions\/51834"}],"wp:attachment":[{"href":"https:\/\/nttgroup.com\/sk\/wp-json\/wp\/v2\/media?parent=51819"}],"curies":[{"name":"wp","href":"https:\/\/api.w.org\/{rel}","templated":true}]}}