{"id":52020,"date":"2026-03-09T09:51:22","date_gmt":"2026-03-09T09:51:22","guid":{"rendered":"https:\/\/nttgroup.com\/odvalovacie-frezovanie-rezanie-ozubenych-kolies\/"},"modified":"2026-03-09T09:51:54","modified_gmt":"2026-03-09T09:51:54","slug":"odvalovacie-frezovanie-rezanie-ozubenych-kolies","status":"publish","type":"page","link":"https:\/\/nttgroup.com\/sk\/odvalovacie-frezovanie-rezanie-ozubenych-kolies\/","title":{"rendered":"Odva\u013eovacie fr\u00e9zovanie \/ rezanie ozuben\u00fdch kolies"},"content":{"rendered":"<div class=\"wpb-content-wrapper\"><p>[vc_section full_width=&#8221;stretch_row&#8221; css=&#8221;.vc_custom_1542025240624{background-color: #f9f9f9 !important;}&#8221;][vc_row css=&#8221;.vc_custom_1542025031874{background-color: #f9f9f9 !important;}&#8221;][vc_column width=&#8221;1\/6&#8243;][\/vc_column][vc_column width=&#8221;2\/3&#8243;][vc_column_text]<\/p>\n<h4 style=\"font-size: 42px; text-align: center;\">CNC a manu\u00e1lne odva\u013eovacie fr\u00e9zovanie ozuben\u00fdch kolies<\/h4>\n<p>&nbsp;[\/vc_column_text][vc_separator border_width=&#8221;2&#8243; css=&#8221;.vc_custom_1542025311822{margin-bottom: 20px !important;}&#8221;][\/vc_column][vc_column width=&#8221;1\/6&#8243;][\/vc_column][\/vc_row][vc_row css=&#8221;.vc_custom_1542025040822{background-color: #f9f9f9 !important;}&#8221;][vc_column width=&#8221;1\/3&#8243;]\t\t\t<div class=\" basel-info-box text-center icon-alignment-top box-style-base color-scheme-dark  with-animation \" onclick=\"\">\n\t\t\t\t\t\t\t\t<div class=\"info-box-content\">\n\t\t\t\t\t<div class=\"info-box-inner\">\n\t\t\t\t\t\t<\/p>\n<h2>Automatick\u00e9 nakladanie<\/h2>\n<p>Automatick\u00e9 pod\u00e1va\u010de dielov zvy\u0161uj\u00fa na\u0161u produktivitu a\u017e do <strong data-start=\"615\" data-end=\"627\">modulu 5<\/strong>.<\/p>\n\t\t\t\t\t<\/div>\n\t\t\t\t<\/div>\n\t\t\t<\/div>\n\t\t[\/vc_column][vc_column width=&#8221;1\/3&#8243;]\t\t\t<div class=\" basel-info-box text-center icon-alignment-top box-style-base color-scheme-dark  with-animation \" onclick=\"\">\n\t\t\t\t\t\t\t\t<div class=\"info-box-content\">\n\t\t\t\t\t<div class=\"info-box-inner\">\n\t\t\t\t\t\t<\/p>\n<h2>Kvalita 6<\/h2>\n<p>V\u010faka technol\u00f3gii <strong data-start=\"664\" data-end=\"675\">skiving<\/strong> dosahujeme \u00farove\u0148 kvality <strong data-start=\"702\" data-end=\"711\">DIN 6<\/strong>.<\/p>\n\t\t\t\t\t<\/div>\n\t\t\t\t<\/div>\n\t\t\t<\/div>\n\t\t[\/vc_column][vc_column width=&#8221;1\/3&#8243;]\t\t\t<div class=\" basel-info-box text-center icon-alignment-top box-style-base color-scheme-dark  with-animation \" onclick=\"\">\n\t\t\t\t\t\t\t\t<div class=\"info-box-content\">\n\t\t\t\t\t<div class=\"info-box-inner\">\n\t\t\t\t\t\t<\/p>\n<h2>Ka\u017ed\u00fd modul<\/h2>\n<p>Od <strong data-start=\"735\" data-end=\"758\">modulu 0,3 a\u017e do 50<\/strong>.<\/p>\n\t\t\t\t\t<\/div>\n\t\t\t\t<\/div>\n\t\t\t<\/div>\n\t\t[\/vc_column][\/vc_row]<\/p>\n<p>[\/vc_section]<\/p>\n<p>[vc_row full_width=&#8221;stretch_row_content_no_spaces&#8221; content_placement=&#8221;top&#8221; css=&#8221;.vc_custom_1542028241205{margin-top: 40px !important;margin-bottom: -40px !important;}&#8221;][vc_column width=&#8221;1\/2&#8243; offset=&#8221;vc_col-md-6&#8243;][vc_single_image image=&#8221;14863&#8243; img_size=&#8221;500x&#8221; alignment=&#8221;center&#8221;][\/vc_column][vc_column width=&#8221;1\/2&#8243; css=&#8221;.vc_custom_1485009354843{margin-top: 25px !important;margin-bottom: 40px !important;padding-right: 10% !important;padding-left: 10% !important;}&#8221; offset=&#8221;vc_col-md-6&#8243;][vc_column_text css=&#8221;.vc_custom_1694195889774{margin-bottom: 30px !important;}&#8221;]<\/p>\n<h1 class=\"font-title\" style=\"text-align: center; font-size: 42px; text-transform: capitalize;\">CNC odva\u013eovacie fr\u00e9zovanie ozuben\u00fdch kolies<\/h1>\n<p><\/p>\n<h3 class=\"LC20lb\" style=\"text-align: center;\">\u00d8 1000 mm x 800 mm | Modul 12<\/h3>\n<p>&nbsp;[\/vc_column_text][vc_column_text css=&#8221;.vc_custom_1760610724157{padding-right: 30px !important;padding-left: 30px !important;}&#8221; basel_color_scheme=&#8221;dark&#8221;]CNC stroje <strong data-start=\"859\" data-end=\"867\">EMAG<\/strong> s automatick\u00fdm pod\u00e1va\u010dom dielov s\u00fa skvel\u00fdm rie\u0161en\u00edm pre <strong data-start=\"924\" data-end=\"962\">malos\u00e9riov\u00fa aj ve\u013ekos\u00e9riov\u00fa v\u00fdrobu<\/strong>. A\u017e <strong data-start=\"967\" data-end=\"986\">9 riaden\u00fdch os\u00ed<\/strong>!<\/p>\n<table border=\"0\" width=\"572\" cellspacing=\"0\" cellpadding=\"0\">\n<colgroup>\n<col width=\"189\" \/>\n<col width=\"113\" \/>\n<col width=\"87\" \/>\n<col width=\"96\" \/>\n<col width=\"87\" \/><\/colgroup>\n<tbody>\n<tr>\n<td class=\"xl66\" width=\"189\" height=\"28\"><strong>Stroj<\/strong><\/td>\n<td class=\"xl66\" width=\"113\"><strong>\u00d8 max [mm]<\/strong><\/td>\n<td class=\"xl66\" width=\"87\"><strong>Modul<\/strong><\/td>\n<td class=\"xl66\" width=\"96\"><strong>Nakladanie<\/strong><\/td>\n<td class=\"xl66\" width=\"87\"><strong>Po\u010det<\/strong><\/td>\n<\/tr>\n<tr>\n<td class=\"xl65\" height=\"20\">EMAG Koepfer K160<\/td>\n<td align=\"right\">150<\/td>\n<td align=\"right\">3<\/td>\n<td>robot<\/td>\n<td align=\"right\">2<\/td>\n<\/tr>\n<tr>\n<td class=\"xl65\" height=\"20\">EMAG Koepfer K200<\/td>\n<td align=\"right\">200<\/td>\n<td align=\"right\">4<\/td>\n<td>robot<\/td>\n<td align=\"right\">3<\/td>\n<\/tr>\n<tr>\n<td class=\"xl65\" height=\"20\">EMAG Koepfer K300<\/td>\n<td align=\"right\">200<\/td>\n<td align=\"right\">6<\/td>\n<td>robot<\/td>\n<td align=\"right\">6<\/td>\n<\/tr>\n<tr>\n<td class=\"xl65\" height=\"20\">EMAG Koepfer K300<\/td>\n<td align=\"right\">200<\/td>\n<td align=\"right\">6<\/td>\n<td><\/td>\n<td align=\"right\">1<\/td>\n<\/tr>\n<tr>\n<td class=\"xl65\" height=\"20\">EMAG Richardon R200<\/td>\n<td align=\"right\">600<\/td>\n<td align=\"right\">10<\/td>\n<td><\/td>\n<td align=\"right\">1<\/td>\n<\/tr>\n<tr>\n<td class=\"xl65\" height=\"20\">EMAG Richardon R300<\/td>\n<td align=\"right\">800<\/td>\n<td align=\"right\">12<\/td>\n<td><\/td>\n<td align=\"right\">1<\/td>\n<\/tr>\n<tr>\n<td class=\"xl65\" height=\"20\">EMAG Richardon R500<\/td>\n<td align=\"right\">1000<\/td>\n<td align=\"right\">12<\/td>\n<td><\/td>\n<td align=\"right\">2<\/td>\n<\/tr>\n<\/tbody>\n<\/table>\n<p>&nbsp;[\/vc_column_text][\/vc_column][\/vc_row][vc_row full_width=&#8221;stretch_row_content_no_spaces&#8221; content_placement=&#8221;middle&#8221; css=&#8221;.vc_custom_1706594200932{margin-top: -40px !important;margin-bottom: 40px !important;background-color: #f9f9f9 !important;}&#8221;][vc_column width=&#8221;1\/2&#8243; css=&#8221;.vc_custom_1485009354843{margin-top: 25px !important;margin-bottom: 40px !important;padding-right: 10% !important;padding-left: 10% !important;}&#8221; offset=&#8221;vc_col-md-6&#8243;][vc_column_text css=&#8221;.vc_custom_1542047837349{margin-bottom: 30px !important;}&#8221;]<\/p>\n<h1 class=\"font-title\" style=\"text-align: center; font-size: 42px; text-transform: capitalize;\">Odva\u013eovacie fr\u00e9zovanie ozuben\u00fdch kolies \u2013 vertik\u00e1lne stroje<\/h1>\n<p><\/p>\n<h3 class=\"LC20lb\" style=\"text-align: center;\">\u00d8 3000 mm \u00a0| Modul 30<\/h3>\n<p>&nbsp;[\/vc_column_text][vc_column_text css=&#8221;.vc_custom_1694195996571{padding-right: 30px !important;padding-left: 30px !important;}&#8221;]N\u00e1\u0161 park vertik\u00e1lnych strojov na odva\u013eovacie fr\u00e9zovanie ozuben\u00fdch kolies zah\u0155\u0148a nasleduj\u00face zariadenia.<\/p>\n<table border=\"0\" width=\"572\" cellspacing=\"0\" cellpadding=\"0\">\n<colgroup>\n<col width=\"189\" \/>\n<col width=\"113\" \/>\n<col width=\"87\" \/>\n<col width=\"96\" \/>\n<col width=\"87\" \/><\/colgroup>\n<tbody>\n<tr>\n<td class=\"xl66\" width=\"189\" height=\"28\"><strong>Stroj<\/strong><\/td>\n<td class=\"xl66\" width=\"113\"><strong>\u00d8 max [mm]<\/strong><\/td>\n<td class=\"xl66\" width=\"87\"><strong>Modul<\/strong><\/td>\n<td class=\"xl66\" width=\"96\"><strong>Nakladanie<\/strong><\/td>\n<td class=\"xl66\" width=\"87\"><strong>Po\u010det<\/strong><\/td>\n<\/tr>\n<tr>\n<td class=\"xl65\" height=\"20\">Module ZFWZ 250<\/td>\n<td align=\"right\">250<\/td>\n<td align=\"right\">8<\/td>\n<td><\/td>\n<td align=\"right\">1<\/td>\n<\/tr>\n<tr>\n<td class=\"xl65\" height=\"20\">Module ZFWZ 400<\/td>\n<td align=\"right\">400<\/td>\n<td align=\"right\">10<\/td>\n<td><\/td>\n<td align=\"right\">2<\/td>\n<\/tr>\n<tr>\n<td class=\"xl65\" height=\"20\">Module ZFWZ 800<\/td>\n<td align=\"right\">800<\/td>\n<td align=\"right\">16<\/td>\n<td><\/td>\n<td align=\"right\">1<\/td>\n<\/tr>\n<tr>\n<td class=\"xl67\" height=\"20\">Tos Fo16<\/td>\n<td align=\"right\">2000<\/td>\n<td align=\"right\">24<\/td>\n<td><\/td>\n<td align=\"right\">1<\/td>\n<\/tr>\n<tr>\n<td class=\"xl67\" height=\"20\">Tos Fo25<\/td>\n<td align=\"right\">3000<\/td>\n<td align=\"right\">30<\/td>\n<td><\/td>\n<td align=\"right\">1<\/td>\n<\/tr>\n<\/tbody>\n<\/table>\n<p>&nbsp;[\/vc_column_text][\/vc_column][vc_column width=&#8221;1\/2&#8243; offset=&#8221;vc_col-md-6&#8243;][vc_single_image image=&#8221;15595&#8243; img_size=&#8221;full&#8221; alignment=&#8221;center&#8221; css=&#8221;.vc_custom_1706595488865{margin-bottom: 0px !important;}&#8221;][\/vc_column][\/vc_row][vc_row full_width=&#8221;stretch_row&#8221;][vc_column width=&#8221;1\/6&#8243;][\/vc_column][vc_column width=&#8221;2\/3&#8243;][vc_column_text]<\/p>\n<h1 style=\"font-size: 42px; text-align: center;\">Odva\u013eovacie fr\u00e9zovanie ozuben\u00fdch kolies<\/h1>\n<p>&nbsp;[\/vc_column_text][vc_separator border_width=&#8221;2&#8243; css=&#8221;.vc_custom_1542025311822{margin-bottom: 20px !important;}&#8221;][\/vc_column][vc_column width=&#8221;1\/6&#8243;][\/vc_column][\/vc_row][vc_row full_width=&#8221;stretch_row&#8221;][vc_column css=&#8221;.vc_custom_1716832249394{margin-bottom: 30px !important;}&#8221;][vc_column_text css=&#8221;&#8221; basel_color_scheme=&#8221;dark&#8221;]<\/p>\n<p data-start=\"1512\" data-end=\"1801\">Predstavujeme na\u0161u slu\u017ebu <strong data-start=\"1538\" data-end=\"1583\">odva\u013eovacieho fr\u00e9zovania ozuben\u00fdch kolies<\/strong>, ide\u00e1lne rie\u0161enie pre presn\u00e9 a efekt\u00edvne rezanie ozuben\u00fdch kolies. V\u010faka vysoko kvalitnej technol\u00f3gii a profesion\u00e1lnemu servisu je toto rie\u0161enie navrhnut\u00e9 tak, aby splnilo v\u0161etky po\u017eiadavky na v\u00fdrobu ozuben\u00fdch kolies.<\/p>\n<p><\/p>\n<p data-start=\"1803\" data-end=\"2246\">Ozuben\u00e9 koles\u00e1 s\u00fa z\u00e1kladn\u00fdmi komponentmi mnoh\u00fdch mechanick\u00fdch syst\u00e9mov. Umo\u017e\u0148uj\u00fa prenos v\u00fdkonu a pohybu medzi rotuj\u00facimi hriade\u013emi. Jednou z be\u017en\u00fdch met\u00f3d v\u00fdroby ozuben\u00fdch kolies je <strong data-start=\"1985\" data-end=\"2005\">rezanie ozubenia<\/strong>, pri ktorom sa odstra\u0148uje materi\u00e1l, aby sa dosiahol po\u017eadovan\u00fd profil zubov. \u010eal\u0161ou popul\u00e1rnou technikou je <strong data-start=\"2114\" data-end=\"2155\">odva\u013eovacie fr\u00e9zovanie (gear hobbing)<\/strong>, pri ktorom sa na vytv\u00e1ranie zubov pou\u017e\u00edva \u0161peci\u00e1lny n\u00e1stroj \u2013 hobovac\u00ed fr\u00e9zovac\u00ed n\u00e1stroj.<\/p>\n<p><\/p>\n<p data-start=\"2248\" data-end=\"2395\">Obe met\u00f3dy zohr\u00e1vaj\u00fa k\u013e\u00fa\u010dov\u00fa \u00falohu pri zabezpe\u010den\u00ed kvality a funk\u010dnosti ozuben\u00fdch kolies, a preto s\u00fa nevyhnutn\u00e9 v mnoh\u00fdch priemyseln\u00fdch odvetviach.<\/p>\n<p><\/p>\n<p data-start=\"2397\" data-end=\"2743\">Na\u0161e stroje na v\u00fdrobu ozuben\u00fdch kolies s\u00fa vybaven\u00e9 pokro\u010dilou technol\u00f3giou, ktor\u00e1 zaru\u010duje <strong data-start=\"2488\" data-end=\"2512\">presn\u00e9 rezanie zubov<\/strong> a poskytuje ozuben\u00e9 koles\u00e1 s <strong data-start=\"2542\" data-end=\"2565\">v\u00fdnimo\u010dnou kvalitou<\/strong>. \u010ci u\u017e potrebujete vyrobi\u0165 <strong data-start=\"2593\" data-end=\"2663\">\u010deln\u00e9 ozuben\u00e9 koles\u00e1, \u0161ikm\u00e9 ozuben\u00e9 koles\u00e1 alebo in\u00e9 typy ozubenia<\/strong>, na\u0161e CNC odva\u013eovacie fr\u00e9zovanie poskytuje v\u017edy konzistentn\u00e9 a presn\u00e9 v\u00fdsledky.<\/p>\n<p><\/p>\n<p data-start=\"2745\" data-end=\"3009\">Vysokokvalitn\u00e1 kon\u0161trukcia na\u0161ich strojov na rezanie ozuben\u00fdch kolies zaru\u010duje ich <strong data-start=\"2828\" data-end=\"2861\">dlh\u00fa \u017eivotnos\u0165 a spo\u013eahlivos\u0165<\/strong>. Stroje s\u00fa navrhnut\u00e9 s d\u00f4razom na presnos\u0165, robustnos\u0165 a stabilitu, \u010do v\u00e1m umo\u017e\u0148uje dosiahnu\u0165 najvy\u0161\u0161iu \u00farove\u0148 kvality pri rezan\u00ed ozuben\u00fdch kolies.<\/p>\n<p><\/p>\n<p data-start=\"3011\" data-end=\"3292\">V\u010faka vysokej efektivite na\u0161e rie\u0161enie optimalizuje v\u00e1\u0161 v\u00fdrobn\u00fd proces. Umo\u017e\u0148uje r\u00fdchle a presn\u00e9 rezanie zubov, \u010d\u00edm skracuje v\u00fdrobn\u00fd \u010das a zvy\u0161uje produktivitu. Rozl\u00fa\u010dte sa s manu\u00e1lnym rezan\u00edm ozuben\u00fdch kolies a vyu\u017eite r\u00fdchlos\u0165 a efektivitu modern\u00e9ho CNC odva\u013eovacieho fr\u00e9zovania.<\/p>\n<p><\/p>\n<p data-start=\"3294\" data-end=\"3508\">Okrem v\u00fdnimo\u010dn\u00e9ho v\u00fdkonu pon\u00fakame aj <strong data-start=\"3331\" data-end=\"3366\">profesion\u00e1lnu technick\u00fa podporu<\/strong>. N\u00e1\u0161 t\u00edm odborn\u00edkov je pripraven\u00fd pom\u00f4c\u0165 v\u00e1m s technick\u00fdmi ot\u00e1zkami a poskytn\u00fa\u0165 potrebn\u00e9 poradenstvo, aby bola prev\u00e1dzka \u010do najefekt\u00edvnej\u0161ia.<\/p>\n<p><\/p>\n<p data-start=\"3510\" data-end=\"3732\">Rezanie ozuben\u00fdch kolies e\u0161te nikdy nebolo <strong data-start=\"3553\" data-end=\"3589\">tak presn\u00e9, efekt\u00edvne a pohodln\u00e9<\/strong>. Neuspokojte sa s kompromismi \u2013 investujte do kvalitn\u00e9ho rie\u0161enia odva\u013eovacieho fr\u00e9zovania a posu\u0148te v\u00fdrobu ozuben\u00fdch kolies na vy\u0161\u0161iu \u00farove\u0148.<\/p>\n<p><\/p>\n<p data-start=\"3734\" data-end=\"3840\" data-is-last-node=\"\" data-is-only-node=\"\">H\u013ead\u00e1te <strong data-start=\"3742\" data-end=\"3782\">e\u0161te vy\u0161\u0161iu kvalitu ozuben\u00fdch kolies<\/strong>? Pozrite si aj na\u0161u slu\u017ebu <strong data-start=\"3810\" data-end=\"3839\">br\u00fasenia ozuben\u00fdch kolies<\/strong>.<\/p>\n<p>[\/vc_column_text][\/vc_column][\/vc_row]<\/p>\n<\/div>","protected":false},"excerpt":{"rendered":"<p>[vc_section full_width=&#8221;stretch_row&#8221; css=&#8221;.vc_custom_1542025240624{background-color: #f9f9f9 !important;}&#8221;][vc_row css=&#8221;.vc_custom_1542025031874{background-color: #f9f9f9 !important;}&#8221;][vc_column width=&#8221;1\/6&#8243;][\/vc_column][vc_column width=&#8221;2\/3&#8243;][vc_column_text] CNC a manu\u00e1lne odva\u013eovacie fr\u00e9zovanie ozuben\u00fdch kolies &nbsp;[\/vc_column_text][vc_separator border_width=&#8221;2&#8243; css=&#8221;.vc_custom_1542025311822{margin-bottom:<\/p>\n","protected":false},"author":3,"featured_media":0,"parent":0,"menu_order":0,"comment_status":"closed","ping_status":"closed","template":"","meta":{"footnotes":""},"class_list":["post-52020","page","type-page","status-publish","hentry"],"_links":{"self":[{"href":"https:\/\/nttgroup.com\/sk\/wp-json\/wp\/v2\/pages\/52020","targetHints":{"allow":["GET"]}}],"collection":[{"href":"https:\/\/nttgroup.com\/sk\/wp-json\/wp\/v2\/pages"}],"about":[{"href":"https:\/\/nttgroup.com\/sk\/wp-json\/wp\/v2\/types\/page"}],"author":[{"embeddable":true,"href":"https:\/\/nttgroup.com\/sk\/wp-json\/wp\/v2\/users\/3"}],"replies":[{"embeddable":true,"href":"https:\/\/nttgroup.com\/sk\/wp-json\/wp\/v2\/comments?post=52020"}],"version-history":[{"count":5,"href":"https:\/\/nttgroup.com\/sk\/wp-json\/wp\/v2\/pages\/52020\/revisions"}],"predecessor-version":[{"id":52053,"href":"https:\/\/nttgroup.com\/sk\/wp-json\/wp\/v2\/pages\/52020\/revisions\/52053"}],"wp:attachment":[{"href":"https:\/\/nttgroup.com\/sk\/wp-json\/wp\/v2\/media?parent=52020"}],"curies":[{"name":"wp","href":"https:\/\/api.w.org\/{rel}","templated":true}]}}