{"id":52074,"date":"2026-03-16T07:15:31","date_gmt":"2026-03-16T07:15:31","guid":{"rendered":"https:\/\/nttgroup.com\/rucne-kontrolne-nastroje\/"},"modified":"2026-03-16T07:15:38","modified_gmt":"2026-03-16T07:15:38","slug":"rucne-kontrolne-nastroje","status":"publish","type":"page","link":"https:\/\/nttgroup.com\/sk\/rucne-kontrolne-nastroje\/","title":{"rendered":"Ru\u010dn\u00e9 kontroln\u00e9 n\u00e1stroje"},"content":{"rendered":"<div class=\"wpb-content-wrapper\"><p>[vc_section full_width=&#8221;stretch_row&#8221; css=&#8221;.vc_custom_1542025240624{background-color: #f9f9f9 !important;}&#8221;][vc_row css=&#8221;.vc_custom_1542025031874{background-color: #f9f9f9 !important;}&#8221;][vc_column width=&#8221;1\/6&#8243;][\/vc_column][vc_column width=&#8221;2\/3&#8243;][vc_column_text]<\/p>\n<p><\/p>\n<h4 style=\"font-size: 42px; text-align: center;\"><span class=\"color-primary\">Ru\u010dn\u00e9 kontroln\u00e9 n\u00e1stroje<\/span><\/h4>\n<p><\/p>\n<p>[\/vc_column_text][vc_separator border_width=&#8221;2&#8243; css=&#8221;.vc_custom_1542025311822{margin-bottom: 20px !important;}&#8221;][\/vc_column][vc_column width=&#8221;1\/6&#8243;][\/vc_column][\/vc_row][vc_row css=&#8221;.vc_custom_1542025040822{background-color: #f9f9f9 !important;}&#8221;][vc_column width=&#8221;1\/3&#8243;]\t\t\t<div class=\" basel-info-box text-center icon-alignment-top box-style-base color-scheme-dark  with-animation \" onclick=\"\">\n\t\t\t\t\t\t\t\t<div class=\"info-box-content\">\n\t\t\t\t\t<div class=\"info-box-inner\">\n\t\t\t\t\t\t<\/p>\n<h2>Najlep\u0161ie n\u00e1stroje<\/h2>\n<\/p>\n<p>N\u00e1stroje od renomovan\u00fdch v\u00fdrobcov<\/p>\n\t\t\t\t\t<\/div>\n\t\t\t\t<\/div>\n\t\t\t<\/div>\n\t\t[\/vc_column][vc_column width=&#8221;1\/3&#8243;]\t\t\t<div class=\" basel-info-box text-center icon-alignment-top box-style-base color-scheme-dark  with-animation \" onclick=\"\">\n\t\t\t\t\t\t\t\t<div class=\"info-box-content\">\n\t\t\t\t\t<div class=\"info-box-inner\">\n\t\t\t\t\t\t<\/p>\n<h2>Najvy\u0161\u0161ia presnos\u0165<\/h2>\n<\/p>\n<p>Presnos\u0165 pod 5 mikr\u00f3nov<\/p>\n\t\t\t\t\t<\/div>\n\t\t\t\t<\/div>\n\t\t\t<\/div>\n\t\t[\/vc_column][vc_column width=&#8221;1\/3&#8243;]\t\t\t<div class=\" basel-info-box text-center icon-alignment-top box-style-base color-scheme-dark  with-animation \" onclick=\"\">\n\t\t\t\t\t\t\t\t<div class=\"info-box-content\">\n\t\t\t\t\t<div class=\"info-box-inner\">\n\t\t\t\t\t\t<\/p>\n<h2>Protokoly<\/h2>\n<\/p>\n<p>Kompletn\u00e9 protokoly pre ka\u017ed\u00fd diel<\/p>\n\t\t\t\t\t<\/div>\n\t\t\t\t<\/div>\n\t\t\t<\/div>\n\t\t[\/vc_column][\/vc_row]<\/p>\n<p>[\/vc_section]<\/p>\n<p>[vc_row full_width=&#8221;stretch_row_content_no_spaces&#8221; content_placement=&#8221;top&#8221; css=&#8221;.vc_custom_1542028241205{margin-top: 40px !important;margin-bottom: -40px !important;}&#8221;][vc_column width=&#8221;1\/2&#8243; offset=&#8221;vc_col-md-6&#8243; css=&#8221;.vc_custom_1716827200935{margin-bottom: 30px !important;}&#8221;][vc_single_image image=&#8221;15529&#8243; img_size=&#8221;500x&#8221; alignment=&#8221;center&#8221;][\/vc_column][vc_column width=&#8221;1\/2&#8243; css=&#8221;.vc_custom_1485009354843{margin-top: 25px !important;margin-bottom: 40px !important;padding-right: 10% !important;padding-left: 10% !important;}&#8221; offset=&#8221;vc_col-md-6&#8243;][vc_column_text css=&#8221;.vc_custom_1694524342020{margin-bottom: 30px !important;}&#8221;]<\/p>\n<h1 class=\"font-title\" style=\"text-align: center; font-size: 42px; text-transform: capitalize;\">Ru\u010dn\u00e1 kontrola<\/h1>\n<p><\/p>\n<h3 class=\"LC20lb\" style=\"text-align: center;\">\u0160tandardn\u00e1 &amp; \u0161peci\u00e1lna<\/h3>\n<p>[\/vc_column_text][vc_column_text css=&#8221;.vc_custom_1694524538642{padding-right: 30px !important;padding-left: 30px !important;}&#8221;]<\/p>\n<table border=\"0\" width=\"378\" cellspacing=\"0\" cellpadding=\"0\">\n<colgroup>\n<col width=\"217\" \/>\n<col width=\"161\" \/><\/colgroup>\n<tbody>\n<tr>\n<td class=\"xl65\" width=\"217\" height=\"28\">\n<table class=\"w-fit min-w-(--thread-content-width)\" data-start=\"601\" data-end=\"775\">\n<thead data-start=\"601\" data-end=\"622\">\n<tr data-start=\"601\" data-end=\"622\">\n<th class=\"\" data-start=\"601\" data-end=\"611\" data-col-size=\"sm\">N\u00e1stroj<\/th>\n<\/tr>\n<\/thead>\n<\/table>\n<p><\/td>\n<p><\/p>\n<td class=\"xl65\" width=\"161\"><strong>\u00a0V\u00fdrobca<\/strong><\/td>\n<p><\/tr>\n<p><\/p>\n<tr>\n<td height=\"20\">Posuvn\u00e9 meradl\u00e1<\/td>\n<td>Mitutoyo, Tesa<\/td>\n<\/tr>\n<p><\/p>\n<tr>\n<td height=\"20\">Mikrometre<\/td>\n<td>Mitutoyo, Tesa<\/td>\n<\/tr>\n<p><\/p>\n<tr>\n<td height=\"20\">3-bodov\u00e9 vn\u00fatorn\u00e9 meradl\u00e1<\/td>\n<td>Mitutoyo<\/td>\n<\/tr>\n<p><\/p>\n<tr>\n<td height=\"20\">Indik\u00e1tory<\/td>\n<td>Mitutoyo, Mahr<\/td>\n<\/tr>\n<p><\/p>\n<tr>\n<td height=\"20\">Meradl\u00e1<\/td>\n<td>otvor, z\u00e1vit<\/td>\n<\/tr>\n<p><\/p>\n<tr>\n<td height=\"20\">Drsnos\u0165<\/td>\n<td>Mahr<\/td>\n<\/tr>\n<p><\/tbody>\n<p><\/table>\n<p>[\/vc_column_text][\/vc_column][\/vc_row]<\/p>\n<\/div>","protected":false},"excerpt":{"rendered":"<p>[vc_section full_width=&#8221;stretch_row&#8221; css=&#8221;.vc_custom_1542025240624{background-color: #f9f9f9 !important;}&#8221;][vc_row css=&#8221;.vc_custom_1542025031874{background-color: #f9f9f9 !important;}&#8221;][vc_column width=&#8221;1\/6&#8243;][\/vc_column][vc_column width=&#8221;2\/3&#8243;][vc_column_text] Ru\u010dn\u00e9 kontroln\u00e9 n\u00e1stroje [\/vc_column_text][vc_separator border_width=&#8221;2&#8243; css=&#8221;.vc_custom_1542025311822{margin-bottom: 20px !important;}&#8221;][\/vc_column][vc_column width=&#8221;1\/6&#8243;][\/vc_column][\/vc_row][vc_row css=&#8221;.vc_custom_1542025040822{background-color:<\/p>\n","protected":false},"author":3,"featured_media":0,"parent":0,"menu_order":0,"comment_status":"closed","ping_status":"closed","template":"","meta":{"footnotes":""},"class_list":["post-52074","page","type-page","status-publish","hentry"],"_links":{"self":[{"href":"https:\/\/nttgroup.com\/sk\/wp-json\/wp\/v2\/pages\/52074","targetHints":{"allow":["GET"]}}],"collection":[{"href":"https:\/\/nttgroup.com\/sk\/wp-json\/wp\/v2\/pages"}],"about":[{"href":"https:\/\/nttgroup.com\/sk\/wp-json\/wp\/v2\/types\/page"}],"author":[{"embeddable":true,"href":"https:\/\/nttgroup.com\/sk\/wp-json\/wp\/v2\/users\/3"}],"replies":[{"embeddable":true,"href":"https:\/\/nttgroup.com\/sk\/wp-json\/wp\/v2\/comments?post=52074"}],"version-history":[{"count":5,"href":"https:\/\/nttgroup.com\/sk\/wp-json\/wp\/v2\/pages\/52074\/revisions"}],"predecessor-version":[{"id":52089,"href":"https:\/\/nttgroup.com\/sk\/wp-json\/wp\/v2\/pages\/52074\/revisions\/52089"}],"wp:attachment":[{"href":"https:\/\/nttgroup.com\/sk\/wp-json\/wp\/v2\/media?parent=52074"}],"curies":[{"name":"wp","href":"https:\/\/api.w.org\/{rel}","templated":true}]}}