{"id":52110,"date":"2026-03-16T07:33:08","date_gmt":"2026-03-16T07:33:08","guid":{"rendered":"https:\/\/nttgroup.com\/cnc-frezovanie\/"},"modified":"2026-03-16T07:33:19","modified_gmt":"2026-03-16T07:33:19","slug":"cnc-frezovanie","status":"publish","type":"page","link":"https:\/\/nttgroup.com\/sk\/cnc-frezovanie\/","title":{"rendered":"CNC fr\u00e9zovanie"},"content":{"rendered":"<div class=\"wpb-content-wrapper\"><p>[vc_section full_width=&#8221;stretch_row&#8221; css=&#8221;.vc_custom_1542025240624{background-color: #f9f9f9 !important;}&#8221;][vc_row css=&#8221;.vc_custom_1542025031874{background-color: #f9f9f9 !important;}&#8221;][vc_column width=&#8221;1\/6&#8243;][\/vc_column][vc_column width=&#8221;2\/3&#8243;][vc_column_text]<\/p>\n<h4 style=\"font-size: 42px; text-align: center;\">CNC fr\u00e9zovanie<\/h4>\n<p>&nbsp;[\/vc_column_text][vc_separator border_width=&#8221;2&#8243; css=&#8221;.vc_custom_1542025311822{margin-bottom: 20px !important;}&#8221;][\/vc_column][vc_column width=&#8221;1\/6&#8243;][\/vc_column][\/vc_row][vc_row css=&#8221;.vc_custom_1542025040822{background-color: #f9f9f9 !important;}&#8221;][vc_column width=&#8221;1\/3&#8243;]\t\t\t<div class=\" basel-info-box text-center icon-alignment-top box-style-base color-scheme-dark  with-animation \" onclick=\"\">\n\t\t\t\t\t\t\t\t<div class=\"info-box-content\">\n\t\t\t\t\t<div class=\"info-box-inner\">\n\t\t\t\t\t\t<\/p>\n<h2>Riadenie<\/h2>\n<p>Pre n\u00e1ro\u010dn\u00e9 aplik\u00e1cie pou\u017e\u00edvame stroje s riaden\u00edm Heidenhain<\/p>\n\t\t\t\t\t<\/div>\n\t\t\t\t<\/div>\n\t\t\t<\/div>\n\t\t[\/vc_column][vc_column width=&#8221;1\/3&#8243;]\t\t\t<div class=\" basel-info-box text-center icon-alignment-top box-style-base color-scheme-dark  with-animation \" onclick=\"\">\n\t\t\t\t\t\t\t\t<div class=\"info-box-content\">\n\t\t\t\t\t<div class=\"info-box-inner\">\n\t\t\t\t\t\t<\/p>\n<h2>CAM<\/h2>\n<p>Pri zlo\u017eit\u00fdch fr\u00e9zovac\u00edch oper\u00e1ci\u00e1ch vyu\u017e\u00edvame CAD &amp; CAM softv\u00e9r<\/p>\n\t\t\t\t\t<\/div>\n\t\t\t\t<\/div>\n\t\t\t<\/div>\n\t\t[\/vc_column][vc_column width=&#8221;1\/3&#8243;]\t\t\t<div class=\" basel-info-box text-center icon-alignment-top box-style-base color-scheme-dark  with-animation \" onclick=\"\">\n\t\t\t\t\t\t\t\t<div class=\"info-box-content\">\n\t\t\t\t\t<div class=\"info-box-inner\">\n\t\t\t\t\t\t<\/p>\n<h2>5. os<\/h2>\n<p>Simult\u00e1nne dynamick\u00e9 5-osov\u00e9 fr\u00e9zovanie v jednom upnut\u00ed<\/p>\n\t\t\t\t\t<\/div>\n\t\t\t\t<\/div>\n\t\t\t<\/div>\n\t\t[\/vc_column][\/vc_row]<\/p>\n<p>[\/vc_section]<\/p>\n<p>[vc_row full_width=&#8221;stretch_row_content_no_spaces&#8221; content_placement=&#8221;top&#8221; css=&#8221;.vc_custom_1542028241205{margin-top: 40px !important;margin-bottom: -40px !important;}&#8221;][vc_column width=&#8221;1\/2&#8243; offset=&#8221;vc_col-md-6&#8243;][vc_single_image image=&#8221;14849&#8243; img_size=&#8221;full&#8221;][\/vc_column][vc_column width=&#8221;1\/2&#8243; css=&#8221;.vc_custom_1485009354843{margin-top: 25px !important;margin-bottom: 40px !important;padding-right: 10% !important;padding-left: 10% !important;}&#8221; offset=&#8221;vc_col-md-6&#8243;][vc_column_text css=&#8221;.vc_custom_1694192847025{margin-bottom: 30px !important;}&#8221;]<\/p>\n<h1 class=\"font-title\" style=\"text-align: center; font-size: 42px; text-transform: capitalize;\">CNC fr\u00e9zovanie \u2014 vertik\u00e1lne<\/h1>\n<p><\/p>\n<h3 class=\"LC20lb\" style=\"text-align: center;\">2100 x 760 x 630 mm | do 3000 kg<\/h3>\n<p>&nbsp;[\/vc_column_text][vc_column_text css=&#8221;.vc_custom_1760608518825{padding-right: 30px !important;padding-left: 30px !important;}&#8221; basel_color_scheme=&#8221;dark&#8221;]N\u00e1\u0161 strojov\u00fd park zah\u0155\u0148a modern\u00e9 fr\u00e9zovacie stroje mal\u00fdch aj ve\u013ek\u00fdch rozmerov. Pracujeme s riaden\u00edm Fanuc a Heidenhain.<\/p>\n<table border=\"0\" width=\"505\" cellspacing=\"0\" cellpadding=\"0\">\n<colgroup>\n<col width=\"197\" \/>\n<col width=\"124\" \/>\n<col span=\"2\" width=\"92\" \/><\/colgroup>\n<tbody>\n<tr>\n<td class=\"xl66\" width=\"197\" height=\"28\">\n<table class=\"w-fit min-w-(--thread-content-width)\" data-start=\"694\" data-end=\"748\">\n<thead data-start=\"694\" data-end=\"719\">\n<tr data-start=\"694\" data-end=\"719\">\n<th class=\"\" data-start=\"694\" data-end=\"702\" data-col-size=\"sm\">Stroj<\/th>\n<\/tr>\n<\/thead>\n<\/table>\n<p><\/td>\n<p><\/p>\n<td class=\"xl66\" width=\"124\"><strong>X\/Y\/Z<\/strong><\/td>\n<p><\/p>\n<td class=\"xl66\" width=\"92\"><\/td>\n<p><\/p>\n<td class=\"xl66\" width=\"92\">Po\u010det<\/td>\n<p><\/tr>\n<p><\/p>\n<tr>\n<td class=\"xl65\" height=\"20\">Dahlih DMV-2000<\/td>\n<td>200\/700\/650<\/td>\n<td><\/td>\n<td align=\"right\">1<\/td>\n<\/tr>\n<p><\/p>\n<tr>\n<td class=\"xl65\" height=\"20\">Dahlih MCV-1700<\/td>\n<td>1700\/800\/750<\/td>\n<td><\/td>\n<td align=\"right\">1<\/td>\n<\/tr>\n<p><\/p>\n<tr>\n<td class=\"xl65\" height=\"20\">Hyundai Wia F400<\/td>\n<td>800\/460\/520<\/td>\n<td>3+1X<\/td>\n<td align=\"right\">1<\/td>\n<\/tr>\n<p><\/p>\n<tr>\n<td class=\"xl69\" height=\"20\">Hyundai Wia F650PLUS<\/td>\n<td>1400\/660\/635<\/td>\n<td><\/td>\n<td align=\"right\">1<\/td>\n<\/tr>\n<p><\/p>\n<tr>\n<td class=\"xl68\" height=\"20\">Hyundai Wia KF 5600<\/td>\n<td>1100\/560\/520<\/td>\n<td><\/td>\n<td align=\"right\">2<\/td>\n<\/tr>\n<p><\/p>\n<tr>\n<td class=\"xl68\" height=\"20\">Hyundai Wia KF 5600C<\/td>\n<td>1100\/560\/635<\/td>\n<td><\/td>\n<td align=\"right\">1<\/td>\n<\/tr>\n<p><\/p>\n<tr>\n<td class=\"xl67\" height=\"20\">Hyundai Wia KF7600L<\/td>\n<td>2100\/760\/635<\/td>\n<td>3+1X<\/td>\n<td align=\"right\">1<\/td>\n<\/tr>\n<p><\/p>\n<tr>\n<td class=\"xl67\" height=\"20\">Hyundai Wia XF6300<\/td>\n<td>650\/765\/500<\/td>\n<td>5X<\/td>\n<td align=\"right\">1<\/td>\n<\/tr>\n<p><\/tbody>\n<p><\/table>\n<p>&nbsp;[\/vc_column_text][\/vc_column][\/vc_row][vc_row full_width=&#8221;stretch_row&#8221; content_placement=&#8221;middle&#8221; css=&#8221;.vc_custom_1707801645313{margin-bottom: 0px !important;background-color: #f9f9f9 !important;}&#8221;][vc_column width=&#8221;1\/2&#8243; css=&#8221;.vc_custom_1438784954834{margin-bottom: 40px !important;}&#8221;][vc_column_text css=&#8221;&#8221; basel_color_scheme=&#8221;dark&#8221;]<\/p>\n<h2>EXCELENTNOS\u0164 OBR\u00c1BANIA: POH\u00c1\u0147AN\u00c1 NAJMODERNEJ\u0160OU TECHNOL\u00d3GIOU<\/h2>\n<p><\/p>\n<div class=\"dxGrid\">\n<div class=\"dxGrid8 Main1\">\n<p data-sourcepos=\"3:1-3:73\">V NTT Group vieme, \u017ee presn\u00e1 v\u00fdroba ozubenia vy\u017eaduje najlep\u0161ie dostupn\u00e9 zariadenia. Preto intenz\u00edvne investujeme do n\u00e1\u0161ho strojov\u00e9ho parku, ktor\u00fd pozost\u00e1va najm\u00e4 z nov\u00fdch \u0161pi\u010dkov\u00fdch CNC fr\u00e9zovac\u00edch strojov Hyundai WIA. Tieto modern\u00e9 stroje s\u00fa vybaven\u00e9 najnov\u0161\u00edmi CNC riadiacimi syst\u00e9mami Heidenhain alebo Fanuc \u2014 l\u00eddrami vo svojom odbore. T\u00e1to siln\u00e1 kombin\u00e1cia n\u00e1m poskytuje nasleduj\u00face v\u00fdhody:<\/p>\n<ul data-sourcepos=\"5:1-5:26\">\n<li data-sourcepos=\"5:1-5:26\"><strong>Bezkonkuren\u010dn\u00e1 presnos\u0165:<\/strong> Pokro\u010dil\u00e9 funkcie a pr\u00edsne tolerancie zaru\u010duj\u00fa mimoriadnu presnos\u0165 a opakovate\u013enos\u0165 ka\u017ed\u00e9ho obr\u00e1ban\u00e9ho dielu, sp\u013a\u0148aj\u00fac aj tie najn\u00e1ro\u010dnej\u0161ie po\u017eiadavky.<\/li>\n<li data-sourcepos=\"6:1-6:186\"><strong>Vy\u0161\u0161ia efektivita:<\/strong> Modern\u00e9 technol\u00f3gie znamenaj\u00fa krat\u0161ie \u010dasy obr\u00e1bania a optimalizovan\u00e9 v\u00fdrobn\u00e9 procesy, \u010do prin\u00e1\u0161a n\u00e1kladovo efekt\u00edvne rie\u0161enia pre na\u0161ich z\u00e1kazn\u00edkov.<\/li>\n<li data-sourcepos=\"7:1-7:205\"><strong>Maxim\u00e1lna kontrola:<\/strong> U\u017e\u00edvate\u013esky pr\u00edvetiv\u00e9 rozhrania a intuit\u00edvne ovl\u00e1danie umo\u017e\u0148uj\u00fa na\u0161im sk\u00fasen\u00fdm oper\u00e1torom vykon\u00e1va\u0165 presn\u00e9 a zlo\u017eit\u00e9 oper\u00e1cie s konzistentne optim\u00e1lnymi v\u00fdsledkami.<\/li>\n<li data-sourcepos=\"8:1-8:81\"><strong>Technol\u00f3gia pripraven\u00e1 na bud\u00facnos\u0165:<\/strong> Neust\u00e1le invest\u00edcie do najnov\u0161\u00edch CNC strojov n\u00e1m umo\u017e\u0148uj\u00fa zosta\u0165 na \u0161pici odvetvia, prisp\u00f4sobova\u0165 sa nov\u00fdm technol\u00f3gi\u00e1m a prekon\u00e1va\u0165 va\u0161e o\u010dak\u00e1vania.<\/li>\n<\/ul>\n<p data-sourcepos=\"10:1-10:279\">V\u010faka tejto pokro\u010dilej technol\u00f3gii je ka\u017ed\u00e9 ozuben\u00e9 koleso NTT vyroben\u00e9 s nekompromisnou presnos\u0165ou, efektivitou a kvalitou. T\u00e1to strat\u00e9gia investovania do najlep\u0161\u00edch zariaden\u00ed n\u00e1m umo\u017e\u0148uje dod\u00e1va\u0165 spo\u013eahliv\u00e9 produkty s vysok\u00fdm v\u00fdkonom, ktor\u00e9 pos\u00favaj\u00fa va\u0161e stroje k \u00faspechu.<\/p>\n<\/div>\n<p><\/div>\n<p>&nbsp;[\/vc_column_text][\/vc_column][vc_column width=&#8221;1\/2&#8243; css=&#8221;.vc_custom_1438784968106{margin-bottom: 40px !important;}&#8221;][vc_single_image image=&#8221;20226&#8243; img_size=&#8221;large&#8221; alignment=&#8221;center&#8221; css_animation=&#8221;right-to-left&#8221;][\/vc_column][\/vc_row][vc_row full_width=&#8221;stretch_row&#8221; content_placement=&#8221;middle&#8221; css=&#8221;.vc_custom_1707892189539{margin-bottom: 0px !important;}&#8221;][vc_column width=&#8221;1\/2&#8243; css=&#8221;.vc_custom_1438784954834{margin-bottom: 40px !important;}&#8221;][vc_single_image image=&#8221;20246&#8243; img_size=&#8221;large&#8221; alignment=&#8221;center&#8221; css_animation=&#8221;right-to-left&#8221;][\/vc_column][vc_column width=&#8221;1\/2&#8243; css=&#8221;.vc_custom_1438784968106{margin-bottom: 40px !important;}&#8221;][vc_column_text css=&#8221;&#8221; basel_color_scheme=&#8221;dark&#8221;]<\/p>\n<h2>NA\u0160A ODBORNOS\u0164 VO VE\u013dKOROZMEROVOM CNC FR\u00c9ZOVAN\u00cd<\/h2>\n<p><\/p>\n<div class=\"dxGrid\">\n<div class=\"dxGrid8 Main1\">\n<p data-sourcepos=\"3:1-3:176\">Ak v\u00e1\u0161 projekt vy\u017eaduje ve\u013ek\u00e9 ozuben\u00e9 koles\u00e1 alebo nadrozmern\u00e9 komponenty, CNC oddelenie fr\u00e9zovania NTT Group je tou spr\u00e1vnou vo\u013ebou. \u0160pecializujeme sa na obr\u00e1banie ve\u013ekorozmerov\u00fdch dielov s rovnakou prec\u00edznos\u0165ou a kvalitou ako pri v\u0161etk\u00fdch na\u0161ich produktoch.<\/p>\n<p data-sourcepos=\"5:1-5:25\">\u010c\u00edm vynik\u00e1me pri projektoch <strong>ve\u013ek\u00fdch dielov<\/strong>:<\/p>\n<ul data-sourcepos=\"7:1-7:79\">\n<li data-sourcepos=\"7:1-7:79\"><strong>Obrovsk\u00e1 kapacita:<\/strong> Na\u0161e CNC stroje maj\u00fa rozsiahly pracovn\u00fd priestor, ktor\u00fd umo\u017e\u0148uje obr\u00e1banie dielov v\u00e4\u010d\u0161\u00edch ne\u017e pri be\u017enom fr\u00e9zovan\u00ed \u2014 vy\u0161\u0161\u00edch, \u0161ir\u0161\u00edch aj dlh\u0161\u00edch.<\/li>\n<li data-sourcepos=\"8:1-8:242\"><strong>Neprekonate\u013en\u00e1 presnos\u0165:<\/strong> Aj pri ve\u013ek\u00fdch rozmeroch zabezpe\u010duj\u00fa na\u0161e modern\u00e9 technol\u00f3gie a sk\u00fasen\u00ed oper\u00e1tori maxim\u00e1lnu presnos\u0165 a dokonal\u00e9 spracovanie<\/li>\n<li data-sourcepos=\"9:1-9:159\"><strong>Plynul\u00fd pracovn\u00fd proces:<\/strong> N\u00e1\u0161 t\u00edm m\u00e1 rozsiahle sk\u00fasenosti s manipul\u00e1ciou s ve\u013ek\u00fdmi dielmi, logistikou projektov a organiz\u00e1ciou v\u00fdroby, \u010do zaru\u010duje efekt\u00edvnos\u0165 a dodr\u017eanie term\u00ednov.<\/li>\n<li data-sourcepos=\"10:1-11:0\"><strong>Kvalita, na ktor\u00fa sa m\u00f4\u017eete spo\u013eahn\u00fa\u0165:<\/strong> Ve\u013ekos\u0165 neovplyv\u0148uje kvalitu. Pri v\u0161etk\u00fdch projektoch dodr\u017eiavame rovnak\u00e9 pr\u00edsne normy kontroly kvality a medzin\u00e1rodn\u00e9 \u0161tandardy.<\/li>\n<\/ul>\n<p>NTT Group poskytuje vysoko presn\u00e9 CNC fr\u00e9zovanie ozuben\u00fdch kolies a \u010fal\u0161\u00edch komponentov, vr\u00e1tane projektov ve\u013ek\u00e9ho rozsahu za konkurencieschopn\u00e9 ceny.<\/p>\n<\/div>\n<p><\/div>\n<p>&nbsp;[\/vc_column_text][\/vc_column][\/vc_row]<\/p>\n<\/div>","protected":false},"excerpt":{"rendered":"<p>[vc_section full_width=&#8221;stretch_row&#8221; css=&#8221;.vc_custom_1542025240624{background-color: #f9f9f9 !important;}&#8221;][vc_row css=&#8221;.vc_custom_1542025031874{background-color: #f9f9f9 !important;}&#8221;][vc_column width=&#8221;1\/6&#8243;][\/vc_column][vc_column width=&#8221;2\/3&#8243;][vc_column_text] CNC fr\u00e9zovanie &nbsp;[\/vc_column_text][vc_separator border_width=&#8221;2&#8243; css=&#8221;.vc_custom_1542025311822{margin-bottom: 20px !important;}&#8221;][\/vc_column][vc_column width=&#8221;1\/6&#8243;][\/vc_column][\/vc_row][vc_row css=&#8221;.vc_custom_1542025040822{background-color: #f9f9f9<\/p>\n","protected":false},"author":3,"featured_media":0,"parent":0,"menu_order":0,"comment_status":"closed","ping_status":"closed","template":"","meta":{"footnotes":""},"class_list":["post-52110","page","type-page","status-publish","hentry"],"_links":{"self":[{"href":"https:\/\/nttgroup.com\/sk\/wp-json\/wp\/v2\/pages\/52110","targetHints":{"allow":["GET"]}}],"collection":[{"href":"https:\/\/nttgroup.com\/sk\/wp-json\/wp\/v2\/pages"}],"about":[{"href":"https:\/\/nttgroup.com\/sk\/wp-json\/wp\/v2\/types\/page"}],"author":[{"embeddable":true,"href":"https:\/\/nttgroup.com\/sk\/wp-json\/wp\/v2\/users\/3"}],"replies":[{"embeddable":true,"href":"https:\/\/nttgroup.com\/sk\/wp-json\/wp\/v2\/comments?post=52110"}],"version-history":[{"count":5,"href":"https:\/\/nttgroup.com\/sk\/wp-json\/wp\/v2\/pages\/52110\/revisions"}],"predecessor-version":[{"id":52125,"href":"https:\/\/nttgroup.com\/sk\/wp-json\/wp\/v2\/pages\/52110\/revisions\/52125"}],"wp:attachment":[{"href":"https:\/\/nttgroup.com\/sk\/wp-json\/wp\/v2\/media?parent=52110"}],"curies":[{"name":"wp","href":"https:\/\/api.w.org\/{rel}","templated":true}]}}