{"id":52128,"date":"2026-03-16T07:39:58","date_gmt":"2026-03-16T07:39:58","guid":{"rendered":"https:\/\/nttgroup.com\/nextreme-racing-premiova-motokrosova-retaz\/"},"modified":"2026-03-16T07:40:12","modified_gmt":"2026-03-16T07:40:12","slug":"nextreme-racing-premiova-motokrosova-retaz","status":"publish","type":"page","link":"https:\/\/nttgroup.com\/sk\/nextreme-racing-premiova-motokrosova-retaz\/","title":{"rendered":"NEXTREME RACING \u2014 Pr\u00e9miov\u00e1 motokrosov\u00e1 re\u0165az"},"content":{"rendered":"<div class=\"wpb-content-wrapper\"><p>[vc_row full_width=&#8221;stretch_row_content_no_spaces&#8221; css=&#8221;.vc_custom_1752833481775{margin-top: -40px !important;}&#8221;][vc_column]\n\t\t\t<!-- START Racing EN REVOLUTION SLIDER 6.7.41 --><p class=\"rs-p-wp-fix\"><\/p>\n\t\t\t<rs-module-wrap id=\"rev_slider_58_1_wrapper\" data-source=\"gallery\" style=\"visibility:hidden;background:transparent;padding:0;margin:0px auto;margin-top:0;margin-bottom:0;\">\n\t\t\t\t<rs-module id=\"rev_slider_58_1\" class=\" rs-ov-hidden\" style=\"\" data-version=\"6.7.41\">\n\t\t\t\t\t<div class=\"rs_error_message_box\">\n\t\t\t\t\t\t<div class=\"rs_error_message_oops\">There is nothing to show here!<\/div>\n\t\t\t\t\t\t<div class=\"rs_error_message_content\">Make sure to add slides to the slider<\/div>\n\t\t\t\t\t<\/div>\n\t\t\t\t<\/rs-module>\n\t\t\t<\/rs-module-wrap>\n\t\t\t<script>\n\t\t\t\tvar rs_eslider = document.getElementById(\"rev_slider_58_1\");\n\t\t\t\trs_eslider.style.display = \"none\";\n\t\t\t\tconsole.log(\"Make sure to add slides to the slider\");\n\t\t\t<\/script>\n[vc_column_text css=&#8221;.vc_custom_1752750215563{padding-top: 4vh !important;}&#8221;]<\/p>\n<h4 style=\"font-size: 42px; text-align: center;\">Pr\u00e9miov\u00e9 motokrosov\u00e9 re\u0165aze<\/h4>\n<p>&nbsp;[\/vc_column_text][vc_separator border_width=&#8221;2&#8243; el_width=&#8221;20&#8243; css=&#8221;&#8221;][\/vc_column][\/vc_row][vc_section full_width=&#8221;stretch_row&#8221; css=&#8221;.vc_custom_1703767270471{padding-top: 4vh !important;padding-bottom: 6vh !important;}&#8221;][vc_row full_width=&#8221;stretch_row_content_no_spaces&#8221; css=&#8221;.vc_custom_1694490018451{margin-bottom: -70px !important;}&#8221;][vc_column width=&#8221;1\/2&#8243; css=&#8221;.vc_custom_1752838690254{margin-left: 30px !important;padding-right: 50px !important;}&#8221; offset=&#8221;vc_hidden-xs&#8221;]\n\t\t\t<div class=\"promo-banner-wrapper\">\n\t\t\t\t<div class=\"promo-banner cursor-pointer text-left vertical-alignment-middle banner- hover-4 color-scheme-dark \" onclick=\"window.location.href='http:\/\/#'\" >\n\n\t\t\t\t\t<div class=\"main-wrapp-img\">\n\t\t\t\t\t\t<div class=\"banner-image\">\n\t\t\t\t\t\t\t\t\t\t\t\t\t\t\t\t\t\t\t\t\t\t\t\t<img decoding=\"async\" class=\"promo-banner-image image-1 \" src=\"https:\/\/nttgroup.com\/wp-content\/uploads\/2025\/07\/fd6b05ef-bbeb-4f5d-a846-4fdf04181ee1-1-250x250.png\" width=\"250\" height=\"250\" alt=\"fd6b05ef-bbeb-4f5d-a846-4fdf04181ee1\" title=\"fd6b05ef-bbeb-4f5d-a846-4fdf04181ee1\" loading=\"lazy\" \/>\t\t\t\t\t\t\t\t\t\t\t\t\t\t\t\t\t\t\t\t\t<\/div>\n\t\t\t\t\t<\/div>\n\n\t\t\t\t\t<div class=\"wrapper-content-baner\">\n\t\t\t\t\t\t<div class=\"banner-inner\">\n\t\t\t\t\t\t\t<\/p>\n<h6 style=\"margin-bottom: 10px; text-align: right;\">Overen\u00fd v\u00fdkon NTT GROUP<\/h6>\n<\/p>\n<h3 style=\"margin-bottom: 10px; text-align: right;\">Pokro\u010dil\u00e9 tesnenie XW<\/h3>\n<\/p>\n<p style=\"text-align: right;\">Zvl\u00e1dnite ak\u00e9ko\u013evek podmienky v\u010faka \u0161pi\u010dkovej ochrane<\/p>\n<p>\n\t\t\t\t\t\t<\/div>\n\t\t\t\t\t<\/div>\n\n\t\t\t\t<\/div>\n\t\t\t<\/div>\n\n\t\t[\/vc_column][vc_column width=&#8221;1\/2&#8243; css=&#8221;.vc_custom_1752838611172{padding-right: 50px !important;}&#8221; offset=&#8221;vc_hidden-xs&#8221;]\n\t\t\t<div class=\"promo-banner-wrapper\">\n\t\t\t\t<div class=\"promo-banner cursor-pointer text-left vertical-alignment-middle banner- hover-4 color-scheme-dark \" onclick=\"window.location.href='http:\/\/#'\" >\n\n\t\t\t\t\t<div class=\"main-wrapp-img\">\n\t\t\t\t\t\t<div class=\"banner-image\">\n\t\t\t\t\t\t\t\t\t\t\t\t\t\t\t\t\t\t\t\t\t\t\t\t<img decoding=\"async\" class=\"promo-banner-image image-1 \" src=\"https:\/\/nttgroup.com\/wp-content\/uploads\/2025\/07\/Image-56-250x250.jpg\" width=\"250\" height=\"250\" alt=\"Image (56)\" title=\"Image (56)\" loading=\"lazy\" \/>\t\t\t\t\t\t\t\t\t\t\t\t\t\t\t\t\t\t\t\t\t<\/div>\n\t\t\t\t\t<\/div>\n\n\t\t\t\t\t<div class=\"wrapper-content-baner\">\n\t\t\t\t\t\t<div class=\"banner-inner\">\n\t\t\t\t\t\t\t<\/p>\n<h6 style=\"margin-bottom: 10px; text-align: right;\"><span style=\"color: #a6a6a6;\"> Overen\u00fd v\u00fdkon NTT GROUP<\/span><\/h6>\n<\/p>\n<h3 style=\"margin-bottom: 10px; text-align: right;\"><strong>V\u00fdnim\u010dn\u00e1 pevnos\u0165 materi\u00e1lu<\/strong><\/h3>\n<\/p>\n<p style=\"text-align: right;\">Technol\u00f3gia zni\u017euj\u00faca trenie.<\/p>\n<p>\n\t\t\t\t\t\t<\/div>\n\t\t\t\t\t<\/div>\n\n\t\t\t\t<\/div>\n\t\t\t<\/div>\n\n\t\t[\/vc_column][\/vc_row]<\/p>\n<p>[\/vc_section]<\/p>\n<p>[vc_section full_width=&#8221;stretch_row&#8221; content_placement=&#8221;middle&#8221; basel_bg_position=&#8221;center-center&#8221; css=&#8221;.vc_custom_1759471862161{margin-top: 5px !important;margin-right: 5px !important;margin-bottom: 5px !important;margin-left: 5px !important;background-image: url(https:\/\/nttgroup.com\/wp-content\/uploads\/2025\/10\/Untitled-1600-x-1051-px-2.png?id=47036) !important;background-position: center !important;background-repeat: no-repeat !important;background-size: cover !important;}&#8221; min_height=&#8221;0px&#8221;][vc_row css=&#8221;.vc_custom_1752831570680{padding-bottom: 5vh !important;background-position: 0 0 !important;background-repeat: no-repeat !important;}&#8221;][vc_column width=&#8221;1\/4&#8243;][\/vc_column][vc_column width=&#8221;1\/2&#8243;][vc_column_text css=&#8221;&#8221;]<\/p>\n<h2 style=\"font-size: 35px; text-align: center;\">BU\u010eTE PREKVAPEN\u00cd KVALITOU<\/h2>\n<p>&nbsp;[\/vc_column_text][vc_column_text css=&#8221;&#8221;]<\/p>\n<h2 style=\"font-size: 20px; text-align: center;\">Re\u0165aze s\u00e9rie Nextreme Racing s\u00fa vo\u013ebou profesion\u00e1lov, ktor\u00ed neakceptuj\u00fa kompromisy. Navrhnut\u00e9 pre maxim\u00e1lny v\u00fdkon a spo\u013eahlivos\u0165.<\/h2>\n<p>&nbsp;[\/vc_column_text][vc_column_text css=&#8221;&#8221;]<\/p>\n<h2 style=\"font-size: 35px; text-align: center;\">3\u00d7 DLH\u0160IA \u017dIVOTNOS\u0164 NE\u017d KONKURENCIA<\/h2>\n<p>&nbsp;[\/vc_column_text][\/vc_column][vc_column width=&#8221;1\/4&#8243; basel_bg_position=&#8221;left-top&#8221; css=&#8221;.vc_custom_1752584482242{padding-bottom: 10vh !important; pozycja-t\u0142a: 0 0 !wa\u017cne; background-repeat: no-repeat !important;}&#8221;][\/vc_column][\/vc_row]<\/p>\n<p>[\/vc_section]<\/p>\n<p>[vc_section full_width=&#8221;stretch_row&#8221; css=&#8221;.vc_custom_1703767262840{wype\u0142nienie-g\u00f3ra: 4vh !wa\u017cne; wype\u0142nienie-d\u00f3\u0142: 5vh !wa\u017cne; kolor-t\u0142a: #f9f9f9 !wa\u017cne;}&#8221;][vc_row full_width=&#8221;stretch_row_content_no_spaces&#8221; css=&#8221;.vc_custom_1752833499133{background-color: #F9F9F9 !important;}&#8221;][vc_column][vc_column_text css=&#8221;&#8221;]<\/p>\n<h4 style=\"font-size: 42px; text-align: center;\">Rie\u0161enia s v\u00fdhodou \u0161ampi\u00f3nov<\/h4>\n<p>&nbsp;[\/vc_column_text][vc_separator border_width=&#8221;2&#8243; el_width=&#8221;20&#8243; css=&#8221;&#8221;][\/vc_column][\/vc_row][vc_row full_width=&#8221;stretch_row&#8221; css=&#8221;.vc_custom_1752833491779{padding-bottom: 2vh !important;background-color: #F9F9F9 !important;}&#8221;][vc_column width=&#8221;1\/3&#8243;]\t\t\t<div class=\" basel-info-box2 text-center icon-alignment-top box-style-base color-scheme-dark  \" onclick=\"\">\n\t\t\t\t\t\t\t\t\t<div class=\"box-icon-wrapper\">\n\t\t\t\t\t\t<div class=\"info-box-icon\">\n\t\t\t\t\t\t\t\t\t\t\t\t\t\t\t\t\t\t\t\t\t\t\t\t\t\t\t\t\t\t\t\t\t\t\t\t\t\t\t\t<\/div>\n\t\t\t\t\t<\/div>\n\t\t\t\t\t\t\t\t<div class=\"info-box-content\">\n\t\t\t\t\t<div class=\"info-box-inner\">\n\t\t\t\t\t\t<\/p>\n<h2>Vysoko presn\u00e9 komponenty<\/h2>\n<p>Ka\u017ed\u00fd prvok re\u0165aze je presne skon\u0161truovan\u00fd pre optim\u00e1lny prenos v\u00fdkonu a maxim\u00e1lnu \u00fa\u010dinnos\u0165. V\u00fdsledok? Plynul\u00e9 zr\u00fdchlenie, dynamick\u00fd v\u00fdkon a \u00fapln\u00e1 kontrola nad motocyklom \u2014 na trati aj v extr\u00e9mnom ter\u00e9ne.<\/p>\n\t\t\t\t\t<\/div>\n\t\t\t\t<\/div>\n\t\t\t<\/div>\n\t\t[\/vc_column][vc_column width=&#8221;1\/3&#8243;]\t\t\t<div class=\" basel-info-box2 text-center icon-alignment-top box-style-base color-scheme-dark  \" onclick=\"\">\n\t\t\t\t\t\t\t\t\t<div class=\"box-icon-wrapper\">\n\t\t\t\t\t\t<div class=\"info-box-icon\">\n\t\t\t\t\t\t\t\t\t\t\t\t\t\t\t\t\t\t\t\t\t\t\t\t\t\t\t\t\t\t\t\t\t\t\t\t\t\t\t\t<\/div>\n\t\t\t\t\t<\/div>\n\t\t\t\t\t\t\t\t<div class=\"info-box-content\">\n\t\t\t\t\t<div class=\"info-box-inner\">\n\t\t\t\t\t\t<\/p>\n<h2>Tesnenie XW<\/h2>\n<p>Zvl\u00e1dnite aj tie najn\u00e1ro\u010dnej\u0161ie podmienky. Pokro\u010dil\u00fd syst\u00e9m tesnenia XW poskytuje \u0161pi\u010dkov\u00fa ochranu pred prachom, blatom, vodou a ne\u010distotami, \u010d\u00edm zvy\u0161uje \u017eivotnos\u0165 a zni\u017euje potrebu \u00fadr\u017eby.<\/p>\n\t\t\t\t\t<\/div>\n\t\t\t\t<\/div>\n\t\t\t<\/div>\n\t\t[\/vc_column][vc_column width=&#8221;1\/3&#8243;]\t\t\t<div class=\" basel-info-box2 text-center icon-alignment-top box-style-base color-scheme-dark  \" onclick=\"\">\n\t\t\t\t\t\t\t\t\t<div class=\"box-icon-wrapper\">\n\t\t\t\t\t\t<div class=\"info-box-icon\">\n\t\t\t\t\t\t\t\t\t\t\t\t\t\t\t\t\t\t\t\t\t\t\t\t\t\t\t\t\t\t\t\t\t\t\t\t\t\t\t\t<\/div>\n\t\t\t\t\t<\/div>\n\t\t\t\t\t\t\t\t<div class=\"info-box-content\">\n\t\t\t\t\t<div class=\"info-box-inner\">\n\t\t\t\t\t\t<\/p>\n<h2>V\u00fdrazn\u00e1 zlat\u00e1 farba<\/h2>\n<p>Re\u0165aze NEXTREME nie s\u00fa len o v\u00fdkone \u2014 prin\u00e1\u0161aj\u00fa aj v\u00fdrazn\u00fd \u0161t\u00fdl. Odv\u00e1\u017ena zlat\u00e1 farba dod\u00e1 v\u00e1\u0161mu stroju jedine\u010dn\u00fd vzh\u013ead a zaru\u010d\u00ed, \u017ee na \u0161tarte nezostanete bez pov\u0161imnutia.<\/p>\n\t\t\t\t\t<\/div>\n\t\t\t\t<\/div>\n\t\t\t<\/div>\n\t\t[\/vc_column][\/vc_row][\/vc_section][vc_row full_width=&#8221;stretch_row_content_no_spaces&#8221; equal_height=&#8221;yes&#8221; content_placement=&#8221;middle&#8221; css=&#8221;.vc_custom_1752840541391{margin-top: 5px !important;margin-right: 5px !important;margin-bottom: 5px !important;margin-left: 5px !important;background: #00000000 url(https:\/\/nttgroup.com\/wp-content\/uploads\/2025\/07\/Untitled-1600-x-1051-px.png?id=46595) !important;background-position: center !important;background-repeat: no-repeat !important;background-size: cover !important;}&#8221;][vc_column width=&#8221;1\/2&#8243; css=&#8221;.vc_custom_1752840164695{padding-top: 20px !important;}&#8221;][vc_single_image image=&#8221;46018&#8243; img_size=&#8221;large&#8221; css_animation=&#8221;bounceIn&#8221; css=&#8221;.vc_custom_1752583803010{padding-bottom: 0px !important;background-position: 0 0 !important;background-repeat: no-repeat !important;}&#8221;][\/vc_column][vc_column width=&#8221;1\/2&#8243; css=&#8221;.vc_custom_1752838469774{padding-top: 40px !important;padding-right: 40px !important;padding-bottom: 40px !important;padding-left: 40px !important;}&#8221;][vc_custom_heading text=&#8221;520WSX&#8221; font_container=&#8221;tag:h2|font_size:22|text_align:left|color:%23FFFFFF|line_height:1.1&#8243; use_theme_fonts=&#8221;yes&#8221; css=&#8221;.vc_custom_1752575582466{margin-bottom: 10px !important;}&#8221;][vc_custom_heading text=&#8221;<strong>NEXTREME RACING<\/strong>&#8221; font_container=&#8221;tag:h2|font_size:56|text_align:left|color:%23FFFFFF|line_height:1.1&#8243; use_theme_fonts=&#8221;yes&#8221; css=&#8221;.vc_custom_1752575592442{margin-bottom: 5px !important;}&#8221;][vc_custom_heading text=&#8221;OVL\u00c1DNITE TRA\u0164 S KON\u0160TRUKCIOU <br \/>NA \u00daROVNI \u0160AMPI\u00d3NOV&#8221; font_container=&#8221;tag:h2|font_size:22|text_align:left|color:%23FFFFFF|line_height:1.1&#8243; use_theme_fonts=&#8221;yes&#8221; css=&#8221;.vc_custom_1752840671865{margin-bottom: 10px !important;}&#8221;][\/vc_column][\/vc_row][vc_section full_width=&#8221;stretch_row&#8221; css=&#8221;.vc_custom_1691666636989{padding-top: 4vh !important;padding-bottom: 3vh !important;}&#8221;][vc_row css=&#8221;.vc_custom_1691666451305{margin-bottom: 4px !important;}&#8221;][vc_column width=&#8221;1\/4&#8243; basel_bg_position=&#8221;center-center&#8221; basel_text_align=&#8221;center&#8221; css=&#8221;.vc_custom_1752568999160{margin-top: 0px !important;padding-top: 0px !important;}&#8221;][vc_single_image image=&#8221;46033&#8243; img_size=&#8221;medium&#8221; alignment=&#8221;center&#8221; style=&#8221;vc_box_circle_2&#8243; onclick=&#8221;zoom&#8221; css_animation=&#8221;zoomIn&#8221; css=&#8221;&#8221;][\/vc_column][vc_column width=&#8221;3\/4&#8243;][vc_column_text css=&#8221;.vc_custom_1752570623984{margin-bottom: 15px !important;}&#8221;]<\/p>\n<h4 style=\"font-size: 42px; text-align: center;\">N\u00e1\u0161 pretek\u00e1rsky t\u00edm<\/h4>\n<p>&nbsp;[\/vc_column_text][vc_separator border_width=&#8221;2&#8243; el_width=&#8221;20&#8243; css=&#8221;.vc_custom_1752517774778{margin-bottom: 20px !important;}&#8221;][vc_column_text css=&#8221;.vc_custom_1752578918147{margin-bottom: 20px !important;}&#8221; basel_color_scheme=&#8221;dark&#8221;]<\/p>\n<blockquote>\n<p style=\"text-align: center;\"><em>\u201eAko jazdec HARD ENDURO som mal mo\u017enos\u0165 ako prv\u00fd testova\u0165 re\u0165aze NEXTREME 520WSX. Ich odolnos\u0165 ma skuto\u010dne prekvapila \u2014 v\u00fdmena re\u0165aze je v\u010faka nim ove\u013ea menej \u010dast\u00e1.\u201c-Wojciech \u015awi\u0119tochowski MOTOWATAHA\u00a0<\/em><\/p>\n<\/blockquote>\n<p>&nbsp;[\/vc_column_text][\/vc_column][\/vc_row][\/vc_section][vc_row full_width=&#8221;stretch_row_content_no_spaces&#8221; css=&#8221;.vc_custom_1752570337997{background-color: #F9F9F9 !important;}&#8221;][vc_column width=&#8221;1\/4&#8243; css=&#8221;.vc_custom_1484301231968{wype\u0142nienie u g\u00f3ry: 0px !wa\u017cne;}&#8221;][vc_single_image image=&#8221;45711&#8243; img_size=&#8221;large&#8221; alignment=&#8221;center&#8221; css=&#8221;.vc_custom_1752833678661{background-position: center !important;background-repeat: no-repeat !important;background-size: cover !important;}&#8221;][vc_column_text css=&#8221;&#8221;]<\/p>\n<h3 style=\"font-size: 42px; text-align: center;\">Rumunsko, Siedl\u0119cin m\u00e1me za sebou \u2014 \u010do \u010falej?<\/h3>\n<p>&nbsp;[\/vc_column_text][\/vc_column][vc_column width=&#8221;1\/2&#8243;][vc_column_text css=&#8221;&#8221;]<\/p>\n<h4 style=\"font-size: 42px; text-align: center;\">Stretnime sa na pretekoch<\/h4>\n<p><\/p>\n<h4 style=\"font-size: 42px; text-align: center;\"><\/h4>\n<p>&nbsp;[\/vc_column_text][vc_separator border_width=&#8221;2&#8243; el_width=&#8221;20&#8243; css=&#8221;&#8221;]\t\t\t<div class=\"basel-countdown-timer  color-scheme-light timer-align-center timer-size-large timer-style-standard\">\n\t\t\t\t<div class=\"basel-timer\" data-end-date=\"2025\/08\/31\" data-timezone=\"GMT\"><\/div>\n\t\t\t<\/div>\n\t\t[vc_icon icon_fontawesome=&#8221;fa fa-solid fa-signs-post&#8221; color=&#8221;black&#8221; size=&#8221;xl&#8221; align=&#8221;center&#8221; css_animation=&#8221;fadeInRightBig&#8221; css=&#8221;.vc_custom_1753681712256{padding-top: 20px !important;}&#8221;][\/vc_column][vc_column width=&#8221;1\/4&#8243;][vc_single_image image=&#8221;45573&#8243; img_size=&#8221;medium&#8221; alignment=&#8221;center&#8221; css=&#8221;&#8221;][\/vc_column][\/vc_row][vc_row full_width=&#8221;stretch_row_content_no_spaces&#8221; css=&#8221;.vc_custom_1752756973971{background-position: center !important;background-repeat: no-repeat !important;background-size: cover !important;}&#8221;][vc_column][vc_column_text css=&#8221;&#8221;]<\/p>\n<h4 style=\"font-size: 42px; text-align: center;\">Zabudnite na \u0161tandard \u2014 mierte na legendu<\/h4>\n<p>&nbsp;[\/vc_column_text][vc_separator border_width=&#8221;2&#8243; el_width=&#8221;20&#8243; css=&#8221;&#8221;][\/vc_column][\/vc_row][vc_row full_width=&#8221;stretch_row&#8221; equal_height=&#8221;yes&#8221; content_placement=&#8221;middle&#8221;][vc_column width=&#8221;1\/2&#8243; basel_color_scheme=&#8221;dark&#8221;][vc_images_carousel images=&#8221;46128,46113,46212&#8243; img_size=&#8221;large&#8221; onclick=&#8221;link_no&#8221; autoplay=&#8221;yes&#8221; wrap=&#8221;yes&#8221; css=&#8221;&#8221;][\/vc_column][vc_column width=&#8221;1\/2&#8243; basel_color_scheme=&#8221;dark&#8221; css=&#8221;.vc_custom_1752834144473{border-top-width: -100px !important;background-position: center !important;background-repeat: no-repeat !important;background-size: contain !important;}&#8221;][vc_pricing_table heading=&#8221;NEXTREME Racing 520WSX&#8221; subheading=&#8221;Motocross Chain&#8221; currency=&#8221;EUR&#8221; price=&#8221;65&#8243; period=&#8221;\/pc&#8221; markers_color=&#8221;#0B70E8E3&#8243; btn_title=&#8221;contact us&#8221; btn_css_animation=&#8221;top-to-bottom&#8221; css_animation=&#8221;bottom-to-top&#8221; css=&#8221;.vc_custom_1759216162527{background-color: #ECECEC !important;}&#8221; btn_el_class=&#8221;popmake-46723&#8243;]<\/p>\n<ul class=\"wpb-plan-features\">\n<li>116L (115 \u010dl\u00e1nkov re\u0165aze + 1 spojovac\u00ed \u010dl\u00e1nok)<\/li>\n<li>Ultra presn\u00e9 komponenty<\/li>\n<li>Pred\u013a\u017een\u00e9 predpnutie pre minim\u00e1lne vytiahnutie<\/li>\n<li>Pevn\u00e9 nitovanie<\/li>\n<li>Tesnenie XW<\/li>\n<\/ul>\n<p>Ceny bez DPH a dopravy<\/p>\n<p style=\"text-align: right;\"><strong>VIAC INFORM\u00c1CI\u00cd<\/strong><\/p>\n<div>\n<div>\n<div>\n<div>\n<p style=\"text-align: right;\"><strong>E-mail: poland@nttgroup.com\u00a0 Mobil: +48 <span data-olk-copy-source=\"MessageBody\"> 604 423 400<\/span><\/strong><\/p>\n<\/div>\n<p><\/div>\n<p><\/div>\n<p><\/div>\n<p>&nbsp;[\/vc_pricing_table][vc_icon icon_fontawesome=&#8221;fa fa-brands fa-square-instagram&#8221; color=&#8221;black&#8221; css_animation=&#8221;top-to-bottom&#8221; css=&#8221;&#8221; link=&#8221;url:https%3A%2F%2Fwww.instagram.com%2Fnextreme_racing%2F|title:https%3A%2F%2Fwww.instagram.com%2Fnextreme_racing%2F|target:_blank|&#8221;][\/vc_column][\/vc_row][vc_row][vc_column][vc_column_text][\/vc_column_text][\/vc_column][\/vc_row]<\/p>\n<\/div>","protected":false},"excerpt":{"rendered":"<p>[vc_row full_width=&#8221;stretch_row_content_no_spaces&#8221; css=&#8221;.vc_custom_1752833481775{margin-top: -40px !important;}&#8221;][vc_column][vc_column_text css=&#8221;.vc_custom_1752750215563{padding-top: 4vh !important;}&#8221;] Pr\u00e9miov\u00e9 motokrosov\u00e9 re\u0165aze &nbsp;[\/vc_column_text][vc_separator border_width=&#8221;2&#8243; el_width=&#8221;20&#8243; css=&#8221;&#8221;][\/vc_column][\/vc_row][vc_section full_width=&#8221;stretch_row&#8221; css=&#8221;.vc_custom_1703767270471{padding-top: 4vh !important;padding-bottom: 6vh<\/p>\n","protected":false},"author":3,"featured_media":0,"parent":0,"menu_order":0,"comment_status":"closed","ping_status":"closed","template":"","meta":{"footnotes":""},"class_list":["post-52128","page","type-page","status-publish","hentry"],"_links":{"self":[{"href":"https:\/\/nttgroup.com\/sk\/wp-json\/wp\/v2\/pages\/52128","targetHints":{"allow":["GET"]}}],"collection":[{"href":"https:\/\/nttgroup.com\/sk\/wp-json\/wp\/v2\/pages"}],"about":[{"href":"https:\/\/nttgroup.com\/sk\/wp-json\/wp\/v2\/types\/page"}],"author":[{"embeddable":true,"href":"https:\/\/nttgroup.com\/sk\/wp-json\/wp\/v2\/users\/3"}],"replies":[{"embeddable":true,"href":"https:\/\/nttgroup.com\/sk\/wp-json\/wp\/v2\/comments?post=52128"}],"version-history":[{"count":5,"href":"https:\/\/nttgroup.com\/sk\/wp-json\/wp\/v2\/pages\/52128\/revisions"}],"predecessor-version":[{"id":52275,"href":"https:\/\/nttgroup.com\/sk\/wp-json\/wp\/v2\/pages\/52128\/revisions\/52275"}],"wp:attachment":[{"href":"https:\/\/nttgroup.com\/sk\/wp-json\/wp\/v2\/media?parent=52128"}],"curies":[{"name":"wp","href":"https:\/\/api.w.org\/{rel}","templated":true}]}}