{"id":52278,"date":"2026-03-16T07:55:04","date_gmt":"2026-03-16T07:55:04","guid":{"rendered":"https:\/\/nttgroup.com\/ntt-prisposobene-produkty\/"},"modified":"2026-03-16T07:55:06","modified_gmt":"2026-03-16T07:55:06","slug":"ntt-prisposobene-produkty","status":"publish","type":"page","link":"https:\/\/nttgroup.com\/sk\/ntt-prisposobene-produkty\/","title":{"rendered":"NTT \u2013 Prisp\u00f4soben\u00e9 produkty"},"content":{"rendered":"<div class=\"wpb-content-wrapper\"><p>[vc_section full_width=&#8221;stretch_row&#8221; css=&#8221;.vc_custom_1542025240624{background-color: #f9f9f9 !important;}&#8221;][vc_row css=&#8221;.vc_custom_1542025031874{background-color: #f9f9f9 !important;}&#8221;][vc_column width=&#8221;1\/6&#8243;][\/vc_column][vc_column width=&#8221;2\/3&#8243;][vc_column_text]<\/p>\n<h4 style=\"font-size: 42px; text-align: center;\">Prisp\u00f4soben\u00e9 produkty<\/h4>\n<p>[\/vc_column_text][vc_separator border_width=&#8221;2&#8243; css=&#8221;.vc_custom_1542025311822{margin-bottom: 20px !important;}&#8221;][\/vc_column][vc_column width=&#8221;1\/6&#8243;][\/vc_column][\/vc_row][vc_row css=&#8221;.vc_custom_1542025040822{background-color: #f9f9f9 !important;}&#8221;][vc_column width=&#8221;1\/3&#8243;]\t\t\t<div class=\" basel-info-box text-center icon-alignment-top box-style-base color-scheme-dark  with-animation \" onclick=\"\">\n\t\t\t\t\t\t\t\t<div class=\"info-box-content\">\n\t\t\t\t\t<div class=\"info-box-inner\">\n\t\t\t\t\t\t<\/p>\n<h2>R\u00fdchle dodanie<\/h2>\n<p>V\u010faka ve\u013ek\u00fdm z\u00e1sob\u00e1m \u0161tandardn\u00fdch produktov <\/p>\n\t\t\t\t\t<\/div>\n\t\t\t\t<\/div>\n\t\t\t<\/div>\n\t\t[\/vc_column][vc_column width=&#8221;1\/3&#8243;]\t\t\t<div class=\" basel-info-box text-center icon-alignment-top box-style-base color-scheme-dark  with-animation \" onclick=\"\">\n\t\t\t\t\t\t\t\t<div class=\"info-box-content\">\n\t\t\t\t\t<div class=\"info-box-inner\">\n\t\t\t\t\t\t<\/p>\n<h2>Pripraven\u00e9 na mont\u00e1\u017e<\/h2>\n<p>V\u0161etky prisp\u00f4soben\u00e9 produkty sp\u013a\u0148aj\u00fa po\u017eiadavky z\u00e1kazn\u00edka<\/p>\n\t\t\t\t\t<\/div>\n\t\t\t\t<\/div>\n\t\t\t<\/div>\n\t\t[\/vc_column][vc_column width=&#8221;1\/3&#8243;]\t\t\t<div class=\" basel-info-box text-center icon-alignment-top box-style-base color-scheme-dark  with-animation \" onclick=\"\">\n\t\t\t\t\t\t\t\t<div class=\"info-box-content\">\n\t\t\t\t\t<div class=\"info-box-inner\">\n\t\t\t\t\t\t<\/p>\n<h2>Technick\u00e1 podpora<\/h2>\n<p>Pom\u00f4\u017eeme v\u00e1m n\u00e1js\u0165 najefekt\u00edvnej\u0161ie rie\u0161enia<\/p>\n\t\t\t\t\t<\/div>\n\t\t\t\t<\/div>\n\t\t\t<\/div>\n\t\t[\/vc_column][\/vc_row]<\/p>\n<p>[\/vc_section]<\/p>\n<p>[vc_row full_width=&#8221;stretch_row&#8221; css=&#8221;.vc_custom_1694062051816{margin-top: 40px !important;margin-bottom: 45px !important;}&#8221;][vc_column width=&#8221;1\/3&#8243; el_class=&#8221;text-right&#8221;][vc_column_text css=&#8221;.vc_custom_1760610994658{margin-bottom: 30px !important;}&#8221; basel_color_scheme=&#8221;dark&#8221;]<\/p>\n<h5>VRTANIE<\/h5>\n<p><\/p>\n<h5 style=\"margin-bottom: 10px;\"><\/h5>\n<p>Ulo\u017eenie lo\u017eiska<br \/>Pripraven\u00e9 pre up\u00ednacie puzdro Taper Bush[\/vc_column_text][vc_column_text css=&#8221;.vc_custom_1760611008876{margin-bottom: 30px !important;}&#8221; basel_color_scheme=&#8221;dark&#8221;]<\/p>\n<h5>DR\u00c1\u017dKA PRE PERO<\/h5>\n<p><\/p>\n<h5 style=\"margin-bottom: 10px;\"><\/h5>\n<p>Jednoduch\u00e1 alebo dvojit\u00e1 dr\u00e1\u017eka<br \/>Ak\u00e1ko\u013evek \u0161\u00edrka od 2 do 100 mm[\/vc_column_text][vc_column_text css=&#8221;.vc_custom_1760611021592{margin-bottom: 30px !important;}&#8221; basel_color_scheme=&#8221;dark&#8221;]<\/p>\n<h5>DR\u00c1\u017dKOVANIE<\/h5>\n<p><\/p>\n<h5 style=\"margin-bottom: 10px;\"><\/h5>\n<p>Mo\u017en\u00e1 v\u00fdroba pod\u013ea DIN alebo in\u00fdch \u0161tandardov[\/vc_column_text][\/vc_column][vc_column width=&#8221;1\/3&#8243;][vc_single_image image=&#8221;13807&#8243; img_size=&#8221;full&#8221; alignment=&#8221;center&#8221; css_animation=&#8221;bottom-to-top&#8221;][\/vc_column][vc_column width=&#8221;1\/3&#8243;][vc_column_text css=&#8221;.vc_custom_1760611003043{margin-bottom: 30px !important;}&#8221; basel_color_scheme=&#8221;dark&#8221;]<\/p>\n<h5>ZAIS\u0164OVACIE SKRUTKY<\/h5>\n<p><\/p>\n<h5 style=\"margin-bottom: 10px;\"><\/h5>\n<p>Vykon\u00e1vame z\u00e1vity pre zais\u0165ovacie skrutky v n\u00e1bojoch[\/vc_column_text][vc_column_text css=&#8221;.vc_custom_1760611014726{margin-bottom: 30px !important;}&#8221; basel_color_scheme=&#8221;dark&#8221;]<\/p>\n<h5>OD\u013dAH\u010cEN\u00c9 V\u0154TANIA<\/h5>\n<p><\/p>\n<h5 style=\"margin-bottom: 10px;\"><\/h5>\n<p>Pon\u00fakame flexibiln\u00e9 rie\u0161enia na zn\u00ed\u017eenie hmotnosti[\/vc_column_text][vc_column_text css=&#8221;.vc_custom_1760611030859{margin-bottom: 30px !important;}&#8221; basel_color_scheme=&#8221;dark&#8221;]<\/p>\n<h5>DELEN\u00c9 PREVEDENIE<\/h5>\n<p><\/p>\n<h5 style=\"margin-bottom: 10px;\"><\/h5>\n<p>M\u00f4\u017eeme vyrobi\u0165 ak\u00e9ko\u013evek re\u0165azov\u00e9 koleso, remenicu alebo ozuben\u00e9 koleso v delenej verzii[\/vc_column_text][\/vc_column][\/vc_row][vc_row content_placement=&#8221;middle&#8221; css=&#8221;.vc_custom_1451577043146{margin-bottom: 0px !important;}&#8221;][vc_column width=&#8221;1\/2&#8243; css=&#8221;.vc_custom_1438784954834{margin-bottom: 40px !important;}&#8221;][vc_column_text css=&#8221;&#8221; basel_color_scheme=&#8221;dark&#8221;]<\/p>\n<h2>NA\u0160E SKLADOV\u00c9 Z\u00c1SOBY<\/h2>\n<p><\/p>\n<p data-sourcepos=\"3:1-3:150\">V NTT Group vieme, \u017ee prestoje s\u00fa n\u00e1kladn\u00e9. Preto dr\u017e\u00edme rozsiahle z\u00e1soby k\u013e\u00fa\u010dov\u00fdch komponentov prenosu v\u00fdkonu pripraven\u00fdch na okam\u017eit\u00e9 dodanie. Ozuben\u00e9 koles\u00e1, re\u0165azov\u00e9 koles\u00e1, remenice, hrebe\u0148ov\u00e9 ty\u010de \u2014 \u010do potrebujete, to m\u00e1me.<\/p>\n<p>[\/vc_column_text][vc_progress_bar values=&#8221;%5B%7B%22label%22%3A%22Val%5Cu010dekov%5Cu00e9%20re%5Cu0165aze%22%2C%22value%22%3A%2290%22%2C%22customcolor%22%3A%22%23196767%22%7D%2C%7B%22label%22%3A%22Re%5Cu0165azov%5Cu00e9%20koles%5Cu00e1%22%2C%22value%22%3A%2295%22%2C%22customcolor%22%3A%22%23196767%22%7D%2C%7B%22label%22%3A%22Ozuben%5Cu00e9%20koles%5Cu00e1%20a%20ozuben%5Cu00e9%20ty%5Cu010de%22%2C%22value%22%3A%2280%22%2C%22customcolor%22%3A%22%23196767%22%7D%2C%7B%22label%22%3A%22Remene%20a%20remenice%22%2C%22value%22%3A%2270%22%2C%22customcolor%22%3A%22%23196767%22%7D%2C%7B%22label%22%3A%22Dopravn%5Cu00edkov%5Cu00e9%20re%5Cu0165aze%22%2C%22value%22%3A%2290%22%2C%22customcolor%22%3A%22%23196767%22%7D%2C%7B%22label%22%3A%22Dr%5Cu00e1%5Cu017ekovan%5Cu00e9%20hriadele%20a%20n%5Cu00e1boje%22%2C%22value%22%3A%2270%22%7D%2C%7B%22label%22%3A%22Spojky%22%2C%22value%22%3A%2250%22%7D%5D&#8221; bgcolor=&#8221;custom&#8221; custombgcolor=&#8221;#1daaa3&#8243; customtxtcolor=&#8221;#ffffff&#8221;][\/vc_column][vc_column width=&#8221;1\/2&#8243; css=&#8221;.vc_custom_1438784968106{margin-bottom: 40px !important;}&#8221;][vc_single_image image=&#8221;20277&#8243; img_size=&#8221;614&#215;414&#8243; alignment=&#8221;center&#8221; css_animation=&#8221;right-to-left&#8221;][\/vc_column][\/vc_row]<\/p>\n<\/div>","protected":false},"excerpt":{"rendered":"<p>[vc_section full_width=&#8221;stretch_row&#8221; css=&#8221;.vc_custom_1542025240624{background-color: #f9f9f9 !important;}&#8221;][vc_row css=&#8221;.vc_custom_1542025031874{background-color: #f9f9f9 !important;}&#8221;][vc_column width=&#8221;1\/6&#8243;][\/vc_column][vc_column width=&#8221;2\/3&#8243;][vc_column_text] Prisp\u00f4soben\u00e9 produkty [\/vc_column_text][vc_separator border_width=&#8221;2&#8243; css=&#8221;.vc_custom_1542025311822{margin-bottom: 20px !important;}&#8221;][\/vc_column][vc_column width=&#8221;1\/6&#8243;][\/vc_column][\/vc_row][vc_row css=&#8221;.vc_custom_1542025040822{background-color: #f9f9f9<\/p>\n","protected":false},"author":3,"featured_media":0,"parent":0,"menu_order":0,"comment_status":"closed","ping_status":"open","template":"","meta":{"footnotes":""},"class_list":["post-52278","page","type-page","status-publish","hentry"],"_links":{"self":[{"href":"https:\/\/nttgroup.com\/sk\/wp-json\/wp\/v2\/pages\/52278","targetHints":{"allow":["GET"]}}],"collection":[{"href":"https:\/\/nttgroup.com\/sk\/wp-json\/wp\/v2\/pages"}],"about":[{"href":"https:\/\/nttgroup.com\/sk\/wp-json\/wp\/v2\/types\/page"}],"author":[{"embeddable":true,"href":"https:\/\/nttgroup.com\/sk\/wp-json\/wp\/v2\/users\/3"}],"replies":[{"embeddable":true,"href":"https:\/\/nttgroup.com\/sk\/wp-json\/wp\/v2\/comments?post=52278"}],"version-history":[{"count":2,"href":"https:\/\/nttgroup.com\/sk\/wp-json\/wp\/v2\/pages\/52278\/revisions"}],"predecessor-version":[{"id":52284,"href":"https:\/\/nttgroup.com\/sk\/wp-json\/wp\/v2\/pages\/52278\/revisions\/52284"}],"wp:attachment":[{"href":"https:\/\/nttgroup.com\/sk\/wp-json\/wp\/v2\/media?parent=52278"}],"curies":[{"name":"wp","href":"https:\/\/api.w.org\/{rel}","templated":true}]}}