{"id":52287,"date":"2026-03-16T07:56:22","date_gmt":"2026-03-16T07:56:22","guid":{"rendered":"https:\/\/nttgroup.com\/ntt-reklamacie\/"},"modified":"2026-04-24T14:36:33","modified_gmt":"2026-04-24T14:36:33","slug":"ntt-reklamacie","status":"publish","type":"page","link":"https:\/\/nttgroup.com\/sk\/ntt-reklamacie\/","title":{"rendered":"NTT \u2013 Reklam\u00e1cie"},"content":{"rendered":"<div class=\"wpb-content-wrapper\"><p>[vc_section full_width=&#8221;stretch_row&#8221; css=&#8221;.vc_custom_1542025240624{background-color: #f9f9f9 !important;}&#8221;][vc_row css=&#8221;.vc_custom_1542025031874{background-color: #f9f9f9 !important;}&#8221;][vc_column width=&#8221;1\/6&#8243;][\/vc_column][vc_column width=&#8221;2\/3&#8243;][vc_column_text]<\/p>\n<h4 style=\"font-size: 42px; text-align: center;\">Nie ste spokojn\u00ed?<\/h4>\n<p>&nbsp;[\/vc_column_text][\/vc_column][vc_column width=&#8221;1\/6&#8243;][\/vc_column][\/vc_row][\/vc_section][vc_row full_width=&#8221;stretch_row&#8221; css=&#8221;.vc_custom_1694062051816{margin-top: 40px !important;margin-bottom: 45px !important;}&#8221;][vc_column width=&#8221;1\/2&#8243; el_class=&#8221;text-left&#8221;][vc_column_text css=&#8221;.vc_custom_1760606936909{margin-bottom: 30px !important;}&#8221; basel_color_scheme=&#8221;dark&#8221;]<\/p>\n<div class=\"dxGrid\">\n<div class=\"dxGrid8 Main1\">\n<div class=\"dxGrid\">\n<div class=\"dxGrid8 Main1\">\n<div class=\"presented-response-container ng-tns-c4150723369-518\">\n<div class=\"response-container-content ng-tns-c4150723369-518\">\n<div class=\"response-content ng-trigger ng-trigger-responsePopulation ng-tns-c4150723369-518\">\n<div class=\"markdown markdown-main-panel ui-v2-enabled\" dir=\"ltr\">\n<h2 class=\"\" data-sourcepos=\"1:1-1:47\">Dostali ste nespr\u00e1vny diel? Sme tu, aby sme pomohli.<\/h2>\n<p data-sourcepos=\"3:1-3:40\">Ak obdr\u017e\u00edte nespr\u00e1vnu polo\u017eku, jednoducho kontaktujte svojho obchodn\u00e9ho z\u00e1stupcu a op\u00ed\u0161te probl\u00e9m. N\u00e1\u0161 t\u00edm kvality va\u0161u reklam\u00e1ciu promptne prever\u00ed, v pr\u00edpade potreby vykon\u00e1 d\u00f4kladn\u00fa anal\u00fdzu pomocou spr\u00e1vy 8D a zabezpe\u010d\u00ed r\u00fdchle rie\u0161enie, aby ste mohli \u010do najsk\u00f4r pokra\u010dova\u0165 v prev\u00e1dzke.<br \/>\nM\u00f4\u017eete sa spo\u013eahn\u00fa\u0165, \u017ee sme odhodlan\u00ed dod\u00e1va\u0165 najlep\u0161ie produkty a efekt\u00edvne rie\u0161i\u0165 ak\u00e9ko\u013evek chyby.<\/p>\n<\/div>\n<p><\/div>\n<p><\/div>\n<p><\/div>\n<p><\/div>\n<p><\/div>\n<p><\/div>\n<p><\/div>\n<p>&nbsp;[\/vc_column_text][\/vc_column][vc_column width=&#8221;1\/2&#8243;][vc_single_image image=&#8221;15520&#8243; img_size=&#8221;full&#8221; alignment=&#8221;center&#8221; css_animation=&#8221;bottom-to-top&#8221;][\/vc_column][\/vc_row][vc_row][vc_column css=&#8221;.vc_custom_1716827067965{margin-bottom: 40px !important;}&#8221;][rev_slider_vc alias=&#8221;hookahs-slider&#8221;][\/vc_column][\/vc_row]<\/p>\n<\/div>","protected":false},"excerpt":{"rendered":"<p>[vc_section full_width=&#8221;stretch_row&#8221; css=&#8221;.vc_custom_1542025240624{background-color: #f9f9f9 !important;}&#8221;][vc_row css=&#8221;.vc_custom_1542025031874{background-color: #f9f9f9 !important;}&#8221;][vc_column width=&#8221;1\/6&#8243;][\/vc_column][vc_column width=&#8221;2\/3&#8243;][vc_column_text] Nie ste spokojn\u00ed? &nbsp;[\/vc_column_text][\/vc_column][vc_column width=&#8221;1\/6&#8243;][\/vc_column][\/vc_row][\/vc_section][vc_row full_width=&#8221;stretch_row&#8221; css=&#8221;.vc_custom_1694062051816{margin-top: 40px !important;margin-bottom: 45px<\/p>\n","protected":false},"author":3,"featured_media":0,"parent":0,"menu_order":0,"comment_status":"closed","ping_status":"closed","template":"","meta":{"footnotes":""},"class_list":["post-52287","page","type-page","status-publish","hentry"],"_links":{"self":[{"href":"https:\/\/nttgroup.com\/sk\/wp-json\/wp\/v2\/pages\/52287","targetHints":{"allow":["GET"]}}],"collection":[{"href":"https:\/\/nttgroup.com\/sk\/wp-json\/wp\/v2\/pages"}],"about":[{"href":"https:\/\/nttgroup.com\/sk\/wp-json\/wp\/v2\/types\/page"}],"author":[{"embeddable":true,"href":"https:\/\/nttgroup.com\/sk\/wp-json\/wp\/v2\/users\/3"}],"replies":[{"embeddable":true,"href":"https:\/\/nttgroup.com\/sk\/wp-json\/wp\/v2\/comments?post=52287"}],"version-history":[{"count":3,"href":"https:\/\/nttgroup.com\/sk\/wp-json\/wp\/v2\/pages\/52287\/revisions"}],"predecessor-version":[{"id":53170,"href":"https:\/\/nttgroup.com\/sk\/wp-json\/wp\/v2\/pages\/52287\/revisions\/53170"}],"wp:attachment":[{"href":"https:\/\/nttgroup.com\/sk\/wp-json\/wp\/v2\/media?parent=52287"}],"curies":[{"name":"wp","href":"https:\/\/api.w.org\/{rel}","templated":true}]}}