{"id":52296,"date":"2026-03-16T08:13:02","date_gmt":"2026-03-16T08:13:02","guid":{"rendered":"https:\/\/nttgroup.com\/politika-kvality-ntt\/"},"modified":"2026-03-16T08:13:09","modified_gmt":"2026-03-16T08:13:09","slug":"politika-kvality-ntt","status":"publish","type":"page","link":"https:\/\/nttgroup.com\/sk\/politika-kvality-ntt\/","title":{"rendered":"Politika kvality NTT"},"content":{"rendered":"<div class=\"wpb-content-wrapper\"><p>[vc_section full_width=&#8221;stretch_row&#8221; css=&#8221;.vc_custom_1542025240624{background-color: #f9f9f9 !important;}&#8221;][vc_row css=&#8221;.vc_custom_1542025031874{background-color: #f9f9f9 !important;}&#8221;][vc_column width=&#8221;1\/6&#8243;][\/vc_column][vc_column width=&#8221;2\/3&#8243;][vc_column_text]<\/p>\n<p><\/p>\n<h4 style=\"font-size: 42px; text-align: center;\">Politika kvality<\/h4>\n<p><\/p>\n<p>[\/vc_column_text][vc_separator border_width=&#8221;2&#8243; css=&#8221;.vc_custom_1542025311822{margin-bottom: 20px !important;}&#8221;][\/vc_column][vc_column width=&#8221;1\/6&#8243;][\/vc_column][\/vc_row][vc_row css=&#8221;.vc_custom_1542025040822{background-color: #f9f9f9 !important;}&#8221;][vc_column width=&#8221;1\/3&#8243;]\t\t\t<div class=\" basel-info-box text-center icon-alignment-top box-style-base color-scheme-dark  with-animation \" onclick=\"\">\n\t\t\t\t\t\t\t\t<div class=\"info-box-content\">\n\t\t\t\t\t<div class=\"info-box-inner\">\n\t\t\t\t\t\t<\/p>\n<h2>Kvalita<\/h2>\n<\/p>\n<p class=\"Normal\">Kvalita je z\u00e1kladnou hodnotou v\u0161etk\u00fdch produktov, ktor\u00e9 dod\u00e1vame<\/p>\n<p>\n\t\t\t\t\t<\/div>\n\t\t\t\t<\/div>\n\t\t\t<\/div>\n\t\t[\/vc_column][vc_column width=&#8221;1\/3&#8243;]\t\t\t<div class=\" basel-info-box text-center icon-alignment-top box-style-base color-scheme-dark  with-animation \" onclick=\"\">\n\t\t\t\t\t\t\t\t<div class=\"info-box-content\">\n\t\t\t\t\t<div class=\"info-box-inner\">\n\t\t\t\t\t\t<\/p>\n<h2>Spokojnos\u0165<\/h2>\n<\/p>\n<p class=\"Normal\">Sp\u00e4tn\u00e1 v\u00e4zba z\u00e1kazn\u00edkov je pre n\u00e1s najd\u00f4le\u017eitej\u0161ia<\/p>\n<p>\n\t\t\t\t\t<\/div>\n\t\t\t\t<\/div>\n\t\t\t<\/div>\n\t\t[\/vc_column][vc_column width=&#8221;1\/3&#8243;]\t\t\t<div class=\" basel-info-box text-center icon-alignment-top box-style-base color-scheme-dark  with-animation \" onclick=\"\">\n\t\t\t\t\t\t\t\t<div class=\"info-box-content\">\n\t\t\t\t\t<div class=\"info-box-inner\">\n\t\t\t\t\t\t<\/p>\n<h2>Zlep\u0161ovanie<\/h2>\n<p>Neust\u00e1le zlep\u0161ovanie je k\u013e\u00fa\u010dov\u00fdm faktorom pre vysok\u00fa kvalitu dielov<\/p>\n\t\t\t\t\t<\/div>\n\t\t\t\t<\/div>\n\t\t\t<\/div>\n\t\t[\/vc_column][\/vc_row]<\/p>\n<p>[\/vc_section]<\/p>\n<p>[vc_row full_width=&#8221;stretch_row&#8221; css=&#8221;.vc_custom_1694062051816{margin-top: 40px !important;margin-bottom: 45px !important;}&#8221;][vc_column width=&#8221;1\/2&#8243; el_class=&#8221;text-left&#8221;][vc_column_text css=&#8221;.vc_custom_1760606879736{margin-bottom: 30px !important;}&#8221; basel_color_scheme=&#8221;dark&#8221;]<\/p>\n<div class=\"dxGrid\">\n<div class=\"dxGrid8 Main1\">\n<div class=\"presented-response-container ng-tns-c4150723369-440\">\n<div class=\"response-container-content ng-tns-c4150723369-440\">\n<div class=\"response-content ng-trigger ng-trigger-responsePopulation ng-tns-c4150723369-440\">\n<div class=\"markdown markdown-main-panel ui-v2-enabled\" dir=\"ltr\">\n<h2 class=\"\" data-sourcepos=\"1:1-1:52\">Poh\u00e1\u0148an\u00ed excelentnos\u0165ou: Z\u00e1v\u00e4zok kvality NTT Group<\/h2>\n<p data-sourcepos=\"3:1-3:180\">V NTT Group je kvalita viac ne\u017e len slovo \u2014 je z\u00e1kladom v\u0161etk\u00e9ho, \u010do rob\u00edme. Staviame na dlhoro\u010dnej trad\u00edcii vysoko kvalitnej v\u00fdroby a usilujeme sa by\u0165 l\u00eddrom v oblasti mechanick\u00e9ho prenosu v\u00fdkonu. N\u00e1\u0161 pevn\u00fd z\u00e1v\u00e4zok k dokonalosti je vyjadren\u00fd v komplexnej politike kvality, ktor\u00e1 stanovuje princ\u00edpy riadiace na\u0161e \u010dinnosti.<\/p>\n<p data-sourcepos=\"5:1-5:37\"><strong>Dod\u00e1vanie hodnoty, budovanie d\u00f4very:<\/strong><\/p>\n<ul data-sourcepos=\"7:1-7:85\">\n<li data-sourcepos=\"7:1-7:85\">Sme odhodlan\u00ed poskytova\u0165 produkty \u0161pi\u010dkovej kvality \u2014 na\u010das, na spr\u00e1vne miesto a za konkurencieschopn\u00fa cenu. Tento pr\u00edstup n\u00e1m umo\u017e\u0148uje nielen plni\u0165, ale aj prekon\u00e1va\u0165 o\u010dak\u00e1vania z\u00e1kazn\u00edkov a budova\u0165 dlhodob\u00e9 partnersk\u00e9 vz\u0165ahy zalo\u017een\u00e9 na d\u00f4vere.<\/li>\n<\/ul>\n<p data-sourcepos=\"9:1-9:48\"><strong>Neust\u00e1le zlep\u0161ovanie \u2014 cesta k \u00faspechu:<\/strong><\/p>\n<ul data-sourcepos=\"11:1-12:0\">\n<li data-sourcepos=\"11:1-12:0\">Ver\u00edme v neust\u00e1ly rozvoj a akt\u00edvne zlep\u0161ujeme n\u00e1\u0161 syst\u00e9m riadenia kvality, produkty aj procesy. T\u00e1to vytrval\u00e1 snaha o dokonalos\u0165 zvy\u0161uje spokojnos\u0165 z\u00e1kazn\u00edkov a udr\u017eiava n\u00e1s na \u010dele odvetvia.<\/li>\n<\/ul>\n<p data-sourcepos=\"13:1-13:17\"><strong>Spolo\u010dn\u00e1 cesta:<\/strong><\/p>\n<ul data-sourcepos=\"15:1-17:0\">\n<li data-sourcepos=\"15:1-15:290\">Podpora vedenia je k\u013e\u00fa\u010dov\u00e1 \u2014 stanovuje jasn\u00e9 a motivuj\u00face ciele kvality, ktor\u00e9 sa pravidelne hodnotia a zlep\u0161uj\u00fa. Na\u0161i kvalifikovan\u00ed zamestnanci zodpovedn\u00ed za kvalitu preberaj\u00fa zodpovednos\u0165 za svoju pr\u00e1cu, aby ka\u017ed\u00fd komponent reprezentoval to najlep\u0161ie z NTT Group.<\/li>\n<li data-sourcepos=\"16:1-17:0\">Cen\u00edme si pevn\u00e9 partnerstv\u00e1 so spo\u013eahliv\u00fdmi dod\u00e1vate\u013emi, ktor\u00ed zdie\u013eaj\u00fa n\u00e1\u0161 d\u00f4raz na kvalitu. Dodr\u017eiavan\u00edm najvy\u0161\u0161\u00edch \u0161tandardov zabezpe\u010dujeme, \u017ee ka\u017ed\u00e1 dod\u00e1vka je d\u00f4kazom na\u0161ej excelentnosti a z\u00e1kladom bud\u00facej spolupr\u00e1ce.<\/li>\n<\/ul>\n<p data-sourcepos=\"18:1-18:46\"><strong>Spolo\u010dn\u00e1 zodpovednos\u0165 \u2014 spolo\u010dn\u00fd \u00faspech:<\/strong><\/p>\n<ul data-sourcepos=\"20:1-21:0\">\n<li data-sourcepos=\"20:1-21:0\">Ver\u00edme, \u017ee ka\u017ed\u00fd zamestnanec zohr\u00e1va k\u013e\u00fa\u010dov\u00fa \u00falohu pri dodr\u017eiavan\u00ed politiky kvality. Kult\u00fara spolo\u010dnej zodpovednosti zaru\u010duje, \u017ee kvalita zost\u00e1va v centre v\u0161etk\u00fdch na\u0161ich \u010dinnost\u00ed a vedie n\u00e1s k dlhodob\u00e9mu \u00faspechu.<\/li>\n<\/ul>\n<p data-sourcepos=\"22:1-22:257\">Dodr\u017eiavan\u00edm t\u00fdchto princ\u00edpov buduje NTT Group d\u00f4veru z\u00e1kazn\u00edkov, zamestnancov aj partnerov. Poz\u00fdvame v\u00e1s pripoji\u0165 sa k tejto ceste k dokonalosti, kde v\u00fdnimo\u010dn\u00e1 kvalita nie je len pr\u00eds\u013eub, ale realita v ka\u017edej spolupr\u00e1ci.<\/p>\n<\/div>\n<p><\/div>\n<p><\/div>\n<p><\/div>\n<p><\/div>\n<p><\/div>\n<p>&nbsp;[\/vc_column_text][\/vc_column][vc_column width=&#8221;1\/2&#8243;][vc_single_image image=&#8221;15520&#8243; img_size=&#8221;full&#8221; alignment=&#8221;center&#8221; css_animation=&#8221;bottom-to-top&#8221;][\/vc_column][\/vc_row][vc_row][vc_column][\/vc_column][\/vc_row]<\/p>\n<\/div>","protected":false},"excerpt":{"rendered":"<p>[vc_section full_width=&#8221;stretch_row&#8221; css=&#8221;.vc_custom_1542025240624{background-color: #f9f9f9 !important;}&#8221;][vc_row css=&#8221;.vc_custom_1542025031874{background-color: #f9f9f9 !important;}&#8221;][vc_column width=&#8221;1\/6&#8243;][\/vc_column][vc_column width=&#8221;2\/3&#8243;][vc_column_text] Politika kvality [\/vc_column_text][vc_separator border_width=&#8221;2&#8243; css=&#8221;.vc_custom_1542025311822{margin-bottom: 20px !important;}&#8221;][\/vc_column][vc_column width=&#8221;1\/6&#8243;][\/vc_column][\/vc_row][vc_row css=&#8221;.vc_custom_1542025040822{background-color: #f9f9f9<\/p>\n","protected":false},"author":3,"featured_media":0,"parent":0,"menu_order":0,"comment_status":"closed","ping_status":"closed","template":"","meta":{"footnotes":""},"class_list":["post-52296","page","type-page","status-publish","hentry"],"_links":{"self":[{"href":"https:\/\/nttgroup.com\/sk\/wp-json\/wp\/v2\/pages\/52296","targetHints":{"allow":["GET"]}}],"collection":[{"href":"https:\/\/nttgroup.com\/sk\/wp-json\/wp\/v2\/pages"}],"about":[{"href":"https:\/\/nttgroup.com\/sk\/wp-json\/wp\/v2\/types\/page"}],"author":[{"embeddable":true,"href":"https:\/\/nttgroup.com\/sk\/wp-json\/wp\/v2\/users\/3"}],"replies":[{"embeddable":true,"href":"https:\/\/nttgroup.com\/sk\/wp-json\/wp\/v2\/comments?post=52296"}],"version-history":[{"count":5,"href":"https:\/\/nttgroup.com\/sk\/wp-json\/wp\/v2\/pages\/52296\/revisions"}],"predecessor-version":[{"id":52320,"href":"https:\/\/nttgroup.com\/sk\/wp-json\/wp\/v2\/pages\/52296\/revisions\/52320"}],"wp:attachment":[{"href":"https:\/\/nttgroup.com\/sk\/wp-json\/wp\/v2\/media?parent=52296"}],"curies":[{"name":"wp","href":"https:\/\/api.w.org\/{rel}","templated":true}]}}