{"id":52332,"date":"2026-03-16T08:23:13","date_gmt":"2026-03-16T08:23:13","guid":{"rendered":"https:\/\/nttgroup.com\/pracovny-proces-ntt\/"},"modified":"2026-03-16T08:23:14","modified_gmt":"2026-03-16T08:23:14","slug":"pracovny-proces-ntt","status":"publish","type":"page","link":"https:\/\/nttgroup.com\/sk\/pracovny-proces-ntt\/","title":{"rendered":"Pracovn\u00fd proces NTT"},"content":{"rendered":"<div class=\"wpb-content-wrapper\"><p>[vc_section full_width=&#8221;stretch_row&#8221; css=&#8221;.vc_custom_1542025240624{background-color: #f9f9f9 !important;}&#8221;][vc_row css=&#8221;.vc_custom_1542025031874{background-color: #f9f9f9 !important;}&#8221;][vc_column width=&#8221;1\/6&#8243;][\/vc_column][vc_column width=&#8221;2\/3&#8243;][vc_column_text]<\/p>\n<h4 style=\"font-size: 42px; text-align: center;\">Proces pr\u00e1ce<\/h4>\n<p>&nbsp;[\/vc_column_text][vc_separator border_width=&#8221;2&#8243; css=&#8221;.vc_custom_1542025311822{margin-bottom: 20px !important;}&#8221;][\/vc_column][vc_column width=&#8221;1\/6&#8243;][\/vc_column][\/vc_row][vc_row css=&#8221;.vc_custom_1542025040822{background-color: #f9f9f9 !important;}&#8221;][vc_column width=&#8221;1\/3&#8243;]\t\t\t<div class=\" basel-info-box text-center icon-alignment-top box-style-base color-scheme-dark  with-animation \" onclick=\"\">\n\t\t\t\t\t\t\t\t<div class=\"info-box-content\">\n\t\t\t\t\t<div class=\"info-box-inner\">\n\t\t\t\t\t\t<\/p>\n<h2>Ponuka<\/h2>\n<\/p>\n<p class=\"Normal\">Najlep\u0161ia ponuka produktov pre prenos v\u00fdkonu<\/p>\n<p>\n\t\t\t\t\t<\/div>\n\t\t\t\t<\/div>\n\t\t\t<\/div>\n\t\t[\/vc_column][vc_column width=&#8221;1\/3&#8243;]\t\t\t<div class=\" basel-info-box text-center icon-alignment-top box-style-base color-scheme-dark  with-animation \" onclick=\"\">\n\t\t\t\t\t\t\t\t<div class=\"info-box-content\">\n\t\t\t\t\t<div class=\"info-box-inner\">\n\t\t\t\t\t\t<\/p>\n<h2>V\u00fdroba<\/h2>\n<\/p>\n<p class=\"Normal\">Vlastn\u00e9 v\u00fdrobn\u00e9 z\u00e1vody vo \u0160v\u00e9dsku, Po\u013esku a Nemecku<\/p>\n<p>\n\t\t\t\t\t<\/div>\n\t\t\t\t<\/div>\n\t\t\t<\/div>\n\t\t[\/vc_column][vc_column width=&#8221;1\/3&#8243;]\t\t\t<div class=\" basel-info-box text-center icon-alignment-top box-style-base color-scheme-dark  with-animation \" onclick=\"\">\n\t\t\t\t\t\t\t\t<div class=\"info-box-content\">\n\t\t\t\t\t<div class=\"info-box-inner\">\n\t\t\t\t\t\t<\/p>\n<h2>Dodanie<\/h2>\n<p>\u0160tandard sp\u013a\u0148aj\u00faci po\u017eiadavky z\u00e1kazn\u00edka<\/p>\n\t\t\t\t\t<\/div>\n\t\t\t\t<\/div>\n\t\t\t<\/div>\n\t\t[\/vc_column][\/vc_row]<\/p>\n<p>[\/vc_section]<\/p>\n<p>[vc_row full_width=&#8221;stretch_row&#8221; css=&#8221;.vc_custom_1694062051816{margin-top: 40px !important;margin-bottom: 45px !important;}&#8221;][vc_column width=&#8221;1\/2&#8243; el_class=&#8221;text-left&#8221;][vc_column_text css=&#8221;.vc_custom_1760606905102{margin-bottom: 30px !important;}&#8221; basel_color_scheme=&#8221;dark&#8221;]<\/p>\n<div class=\"dxGrid\">\n<div class=\"dxGrid8 Main1\">\n<div class=\"dxGrid\">\n<div class=\"dxGrid8 Main1\">\n<p class=\"Normal\"><strong>1. Po\u017eiadavka z\u00e1kazn\u00edka<\/strong><br \/>\nNa\u0161i obchodn\u00ed z\u00e1stupcovia analyzuj\u00fa potreby z\u00e1kazn\u00edka, klad\u00fa dopl\u0148uj\u00face ot\u00e1zky a navrhuj\u00fa optim\u00e1lne rie\u0161enia.<\/p>\n<p class=\"Normal\">K\u013e\u00fa\u010dov\u00e9 slov\u00e1: zodpovednos\u0165 a odborn\u00e9 znalosti<\/p>\n<p class=\"Normal\"><strong>2. Najlep\u0161ia ponuka<br \/>\n<\/strong>Na z\u00e1klade po\u017eiadaviek na cenu, dodanie a kon\u0161trukciu produktu priprav\u00edme optim\u00e1lnu ponuku:<\/p>\n<ul class=\"dxUl\">\n<li>\n<p class=\"Normal\">v\u00fdroba vo vlastn\u00fdch z\u00e1vodoch vo \u0160v\u00e9dsku, alebo<\/p>\n<\/li>\n<li>\n<p class=\"Normal\">n\u00e1kup od najvhodnej\u0161ieho dod\u00e1vate\u013ea v Eur\u00f3pe alebo \u00c1zii<\/p>\n<\/li>\n<\/ul>\n<p class=\"Normal\">Po prijat\u00ed ponuky z\u00e1kazn\u00edkom potvrd\u00edme objedn\u00e1vku a odo\u0161leme v\u00fdrobn\u00fd pr\u00edkaz pr\u00edslu\u0161n\u00e9mu z\u00e1vodu alebo n\u00e1kupn\u00e9mu oddeleniu.<\/p>\n<p class=\"Normal\">K\u013e\u00fa\u010dov\u00e9 slov\u00e1: znalosti a sk\u00fasenosti<\/p>\n<p class=\"Normal\"><strong>3. V\u00fdroba<br \/>\n<\/strong>\u0160tandardn\u00e9 produkty: Vo v\u00e4\u010d\u0161ine pr\u00edpadov odosielame e\u0161te v ten ist\u00fd de\u0148<\/p>\n<p class=\"Normal\">Z\u00e1kazkov\u00e1 v\u00fdroba:<\/p>\n<p class=\"Normal\"><strong>3 a. V\u00fdroba vo vlastn\u00fdch z\u00e1vodoch<br \/>\n<\/strong>NTT Group p\u00f4sob\u00ed v \u00f4smich mest\u00e1ch:<\/p>\n<table class=\"dxTable\" summary=\"\">\n<tbody>\n<tr>\n<td>\n<p class=\"Normal\">\u0160v\u00e9dsko<\/p>\n<\/td>\n<td>\n<p class=\"Normal\">M\u00f6lndal<\/p>\n<\/td>\n<td>\n<p class=\"Normal\">s\u00e9riov\u00e1 v\u00fdroba<\/p>\n<\/td>\n<\/tr>\n<tr>\n<td>\n<p class=\"Normal\">\u0160v\u00e9dsko<\/p>\n<\/td>\n<td>\n<p class=\"Normal\">Vittsj\u00f6<\/p>\n<\/td>\n<td>\n<p class=\"Normal\">kusov\u00e1 v\u00fdroba<\/p>\n<\/td>\n<\/tr>\n<tr>\n<td>\n<p class=\"Normal\">\u0160v\u00e9dsko<\/p>\n<\/td>\n<td>\n<p class=\"Normal\">Lingbo<\/p>\n<\/td>\n<td>\n<p class=\"Normal\">centrum excelentnosti: re\u0165aze<\/p>\n<\/td>\n<\/tr>\n<tr>\n<td>\n<p class=\"Normal\">\u0160v\u00e9dsko<\/p>\n<\/td>\n<td>\n<p class=\"Normal\">Sandarne<\/p>\n<\/td>\n<td>\n<p class=\"Normal\">subdod\u00e1vatelia<\/p>\n<\/td>\n<\/tr>\n<tr>\n<td>\n<p class=\"Normal\">\u0160v\u00e9dsko<\/p>\n<\/td>\n<td>\n<p class=\"Normal\">Broby<\/p>\n<\/td>\n<td>\n<p class=\"Normal\">Centrum excelentnosti: remene<\/p>\n<\/td>\n<\/tr>\n<tr>\n<td>\n<p class=\"Normal\">\u0160v\u00e9dsko<\/p>\n<\/td>\n<td>\n<p class=\"Normal\">Sv\u00e4ngsta<\/p>\n<\/td>\n<td>\n<p class=\"Normal\">Centrum excelentnosti: prevodovky, elektromotory<\/p>\n<\/td>\n<\/tr>\n<tr>\n<td>\n<p class=\"Normal\">Nemecko<\/p>\n<\/td>\n<td>\n<p class=\"Normal\">Hamburg<\/p>\n<\/td>\n<td>\n<p class=\"Normal\">Centrum excelentnosti: re\u0165aze<\/p>\n<\/td>\n<\/tr>\n<tr>\n<td>\n<p class=\"Normal\">Po\u013esko<\/p>\n<\/td>\n<td>\n<p class=\"Normal\">Chojn\u00f3w<\/p>\n<\/td>\n<td>\n<p class=\"Normal\">kusov\u00e1 v\u00fdroba<\/p>\n<\/td>\n<\/tr>\n<\/tbody>\n<\/table>\n<p class=\"Normal\">Produkty z vlastn\u00fdch z\u00e1vodov znamenaj\u00fa r\u00fdchle dod\u00e1vky a vysok\u00fa kvalitu.<\/p>\n<p class=\"Normal\">K\u013e\u00fa\u010dov\u00e9 slov\u00e1: \u0161\u00edrka a h\u013abka ponuky<\/p>\n<p class=\"Normal\"><strong>3 b. V\u00fdrobcovia v Eur\u00f3pe a \u00c1zii<br \/>\n<\/strong>Pre z\u00e1kazn\u00edkov akceptuj\u00facich dlh\u0161ie dodacie lehoty alebo v\u00fdrobky mimo \u0160v\u00e9dska a Po\u013eska s\u00fa extern\u00ed dod\u00e1vatelia vhodnou alternat\u00edvou.<\/p>\n<p class=\"Normal\">NTT Group m\u00e1 dlhodob\u00e9 partnerstv\u00e1 so spo\u013eahliv\u00fdmi v\u00fdrobcami, \u010do umo\u017e\u0148uje dovoz kvalitn\u00fdch a cenovo dostupn\u00fdch produktov.<\/p>\n<p class=\"Normal\">K\u013e\u00fa\u010dov\u00e9 slovo: spolupr\u00e1ca<\/p>\n<p class=\"Normal\"><strong>4. Dodanie<br \/>\n<\/strong>Pred balen\u00edm a exped\u00edciou v\u017edy vykon\u00e1vame kontrolu kvality.<\/p>\n<p class=\"Normal\">K\u013e\u00fa\u010dov\u00e9 slov\u00e1: presnos\u0165 a orient\u00e1cia na z\u00e1kazn\u00edka<\/p>\n<p class=\"Normal\"><strong>5. Faktur\u00e1cia<br \/>\n<\/strong>Fakt\u00fara je vystaven\u00e1 v de\u0148 odoslania tovaru.<br data-start=\"4678\" data-end=\"4681\" \/>Splatnos\u0165: zvy\u010dajne 30 dn\u00ed<\/p>\n<p class=\"Normal\">K\u013e\u00fa\u010dov\u00e9 slovo: preh\u013eadnos\u0165<\/p>\n<\/div>\n<p><\/div>\n<p><\/div>\n<p><\/div>\n<p>&nbsp;[\/vc_column_text][\/vc_column][vc_column width=&#8221;1\/2&#8243;][vc_single_image image=&#8221;15630&#8243; img_size=&#8221;full&#8221; alignment=&#8221;center&#8221; css_animation=&#8221;bottom-to-top&#8221;][\/vc_column][\/vc_row]<\/p>\n<\/div>","protected":false},"excerpt":{"rendered":"<p>[vc_section full_width=&#8221;stretch_row&#8221; css=&#8221;.vc_custom_1542025240624{background-color: #f9f9f9 !important;}&#8221;][vc_row css=&#8221;.vc_custom_1542025031874{background-color: #f9f9f9 !important;}&#8221;][vc_column width=&#8221;1\/6&#8243;][\/vc_column][vc_column width=&#8221;2\/3&#8243;][vc_column_text] Proces pr\u00e1ce &nbsp;[\/vc_column_text][vc_separator border_width=&#8221;2&#8243; css=&#8221;.vc_custom_1542025311822{margin-bottom: 20px !important;}&#8221;][\/vc_column][vc_column width=&#8221;1\/6&#8243;][\/vc_column][\/vc_row][vc_row css=&#8221;.vc_custom_1542025040822{background-color: #f9f9f9<\/p>\n","protected":false},"author":3,"featured_media":0,"parent":0,"menu_order":0,"comment_status":"closed","ping_status":"closed","template":"","meta":{"footnotes":""},"class_list":["post-52332","page","type-page","status-publish","hentry"],"_links":{"self":[{"href":"https:\/\/nttgroup.com\/sk\/wp-json\/wp\/v2\/pages\/52332","targetHints":{"allow":["GET"]}}],"collection":[{"href":"https:\/\/nttgroup.com\/sk\/wp-json\/wp\/v2\/pages"}],"about":[{"href":"https:\/\/nttgroup.com\/sk\/wp-json\/wp\/v2\/types\/page"}],"author":[{"embeddable":true,"href":"https:\/\/nttgroup.com\/sk\/wp-json\/wp\/v2\/users\/3"}],"replies":[{"embeddable":true,"href":"https:\/\/nttgroup.com\/sk\/wp-json\/wp\/v2\/comments?post=52332"}],"version-history":[{"count":2,"href":"https:\/\/nttgroup.com\/sk\/wp-json\/wp\/v2\/pages\/52332\/revisions"}],"predecessor-version":[{"id":52338,"href":"https:\/\/nttgroup.com\/sk\/wp-json\/wp\/v2\/pages\/52332\/revisions\/52338"}],"wp:attachment":[{"href":"https:\/\/nttgroup.com\/sk\/wp-json\/wp\/v2\/media?parent=52332"}],"curies":[{"name":"wp","href":"https:\/\/api.w.org\/{rel}","templated":true}]}}