{"id":52341,"date":"2026-03-16T08:28:09","date_gmt":"2026-03-16T08:28:09","guid":{"rendered":"https:\/\/nttgroup.com\/roboticke-zvaranie\/"},"modified":"2026-03-16T08:28:11","modified_gmt":"2026-03-16T08:28:11","slug":"roboticke-zvaranie","status":"publish","type":"page","link":"https:\/\/nttgroup.com\/sk\/roboticke-zvaranie\/","title":{"rendered":"Robotick\u00e9 zv\u00e1ranie"},"content":{"rendered":"<div class=\"wpb-content-wrapper\"><p>[vc_section full_width=&#8221;stretch_row&#8221; css=&#8221;.vc_custom_1542025240624{background-color: #f9f9f9 !important;}&#8221;][vc_row css=&#8221;.vc_custom_1542025031874{background-color: #f9f9f9 !important;}&#8221;][vc_column width=&#8221;1\/6&#8243;][\/vc_column][vc_column width=&#8221;2\/3&#8243;][vc_column_text]<\/p>\n<h4 style=\"font-size: 42px; text-align: center;\">Robotick\u00e9 zv\u00e1ranie<\/h4>\n<p>&nbsp;[\/vc_column_text][vc_separator border_width=&#8221;2&#8243; css=&#8221;.vc_custom_1542025311822{margin-bottom: 20px !important;}&#8221;][\/vc_column][vc_column width=&#8221;1\/6&#8243;][\/vc_column][\/vc_row][vc_row css=&#8221;.vc_custom_1542025040822{background-color: #f9f9f9 !important;}&#8221;][vc_column width=&#8221;1\/3&#8243;]\t\t\t<div class=\" basel-info-box text-center icon-alignment-top box-style-base color-scheme-dark  with-animation \" onclick=\"\">\n\t\t\t\t\t\t\t\t<div class=\"info-box-content\">\n\t\t\t\t\t<div class=\"info-box-inner\">\n\t\t\t\t\t\t<\/p>\n<h2>Vysok\u00e1 kvalita<\/h2>\n<p>MIG\/MAG zvary vysokej kvality<\/p>\n\t\t\t\t\t<\/div>\n\t\t\t\t<\/div>\n\t\t\t<\/div>\n\t\t[\/vc_column][vc_column width=&#8221;1\/3&#8243;]\t\t\t<div class=\" basel-info-box text-center icon-alignment-top box-style-base color-scheme-dark  with-animation \" onclick=\"\">\n\t\t\t\t\t\t\t\t<div class=\"info-box-content\">\n\t\t\t\t\t<div class=\"info-box-inner\">\n\t\t\t\t\t\t<\/p>\n<h2>Ve\u013ek\u00e9 diely<\/h2>\n<p>Mo\u017enos\u0165 zv\u00e1rania dielov do priemeru \u00d8 1,5 m<\/p>\n\t\t\t\t\t<\/div>\n\t\t\t\t<\/div>\n\t\t\t<\/div>\n\t\t[\/vc_column][vc_column width=&#8221;1\/3&#8243;]\t\t\t<div class=\" basel-info-box text-center icon-alignment-top box-style-base color-scheme-dark  with-animation \" onclick=\"\">\n\t\t\t\t\t\t\t\t<div class=\"info-box-content\">\n\t\t\t\t\t<div class=\"info-box-inner\">\n\t\t\t\t\t\t<\/p>\n<h2>R\u00fdchlos\u0165<\/h2>\n<p>Kr\u00e1tke cyklov\u00e9 \u010dasy pre kusov\u00fa aj s\u00e9riov\u00fa v\u00fdrobu<\/p>\n\t\t\t\t\t<\/div>\n\t\t\t\t<\/div>\n\t\t\t<\/div>\n\t\t[\/vc_column][\/vc_row][\/vc_section][vc_row full_width=&#8221;stretch_row_content_no_spaces&#8221; content_placement=&#8221;top&#8221; css=&#8221;.vc_custom_1542028241205{margin-top: 40px !important;margin-bottom: -40px !important;}&#8221;][vc_column width=&#8221;1\/2&#8243; offset=&#8221;vc_col-md-6&#8243;][vc_single_image image=&#8221;15510&#8243; img_size=&#8221;500x&#8221; alignment=&#8221;center&#8221;][\/vc_column][vc_column width=&#8221;1\/2&#8243; css=&#8221;.vc_custom_1485009354843{margin-top: 25px !important;margin-bottom: 40px !important;padding-right: 10% !important;padding-left: 10% !important;}&#8221; offset=&#8221;vc_col-md-6&#8243;][vc_column_text css=&#8221;.vc_custom_1694516324558{margin-bottom: 30px !important;}&#8221;]<\/p>\n<h1 class=\"font-title\" style=\"text-align: center; font-size: 42px; text-transform: capitalize;\">Robotick\u00e9 zv\u00e1ranie<\/h1>\n<p><\/p>\n<h3 class=\"LC20lb\" style=\"text-align: center;\">MIG\/MAG<\/h3>\n<p>&nbsp;[\/vc_column_text][vc_column_text css=&#8221;.vc_custom_1694516428854{padding-right: 30px !important;padding-left: 30px !important;}&#8221;]<\/p>\n<table border=\"0\" width=\"512\" cellspacing=\"0\" cellpadding=\"0\">\n<colgroup>\n<col width=\"143\" \/>\n<col width=\"141\" \/>\n<col width=\"228\" \/><\/colgroup>\n<tbody>\n<tr>\n<td class=\"xl65\" width=\"143\" height=\"28\">Stroj<\/td>\n<td class=\"xl65\" width=\"141\">\u00a0Zv\u00e1ra\u010d<\/td>\n<td class=\"xl65\" width=\"228\">\u00a0Pozn\u00e1mky<\/td>\n<\/tr>\n<tr>\n<td height=\"20\">Fanuc 120iC<\/td>\n<td>Fronius TPS 400i<\/td>\n<td>\u00a0horizont\u00e1lne a vertik\u00e1lne oto\u010dn\u00e9 stoly<\/td>\n<\/tr>\n<\/tbody>\n<\/table>\n<p>&nbsp;[\/vc_column_text][\/vc_column][\/vc_row][vc_row full_width=&#8221;stretch_row&#8221; content_placement=&#8221;middle&#8221; css=&#8221;.vc_custom_1708612183404{margin-top: 40px !important;margin-bottom: 0px !important;background-color: #f9f9f9 !important;}&#8221;][vc_column width=&#8221;1\/2&#8243; css=&#8221;.vc_custom_1438784954834{margin-bottom: 40px !important;}&#8221;][vc_column_text css=&#8221;&#8221; basel_color_scheme=&#8221;dark&#8221;]<\/p>\n<div class=\"presented-response-container ng-tns-c4150723369-462\">\n<div class=\"response-container-content ng-tns-c4150723369-462\">\n<div class=\"response-content ng-trigger ng-trigger-responsePopulation ng-tns-c4150723369-462\">\n<div class=\"markdown markdown-main-panel ui-v2-enabled\" dir=\"ltr\">\n<div class=\"presented-response-container ng-tns-c4150723369-496\">\n<div class=\"response-container-content ng-tns-c4150723369-496\">\n<div class=\"response-content ng-trigger ng-trigger-responsePopulation ng-tns-c4150723369-496\">\n<div class=\"markdown markdown-main-panel ui-v2-enabled\" dir=\"ltr\">\n<h2 class=\"\" data-sourcepos=\"1:1-1:83\">Roboticky vytvoren\u00e1 excelentnos\u0165: Inovat\u00edvne zv\u00e1ranie pre \u0161pi\u010dkov\u00e9 dopravn\u00edkov\u00e9 re\u0165aze<\/h2>\n<p data-start=\"5433\" data-end=\"5699\">V NTT Group pos\u00favame v\u00fdrobu dopravn\u00edkov\u00fdch re\u0165az\u00ed na nov\u00fa \u00farove\u0148 pomocou presn\u00e9ho a efekt\u00edvneho robotick\u00e9ho zv\u00e1rania. Na\u0161e pracovisko je vybaven\u00e9 modern\u00fdm robotom MAG 135 FANUC s profesion\u00e1lnou zv\u00e1racou technikou Fronius, \u010do zaru\u010duje v\u00fdnimo\u010dn\u00fa kvalitu ka\u017ed\u00e9ho zvaru.<\/p>\n<p data-start=\"5701\" data-end=\"5812\">T\u00e1to pokro\u010dil\u00e1 technol\u00f3gia umo\u017e\u0148uje v\u00fdrobu dopravn\u00edkov\u00fdch re\u0165az\u00ed s bezkonkuren\u010dnou kvalitou a konzistentnos\u0165ou:<\/p>\n<ul data-sourcepos=\"7:1-7:37\">\n<li data-sourcepos=\"7:1-7:37\"><strong>Neochvejn\u00e1 presnos\u0165:<\/strong> Robot eliminuje \u013eudsk\u00e9 chyby a zabezpe\u010duje presn\u00e9 a opakovate\u013en\u00e9 zvary aj pri zlo\u017eitej geometrii re\u0165az\u00ed.<\/li>\n<li data-sourcepos=\"8:1-8:129\"><strong>Vy\u0161\u0161ia efektivita:<\/strong> Automatiz\u00e1cia zr\u00fdch\u013euje v\u00fdrobu, zvy\u0161uje kapacitu a zni\u017euje v\u00fdrobn\u00e9 n\u00e1klady aj dodacie lehoty.<\/li>\n<li data-sourcepos=\"9:1-9:166\"><strong>Vynikaj\u00faca kvalita zvaru:<\/strong> Technol\u00f3gia Fronius zaru\u010duje pevn\u00e9 a spo\u013eahliv\u00e9 zvary sp\u013a\u0148aj\u00face najvy\u0161\u0161ie normy kvality.<\/li>\n<li data-sourcepos=\"10:1-10:73\"><strong>Maxim\u00e1lna univerz\u00e1lnos\u0165:<\/strong> Robot zvl\u00e1dne r\u00f4zne zv\u00e1racie oper\u00e1cie \u2014 od pripev\u0148ovania \u0161peci\u00e1lnych prvkov a\u017e po zv\u00e1ranie re\u0165azov\u00fdch kolies pre val\u010dekov\u00e9 a dopravn\u00edkov\u00e9 re\u0165aze.<\/li>\n<\/ul>\n<p data-sourcepos=\"12:1-12:350\">Robotick\u00e9 zv\u00e1ranie n\u00e1m navy\u0161e umo\u017e\u0148uje realizova\u0165 inovat\u00edvne kon\u0161trukcie s komplexn\u00fdmi zvarmi a pos\u00fava\u0165 hranice mo\u017enost\u00ed vo v\u00fdrobe dopravn\u00edkov\u00fdch re\u0165az\u00ed. T\u00e1to orient\u00e1cia na inov\u00e1cie n\u00e1s rad\u00ed medzi l\u00eddrov v odvetv\u00ed a umo\u017e\u0148uje dod\u00e1va\u0165 v\u00fdnimo\u010dn\u00e9 produkty pre va\u0161e aplik\u00e1cie.<\/p>\n<\/div>\n<p><\/div>\n<p><\/div>\n<p><\/div>\n<p><\/div>\n<p><\/div>\n<p><\/div>\n<p><\/div>\n<p>&nbsp;[\/vc_column_text][\/vc_column][vc_column width=&#8221;1\/2&#8243; css=&#8221;.vc_custom_1438784968106{margin-bottom: 40px !important;}&#8221;][vc_video link=&#8221;https:\/\/youtu.be\/UjHtWgB1sf4&#8243;][\/vc_column][\/vc_row]<\/p>\n<\/div>","protected":false},"excerpt":{"rendered":"<p>[vc_section full_width=&#8221;stretch_row&#8221; css=&#8221;.vc_custom_1542025240624{background-color: #f9f9f9 !important;}&#8221;][vc_row css=&#8221;.vc_custom_1542025031874{background-color: #f9f9f9 !important;}&#8221;][vc_column width=&#8221;1\/6&#8243;][\/vc_column][vc_column width=&#8221;2\/3&#8243;][vc_column_text] Robotick\u00e9 zv\u00e1ranie &nbsp;[\/vc_column_text][vc_separator border_width=&#8221;2&#8243; css=&#8221;.vc_custom_1542025311822{margin-bottom: 20px !important;}&#8221;][\/vc_column][vc_column width=&#8221;1\/6&#8243;][\/vc_column][\/vc_row][vc_row css=&#8221;.vc_custom_1542025040822{background-color: #f9f9f9<\/p>\n","protected":false},"author":3,"featured_media":0,"parent":0,"menu_order":0,"comment_status":"closed","ping_status":"closed","template":"","meta":{"footnotes":""},"class_list":["post-52341","page","type-page","status-publish","hentry"],"_links":{"self":[{"href":"https:\/\/nttgroup.com\/sk\/wp-json\/wp\/v2\/pages\/52341","targetHints":{"allow":["GET"]}}],"collection":[{"href":"https:\/\/nttgroup.com\/sk\/wp-json\/wp\/v2\/pages"}],"about":[{"href":"https:\/\/nttgroup.com\/sk\/wp-json\/wp\/v2\/types\/page"}],"author":[{"embeddable":true,"href":"https:\/\/nttgroup.com\/sk\/wp-json\/wp\/v2\/users\/3"}],"replies":[{"embeddable":true,"href":"https:\/\/nttgroup.com\/sk\/wp-json\/wp\/v2\/comments?post=52341"}],"version-history":[{"count":2,"href":"https:\/\/nttgroup.com\/sk\/wp-json\/wp\/v2\/pages\/52341\/revisions"}],"predecessor-version":[{"id":52347,"href":"https:\/\/nttgroup.com\/sk\/wp-json\/wp\/v2\/pages\/52341\/revisions\/52347"}],"wp:attachment":[{"href":"https:\/\/nttgroup.com\/sk\/wp-json\/wp\/v2\/media?parent=52341"}],"curies":[{"name":"wp","href":"https:\/\/api.w.org\/{rel}","templated":true}]}}