{"id":20094,"date":"2024-01-30T06:52:54","date_gmt":"2024-01-30T06:52:54","guid":{"rendered":"https:\/\/nttgroup.com\/kugghjulsskarning\/"},"modified":"2025-10-16T10:27:25","modified_gmt":"2025-10-16T10:27:25","slug":"kugghjulsskarning","status":"publish","type":"page","link":"https:\/\/nttgroup.com\/sv\/kugghjulsskarning\/","title":{"rendered":"Kugghjulssk\u00e4rning"},"content":{"rendered":"<div class=\"wpb-content-wrapper\"><p>[vc_section full_width=&#8221;stretch_row&#8221; css=&#8221;.vc_custom_1542025240624{background-color: #f9f9f9 !important;}&#8221;][vc_row css=&#8221;.vc_custom_1542025031874{background-color: #f9f9f9 !important;}&#8221;][vc_column width=&#8221;1\/6&#8243;][\/vc_column][vc_column width=&#8221;2\/3&#8243;][vc_column_text]<\/p>\n<h4 style=\"font-size: 42px; text-align: center;\">Kugghjulsbearbetning <span class=\"color-primary\">CNC &amp; Manuell<\/span><\/h4>\n<p>[\/vc_column_text][vc_separator border_width=&#8221;2&#8243; css=&#8221;.vc_custom_1542025311822{margin-bottom: 20px !important;}&#8221;][\/vc_column][vc_column width=&#8221;1\/6&#8243;][\/vc_column][\/vc_row][vc_row css=&#8221;.vc_custom_1542025040822{background-color: #f9f9f9 !important;}&#8221;][vc_column width=&#8221;1\/3&#8243;]\t\t\t<div class=\" basel-info-box text-center icon-alignment-top box-style-base color-scheme-dark  with-animation \" onclick=\"\">\n\t\t\t\t\t\t\t\t<div class=\"info-box-content\">\n\t\t\t\t\t<div class=\"info-box-inner\">\n\t\t\t\t\t\t<\/p>\n<h2>Automatisk laddning<\/h2>\n<p>Reservdelslastare \u00f6kar v\u00e5r produktivitet upp till modul 5<\/p>\n\t\t\t\t\t<\/div>\n\t\t\t\t<\/div>\n\t\t\t<\/div>\n\t\t[\/vc_column][vc_column width=&#8221;1\/3&#8243;]\t\t\t<div class=\" basel-info-box text-center icon-alignment-top box-style-base color-scheme-dark  with-animation \" onclick=\"\">\n\t\t\t\t\t\t\t\t<div class=\"info-box-content\">\n\t\t\t\t\t<div class=\"info-box-inner\">\n\t\t\t\t\t\t<\/p>\n<h2>Kvalitet 6<\/h2>\n<p>Med hj\u00e4lp av skivningsteknik uppn\u00e5r vi kvalitetsniv\u00e5 6<\/p>\n\t\t\t\t\t<\/div>\n\t\t\t\t<\/div>\n\t\t\t<\/div>\n\t\t[\/vc_column][vc_column width=&#8221;1\/3&#8243;]\t\t\t<div class=\" basel-info-box text-center icon-alignment-top box-style-base color-scheme-dark  with-animation \" onclick=\"\">\n\t\t\t\t\t\t\t\t<div class=\"info-box-content\">\n\t\t\t\t\t<div class=\"info-box-inner\">\n\t\t\t\t\t\t<\/p>\n<h2>Varje modul<\/h2>\n<p>Fr\u00e5n modul 0.3 upp till 50<\/p>\n\t\t\t\t\t<\/div>\n\t\t\t\t<\/div>\n\t\t\t<\/div>\n\t\t[\/vc_column][\/vc_row][\/vc_section][vc_row full_width=&#8221;stretch_row_content_no_spaces&#8221; content_placement=&#8221;top&#8221; css=&#8221;.vc_custom_1542028241205{margin-top: 40px !important;margin-bottom: -40px !important;}&#8221;][vc_column width=&#8221;1\/2&#8243; offset=&#8221;vc_col-md-6&#8243;][vc_single_image image=&#8221;14863&#8243; img_size=&#8221;500x&#8221; alignment=&#8221;center&#8221;][\/vc_column][vc_column width=&#8221;1\/2&#8243; css=&#8221;.vc_custom_1485009354843{margin-top: 25px !important;margin-bottom: 40px !important;padding-right: 10% !important;padding-left: 10% !important;}&#8221; offset=&#8221;vc_col-md-6&#8243;][vc_column_text css=&#8221;.vc_custom_1760610395395{margin-bottom: 30px !important;}&#8221; basel_color_scheme=&#8221;dark&#8221;]<\/p>\n<h1 class=\"font-title\" style=\"text-align: center; font-size: 42px; text-transform: capitalize;\"><span style=\"border-bottom: 1px solid #BDBDBD; padding-bottom: 4px;\">Kugghjulsbearbetning CNC<\/span><\/h1>\n<h3 class=\"LC20lb\" style=\"text-align: center;\">\u00d8 1000 mm x 800 mm | Modul 12<\/h3>\n<p>[\/vc_column_text][vc_column_text css=&#8221;.vc_custom_1760610405380{padding-right: 30px !important;padding-left: 30px !important;}&#8221; basel_color_scheme=&#8221;dark&#8221;]<a href=\"http:\/\/www.emag.com\" target=\"_blank\" rel=\"noopener\">EMAG CNC<\/a> maskiner med automatisk reservdelslastare \u00e4r en bra l\u00f6sning f\u00f6r produktion av sm\u00e5 och stora volymer. Upp till 9:e kontrollerade axeln!<\/p>\n<table border=\"0\" width=\"572\" cellspacing=\"0\" cellpadding=\"0\">\n<colgroup>\n<col width=\"189\">\n<col width=\"113\">\n<col width=\"87\">\n<col width=\"96\">\n<col width=\"87\"><\/colgroup>\n<tbody>\n<tr>\n<td class=\"xl66\" width=\"189\" height=\"28\"><strong>Maskin<\/strong><\/td>\n<td class=\"xl66\" width=\"113\"><strong>\u00d8 max [mm]<\/strong><\/td>\n<td class=\"xl66\" width=\"87\"><strong>Modul<\/strong><\/td>\n<td class=\"xl66\" width=\"96\"><strong>Laddning<\/strong><\/td>\n<td class=\"xl66\" width=\"87\"><strong>Kvantitet<\/strong><\/td>\n<\/tr>\n<tr>\n<td class=\"xl65\" height=\"20\">EMAG Koepfer K160<\/td>\n<td align=\"right\">150<\/td>\n<td align=\"right\">3<\/td>\n<td>robot<\/td>\n<td align=\"right\">2<\/td>\n<\/tr>\n<tr>\n<td class=\"xl65\" height=\"20\">EMAG Koepfer K200<\/td>\n<td align=\"right\">200<\/td>\n<td align=\"right\">4<\/td>\n<td>robot<\/td>\n<td align=\"right\">3<\/td>\n<\/tr>\n<tr>\n<td class=\"xl65\" height=\"20\">EMAG Koepfer K300<\/td>\n<td align=\"right\">200<\/td>\n<td align=\"right\">6<\/td>\n<td>robot<\/td>\n<td align=\"right\">6<\/td>\n<\/tr>\n<tr>\n<td class=\"xl65\" height=\"20\">EMAG Koepfer K300<\/td>\n<td align=\"right\">200<\/td>\n<td align=\"right\">6<\/td>\n<td><\/td>\n<td align=\"right\">1<\/td>\n<\/tr>\n<tr>\n<td class=\"xl65\" height=\"20\">EMAG Richardon R200<\/td>\n<td align=\"right\">600<\/td>\n<td align=\"right\">10<\/td>\n<td><\/td>\n<td align=\"right\">1<\/td>\n<\/tr>\n<tr>\n<td class=\"xl65\" height=\"20\">EMAG Richardon R300<\/td>\n<td align=\"right\">800<\/td>\n<td align=\"right\">12<\/td>\n<td><\/td>\n<td align=\"right\">1<\/td>\n<\/tr>\n<tr>\n<td class=\"xl65\" height=\"20\">EMAG Richardon R500<\/td>\n<td align=\"right\">1000<\/td>\n<td align=\"right\">12<\/td>\n<td><\/td>\n<td align=\"right\">2<\/td>\n<\/tr>\n<\/tbody>\n<\/table>\n<p>[\/vc_column_text][\/vc_column][\/vc_row][vc_row full_width=&#8221;stretch_row_content_no_spaces&#8221; content_placement=&#8221;middle&#8221; css=&#8221;.vc_custom_1706594200932{margin-top: -40px !important;margin-bottom: 40px !important;background-color: #f9f9f9 !important;}&#8221;][vc_column width=&#8221;1\/2&#8243; css=&#8221;.vc_custom_1485009354843{margin-top: 25px !important;margin-bottom: 40px !important;padding-right: 10% !important;padding-left: 10% !important;}&#8221; offset=&#8221;vc_col-md-6&#8243;][vc_column_text css=&#8221;.vc_custom_1760610414780{margin-bottom: 30px !important;}&#8221; basel_color_scheme=&#8221;dark&#8221;]<\/p>\n<h1 class=\"font-title\" style=\"text-align: center; font-size: 42px; text-transform: capitalize;\"><span style=\"border-bottom: 1px solid #BDBDBD; padding-bottom: 4px;\">Kugghjulsbearbetning &#8211; Vertical<\/span><\/h1>\n<h3 class=\"LC20lb\" style=\"text-align: center;\">\u00d8 3000 mm &nbsp;| Modul 30<\/h3>\n<p>[\/vc_column_text][vc_column_text css=&#8221;.vc_custom_1760610425017{padding-right: 30px !important;padding-left: 30px !important;}&#8221; basel_color_scheme=&#8221;dark&#8221;]V\u00e5r maskinpark f\u00f6r vertikala kugghjul inkluderar f\u00f6ljande maskiner.<\/p>\n<table border=\"0\" width=\"572\" cellspacing=\"0\" cellpadding=\"0\">\n<colgroup>\n<col width=\"189\">\n<col width=\"113\">\n<col width=\"87\">\n<col width=\"96\">\n<col width=\"87\"><\/colgroup>\n<tbody>\n<tr>\n<td class=\"xl66\" width=\"189\" height=\"28\"><strong>Maskin<\/strong><\/td>\n<td class=\"xl66\" width=\"113\"><strong>\u00d8 max [mm]<\/strong><\/td>\n<td class=\"xl66\" width=\"87\"><strong>Modul<\/strong><\/td>\n<td class=\"xl66\" width=\"96\"><strong>Laddning<\/strong><\/td>\n<td class=\"xl66\" width=\"87\"><strong>Kvantitet<\/strong><\/td>\n<\/tr>\n<tr>\n<td class=\"xl65\" height=\"20\">Module ZFWZ 250<\/td>\n<td align=\"right\">250<\/td>\n<td align=\"right\">8<\/td>\n<td><\/td>\n<td align=\"right\">1<\/td>\n<\/tr>\n<tr>\n<td class=\"xl65\" height=\"20\">Module ZFWZ 400<\/td>\n<td align=\"right\">400<\/td>\n<td align=\"right\">10<\/td>\n<td><\/td>\n<td align=\"right\">2<\/td>\n<\/tr>\n<tr>\n<td class=\"xl65\" height=\"20\">Module ZFWZ 800<\/td>\n<td align=\"right\">800<\/td>\n<td align=\"right\">16<\/td>\n<td><\/td>\n<td align=\"right\">1<\/td>\n<\/tr>\n<tr>\n<td class=\"xl67\" height=\"20\">Tos Fo16<\/td>\n<td align=\"right\">2000<\/td>\n<td align=\"right\">24<\/td>\n<td><\/td>\n<td align=\"right\">1<\/td>\n<\/tr>\n<tr>\n<td class=\"xl67\" height=\"20\">Tos Fo25<\/td>\n<td align=\"right\">3000<\/td>\n<td align=\"right\">30<\/td>\n<td><\/td>\n<td align=\"right\">1<\/td>\n<\/tr>\n<\/tbody>\n<\/table>\n<p>[\/vc_column_text][\/vc_column][vc_column width=&#8221;1\/2&#8243; offset=&#8221;vc_col-md-6&#8243;][vc_single_image image=&#8221;15595&#8243; img_size=&#8221;full&#8221; alignment=&#8221;center&#8221; css=&#8221;.vc_custom_1706595488865{margin-bottom: 0px !important;}&#8221;][\/vc_column][\/vc_row][vc_row full_width=&#8221;stretch_row&#8221;][vc_column width=&#8221;1\/6&#8243;][\/vc_column][vc_column width=&#8221;2\/3&#8243;][vc_column_text]<\/p>\n<h1 style=\"font-size: 42px; text-align: center;\">Kugghjul<\/h1>\n<p>[\/vc_column_text][vc_separator border_width=&#8221;2&#8243; css=&#8221;.vc_custom_1542025311822{margin-bottom: 20px !important;}&#8221;][\/vc_column][vc_column width=&#8221;1\/6&#8243;][\/vc_column][\/vc_row][vc_row full_width=&#8221;stretch_row&#8221;][vc_column css=&#8221;.vc_custom_1716902055357{margin-bottom: 50px !important;}&#8221;][vc_column_text css=&#8221;&#8221; basel_color_scheme=&#8221;dark&#8221;]Kugghjul \u00e4r en viktig komponent inom mekaniska system och anv\u00e4nds f\u00f6r att \u00f6verf\u00f6ra kraft och r\u00f6relse mellan axlar. Kuggarna i ett kugghjul \u00e4r precisionsskurna f\u00f6r att s\u00e4kerst\u00e4lla en korrekt och effektiv kraft\u00f6verf\u00f6ring. En vanlig metod f\u00f6r tillverkning av kugghjul \u00e4r hobbing, d\u00e4r en speciell sk\u00e4rande kniv, kallad en hob, anv\u00e4nds f\u00f6r att sk\u00e4ra ut kuggarna p\u00e5 en roterande arbetsstycke. Hobbing-processen m\u00f6jligg\u00f6r h\u00f6g precision och reproducerbarhet i kugghjulstillverkning. Kvaliteten p\u00e5 kugghjul \u00e4r avg\u00f6rande f\u00f6r att s\u00e4kerst\u00e4lla en smidig och p\u00e5litlig drift av mekaniska system, och d\u00e4rf\u00f6r \u00e4r noggrannhet och kvalitetskontroll av st\u00f6rsta vikt vid tillverkning och anv\u00e4ndning av kugghjul.<\/p>\n<p>Letar du efter v\u00e4xlar av h\u00f6gre kvalitet? Kolla in v\u00e5r <a href=\"https:\/\/nttgroup.com\/sv\/kuggslipning-cnc\/\">kuggslipningstj\u00e4nst<\/a>.[\/vc_column_text][\/vc_column][\/vc_row]<\/p>\n<\/div>","protected":false},"excerpt":{"rendered":"<p>[vc_section full_width=&#8221;stretch_row&#8221; css=&#8221;.vc_custom_1542025240624{background-color: #f9f9f9 !important;}&#8221;][vc_row css=&#8221;.vc_custom_1542025031874{background-color: #f9f9f9 !important;}&#8221;][vc_column width=&#8221;1\/6&#8243;][\/vc_column][vc_column width=&#8221;2\/3&#8243;][vc_column_text] Kugghjulsbearbetning CNC &amp; Manuell [\/vc_column_text][vc_separator border_width=&#8221;2&#8243; css=&#8221;.vc_custom_1542025311822{margin-bottom: 20px !important;}&#8221;][\/vc_column][vc_column width=&#8221;1\/6&#8243;][\/vc_column][\/vc_row][vc_row<\/p>\n","protected":false},"author":3,"featured_media":0,"parent":0,"menu_order":0,"comment_status":"closed","ping_status":"closed","template":"","meta":{"footnotes":""},"class_list":["post-20094","page","type-page","status-publish","hentry"],"_links":{"self":[{"href":"https:\/\/nttgroup.com\/sv\/wp-json\/wp\/v2\/pages\/20094","targetHints":{"allow":["GET"]}}],"collection":[{"href":"https:\/\/nttgroup.com\/sv\/wp-json\/wp\/v2\/pages"}],"about":[{"href":"https:\/\/nttgroup.com\/sv\/wp-json\/wp\/v2\/types\/page"}],"author":[{"embeddable":true,"href":"https:\/\/nttgroup.com\/sv\/wp-json\/wp\/v2\/users\/3"}],"replies":[{"embeddable":true,"href":"https:\/\/nttgroup.com\/sv\/wp-json\/wp\/v2\/comments?post=20094"}],"version-history":[{"count":5,"href":"https:\/\/nttgroup.com\/sv\/wp-json\/wp\/v2\/pages\/20094\/revisions"}],"predecessor-version":[{"id":47388,"href":"https:\/\/nttgroup.com\/sv\/wp-json\/wp\/v2\/pages\/20094\/revisions\/47388"}],"wp:attachment":[{"href":"https:\/\/nttgroup.com\/sv\/wp-json\/wp\/v2\/media?parent=20094"}],"curies":[{"name":"wp","href":"https:\/\/api.w.org\/{rel}","templated":true}]}}