{"id":20252,"date":"2024-02-14T06:40:38","date_gmt":"2024-02-14T06:40:38","guid":{"rendered":"https:\/\/nttgroup.com\/cnc-frasning\/"},"modified":"2025-10-16T10:26:20","modified_gmt":"2025-10-16T10:26:20","slug":"cnc-frasning","status":"publish","type":"page","link":"https:\/\/nttgroup.com\/sv\/cnc-frasning\/","title":{"rendered":"CNC fr\u00e4sning"},"content":{"rendered":"<div class=\"wpb-content-wrapper\"><p>[vc_section full_width=&#8221;stretch_row&#8221; css=&#8221;.vc_custom_1542025240624{background-color: #f9f9f9 !important;}&#8221;][vc_row css=&#8221;.vc_custom_1542025031874{background-color: #f9f9f9 !important;}&#8221;][vc_column width=&#8221;1\/6&#8243;][\/vc_column][vc_column width=&#8221;2\/3&#8243;][vc_column_text]<\/p>\n<h4 style=\"font-size: 42px; text-align: center;\">Fr\u00e4sning <span class=\"color-primary\">CNC<\/span><\/h4>\n<p>[\/vc_column_text][vc_separator border_width=&#8221;2&#8243; css=&#8221;.vc_custom_1542025311822{margin-bottom: 20px !important;}&#8221;][\/vc_column][vc_column width=&#8221;1\/6&#8243;][\/vc_column][\/vc_row][vc_row css=&#8221;.vc_custom_1542025040822{background-color: #f9f9f9 !important;}&#8221;][vc_column width=&#8221;1\/3&#8243;]\t\t\t<div class=\" basel-info-box text-center icon-alignment-top box-style-base color-scheme-dark  with-animation \" onclick=\"\">\n\t\t\t\t\t\t\t\t<div class=\"info-box-content\">\n\t\t\t\t\t<div class=\"info-box-inner\">\n\t\t\t\t\t\t<\/p>\n<h2>Kontrollera<\/h2>\n<p>Heidenhains styrsystem anv\u00e4nds f\u00f6r kr\u00e4vande applikationer<\/p>\n\t\t\t\t\t<\/div>\n\t\t\t\t<\/div>\n\t\t\t<\/div>\n\t\t[\/vc_column][vc_column width=&#8221;1\/3&#8243;]\t\t\t<div class=\" basel-info-box text-center icon-alignment-top box-style-base color-scheme-dark  with-animation \" onclick=\"\">\n\t\t\t\t\t\t\t\t<div class=\"info-box-content\">\n\t\t\t\t\t<div class=\"info-box-inner\">\n\t\t\t\t\t\t<\/p>\n<h2>CAM<\/h2>\n<p>Vi anv\u00e4nder CAD &amp; CAM programvara f\u00f6r komplicerade fr\u00e4soperationer<\/p>\n\t\t\t\t\t<\/div>\n\t\t\t\t<\/div>\n\t\t\t<\/div>\n\t\t[\/vc_column][vc_column width=&#8221;1\/3&#8243;]\t\t\t<div class=\" basel-info-box text-center icon-alignment-top box-style-base color-scheme-dark  with-animation \" onclick=\"\">\n\t\t\t\t\t\t\t\t<div class=\"info-box-content\">\n\t\t\t\t\t<div class=\"info-box-inner\">\n\t\t\t\t\t\t<\/p>\n<h2>5-axliga<\/h2>\n<p>5-axliga operationer en upps\u00e4ttning<\/p>\n\t\t\t\t\t<\/div>\n\t\t\t\t<\/div>\n\t\t\t<\/div>\n\t\t[\/vc_column][\/vc_row][\/vc_section][vc_row full_width=&#8221;stretch_row_content_no_spaces&#8221; content_placement=&#8221;top&#8221; css=&#8221;.vc_custom_1542028241205{margin-top: 40px !important;margin-bottom: -40px !important;}&#8221;][vc_column width=&#8221;1\/2&#8243; offset=&#8221;vc_col-md-6&#8243;][vc_single_image image=&#8221;14849&#8243; img_size=&#8221;full&#8221;][\/vc_column][vc_column width=&#8221;1\/2&#8243; css=&#8221;.vc_custom_1485009354843{margin-top: 25px !important;margin-bottom: 40px !important;padding-right: 10% !important;padding-left: 10% !important;}&#8221; offset=&#8221;vc_col-md-6&#8243;][vc_column_text css=&#8221;.vc_custom_1694192847025{margin-bottom: 30px !important;}&#8221;]<\/p>\n<h1 class=\"font-title\" style=\"text-align: center; font-size: 42px; text-transform: capitalize;\"><span style=\"border-bottom: 1px solid #BDBDBD; padding-bottom: 4px;\">fr\u00e4sning CNC<\/span><\/h1>\n<h3 class=\"LC20lb\" style=\"text-align: center;\">2100 x 760 x 630 mm | upp till 3000 kg<\/h3>\n<p>[\/vc_column_text][vc_column_text css=&#8221;.vc_custom_1760610359877{padding-right: 30px !important;padding-left: 30px !important;}&#8221; basel_color_scheme=&#8221;dark&#8221;]V\u00e5r maskinpark inkluderar avancerade fr\u00e4smaskiner i sm\u00e5 och stora storlekar. Vi anv\u00e4nder Fanuc och Heidenhain kontroller.<\/p>\n<table border=\"0\" width=\"505\" cellspacing=\"0\" cellpadding=\"0\">\n<colgroup>\n<col width=\"197\">\n<col width=\"124\">\n<col span=\"2\" width=\"92\"><\/colgroup>\n<tbody>\n<tr>\n<td class=\"xl66\" width=\"197\" height=\"28\"><strong>Masking<\/strong><\/td>\n<td class=\"xl66\" width=\"124\"><strong>X\/Y\/Z<\/strong><\/td>\n<td class=\"xl66\" width=\"92\"><\/td>\n<td class=\"xl66\" width=\"92\"><strong>Antal<\/strong><\/td>\n<\/tr>\n<tr>\n<td class=\"xl65\" height=\"20\">Dahlih DMV-2000<\/td>\n<td>200\/700\/650<\/td>\n<td><\/td>\n<td align=\"right\">1<\/td>\n<\/tr>\n<tr>\n<td class=\"xl65\" height=\"20\">Dahlih MCV-1700<\/td>\n<td>1700\/800\/750<\/td>\n<td><\/td>\n<td align=\"right\">1<\/td>\n<\/tr>\n<tr>\n<td class=\"xl65\" height=\"20\">Hyundai Wia F400<\/td>\n<td>800\/460\/520<\/td>\n<td>3+1X<\/td>\n<td align=\"right\">1<\/td>\n<\/tr>\n<tr>\n<td class=\"xl69\" height=\"20\">Hyundai Wia F650PLUS<\/td>\n<td>1400\/660\/635<\/td>\n<td><\/td>\n<td align=\"right\">1<\/td>\n<\/tr>\n<tr>\n<td class=\"xl68\" height=\"20\">Hyundai Wia KF 5600<\/td>\n<td>1100\/560\/520<\/td>\n<td><\/td>\n<td align=\"right\">2<\/td>\n<\/tr>\n<tr>\n<td class=\"xl68\" height=\"20\">Hyundai Wia KF 5600C<\/td>\n<td>1100\/560\/635<\/td>\n<td><\/td>\n<td align=\"right\">1<\/td>\n<\/tr>\n<tr>\n<td class=\"xl67\" height=\"20\">Hyundai Wia KF7600L<\/td>\n<td>2100\/760\/635<\/td>\n<td>3+1X<\/td>\n<td align=\"right\">1<\/td>\n<\/tr>\n<tr>\n<td class=\"xl67\" height=\"20\">Hyundai Wia XF6300<\/td>\n<td>650\/765\/500<\/td>\n<td>5X<\/td>\n<td align=\"right\">1<\/td>\n<\/tr>\n<\/tbody>\n<\/table>\n<p>[\/vc_column_text][\/vc_column][\/vc_row][vc_row full_width=&#8221;stretch_row&#8221; content_placement=&#8221;middle&#8221; css=&#8221;.vc_custom_1707801645313{margin-bottom: 0px !important;background-color: #f9f9f9 !important;}&#8221;][vc_column width=&#8221;1\/2&#8243; css=&#8221;.vc_custom_1438784954834{margin-bottom: 40px !important;}&#8221;][vc_column_text css=&#8221;&#8221; basel_color_scheme=&#8221;dark&#8221;]<\/p>\n<h2>UTM\u00c4RKT BEARBETNING: DRIVS AV CNC TEKNIK<\/h2>\n<div class=\"dxGrid\">\n<div class=\"dxGrid8 Main1\">\n<p>P\u00e5 NTT Group f\u00f6rst\u00e5r vi att tillverkning av precisionsv\u00e4xlar kr\u00e4ver den b\u00e4sta tillg\u00e4ngliga utrustningen. Det \u00e4r d\u00e4rf\u00f6r vi investerar mycket i v\u00e5r maskinpark, med i f\u00f6rsta hand nya, f\u00f6rstklassiga Hyundai WIA CNC-fr\u00e4smaskiner. Dessa toppmoderna maskiner har de senaste CNC-kontrollerna fr\u00e5n Heidenhain eller Fanuc, erk\u00e4nda ledare inom omr\u00e5det. Denna kraftfulla kombination f\u00f6rser oss med f\u00f6ljande f\u00f6rdelar:<\/p>\n<p>O\u00f6vertr\u00e4ffad precision: Avancerade funktioner och sn\u00e4va toleranser s\u00e4kerst\u00e4ller att varje v\u00e4xelkomponent bearbetas med exceptionell noggrannhet och repeterbarhet, och uppfyller \u00e4ven de mest kr\u00e4vande specifikationerna.<br \/>\nF\u00f6rb\u00e4ttrad effektivitet: Modern teknik leder till snabbare bearbetningstider och f\u00f6rb\u00e4ttrade produktionsprocesser, vilket i slut\u00e4ndan levererar kostnadseffektiva l\u00f6sningar f\u00f6r v\u00e5ra kunder.<br \/>\nMaximal kontroll: Anv\u00e4ndarv\u00e4nliga gr\u00e4nssnitt och intuitiv navigering ger v\u00e5ra erfarna operat\u00f6rer m\u00f6jlighet att utf\u00f6ra exakta och komplicerade bearbetningsoperationer och uppn\u00e5 optimala resultat konsekvent.<br \/>\nFramtidss\u00e4ker teknik: Kontinuerliga investeringar i banbrytande CNC-maskiner s\u00e4kerst\u00e4ller att vi ligger i framkanten av branschen, anpassar oss till utvecklande teknologier och \u00f6vertr\u00e4ffar dina f\u00f6rv\u00e4ntningar.<\/p>\n<p>Genom att utnyttja denna avancerade teknik s\u00e4kerst\u00e4ller vi att varje NTT-utrustning \u00e4r tillverkad med kompromissl\u00f6s precision, effektivitet och kvalitet. Detta engagemang f\u00f6r att investera i det b\u00e4sta g\u00f6r att vi kan leverera p\u00e5litliga, h\u00f6gpresterande produkter som driver dina maskiner till framg\u00e5ng.<\/p>\n<\/div>\n<\/div>\n<p>[\/vc_column_text][\/vc_column][vc_column width=&#8221;1\/2&#8243; css=&#8221;.vc_custom_1438784968106{margin-bottom: 40px !important;}&#8221;][vc_single_image image=&#8221;20226&#8243; img_size=&#8221;large&#8221; alignment=&#8221;center&#8221; css_animation=&#8221;right-to-left&#8221;][\/vc_column][\/vc_row][vc_row full_width=&#8221;stretch_row&#8221; content_placement=&#8221;middle&#8221; css=&#8221;.vc_custom_1707892189539{margin-bottom: 0px !important;}&#8221;][vc_column width=&#8221;1\/2&#8243; css=&#8221;.vc_custom_1438784954834{margin-bottom: 40px !important;}&#8221;][vc_single_image image=&#8221;20246&#8243; img_size=&#8221;large&#8221; alignment=&#8221;center&#8221; css_animation=&#8221;right-to-left&#8221;][\/vc_column][vc_column width=&#8221;1\/2&#8243; css=&#8221;.vc_custom_1438784968106{margin-bottom: 40px !important;}&#8221;][vc_column_text css=&#8221;&#8221; basel_color_scheme=&#8221;dark&#8221;]<\/p>\n<h2>V\u00c5R STORSKALIGA CNC-FR\u00c4SNINGSEXPERTIS<\/h2>\n<div class=\"dxGrid\">\n<div class=\"dxGrid8 Main1\">\n<p>N\u00e4r ditt projekt kr\u00e4ver stora kugghjul eller \u00f6verdimensionerade komponenter beh\u00f6ver du inte leta l\u00e4ngre \u00e4n NTT Groups CNC-fr\u00e4savdelning. Vi \u00e4r specialiserade p\u00e5 att bearbeta storskaliga delar med samma noggranna precision och orubbliga kvalitet som du f\u00f6rv\u00e4ntar dig av n\u00e5gon av v\u00e5ra produkter.<\/p>\n<p>H\u00e4r \u00e4r vad som skiljer oss f\u00f6r stora projekt:<\/p>\n<p>Massiv kapacitet: V\u00e5ra CNC-maskiner har ett imponerande arbetsomr\u00e5de, som tar emot delar som \u00e4r h\u00f6gre, bredare och l\u00e4ngre \u00e4n vad traditionell fr\u00e4sning till\u00e5ter. Oavsett om det \u00e4r en kolossal v\u00e4xel f\u00f6r industrimaskiner eller en spretig komponent f\u00f6r ett banbrytande projekt, kan vi hantera det.<br \/>\nOrubblig precision: Trots skalan s\u00e4kerst\u00e4ller v\u00e5r avancerade CNC-teknik och skickliga operat\u00f6rer o\u00f6vertr\u00e4ffad noggrannhet. Sn\u00e4va toleranser och noggrann uppm\u00e4rksamhet p\u00e5 detaljer \u00f6vers\u00e4tts till felfritt bearbetade delar, \u00e4ven i stor skala.<br \/>\nS\u00f6ml\u00f6st arbetsfl\u00f6de: V\u00e5rt erfarna team f\u00f6rst\u00e5r komplexiteten med att hantera stora delar. Vi har expertis f\u00f6r att hantera projektlogistik, materialhantering och bearbetning av arbetsfl\u00f6den felfritt, vilket s\u00e4kerst\u00e4ller effektivitet och snabb leverans.<br \/>\nKvalitet du kan lita p\u00e5: V\u00e5rt engagemang f\u00f6r kvalitet minskar inte med storleken. Vi f\u00f6ljer strikt samma strikta kvalitetskontroll\u00e5tg\u00e4rder och internationella standarder f\u00f6r alla v\u00e5ra projekt, stora som sm\u00e5.<\/p>\n<p>NTT Group tillhandah\u00e5ller CNC-fr\u00e4sning med h\u00f6g precision f\u00f6r v\u00e4xlar och andra komponenter. Vi hanterar storskaliga projekt och erbjuder konkurrenskraftiga priser.<\/p>\n<\/div>\n<\/div>\n<p>[\/vc_column_text][\/vc_column][\/vc_row]<\/p>\n<\/div>","protected":false},"excerpt":{"rendered":"<p>[vc_section full_width=&#8221;stretch_row&#8221; css=&#8221;.vc_custom_1542025240624{background-color: #f9f9f9 !important;}&#8221;][vc_row css=&#8221;.vc_custom_1542025031874{background-color: #f9f9f9 !important;}&#8221;][vc_column width=&#8221;1\/6&#8243;][\/vc_column][vc_column width=&#8221;2\/3&#8243;][vc_column_text] Fr\u00e4sning CNC [\/vc_column_text][vc_separator border_width=&#8221;2&#8243; css=&#8221;.vc_custom_1542025311822{margin-bottom: 20px !important;}&#8221;][\/vc_column][vc_column width=&#8221;1\/6&#8243;][\/vc_column][\/vc_row][vc_row css=&#8221;.vc_custom_1542025040822{background-color: #f9f9f9<\/p>\n","protected":false},"author":3,"featured_media":0,"parent":0,"menu_order":0,"comment_status":"closed","ping_status":"closed","template":"","meta":{"footnotes":""},"class_list":["post-20252","page","type-page","status-publish","hentry"],"_links":{"self":[{"href":"https:\/\/nttgroup.com\/sv\/wp-json\/wp\/v2\/pages\/20252","targetHints":{"allow":["GET"]}}],"collection":[{"href":"https:\/\/nttgroup.com\/sv\/wp-json\/wp\/v2\/pages"}],"about":[{"href":"https:\/\/nttgroup.com\/sv\/wp-json\/wp\/v2\/types\/page"}],"author":[{"embeddable":true,"href":"https:\/\/nttgroup.com\/sv\/wp-json\/wp\/v2\/users\/3"}],"replies":[{"embeddable":true,"href":"https:\/\/nttgroup.com\/sv\/wp-json\/wp\/v2\/comments?post=20252"}],"version-history":[{"count":5,"href":"https:\/\/nttgroup.com\/sv\/wp-json\/wp\/v2\/pages\/20252\/revisions"}],"predecessor-version":[{"id":47385,"href":"https:\/\/nttgroup.com\/sv\/wp-json\/wp\/v2\/pages\/20252\/revisions\/47385"}],"wp:attachment":[{"href":"https:\/\/nttgroup.com\/sv\/wp-json\/wp\/v2\/media?parent=20252"}],"curies":[{"name":"wp","href":"https:\/\/api.w.org\/{rel}","templated":true}]}}