{"id":20306,"date":"2024-02-22T06:08:20","date_gmt":"2024-02-22T06:08:20","guid":{"rendered":"https:\/\/nttgroup.com\/ntt-group-i-backspegeln\/"},"modified":"2025-10-16T10:19:34","modified_gmt":"2025-10-16T10:19:34","slug":"ntt-group-i-backspegeln","status":"publish","type":"page","link":"https:\/\/nttgroup.com\/sv\/ntt-group-i-backspegeln\/","title":{"rendered":"NTT Group i backspegeln"},"content":{"rendered":"<div class=\"wpb-content-wrapper\"><p>[vc_section full_width=&#8221;stretch_row&#8221; css=&#8221;.vc_custom_1542025240624{background-color: #f9f9f9 !important;}&#8221;][vc_row css=&#8221;.vc_custom_1542025031874{background-color: #f9f9f9 !important;}&#8221;][vc_column width=&#8221;1\/6&#8243;][\/vc_column][vc_column width=&#8221;2\/3&#8243;][vc_column_text]<\/p>\n<h4 style=\"font-size: 42px; text-align: center;\">NTT Group i backspegeln<\/h4>\n<p>[\/vc_column_text][vc_separator border_width=&#8221;2&#8243; css=&#8221;.vc_custom_1542025311822{margin-bottom: 20px !important;}&#8221;][\/vc_column][vc_column width=&#8221;1\/6&#8243;][\/vc_column][\/vc_row][vc_row css=&#8221;.vc_custom_1542025040822{background-color: #f9f9f9 !important;}&#8221;][vc_column width=&#8221;1\/3&#8243;]\t\t\t<div class=\" basel-info-box text-center icon-alignment-top box-style-base color-scheme-dark  with-animation \" onclick=\"\">\n\t\t\t\t\t\t\t\t<div class=\"info-box-content\">\n\t\t\t\t\t<div class=\"info-box-inner\">\n\t\t\t\t\t\t<\/p>\n<h2>International<\/h2>\n<p>Our products are used on\u00a0every continent<\/p>\n\t\t\t\t\t<\/div>\n\t\t\t\t<\/div>\n\t\t\t<\/div>\n\t\t[\/vc_column][vc_column width=&#8221;1\/3&#8243;]\t\t\t<div class=\" basel-info-box text-center icon-alignment-top box-style-base color-scheme-dark  with-animation \" onclick=\"\">\n\t\t\t\t\t\t\t\t<div class=\"info-box-content\">\n\t\t\t\t\t<div class=\"info-box-inner\">\n\t\t\t\t\t\t<\/p>\n<h2>Experience<\/h2>\n<p>strong background since 1969<\/p>\n\t\t\t\t\t<\/div>\n\t\t\t\t<\/div>\n\t\t\t<\/div>\n\t\t[\/vc_column][vc_column width=&#8221;1\/3&#8243;]\t\t\t<div class=\" basel-info-box text-center icon-alignment-top box-style-base color-scheme-dark  with-animation \" onclick=\"\">\n\t\t\t\t\t\t\t\t<div class=\"info-box-content\">\n\t\t\t\t\t<div class=\"info-box-inner\">\n\t\t\t\t\t\t<\/p>\n<h2>Amazing Ideas<\/h2>\n<p>We helped customer with very special ideas<\/p>\n\t\t\t\t\t<\/div>\n\t\t\t\t<\/div>\n\t\t\t<\/div>\n\t\t[\/vc_column][\/vc_row][\/vc_section][vc_row full_width=&#8221;stretch_row&#8221; css=&#8221;.vc_custom_1694062051816{margin-top: 40px !important;margin-bottom: 45px !important;}&#8221;][vc_column width=&#8221;1\/3&#8243; el_class=&#8221;text-right&#8221;][vc_column_text css=&#8221;.vc_custom_1760609872642{margin-bottom: 30px !important;}&#8221; basel_color_scheme=&#8221;dark&#8221;]<\/p>\n<h5><strong style=\"color: #1b1919; font-family: Karla, Arial, Helvetica, sans-serif;\">1969<\/strong><\/h5>\n<p class=\"Normal\">M\u00f6lndals Industriprodukter AB grundas av Reinhardt Denberger, tidigare medarbetare p\u00e5 Berggrens Mekaniska. Reinhardt var pionj\u00e4r i branschen d\u00e5 han startade import av industriprodukter.<\/p>\n<p>[\/vc_column_text][vc_column_text css=&#8221;.vc_custom_1760609878950{margin-bottom: 30px !important;}&#8221; basel_color_scheme=&#8221;dark&#8221;]<\/p>\n<h5><strong style=\"color: #1b1919; font-family: Karla, Arial, Helvetica, sans-serif;\">1976<\/strong><\/h5>\n<h5 style=\"margin-bottom: 10px;\"><\/h5>\n<p class=\"Normal\">Nordisk Transmissionsteknik AB bildas som moderbolag till M\u00f6lndals Industriprodukter.<\/p>\n<p>[\/vc_column_text][vc_column_text css=&#8221;.vc_custom_1760609887202{margin-bottom: 30px !important;}&#8221; basel_color_scheme=&#8221;dark&#8221;]<\/p>\n<h5><strong style=\"color: #1b1919; font-family: Karla, Arial, Helvetica, sans-serif;\">1983<\/strong><\/h5>\n<h5 style=\"margin-bottom: 10px;\"><\/h5>\n<p class=\"Normal\">Berndt Denberger blir \u00e4gare och VD.<\/p>\n<p>[\/vc_column_text][vc_column_text css=&#8221;.vc_custom_1760609896269{margin-bottom: 30px !important;}&#8221; basel_color_scheme=&#8221;dark&#8221;]<\/p>\n<h5><strong style=\"color: #1b1919; font-family: Karla, Arial, Helvetica, sans-serif;\">1985<\/strong><\/h5>\n<h5 style=\"margin-bottom: 10px;\"><\/h5>\n<p class=\"Normal\">M\u00f6lndals Industriprodukter AB f\u00f6rv\u00e4rvar Berggrens Mekaniska. M\u00f6lndals Industriprodukter A\/S etableras i Norge.<\/p>\n<p>[\/vc_column_text][vc_column_text css=&#8221;.vc_custom_1760609905738{margin-bottom: 30px !important;}&#8221; basel_color_scheme=&#8221;dark&#8221;]<\/p>\n<h5><strong style=\"color: #1b1919; font-family: Karla, Arial, Helvetica, sans-serif;\">1989<\/strong><\/h5>\n<h5 style=\"margin-bottom: 10px;\"><\/h5>\n<p class=\"Normal\">M\u00f6lndals Industriprodukter AS etableras i Danmark.<\/p>\n<p>[\/vc_column_text][vc_column_text css=&#8221;.vc_custom_1760609912604{margin-bottom: 30px !important;}&#8221; basel_color_scheme=&#8221;dark&#8221;]<\/p>\n<h5><strong style=\"color: #1b1919; font-family: Karla, Arial, Helvetica, sans-serif;\">2000<\/strong><\/h5>\n<h5 style=\"margin-bottom: 10px;\"><\/h5>\n<p class=\"Normal\">M\u00f6lndals Industriprodukter Sp z o o etableras i Polen.<\/p>\n<p>[\/vc_column_text][\/vc_column][vc_column width=&#8221;1\/3&#8243;][vc_single_image image=&#8221;15472&#8243; img_size=&#8221;full&#8221; alignment=&#8221;center&#8221; css_animation=&#8221;bottom-to-top&#8221;][vc_single_image image=&#8221;15478&#8243; img_size=&#8221;full&#8221; alignment=&#8221;center&#8221; css_animation=&#8221;bottom-to-top&#8221;][\/vc_column][vc_column width=&#8221;1\/3&#8243;][vc_column_text css=&#8221;.vc_custom_1760609922381{margin-bottom: 30px !important;}&#8221; basel_color_scheme=&#8221;dark&#8221;]<\/p>\n<h5><strong style=\"color: #1b1919; font-family: Karla, Arial, Helvetica, sans-serif;\">2006-2009<\/strong><\/h5>\n<h5 style=\"margin-bottom: 10px;\"><\/h5>\n<p class=\"Normal\">Kilab (Kedjeexperten i Lingbo) f\u00f6rv\u00e4rvas. Med Kilab tillf\u00f6rs Lingbos m\u00e5ng\u00e5riga tradition och kunskap om kedjor till koncernen. Kedjor har tillverkats i Lingbo sedan b\u00f6rjan av 1930-talet. Mest k\u00e4nd \u00e4r f\u00f6rmodligen \u201dLingbokedjan\u201d, en robust och slitstark transport\u00f6rkedja utvecklad f\u00f6r att fylla cellulosa- och s\u00e5gverksindustrins behov.<\/p>\n<p class=\"Normal\">SKS Teknik AB, SKS Nylund AB, Sandarne Legomekaniska AB (SLM), Conveyorteknik Sweden AB och Vittsj\u00f6 Mekaniska Verkstads AB f\u00f6rv\u00e4rvas.<\/p>\n<p>[\/vc_column_text][vc_column_text css=&#8221;.vc_custom_1760609931368{margin-bottom: 30px !important;}&#8221; basel_color_scheme=&#8221;dark&#8221;]<\/p>\n<h5><strong style=\"color: #1b1919; font-family: Karla, Arial, Helvetica, sans-serif;\">2010<\/strong><\/h5>\n<h5 style=\"margin-bottom: 10px;\"><\/h5>\n<p class=\"Normal\">M\u00f6lndals Industriprodukter GmbH etableras i Tyskland.<\/p>\n<p>[\/vc_column_text][vc_column_text css=&#8221;.vc_custom_1760609942301{margin-bottom: 30px !important;}&#8221; basel_color_scheme=&#8221;dark&#8221;]<\/p>\n<h5><strong style=\"color: #1b1919; font-family: Karla, Arial, Helvetica, sans-serif;\">2011<\/strong><\/h5>\n<h5 style=\"margin-bottom: 10px;\"><\/h5>\n<p class=\"Normal\">Svenska Transmissionsprodukter f\u00f6rv\u00e4rvas.<\/p>\n<p>[\/vc_column_text][vc_column_text css=&#8221;.vc_custom_1760609948065{margin-bottom: 30px !important;}&#8221; basel_color_scheme=&#8221;dark&#8221;]<\/p>\n<h5><strong style=\"color: #1b1919; font-family: Karla, Arial, Helvetica, sans-serif;\">2012<\/strong><\/h5>\n<h5 style=\"margin-bottom: 10px;\"><\/h5>\n<p class=\"Normal\">KAHI Ecotec GmbH f\u00f6rv\u00e4rvas.<\/p>\n<p>[\/vc_column_text][vc_column_text css=&#8221;.vc_custom_1760609954584{margin-bottom: 30px !important;}&#8221; basel_color_scheme=&#8221;dark&#8221;]<\/p>\n<h5><strong style=\"color: #1b1919; font-family: Karla, Arial, Helvetica, sans-serif;\">2014<\/strong><\/h5>\n<h5 style=\"margin-bottom: 10px;\"><\/h5>\n<div class=\"dxGrid\">\n<div class=\"dxGrid8 Main1\">\n<div class=\"dxGrid\">\n<div class=\"dxGrid8 Main1\">\n<p class=\"Normal\">Alla verksamheter i koncernen samlas under samma varum\u00e4rke: NTT Group.<\/p>\n<\/div>\n<\/div>\n<\/div>\n<\/div>\n<p>[\/vc_column_text][vc_column_text css=&#8221;.vc_custom_1760609961501{margin-bottom: 30px !important;}&#8221; basel_color_scheme=&#8221;dark&#8221;]<\/p>\n<h5><strong style=\"color: #1b1919; font-family: Karla, Arial, Helvetica, sans-serif;\">2020-2022<\/strong><\/h5>\n<h5 style=\"margin-bottom: 10px;\"><\/h5>\n<div class=\"dxGrid\">\n<div class=\"dxGrid8 Main1\">\n<p class=\"Normal\">Komplett byte av maskinpark till robotautomatiserade CNC-maskiner i Molndal.backspegel<\/p>\n<\/div>\n<\/div>\n<p>[\/vc_column_text][vc_column_text css=&#8221;.vc_custom_1760609968819{margin-bottom: 30px !important;}&#8221; basel_color_scheme=&#8221;dark&#8221;]<\/p>\n<h5><strong style=\"color: #1b1919; font-family: Karla, Arial, Helvetica, sans-serif;\">2023<\/strong><\/h5>\n<h5 style=\"margin-bottom: 10px;\"><\/h5>\n<div class=\"dxGrid\">\n<div class=\"dxGrid8 Main1\">\n<p class=\"Normal\">NTT Finland OY etableras i Finland.<\/p>\n<\/div>\n<\/div>\n<p>[\/vc_column_text][\/vc_column][\/vc_row]<\/p>\n<\/div>","protected":false},"excerpt":{"rendered":"<p>[vc_section full_width=&#8221;stretch_row&#8221; css=&#8221;.vc_custom_1542025240624{background-color: #f9f9f9 !important;}&#8221;][vc_row css=&#8221;.vc_custom_1542025031874{background-color: #f9f9f9 !important;}&#8221;][vc_column width=&#8221;1\/6&#8243;][\/vc_column][vc_column width=&#8221;2\/3&#8243;][vc_column_text] NTT Group i backspegeln [\/vc_column_text][vc_separator border_width=&#8221;2&#8243; css=&#8221;.vc_custom_1542025311822{margin-bottom: 20px !important;}&#8221;][\/vc_column][vc_column width=&#8221;1\/6&#8243;][\/vc_column][\/vc_row][vc_row<\/p>\n","protected":false},"author":3,"featured_media":0,"parent":0,"menu_order":0,"comment_status":"closed","ping_status":"closed","template":"","meta":{"footnotes":""},"class_list":["post-20306","page","type-page","status-publish","hentry"],"_links":{"self":[{"href":"https:\/\/nttgroup.com\/sv\/wp-json\/wp\/v2\/pages\/20306","targetHints":{"allow":["GET"]}}],"collection":[{"href":"https:\/\/nttgroup.com\/sv\/wp-json\/wp\/v2\/pages"}],"about":[{"href":"https:\/\/nttgroup.com\/sv\/wp-json\/wp\/v2\/types\/page"}],"author":[{"embeddable":true,"href":"https:\/\/nttgroup.com\/sv\/wp-json\/wp\/v2\/users\/3"}],"replies":[{"embeddable":true,"href":"https:\/\/nttgroup.com\/sv\/wp-json\/wp\/v2\/comments?post=20306"}],"version-history":[{"count":3,"href":"https:\/\/nttgroup.com\/sv\/wp-json\/wp\/v2\/pages\/20306\/revisions"}],"predecessor-version":[{"id":47355,"href":"https:\/\/nttgroup.com\/sv\/wp-json\/wp\/v2\/pages\/20306\/revisions\/47355"}],"wp:attachment":[{"href":"https:\/\/nttgroup.com\/sv\/wp-json\/wp\/v2\/media?parent=20306"}],"curies":[{"name":"wp","href":"https:\/\/api.w.org\/{rel}","templated":true}]}}