{"id":20317,"date":"2024-02-22T06:32:36","date_gmt":"2024-02-22T06:32:36","guid":{"rendered":"https:\/\/nttgroup.com\/ntt-mission-vision-core-values\/"},"modified":"2025-10-16T10:20:03","modified_gmt":"2025-10-16T10:20:03","slug":"ntt-mission-vision-core-values","status":"publish","type":"page","link":"https:\/\/nttgroup.com\/sv\/ntt-mission-vision-core-values\/","title":{"rendered":"NTT Mission, Vision &#038; Core Values"},"content":{"rendered":"<div class=\"wpb-content-wrapper\"><p>[vc_section full_width=&#8221;stretch_row&#8221; css=&#8221;.vc_custom_1542025240624{background-color: #f9f9f9 !important;}&#8221;][vc_row css=&#8221;.vc_custom_1542025031874{background-color: #f9f9f9 !important;}&#8221;][vc_column width=&#8221;1\/6&#8243;][\/vc_column][vc_column width=&#8221;2\/3&#8243;][vc_column_text]<\/p>\n<h4 style=\"font-size: 42px; text-align: center;\">V\u00e5ra v\u00e4rderingar och m\u00e5l<\/h4>\n<p>[\/vc_column_text][vc_separator border_width=&#8221;2&#8243; css=&#8221;.vc_custom_1542025311822{margin-bottom: 20px !important;}&#8221;][\/vc_column][vc_column width=&#8221;1\/6&#8243;][\/vc_column][\/vc_row][vc_row css=&#8221;.vc_custom_1542025040822{background-color: #f9f9f9 !important;}&#8221;][vc_column width=&#8221;1\/3&#8243;]\t\t\t<div class=\" basel-info-box text-center icon-alignment-top box-style-base color-scheme-dark  with-animation \" onclick=\"\">\n\t\t\t\t\t\t\t\t<div class=\"info-box-content\">\n\t\t\t\t\t<div class=\"info-box-inner\">\n\t\t\t\t\t\t<\/p>\n<h2>Mission<\/h2>\n<p class=\"Normal\">Marknadens bredaste produktsortiment och tj\u00e4nster inom mekanisk transmission.<\/p>\n<p>\n\t\t\t\t\t<\/div>\n\t\t\t\t<\/div>\n\t\t\t<\/div>\n\t\t[\/vc_column][vc_column width=&#8221;1\/3&#8243;]\t\t\t<div class=\" basel-info-box text-center icon-alignment-top box-style-base color-scheme-dark  with-animation \" onclick=\"\">\n\t\t\t\t\t\t\t\t<div class=\"info-box-content\">\n\t\t\t\t\t<div class=\"info-box-inner\">\n\t\t\t\t\t\t<\/p>\n<h2>Vision<\/h2>\n<p class=\"Normal\">Den mest efterfr\u00e5gade partnern inom mekanisk transmission.<\/p>\n<p>\n\t\t\t\t\t<\/div>\n\t\t\t\t<\/div>\n\t\t\t<\/div>\n\t\t[\/vc_column][vc_column width=&#8221;1\/3&#8243;]\t\t\t<div class=\" basel-info-box text-center icon-alignment-top box-style-base color-scheme-dark  with-animation \" onclick=\"\">\n\t\t\t\t\t\t\t\t<div class=\"info-box-content\">\n\t\t\t\t\t<div class=\"info-box-inner\">\n\t\t\t\t\t\t<\/p>\n<h2>K\u00e4rnv\u00e4rden<\/h2>\n<p>P\u00e5litliga, tillg\u00e4ngliga &amp; samarbete.<\/p>\n\t\t\t\t\t<\/div>\n\t\t\t\t<\/div>\n\t\t\t<\/div>\n\t\t[\/vc_column][\/vc_row][\/vc_section][vc_row full_width=&#8221;stretch_row&#8221; css=&#8221;.vc_custom_1694062051816{margin-top: 40px !important;margin-bottom: 45px !important;}&#8221;][vc_column width=&#8221;1\/2&#8243; el_class=&#8221;text-left&#8221;][vc_column_text css=&#8221;.vc_custom_1760609998313{margin-bottom: 30px !important;}&#8221; basel_color_scheme=&#8221;dark&#8221;]<\/p>\n<div class=\"presented-response-container ng-tns-c4150723369-352\">\n<div class=\"response-container-content ng-tns-c4150723369-352\">\n<div class=\"response-content ng-trigger ng-trigger-responsePopulation ng-tns-c4150723369-352\">\n<div class=\"markdown markdown-main-panel ui-v2-enabled\" dir=\"ltr\">\n<div class=\"presented-response-container ng-tns-c4150723369-363\">\n<div class=\"response-container-content ng-tns-c4150723369-363\">\n<div class=\"response-content ng-trigger ng-trigger-responsePopulation ng-tns-c4150723369-363\">\n<div class=\"markdown markdown-main-panel ui-v2-enabled\" dir=\"ltr\">\n<p data-sourcepos=\"3:1-3:22\"><strong>Starkt Fundament: Bygga Tillit med Tillf\u00f6rlitlighet<\/strong><\/p>\n<p data-sourcepos=\"5:1-5:74\">P\u00e5 NTT Group \u00e4r <strong>tillf\u00f6rlitlighet<\/strong> grundstenen i allt vi g\u00f6r. Vi f\u00f6rst\u00e5r att v\u00e5ra kunder litar p\u00e5 oss att alltid leverera den exakta produkten de beh\u00f6ver. D\u00e4rf\u00f6r investerar vi kraftigt i <strong>avancerade produktionsanl\u00e4ggningar<\/strong>, vilket garanterar konsekvens och precision. Vi har det <strong>bredaste produktsortimentet<\/strong> p\u00e5 marknaden, vilket ger dig flexibiliteten att hitta den perfekta l\u00f6sningen. Och med ett <strong>stort lager<\/strong> garanterar vi <strong>punktlig leverans<\/strong> med <strong>oklanderlig kvalitet<\/strong>.<\/p>\n<p data-sourcepos=\"7:1-7:189\">Men tillf\u00f6rlitlighet handlar om mer \u00e4n h\u00e5rdvara. Det handlar ocks\u00e5 om att bygga f\u00f6rtroende. V\u00e5ra teammedlemmar <strong>samarbetar s\u00f6ml\u00f6st<\/strong>, var och en tar \u00e4garskap f\u00f6r din tillfredsst\u00e4llelse. Vi uppmuntrar \u00f6ppen kommunikation och \u00f6msesidig respekt, vilket skapar en s\u00e4ker milj\u00f6 d\u00e4r dina behov alltid \u00e4r h\u00f6gsta prioritet.<\/p>\n<p data-sourcepos=\"9:1-9:56\"><strong>Alltid Tillg\u00e4ngliga: \u00d6ppna D\u00f6rrar med Tillg\u00e4nglighet<\/strong><\/p>\n<p data-sourcepos=\"11:1-11:407\">Vi tror p\u00e5 att vara l\u00e4ttillg\u00e4ngliga f\u00f6r v\u00e5ra kunder. Det inneb\u00e4r tydliga, <strong>\u00f6ppna kommunikationskanaler<\/strong> och ett team som \u00e4r redo att svara p\u00e5 dina fr\u00e5gor och hantera dina oroligheter. Vi anv\u00e4nder v\u00e5r <strong>omfattande kunskap och erfarenhet<\/strong> f\u00f6r att hitta den perfekta l\u00f6sningen, oavsett hur unik din utmaning \u00e4r. Vi \u00e4r <strong>proaktiva i att hitta nya l\u00f6sningar<\/strong>, och kan f\u00f6rutse dina behov innan de ens uppst\u00e5r.<\/p>\n<p data-sourcepos=\"13:1-13:328\">V\u00e5rt engagemang f\u00f6r tillg\u00e4nglighet str\u00e4cker sig l\u00e4ngre \u00e4n att bara vara responsiva. Vi lyssnar aktivt och empatiskt, och fr\u00e4mjar genuina <strong>relationer<\/strong> med kunder, leverant\u00f6rer och anst\u00e4llda. Vi g\u00e5r den extra milen f\u00f6r att ge <strong>exemplariskt kundservice<\/strong>, vilket s\u00e4kerst\u00e4ller att du k\u00e4nner dig v\u00e4rderad och st\u00f6ttad i varje steg.<\/p>\n<p data-sourcepos=\"15:1-15:36\"><strong>Samlad Kraft: Samarbetets Styrka<\/strong><\/p>\n<p data-sourcepos=\"17:1-17:306\">P\u00e5 NTT Group ser vi p\u00e5 v\u00e5ra kundrelationer som \u00e4kta <strong>samarbeten<\/strong>. Vi tror p\u00e5 att samarbeta med dig f\u00f6r att uppn\u00e5 dina m\u00e5l och uppfylla din vision. Det inneb\u00e4r att vara <strong>responsiva<\/strong> mot dina skiftande behov, <strong>innovativa<\/strong> i att hitta l\u00f6sningar och <strong>flexibla<\/strong> nog att anpassa oss till dina unika krav.<\/p>\n<p data-sourcepos=\"19:1-19:287\">Internt \u00e4r <strong>samarbete<\/strong> v\u00e5rt hemliga vapen. V\u00e5rt team arbetar s\u00f6ml\u00f6st tillsammans, drivet av ett <strong>delat m\u00e5l:<\/strong> din framg\u00e5ng. Detta s\u00e4kerst\u00e4ller effektiv kommunikation, str\u00f6mlinjeformade processer och i slut\u00e4ndan en produkt eller tj\u00e4nst som perfekt anpassar sig till dina f\u00f6rv\u00e4ntningar.<\/p>\n<p data-sourcepos=\"21:1-21:235\">Genom att omfamna <strong>tillf\u00f6rlitlighet, tillg\u00e4nglighet och samarbete<\/strong> str\u00e4var NTT Group efter att vara mer \u00e4n bara en leverant\u00f6r; vi vill vara din betrodda partner, bygga l\u00e5ngvariga relationer p\u00e5 en grund av \u00f6msesidig respekt och gemensam framg\u00e5ng.<\/p>\n<\/div>\n<\/div>\n<\/div>\n<\/div>\n<\/div>\n<\/div>\n<\/div>\n<\/div>\n<p>[\/vc_column_text][\/vc_column][vc_column width=&#8221;1\/2&#8243;][vc_single_image image=&#8221;15483&#8243; img_size=&#8221;full&#8221; alignment=&#8221;center&#8221; css_animation=&#8221;bottom-to-top&#8221;][\/vc_column][\/vc_row]<\/p>\n<\/div>","protected":false},"excerpt":{"rendered":"<p>[vc_section full_width=&#8221;stretch_row&#8221; css=&#8221;.vc_custom_1542025240624{background-color: #f9f9f9 !important;}&#8221;][vc_row css=&#8221;.vc_custom_1542025031874{background-color: #f9f9f9 !important;}&#8221;][vc_column width=&#8221;1\/6&#8243;][\/vc_column][vc_column width=&#8221;2\/3&#8243;][vc_column_text] V\u00e5ra v\u00e4rderingar och m\u00e5l [\/vc_column_text][vc_separator border_width=&#8221;2&#8243; css=&#8221;.vc_custom_1542025311822{margin-bottom: 20px !important;}&#8221;][\/vc_column][vc_column width=&#8221;1\/6&#8243;][\/vc_column][\/vc_row][vc_row<\/p>\n","protected":false},"author":3,"featured_media":0,"parent":0,"menu_order":0,"comment_status":"closed","ping_status":"closed","template":"","meta":{"footnotes":""},"class_list":["post-20317","page","type-page","status-publish","hentry"],"_links":{"self":[{"href":"https:\/\/nttgroup.com\/sv\/wp-json\/wp\/v2\/pages\/20317","targetHints":{"allow":["GET"]}}],"collection":[{"href":"https:\/\/nttgroup.com\/sv\/wp-json\/wp\/v2\/pages"}],"about":[{"href":"https:\/\/nttgroup.com\/sv\/wp-json\/wp\/v2\/types\/page"}],"author":[{"embeddable":true,"href":"https:\/\/nttgroup.com\/sv\/wp-json\/wp\/v2\/users\/3"}],"replies":[{"embeddable":true,"href":"https:\/\/nttgroup.com\/sv\/wp-json\/wp\/v2\/comments?post=20317"}],"version-history":[{"count":5,"href":"https:\/\/nttgroup.com\/sv\/wp-json\/wp\/v2\/pages\/20317\/revisions"}],"predecessor-version":[{"id":47358,"href":"https:\/\/nttgroup.com\/sv\/wp-json\/wp\/v2\/pages\/20317\/revisions\/47358"}],"wp:attachment":[{"href":"https:\/\/nttgroup.com\/sv\/wp-json\/wp\/v2\/media?parent=20317"}],"curies":[{"name":"wp","href":"https:\/\/api.w.org\/{rel}","templated":true}]}}