{"id":20325,"date":"2024-02-22T06:43:24","date_gmt":"2024-02-22T06:43:24","guid":{"rendered":"https:\/\/nttgroup.com\/ntt-job-opportunities\/"},"modified":"2025-10-16T10:21:05","modified_gmt":"2025-10-16T10:21:05","slug":"ntt-job-opportunities","status":"publish","type":"page","link":"https:\/\/nttgroup.com\/sv\/ntt-job-opportunities\/","title":{"rendered":"NTT Job Opportunities"},"content":{"rendered":"<div class=\"wpb-content-wrapper\"><p>[vc_section full_width=&#8221;stretch_row&#8221; css=&#8221;.vc_custom_1542025240624{background-color: #f9f9f9 !important;}&#8221;][vc_row css=&#8221;.vc_custom_1542025031874{background-color: #f9f9f9 !important;}&#8221;][vc_column width=&#8221;1\/6&#8243;][\/vc_column][vc_column width=&#8221;2\/3&#8243;][vc_column_text]<\/p>\n<h4 style=\"font-size: 42px; text-align: center;\">People &#8211; Our\u00a0Greatest Value<\/h4>\n<p>[\/vc_column_text][vc_separator border_width=&#8221;2&#8243; css=&#8221;.vc_custom_1542025311822{margin-bottom: 20px !important;}&#8221;][\/vc_column][vc_column width=&#8221;1\/6&#8243;][\/vc_column][\/vc_row][vc_row css=&#8221;.vc_custom_1542025040822{background-color: #f9f9f9 !important;}&#8221;][vc_column width=&#8221;1\/3&#8243;]\t\t\t<div class=\" basel-info-box text-center icon-alignment-top box-style-base color-scheme-dark  with-animation \" onclick=\"\">\n\t\t\t\t\t\t\t\t<div class=\"info-box-content\">\n\t\t\t\t\t<div class=\"info-box-inner\">\n\t\t\t\t\t\t<\/p>\n<h2>Production<\/h2>\n<p class=\"Normal\">We are always open for new employees to join our production. CNC machine operators or gear specialist.<\/p>\n<p>\n\t\t\t\t\t<\/div>\n\t\t\t\t<\/div>\n\t\t\t<\/div>\n\t\t[\/vc_column][vc_column width=&#8221;1\/3&#8243;]\t\t\t<div class=\" basel-info-box text-center icon-alignment-top box-style-base color-scheme-dark  with-animation \" onclick=\"\">\n\t\t\t\t\t\t\t\t<div class=\"info-box-content\">\n\t\t\t\t\t<div class=\"info-box-inner\">\n\t\t\t\t\t\t<\/p>\n<h2>Office<\/h2>\n<p class=\"Normal\">Do you have experience in power transmission components?<br \/>\nJoin our greatest team!<\/p>\n\t\t\t\t\t<\/div>\n\t\t\t\t<\/div>\n\t\t\t<\/div>\n\t\t[\/vc_column][vc_column width=&#8221;1\/3&#8243;]\t\t\t<div class=\" basel-info-box text-center icon-alignment-top box-style-base color-scheme-dark  with-animation \" onclick=\"\">\n\t\t\t\t\t\t\t\t<div class=\"info-box-content\">\n\t\t\t\t\t<div class=\"info-box-inner\">\n\t\t\t\t\t\t<\/p>\n<h2>New Markets<\/h2>\n<p>We are open for new market opportunities.<\/p>\n\t\t\t\t\t<\/div>\n\t\t\t\t<\/div>\n\t\t\t<\/div>\n\t\t[\/vc_column][\/vc_row][\/vc_section][vc_row full_width=&#8221;stretch_row&#8221; css=&#8221;.vc_custom_1694062051816{margin-top: 40px !important;margin-bottom: 45px !important;}&#8221;][vc_column width=&#8221;1\/2&#8243; basel_color_scheme=&#8221;dark&#8221; el_class=&#8221;text-left&#8221;][vc_column_text css=&#8221;.vc_custom_1708584329212{margin-bottom: 30px !important;}&#8221;]<\/p>\n<div class=\"presented-response-container ng-tns-c4150723369-418\">\n<div class=\"response-container-content ng-tns-c4150723369-418\">\n<div class=\"response-content ng-trigger ng-trigger-responsePopulation ng-tns-c4150723369-418\">\n<div class=\"markdown markdown-main-panel ui-v2-enabled\" dir=\"ltr\">\n<div class=\"presented-response-container ng-tns-c4150723369-429\">\n<div class=\"response-container-content ng-tns-c4150723369-429\">\n<div class=\"response-content ng-trigger ng-trigger-responsePopulation ng-tns-c4150723369-429\">\n<div class=\"markdown markdown-main-panel ui-v2-enabled\" dir=\"ltr\">\n<p data-sourcepos=\"3:1-3:19\">erbjuder vi mer \u00e4n bara ett jobb &#8211; vi erbjuder en <strong>st\u00f6djande, samarbetsvillig milj\u00f6<\/strong> d\u00e4r du kan <strong>v\u00e4xa, l\u00e4ra och frodas<\/strong>. Oavsett om du \u00e4r en dynamisk kontorsanst\u00e4lld eller en skicklig produktionsarbetare har vi sp\u00e4nnande m\u00f6jligheter f\u00f6r dig att bli en del av v\u00e5r framg\u00e5ngssaga.<\/p>\n<p data-sourcepos=\"5:1-5:158\"><strong>F\u00f6r kontorspersonal:<\/strong> Om du har en passion f\u00f6r <strong>organisation, probleml\u00f6sning och kommunikation<\/strong>, f\u00f6rest\u00e4ll dig att bidra till v\u00e5rt f\u00f6retags smidiga drift. Vi erbjuder diverse roller inom omr\u00e5den som <strong>administration, finans, marknadsf\u00f6ring och f\u00f6rs\u00e4ljning<\/strong>, vilket ger m\u00f6jligheter att anv\u00e4nda dina f\u00e4rdigheter och utveckla nya.<\/p>\n<p data-sourcepos=\"7:1-7:179\"><strong>F\u00f6r produktionsarbetare:<\/strong> Om du \u00e4r en <strong>noggrann och praktisk person<\/strong> som trivs i en snabb milj\u00f6, f\u00f6rest\u00e4ll dig att skapa h\u00f6gkvalitativa komponenter som driver industrier \u00f6ver hela Europa. Vi erbjuder givande positioner inom omr\u00e5den som <strong>montering, kvalitetskontroll och maskinman\u00f6vering<\/strong>, d\u00e4r ditt engagemang och din expertis kommer att v\u00e4rdes\u00e4ttas.<\/p>\n<p data-sourcepos=\"9:1-9:439\"><strong>Vad skiljer oss fr\u00e5n m\u00e4ngden?<\/strong> P\u00e5 NTT Group blir du en del av ett <strong>familje\u00e4gt f\u00f6retag<\/strong> med ett starkt engagemang f\u00f6r sina anst\u00e4llda. Vi erbjuder <strong>konkurrenskraftiga l\u00f6ner och f\u00f6rm\u00e5ner<\/strong>, m\u00f6jligheter till <strong>professionell utveckling<\/strong> och en <strong>positiv balans mellan arbete och privatliv<\/strong>. Vi tror p\u00e5 att fr\u00e4mja en kultur av <strong>\u00f6ppen kommunikation, respekt och samarbete<\/strong>, s\u00e5 att du k\u00e4nner dig st\u00f6ttad och v\u00e4rderad varje steg p\u00e5 v\u00e4gen.<\/p>\n<p data-sourcepos=\"11:1-11:210\"><strong>Redo att g\u00f6ra skillnad?<\/strong> G\u00e5 med i NTT Group och p\u00e5b\u00f6rja en givande karri\u00e4rresa. <strong>Utforska v\u00e5ra lediga tj\u00e4nster<\/strong> och uppt\u00e4ck hur du kan bidra till v\u00e5r framtid. Vi ser fram emot att v\u00e4lkomna dig till teamet!<\/p>\n<\/div>\n<\/div>\n<\/div>\n<\/div>\n<\/div>\n<\/div>\n<\/div>\n<\/div>\n<p>[\/vc_column_text][\/vc_column][vc_column width=&#8221;1\/2&#8243;][vc_single_image image=&#8221;15483&#8243; img_size=&#8221;full&#8221; alignment=&#8221;center&#8221; css_animation=&#8221;bottom-to-top&#8221;][\/vc_column][\/vc_row]<\/p>\n<\/div>","protected":false},"excerpt":{"rendered":"<p>[vc_section full_width=&#8221;stretch_row&#8221; css=&#8221;.vc_custom_1542025240624{background-color: #f9f9f9 !important;}&#8221;][vc_row css=&#8221;.vc_custom_1542025031874{background-color: #f9f9f9 !important;}&#8221;][vc_column width=&#8221;1\/6&#8243;][\/vc_column][vc_column width=&#8221;2\/3&#8243;][vc_column_text] People &#8211; Our\u00a0Greatest Value [\/vc_column_text][vc_separator border_width=&#8221;2&#8243; css=&#8221;.vc_custom_1542025311822{margin-bottom: 20px !important;}&#8221;][\/vc_column][vc_column width=&#8221;1\/6&#8243;][\/vc_column][\/vc_row][vc_row<\/p>\n","protected":false},"author":3,"featured_media":0,"parent":0,"menu_order":0,"comment_status":"closed","ping_status":"closed","template":"","meta":{"footnotes":""},"class_list":["post-20325","page","type-page","status-publish","hentry"],"_links":{"self":[{"href":"https:\/\/nttgroup.com\/sv\/wp-json\/wp\/v2\/pages\/20325","targetHints":{"allow":["GET"]}}],"collection":[{"href":"https:\/\/nttgroup.com\/sv\/wp-json\/wp\/v2\/pages"}],"about":[{"href":"https:\/\/nttgroup.com\/sv\/wp-json\/wp\/v2\/types\/page"}],"author":[{"embeddable":true,"href":"https:\/\/nttgroup.com\/sv\/wp-json\/wp\/v2\/users\/3"}],"replies":[{"embeddable":true,"href":"https:\/\/nttgroup.com\/sv\/wp-json\/wp\/v2\/comments?post=20325"}],"version-history":[{"count":3,"href":"https:\/\/nttgroup.com\/sv\/wp-json\/wp\/v2\/pages\/20325\/revisions"}],"predecessor-version":[{"id":47364,"href":"https:\/\/nttgroup.com\/sv\/wp-json\/wp\/v2\/pages\/20325\/revisions\/47364"}],"wp:attachment":[{"href":"https:\/\/nttgroup.com\/sv\/wp-json\/wp\/v2\/media?parent=20325"}],"curies":[{"name":"wp","href":"https:\/\/api.w.org\/{rel}","templated":true}]}}