{"id":20337,"date":"2024-02-22T07:21:37","date_gmt":"2024-02-22T07:21:37","guid":{"rendered":"https:\/\/nttgroup.com\/ntt-work-process\/"},"modified":"2025-10-16T10:22:38","modified_gmt":"2025-10-16T10:22:38","slug":"ntt-work-process","status":"publish","type":"page","link":"https:\/\/nttgroup.com\/sv\/ntt-work-process\/","title":{"rendered":"NTT Work Process"},"content":{"rendered":"<div class=\"wpb-content-wrapper\"><p>[vc_section full_width=&#8221;stretch_row&#8221; css=&#8221;.vc_custom_1542025240624{background-color: #f9f9f9 !important;}&#8221;][vc_row css=&#8221;.vc_custom_1542025031874{background-color: #f9f9f9 !important;}&#8221;][vc_column width=&#8221;1\/6&#8243;][\/vc_column][vc_column width=&#8221;2\/3&#8243;][vc_column_text]<\/p>\n<h4 style=\"font-size: 42px; text-align: center;\">Arbetsprocess<\/h4>\n<p>[\/vc_column_text][vc_separator border_width=&#8221;2&#8243; css=&#8221;.vc_custom_1542025311822{margin-bottom: 20px !important;}&#8221;][\/vc_column][vc_column width=&#8221;1\/6&#8243;][\/vc_column][\/vc_row][vc_row css=&#8221;.vc_custom_1542025040822{background-color: #f9f9f9 !important;}&#8221;][vc_column width=&#8221;1\/3&#8243;]\t\t\t<div class=\" basel-info-box text-center icon-alignment-top box-style-base color-scheme-dark  with-animation \" onclick=\"\">\n\t\t\t\t\t\t\t\t<div class=\"info-box-content\">\n\t\t\t\t\t<div class=\"info-box-inner\">\n\t\t\t\t\t\t<\/p>\n<h2>Erbjudande<\/h2>\n<p class=\"Normal\">B\u00e4sta produktutbudet inom transmissionsprodukter<\/p>\n<p>\n\t\t\t\t\t<\/div>\n\t\t\t\t<\/div>\n\t\t\t<\/div>\n\t\t[\/vc_column][vc_column width=&#8221;1\/3&#8243;]\t\t\t<div class=\" basel-info-box text-center icon-alignment-top box-style-base color-scheme-dark  with-animation \" onclick=\"\">\n\t\t\t\t\t\t\t\t<div class=\"info-box-content\">\n\t\t\t\t\t<div class=\"info-box-inner\">\n\t\t\t\t\t\t<\/p>\n<h2>Tillverkning<\/h2>\n<p class=\"Normal\">Egna produktionsanl\u00e4ggningar i Sverige och Polen<\/p>\n<p>\n\t\t\t\t\t<\/div>\n\t\t\t\t<\/div>\n\t\t\t<\/div>\n\t\t[\/vc_column][vc_column width=&#8221;1\/3&#8243;]\t\t\t<div class=\" basel-info-box text-center icon-alignment-top box-style-base color-scheme-dark  with-animation \" onclick=\"\">\n\t\t\t\t\t\t\t\t<div class=\"info-box-content\">\n\t\t\t\t\t<div class=\"info-box-inner\">\n\t\t\t\t\t\t<\/p>\n<h2>Leverans<\/h2>\n<p>Standard enligt kundernas \u00f6nskem\u00e5l<\/p>\n\t\t\t\t\t<\/div>\n\t\t\t\t<\/div>\n\t\t\t<\/div>\n\t\t[\/vc_column][\/vc_row][\/vc_section][vc_row full_width=&#8221;stretch_row&#8221; css=&#8221;.vc_custom_1694062051816{margin-top: 40px !important;margin-bottom: 45px !important;}&#8221;][vc_column width=&#8221;1\/2&#8243; el_class=&#8221;text-left&#8221;][vc_column_text css=&#8221;.vc_custom_1760610152012{margin-bottom: 30px !important;}&#8221; basel_color_scheme=&#8221;dark&#8221;]<\/p>\n<div class=\"dxGrid\">\n<div class=\"dxGrid8 Main1\">\n<div class=\"dxGrid\">\n<div class=\"dxGrid8 Main1\">\n<div class=\"dxGrid3 IncludeMargin Main2\">\n<div class=\"dxImageLeftArea dxImageArea\">\n<h1 class=\"dxImageWrapper\"><span style=\"color: #1b1919; font-family: Karla, Arial, Helvetica, sans-serif; font-size: 28px;\">Vanliga fr\u00e5gor och svar<\/span><\/h1>\n<\/div>\n<\/div>\n<div class=\"dxGrid8 Main1\">\n<p class=\"Normal\"><strong>1. Kan ni tillverka artiklar enligt v\u00e5ra ritningar?<br \/>\n<\/strong>Ja, det \u00e4r en del i v\u00e5r k\u00e4rnverksamhet.<\/p>\n<p class=\"Normal\"><strong>2. Hur l\u00e5ng leveranstid har ni?<br \/>\n<\/strong>Det beror p\u00e5 vilken produkt som efterfr\u00e5gas. Standardprodukter, som vi tillverkar eller k\u00f6per in och lagerh\u00e5ller, kan vi oftast s\u00e4nda omg\u00e5ende. Leveranstid f\u00f6r kundanpassade produkter beror p\u00e5 produktens komplexitet och material.<\/p>\n<p class=\"Normal\"><strong>3. Var tillverkas era produkter?<br \/>\n<\/strong>Antingen i v\u00e5ra egna fabriker, i Sverige, Tyskland eller Polen. Eller hos v\u00e5ra utvalda leverant\u00f6rer i Finland, Kina, Japan, Tyskland, Tjeckien, Schweiz, Nederl\u00e4nderna, Storbritannien och Italien.<\/p>\n<p class=\"Normal\"><strong>4. Kan ni leverera kugghjul i olika material?<\/strong><br \/>\nJa, vi kan leverera kugghjul i alla \u00f6nskade material.<\/p>\n<p class=\"Normal\"><strong>5. Har ni koniska kugghjul?<br \/>\n<\/strong>Ja, vi levererar koniska kugghjul, modell Gleason.<\/p>\n<p class=\"Normal\"><strong>6. Jag \u00e4r os\u00e4ker p\u00e5 vilken typ av kedja jag beh\u00f6ver. Kan ni hj\u00e4lpa mig?<br \/>\n<\/strong>Absolut. Vi kan avg\u00f6ra om det \u00e4r rullkedja, transport\u00f6rkedja, s\u00e5gverkskedja eller lyftkedja som du beh\u00f6ver, om du tar fram f\u00f6ljande tre m\u00e5tt och sedan kontaktar oss:<\/p>\n<ul class=\"dxUl\">\n<li>\n<p class=\"Normal\">Delning<\/p>\n<\/li>\n<li>\n<p class=\"Normal\">Rullens diameter<\/p>\n<\/li>\n<li>\n<p class=\"Normal\">Inv\u00e4ndig bredd<\/p>\n<\/li>\n<\/ul>\n<p class=\"Normal\"><strong>7. Jag beh\u00f6ver best\u00e4lla kedjehjul men vet inte vilken typ vi anv\u00e4nder. Kan ni hj\u00e4lpa oss?<br \/>\n<\/strong>Med hj\u00e4lp av kedjebeteckningen kan vi avg\u00f6ra vilken typ av kedjehjul du beh\u00f6ver. Har du inte kedjebeteckningen s\u00e5 kan vi med hj\u00e4lp av m\u00e5tten p\u00e5 din kedja (delning, rullens diameter samt inv\u00e4ndig bredd) best\u00e4mma kedjehjulet.<\/p>\n<p class=\"Normal\"><strong>8. I vilka material g\u00f6rs era kuggremmar och kilremmar?<\/strong><br \/>\nV\u00e5ra kuggremmar och kilremmar \u00e4r gjorda av polyuretan eller neopren (gummi).<\/p>\n<p class=\"Normal\"><strong>9. Kan ni bes\u00f6ka oss f\u00f6r att hj\u00e4lpa oss att avg\u00f6ra vilka typer av transmissionskomponenter som passar b\u00e4st till v\u00e5ra maskiner?<br \/>\n<\/strong>Ja, det g\u00f6r vi g\u00e4rna! Samarbete \u00e4r ett av v\u00e5ra k\u00e4rnv\u00e4rden. L\u00f6sningarna som vi jobbar fram tillsammans med kunderna \u00e4r oftast dom b\u00e4sta. H\u00f6r av er s\u00e5 bokar vi en tid. <a title=\"Kontaktuppgifter\" href=\"http:\/\/www.nttgroup.se\/sv\/Kontakt\" target=\"_blank\" rel=\"noopener\">H\u00e4r finns v\u00e5ra kontaktuppgifter<\/a>.<\/p>\n<p class=\"Normal\"><strong>10. Kan vi f\u00e5 m\u00e4tprotokoll p\u00e5 kedjehjul som ni tillverkar?<br \/>\n<\/strong>Ja, det g\u00e5r alltid att f\u00e5 m\u00e4tprotokoll p\u00e5 kedjehjul. Och \u00e4ven p\u00e5 kugghjul, kuggremshjul, hylsor, glidlister, kuggst\u00e4nger och andra produkter. Om ni \u00f6nskar m\u00e4tprotokoll \u2013 s\u00e4g till n\u00e4r ni l\u00e4gger er order.<\/p>\n<p class=\"Normal\"><strong>11. Kan vi f\u00e5 ett materialcertifikat p\u00e5 exempelvis kuggst\u00e4nger?<br \/>\n<\/strong>Ja, ni kan f\u00e5 materialcertifikat p\u00e5 s\u00e5v\u00e4l kuggst\u00e4nger som \u00f6vriga produkter som produceras \u00e5t er. Om ni \u00f6nskar materialcertifikat \u2013 s\u00e4g till n\u00e4r ni l\u00e4gger er order.<\/p>\n<p class=\"Normal\"><strong>12. Kan ni leverera h\u00e4rdade kugghjul och kedjehjul?<br \/>\n<\/strong>Ja, i princip alla v\u00e5ra kugghjul och kedjehjul kan levereras i h\u00e4rdat utf\u00f6rande.<\/p>\n<p class=\"Normal\"><strong>13. Kan vi f\u00e5 h\u00e4rdintyg p\u00e5 kugghjul och kuggst\u00e4nger?<br \/>\n<\/strong>Ja, ni kan f\u00e5 h\u00e4rdintyg p\u00e5 alla h\u00e4rdade produkter som produceras \u00e5t er, om ni meddelar n\u00e4r ni g\u00f6r er best\u00e4llning.<\/p>\n<p class=\"Normal\"><strong>14. Kan ni tillverka kugghjul och kedjehjul p\u00e5 kort tid?<br \/>\n<\/strong>Vi f\u00f6rs\u00f6ker alltid uppfylla v\u00e5ra kunders leveransbehov. Om kunden s\u00f6ker en <u>standardprodukt<\/u>: Sannolikt har vi den p\u00e5 lager och kan skicka den omedelbart. Om det g\u00e4ller en produkt som ska <u>tillverkas enligt ritning<\/u>: Oftast lyckas vi leverera p\u00e5 kort tid, eftersom vi har egen produktion och d\u00e4rmed kan vara flexibla med snabba omst\u00e4llningar. Om kunden \u00e4r i tidsn\u00f6d erbjuder vi ofta delleverans, f\u00f6r kanske beh\u00f6ver kunden inte alla exemplar samtidigt.<\/p>\n<p class=\"Normal\"><strong>15. Hur l\u00e5ng kredittid har ni p\u00e5 era fakturor?<br \/>\n<\/strong>Vanligtvis 30 dagar.<\/p>\n<p class=\"Normal\"><strong>16. Vad ska jag g\u00f6ra om jag inte \u00e4r n\u00f6jd med den produkt jag best\u00e4llt och f\u00e5tt levererad?<br \/>\n<\/strong>Svar: H\u00f6r av dig till oss snarast m\u00f6jligt.<\/p>\n<\/div>\n<\/div>\n<\/div>\n<\/div>\n<\/div>\n<p>[\/vc_column_text][\/vc_column][vc_column width=&#8221;1\/2&#8243;][vc_single_image image=&#8221;15630&#8243; img_size=&#8221;full&#8221; alignment=&#8221;center&#8221; css_animation=&#8221;bottom-to-top&#8221;][\/vc_column][\/vc_row]<\/p>\n<\/div>","protected":false},"excerpt":{"rendered":"<p>[vc_section full_width=&#8221;stretch_row&#8221; css=&#8221;.vc_custom_1542025240624{background-color: #f9f9f9 !important;}&#8221;][vc_row css=&#8221;.vc_custom_1542025031874{background-color: #f9f9f9 !important;}&#8221;][vc_column width=&#8221;1\/6&#8243;][\/vc_column][vc_column width=&#8221;2\/3&#8243;][vc_column_text] Arbetsprocess [\/vc_column_text][vc_separator border_width=&#8221;2&#8243; css=&#8221;.vc_custom_1542025311822{margin-bottom: 20px !important;}&#8221;][\/vc_column][vc_column width=&#8221;1\/6&#8243;][\/vc_column][\/vc_row][vc_row css=&#8221;.vc_custom_1542025040822{background-color: #f9f9f9 !important;}&#8221;][vc_column<\/p>\n","protected":false},"author":3,"featured_media":0,"parent":0,"menu_order":0,"comment_status":"closed","ping_status":"closed","template":"","meta":{"footnotes":""},"class_list":["post-20337","page","type-page","status-publish","hentry"],"_links":{"self":[{"href":"https:\/\/nttgroup.com\/sv\/wp-json\/wp\/v2\/pages\/20337","targetHints":{"allow":["GET"]}}],"collection":[{"href":"https:\/\/nttgroup.com\/sv\/wp-json\/wp\/v2\/pages"}],"about":[{"href":"https:\/\/nttgroup.com\/sv\/wp-json\/wp\/v2\/types\/page"}],"author":[{"embeddable":true,"href":"https:\/\/nttgroup.com\/sv\/wp-json\/wp\/v2\/users\/3"}],"replies":[{"embeddable":true,"href":"https:\/\/nttgroup.com\/sv\/wp-json\/wp\/v2\/comments?post=20337"}],"version-history":[{"count":5,"href":"https:\/\/nttgroup.com\/sv\/wp-json\/wp\/v2\/pages\/20337\/revisions"}],"predecessor-version":[{"id":47373,"href":"https:\/\/nttgroup.com\/sv\/wp-json\/wp\/v2\/pages\/20337\/revisions\/47373"}],"wp:attachment":[{"href":"https:\/\/nttgroup.com\/sv\/wp-json\/wp\/v2\/media?parent=20337"}],"curies":[{"name":"wp","href":"https:\/\/api.w.org\/{rel}","templated":true}]}}