{"id":20350,"date":"2024-02-22T12:26:21","date_gmt":"2024-02-22T12:26:21","guid":{"rendered":"https:\/\/nttgroup.com\/svarvning-cnc\/"},"modified":"2025-10-16T10:25:38","modified_gmt":"2025-10-16T10:25:38","slug":"svarvning-cnc","status":"publish","type":"page","link":"https:\/\/nttgroup.com\/sv\/svarvning-cnc\/","title":{"rendered":"Svarvning CNC"},"content":{"rendered":"<div class=\"wpb-content-wrapper\"><p>[vc_section full_width=&#8221;stretch_row&#8221; css=&#8221;.vc_custom_1542025240624{background-color: #f9f9f9 !important;}&#8221;][vc_row css=&#8221;.vc_custom_1542025031874{background-color: #f9f9f9 !important;}&#8221;][vc_column width=&#8221;1\/6&#8243;][\/vc_column][vc_column width=&#8221;2\/3&#8243;][vc_column_text]<\/p>\n<h4 style=\"font-size: 42px; text-align: center;\">Svarvning CNC<\/h4>\n<p>[\/vc_column_text][vc_separator border_width=&#8221;2&#8243; css=&#8221;.vc_custom_1542025311822{margin-bottom: 20px !important;}&#8221;][\/vc_column][vc_column width=&#8221;1\/6&#8243;][\/vc_column][\/vc_row][vc_row css=&#8221;.vc_custom_1542025040822{background-color: #f9f9f9 !important;}&#8221;][vc_column width=&#8221;1\/3&#8243;]\t\t\t<div class=\" basel-info-box text-center icon-alignment-top box-style-base color-scheme-dark  with-animation \" onclick=\"\">\n\t\t\t\t\t\t\t\t<div class=\"info-box-content\">\n\t\t\t\t\t<div class=\"info-box-inner\">\n\t\t\t\t\t\t<\/p>\n<h2>Robot laddas<\/h2>\n<p>Automatiska robotlastare \u00f6kar v\u00e5r produktivitet<\/p>\n\t\t\t\t\t<\/div>\n\t\t\t\t<\/div>\n\t\t\t<\/div>\n\t\t[\/vc_column][vc_column width=&#8221;1\/3&#8243;]\t\t\t<div class=\" basel-info-box text-center icon-alignment-top box-style-base color-scheme-dark  with-animation \" onclick=\"\">\n\t\t\t\t\t\t\t\t<div class=\"info-box-content\">\n\t\t\t\t\t<div class=\"info-box-inner\">\n\t\t\t\t\t\t<\/p>\n<h2>Bar Laddar<\/h2>\n<p>St\u00e5nglastare upp till\u00a0\u00d8 100 mm g\u00f6r produktionen av stora volymer mycket enkel<\/p>\n<h3 class=\"LC20lb\"><\/h3>\n<p>\n\t\t\t\t\t<\/div>\n\t\t\t\t<\/div>\n\t\t\t<\/div>\n\t\t[\/vc_column][vc_column width=&#8221;1\/3&#8243;]\t\t\t<div class=\" basel-info-box text-center icon-alignment-top box-style-base color-scheme-dark  with-animation \" onclick=\"\">\n\t\t\t\t\t\t\t\t<div class=\"info-box-content\">\n\t\t\t\t\t<div class=\"info-box-inner\">\n\t\t\t\t\t\t<\/p>\n<h2>Automatisk h\u00e4mtning<\/h2>\n<p>Vertikala pick-up-svarvar \u00e4r idealiska f\u00f6r exakta delar med h\u00f6ga volymer<\/p>\n\t\t\t\t\t<\/div>\n\t\t\t\t<\/div>\n\t\t\t<\/div>\n\t\t[\/vc_column][\/vc_row][\/vc_section][vc_row full_width=&#8221;stretch_row_content_no_spaces&#8221; content_placement=&#8221;top&#8221; css=&#8221;.vc_custom_1542028241205{margin-top: 40px !important;margin-bottom: -40px !important;}&#8221;][vc_column width=&#8221;1\/2&#8243; offset=&#8221;vc_col-md-6&#8243;][vc_single_image image=&#8221;14836&#8243; img_size=&#8221;full&#8221;][vc_single_image image=&#8221;14785&#8243; img_size=&#8221;full&#8221; alignment=&#8221;center&#8221; css=&#8221;.vc_custom_1542026696231{margin-bottom: 0px !important;}&#8221;][\/vc_column][vc_column width=&#8221;1\/2&#8243; css=&#8221;.vc_custom_1485009354843{margin-top: 25px !important;margin-bottom: 40px !important;padding-right: 10% !important;padding-left: 10% !important;}&#8221; offset=&#8221;vc_col-md-6&#8243;][vc_column_text css=&#8221;.vc_custom_1542026997348{margin-bottom: 30px !important;}&#8221;]<\/p>\n<h1 class=\"font-title\" style=\"text-align: center; font-size: 42px; text-transform: capitalize;\"><span style=\"border-bottom: 1px solid #BDBDBD; padding-bottom: 4px;\">Svarvning CNC &#8211; Horisontell<\/span><\/h1>\n<h3 class=\"LC20lb\" style=\"text-align: center;\">\u00d8 720 mm x 2100 mm<\/h3>\n<p>[\/vc_column_text][vc_column_text css=&#8221;.vc_custom_1760610308478{padding-right: 30px !important;padding-left: 30px !important;}&#8221; basel_color_scheme=&#8221;dark&#8221;]Vi anv\u00e4nder moderna CNC-svarvar utrustade med Y-axel, underspindel, sp\u00e4nningsf\u00f6rande verktyg. V\u00e5r park inkluderar f\u00f6ljande maskiner:<\/p>\n<table width=\"714\">\n<tbody>\n<tr>\n<td width=\"188\"><strong>Maskin<\/strong><\/td>\n<td width=\"116\"><strong>\u00d8 max [mm]<\/strong><\/td>\n<td width=\"119\"><strong>L max [mm]<\/strong><\/td>\n<td width=\"97\"><strong>Loading<\/strong><\/td>\n<td width=\"107\"><\/td>\n<td width=\"87\"><strong>Antal<\/strong><\/td>\n<\/tr>\n<tr>\n<td>Challenger BNC-1860<\/td>\n<td>240<\/td>\n<td>1500<\/td>\n<td><\/td>\n<td><\/td>\n<td>1<\/td>\n<\/tr>\n<tr>\n<td>Hyundai KIA HIT 250<\/td>\n<td>250<\/td>\n<td>500<\/td>\n<td><\/td>\n<td><\/td>\n<td>1<\/td>\n<\/tr>\n<tr>\n<td>Hyundai KIA HIT460<\/td>\n<td>700<\/td>\n<td>1500<\/td>\n<td><\/td>\n<td><\/td>\n<td>1<\/td>\n<\/tr>\n<tr>\n<td>Hyundai Kia SKT 300MS<\/td>\n<td>400<\/td>\n<td>500<\/td>\n<td><\/td>\n<td>live tools, sub-spindle<\/td>\n<td>1<\/td>\n<\/tr>\n<tr>\n<td>Hyundai KIA SKT21LMS<\/td>\n<td>200<\/td>\n<td>500<\/td>\n<td>bar feeder<\/td>\n<td>live tools, sub-spindle<\/td>\n<td>2<\/td>\n<\/tr>\n<tr>\n<td>Hyundai KIA SKT21LMS<\/td>\n<td>200<\/td>\n<td>500<\/td>\n<td>robot<\/td>\n<td>live tools, sub-spindle<\/td>\n<td>1<\/td>\n<\/tr>\n<tr>\n<td>Hyundai KIA SKT250<\/td>\n<td>300<\/td>\n<td>700<\/td>\n<td>bar feeder<\/td>\n<td><\/td>\n<td>1<\/td>\n<\/tr>\n<tr>\n<td>Hyundai Wia L280L<\/td>\n<td>300<\/td>\n<td>1000<\/td>\n<td><\/td>\n<td><\/td>\n<td>1<\/td>\n<\/tr>\n<tr>\n<td>Hyundai Wia L280LM<\/td>\n<td>300<\/td>\n<td>1000<\/td>\n<td><\/td>\n<td>live tools<\/td>\n<td>1<\/td>\n<\/tr>\n<tr>\n<td>Hyundai Wia L300MC<\/td>\n<td>400<\/td>\n<td>700<\/td>\n<td><\/td>\n<td>live tools<\/td>\n<td>1<\/td>\n<\/tr>\n<tr>\n<td>Hyundai Wia L300MSC<\/td>\n<td>300<\/td>\n<td>500<\/td>\n<td>bar feeder + cobot<\/td>\n<td>live tools, sub-spindle<\/td>\n<td>3<\/td>\n<\/tr>\n<tr>\n<td>Hyundai Wia L400LMC<\/td>\n<td>600<\/td>\n<td>2100<\/td>\n<td><\/td>\n<td>live tools<\/td>\n<td>1<\/td>\n<\/tr>\n<tr>\n<td>Hyundai Wia L500LMA<\/td>\n<td>700<\/td>\n<td>2100<\/td>\n<td><\/td>\n<td>live tools<\/td>\n<td>1<\/td>\n<\/tr>\n<tr>\n<td>Hyundai Wia SE2200LSY<\/td>\n<td>200<\/td>\n<td>500<\/td>\n<td>bar feeder + cobot<\/td>\n<td>live tools, sub-spindle, Y-axis<\/td>\n<td>3<\/td>\n<\/tr>\n<tr>\n<td>Hyundai Wia SE2200LSY<\/td>\n<td>200<\/td>\n<td>500<\/td>\n<td><\/td>\n<td>live tools, sub-spindle, Y-axis<\/td>\n<td>1<\/td>\n<\/tr>\n<tr>\n<td>Hyundai Wia HD3100SY<\/td>\n<td>400<\/td>\n<td>700<\/td>\n<td>bar feeder + cobot<\/td>\n<td>live tools, sub-spindle, Y-axis<\/td>\n<td>1<\/td>\n<\/tr>\n<tr>\n<td>SwedTurn ST200<\/td>\n<td>500<\/td>\n<td>1000<\/td>\n<td><\/td>\n<td><\/td>\n<td>1<\/td>\n<\/tr>\n<\/tbody>\n<\/table>\n<p>[\/vc_column_text][\/vc_column][\/vc_row][vc_row full_width=&#8221;stretch_row_content_no_spaces&#8221; content_placement=&#8221;middle&#8221; css=&#8221;.vc_custom_1542028265780{margin-top: -40px !important;margin-bottom: -40px !important;background-color: #f9f9f9 !important;}&#8221;][vc_column width=&#8221;1\/2&#8243; css=&#8221;.vc_custom_1485009354843{margin-top: 25px !important;margin-bottom: 40px !important;padding-right: 10% !important;padding-left: 10% !important;}&#8221; offset=&#8221;vc_col-md-6&#8243;][vc_column_text css=&#8221;.vc_custom_1542028331169{margin-bottom: 30px !important;}&#8221;]<\/p>\n<h1 class=\"font-title\" style=\"text-align: center; font-size: 42px; text-transform: capitalize;\"><span style=\"border-bottom: 1px solid #BDBDBD; padding-bottom: 4px;\">Svarvning CNC<\/span><span style=\"border-bottom: 1px solid #BDBDBD; padding-bottom: 4px;\"> &#8211; Vertikal<\/span><\/h1>\n<h3 class=\"LC20lb\" style=\"text-align: center;\">Auto Laser Measuring<\/h3>\n<p>[\/vc_column_text][vc_column_text css=&#8221;.vc_custom_1760610319133{padding-right: 30px !important;padding-left: 30px !important;}&#8221; basel_color_scheme=&#8221;dark&#8221;]V\u00e5r vertikalsvarvpark inkluderar Emag pick-up maskiner.<\/p>\n<table border=\"0\" width=\"582\" cellspacing=\"0\" cellpadding=\"0\">\n<colgroup>\n<col width=\"158\">\n<col width=\"111\">\n<col width=\"313\"><\/colgroup>\n<tbody>\n<tr>\n<td class=\"xl63\" width=\"158\" height=\"15\"><strong>Maskin<\/strong><\/td>\n<td class=\"xl63\" width=\"111\"><strong>\u00d8 max [mm]<\/strong><\/td>\n<td class=\"xl63\" width=\"313\"><strong>notes<\/strong><\/td>\n<\/tr>\n<tr>\n<td class=\"xl64\" height=\"15\">Emag VL-3<\/td>\n<td class=\"xl64\" align=\"right\">200<\/td>\n<td class=\"xl64\">2 pieces, pick-up loaders, robot loading, automatic laser measuring system<\/td>\n<\/tr>\n<\/tbody>\n<\/table>\n<p>[\/vc_column_text][\/vc_column][vc_column width=&#8221;1\/2&#8243; offset=&#8221;vc_col-md-6&#8243;][vc_single_image image=&#8221;13823&#8243; img_size=&#8221;full&#8221; alignment=&#8221;center&#8221; css=&#8221;.vc_custom_1542027476720{margin-bottom: 0px !important;}&#8221;][\/vc_column][\/vc_row][vc_row full_width=&#8221;stretch_row&#8221; content_placement=&#8221;middle&#8221; css=&#8221;.vc_custom_1708604931971{margin-top: 40px !important;margin-bottom: 0px !important;}&#8221;][vc_column width=&#8221;1\/2&#8243; css=&#8221;.vc_custom_1438784954834{margin-bottom: 40px !important;}&#8221;][vc_single_image image=&#8221;20341&#8243; img_size=&#8221;full&#8221; alignment=&#8221;center&#8221; css=&#8221;.vc_custom_1708604343250{margin-bottom: 0px !important;}&#8221;][\/vc_column][vc_column width=&#8221;1\/2&#8243; css=&#8221;.vc_custom_1438784968106{margin-bottom: 40px !important;}&#8221;][vc_column_text css=&#8221;&#8221; basel_color_scheme=&#8221;dark&#8221;]<\/p>\n<div class=\"presented-response-container ng-tns-c4150723369-462\">\n<div class=\"response-container-content ng-tns-c4150723369-462\">\n<div class=\"response-content ng-trigger ng-trigger-responsePopulation ng-tns-c4150723369-462\">\n<div class=\"markdown markdown-main-panel ui-v2-enabled\" dir=\"ltr\">\n<div class=\"presented-response-container ng-tns-c4150723369-473\">\n<div class=\"response-container-content ng-tns-c4150723369-473\">\n<div class=\"response-content ng-trigger ng-trigger-responsePopulation ng-tns-c4150723369-473\">\n<div class=\"markdown markdown-main-panel ui-v2-enabled\" dir=\"ltr\">\n<h2 class=\"\" data-sourcepos=\"1:1-1:75\">M\u00e4sterlig CNC-Bearbetning med Spjutspetsautomatik<\/h2>\n<p data-sourcepos=\"3:1-3:129\">Hos NTT Group t\u00e4njer vi p\u00e5 gr\u00e4nserna f\u00f6r <strong>CNC-bearbetning<\/strong> genom en kombination av <strong>avancerad teknik och skickligt hantverk<\/strong>. V\u00e5ra produktionsanl\u00e4ggningar skryter med <strong>moderna CNC-svarvar<\/strong> utrustade med de senaste framstegen, vilket garanterar exceptionell precision, effektivitet och flexibilitet.<\/p>\n<p data-sourcepos=\"5:1-5:45\"><strong>Automation f\u00f6r Hastighet och P\u00e5litlighet:<\/strong><\/p>\n<ul data-sourcepos=\"7:1-7:86\">\n<li data-sourcepos=\"7:1-7:86\">Vi anv\u00e4nder <strong>robotar och cobotar<\/strong> som s\u00f6ml\u00f6st integreras med v\u00e5ra maskiner,vilket m\u00f6jligg\u00f6r <strong>snabba omst\u00e4llningar och obeveklig drift<\/strong>. Denna automation minimerar m\u00e4nskliga fel och maximerar produktionstiden, vilket ger konsekventa komponenter av h\u00f6g kvalitet.<\/li>\n<li data-sourcepos=\"8:1-8:187\"><strong>St\u00e5ngladdare<\/strong> automatiserar materialhantering, vilket eliminerar driftstopp associerade med manuell lastning och lossning, vilket ytterligare \u00f6kar produktiviteten och effektiviteten.<\/li>\n<li data-sourcepos=\"9:1-9:60\"><strong>Drivna verktyg<\/strong> l\u00e4gger till m\u00e5ngsidighet till v\u00e5ra svarvprocesser, vilket m\u00f6jligg\u00f6r komplexa bearbetningsoperationer i en enda upps\u00e4ttning, vilket minskar ledtider och minimerar hantering av komponenter.<\/li>\n<\/ul>\n<p data-sourcepos=\"11:1-11:49\"><strong>Den M\u00e4nskliga Touchen: Kompetens M\u00f6ter Teknik<\/strong><\/p>\n<p data-sourcepos=\"13:1-13:266\">Trots v\u00e5r avancerade automation erk\u00e4nner vi den <strong>ov\u00e4rderliga rollen som v\u00e5ra skickliga maskinoperat\u00f6rer spelar<\/strong>. Deras expertis inom programmering, uppst\u00e4llning och verktygsval s\u00e4kerst\u00e4ller optimal maskinprestanda och uppr\u00e4tth\u00e5ller de h\u00f6gsta kvalitetsstandarderna.<\/p>\n<p data-sourcepos=\"15:1-15:328\">Genom att strategiskt kombinera <strong>spjutspets-CNC-teknik med m\u00e4nsklig kompetens<\/strong> levererar NTT Group <strong>o\u00f6vertr\u00e4ffad precision, effektivitet och p\u00e5litlighet<\/strong> inom CNC-bearbetning. Detta engagemang f\u00f6r innovation g\u00f6r att vi kan tillgodose v\u00e5ra kunders olika behov och \u00f6vertr\u00e4ffa f\u00f6rv\u00e4ntningarna med varje komponent vi producerar.<\/p>\n<\/div>\n<\/div>\n<\/div>\n<\/div>\n<\/div>\n<\/div>\n<\/div>\n<\/div>\n<p>[\/vc_column_text][\/vc_column][\/vc_row]<\/p>\n<\/div>","protected":false},"excerpt":{"rendered":"<p>[vc_section full_width=&#8221;stretch_row&#8221; css=&#8221;.vc_custom_1542025240624{background-color: #f9f9f9 !important;}&#8221;][vc_row css=&#8221;.vc_custom_1542025031874{background-color: #f9f9f9 !important;}&#8221;][vc_column width=&#8221;1\/6&#8243;][\/vc_column][vc_column width=&#8221;2\/3&#8243;][vc_column_text] Svarvning CNC [\/vc_column_text][vc_separator border_width=&#8221;2&#8243; css=&#8221;.vc_custom_1542025311822{margin-bottom: 20px !important;}&#8221;][\/vc_column][vc_column width=&#8221;1\/6&#8243;][\/vc_column][\/vc_row][vc_row css=&#8221;.vc_custom_1542025040822{background-color: #f9f9f9<\/p>\n","protected":false},"author":3,"featured_media":0,"parent":0,"menu_order":0,"comment_status":"closed","ping_status":"closed","template":"","meta":{"footnotes":""},"class_list":["post-20350","page","type-page","status-publish","hentry"],"_links":{"self":[{"href":"https:\/\/nttgroup.com\/sv\/wp-json\/wp\/v2\/pages\/20350","targetHints":{"allow":["GET"]}}],"collection":[{"href":"https:\/\/nttgroup.com\/sv\/wp-json\/wp\/v2\/pages"}],"about":[{"href":"https:\/\/nttgroup.com\/sv\/wp-json\/wp\/v2\/types\/page"}],"author":[{"embeddable":true,"href":"https:\/\/nttgroup.com\/sv\/wp-json\/wp\/v2\/users\/3"}],"replies":[{"embeddable":true,"href":"https:\/\/nttgroup.com\/sv\/wp-json\/wp\/v2\/comments?post=20350"}],"version-history":[{"count":5,"href":"https:\/\/nttgroup.com\/sv\/wp-json\/wp\/v2\/pages\/20350\/revisions"}],"predecessor-version":[{"id":47382,"href":"https:\/\/nttgroup.com\/sv\/wp-json\/wp\/v2\/pages\/20350\/revisions\/47382"}],"wp:attachment":[{"href":"https:\/\/nttgroup.com\/sv\/wp-json\/wp\/v2\/media?parent=20350"}],"curies":[{"name":"wp","href":"https:\/\/api.w.org\/{rel}","templated":true}]}}