{"id":20360,"date":"2024-02-22T14:34:26","date_gmt":"2024-02-22T14:34:26","guid":{"rendered":"https:\/\/nttgroup.com\/robotsvetsning\/"},"modified":"2025-10-16T10:28:25","modified_gmt":"2025-10-16T10:28:25","slug":"robotsvetsning","status":"publish","type":"page","link":"https:\/\/nttgroup.com\/sv\/robotsvetsning\/","title":{"rendered":"Robotsvetsning"},"content":{"rendered":"<div class=\"wpb-content-wrapper\"><p>[vc_section full_width=&#8221;stretch_row&#8221; css=&#8221;.vc_custom_1542025240624{background-color: #f9f9f9 !important;}&#8221;][vc_row css=&#8221;.vc_custom_1542025031874{background-color: #f9f9f9 !important;}&#8221;][vc_column width=&#8221;1\/6&#8243;][\/vc_column][vc_column width=&#8221;2\/3&#8243;][vc_column_text]<\/p>\n<h4 style=\"font-size: 42px; text-align: center;\">Robotsvetsning<\/h4>\n<p>[\/vc_column_text][vc_separator border_width=&#8221;2&#8243; css=&#8221;.vc_custom_1542025311822{margin-bottom: 20px !important;}&#8221;][\/vc_column][vc_column width=&#8221;1\/6&#8243;][\/vc_column][\/vc_row][vc_row css=&#8221;.vc_custom_1542025040822{background-color: #f9f9f9 !important;}&#8221;][vc_column width=&#8221;1\/3&#8243;]\t\t\t<div class=\" basel-info-box text-center icon-alignment-top box-style-base color-scheme-dark  with-animation \" onclick=\"\">\n\t\t\t\t\t\t\t\t<div class=\"info-box-content\">\n\t\t\t\t\t<div class=\"info-box-inner\">\n\t\t\t\t\t\t<\/p>\n<h2>H\u00f6g kvalitet<\/h2>\n<p>MIG\/MAG-skarvar \u00e4r av h\u00f6g kvalitet<\/p>\n\t\t\t\t\t<\/div>\n\t\t\t\t<\/div>\n\t\t\t<\/div>\n\t\t[\/vc_column][vc_column width=&#8221;1\/3&#8243;]\t\t\t<div class=\" basel-info-box text-center icon-alignment-top box-style-base color-scheme-dark  with-animation \" onclick=\"\">\n\t\t\t\t\t\t\t\t<div class=\"info-box-content\">\n\t\t\t\t\t<div class=\"info-box-inner\">\n\t\t\t\t\t\t<\/p>\n<h2>Stora delar<\/h2>\n<p>Delar upp till \u00d81,5m \u00e4r l\u00e4tta att svetsa<\/p>\n\t\t\t\t\t<\/div>\n\t\t\t\t<\/div>\n\t\t\t<\/div>\n\t\t[\/vc_column][vc_column width=&#8221;1\/3&#8243;]\t\t\t<div class=\" basel-info-box text-center icon-alignment-top box-style-base color-scheme-dark  with-animation \" onclick=\"\">\n\t\t\t\t\t\t\t\t<div class=\"info-box-content\">\n\t\t\t\t\t<div class=\"info-box-inner\">\n\t\t\t\t\t\t<\/p>\n<h2>Snabbt<\/h2>\n<p>Korta cykeltider f\u00f6r enkel- och batchproduktion<\/p>\n\t\t\t\t\t<\/div>\n\t\t\t\t<\/div>\n\t\t\t<\/div>\n\t\t[\/vc_column][\/vc_row][\/vc_section][vc_row full_width=&#8221;stretch_row_content_no_spaces&#8221; content_placement=&#8221;top&#8221; css=&#8221;.vc_custom_1542028241205{margin-top: 40px !important;margin-bottom: -40px !important;}&#8221;][vc_column width=&#8221;1\/2&#8243; offset=&#8221;vc_col-md-6&#8243;][vc_single_image image=&#8221;15510&#8243; img_size=&#8221;500x&#8221; alignment=&#8221;center&#8221;][\/vc_column][vc_column width=&#8221;1\/2&#8243; css=&#8221;.vc_custom_1485009354843{margin-top: 25px !important;margin-bottom: 40px !important;padding-right: 10% !important;padding-left: 10% !important;}&#8221; offset=&#8221;vc_col-md-6&#8243;][vc_column_text css=&#8221;.vc_custom_1694516324558{margin-bottom: 30px !important;}&#8221;]<\/p>\n<h1 class=\"font-title\" style=\"text-align: center; font-size: 42px; text-transform: capitalize;\"><span style=\"border-bottom: 1px solid #BDBDBD; padding-bottom: 4px;\">Robotsvetsning<\/span><\/h1>\n<h3 class=\"LC20lb\" style=\"text-align: center;\">MIG\/MAG<\/h3>\n<p>[\/vc_column_text][vc_column_text css=&#8221;.vc_custom_1694516428854{padding-right: 30px !important;padding-left: 30px !important;}&#8221;]<\/p>\n<table border=\"0\" width=\"512\" cellspacing=\"0\" cellpadding=\"0\">\n<colgroup>\n<col width=\"143\" \/>\n<col width=\"141\" \/>\n<col width=\"228\" \/><\/colgroup>\n<tbody>\n<tr>\n<td class=\"xl65\" width=\"143\" height=\"28\"><strong>Masking<\/strong><\/td>\n<td class=\"xl65\" width=\"141\"><strong>Welder<\/strong><\/td>\n<td class=\"xl65\" width=\"228\"><strong>Notes<\/strong><\/td>\n<\/tr>\n<tr>\n<td height=\"20\">Fanuc 120iC<\/td>\n<td>Fronius TPS 400i<\/td>\n<td>horisontella och vertikala roterande bord<\/td>\n<\/tr>\n<\/tbody>\n<\/table>\n<p>[\/vc_column_text][\/vc_column][\/vc_row][vc_row full_width=&#8221;stretch_row&#8221; content_placement=&#8221;middle&#8221; css=&#8221;.vc_custom_1708612183404{margin-top: 40px !important;margin-bottom: 0px !important;background-color: #f9f9f9 !important;}&#8221;][vc_column width=&#8221;1\/2&#8243; css=&#8221;.vc_custom_1438784954834{margin-bottom: 40px !important;}&#8221;][vc_column_text css=&#8221;&#8221; basel_color_scheme=&#8221;dark&#8221;]<\/p>\n<div class=\"presented-response-container ng-tns-c4150723369-462\">\n<div class=\"response-container-content ng-tns-c4150723369-462\">\n<div class=\"response-content ng-trigger ng-trigger-responsePopulation ng-tns-c4150723369-462\">\n<div class=\"markdown markdown-main-panel ui-v2-enabled\" dir=\"ltr\">\n<div class=\"presented-response-container ng-tns-c4150723369-496\">\n<div class=\"response-container-content ng-tns-c4150723369-496\">\n<div class=\"response-content ng-trigger ng-trigger-responsePopulation ng-tns-c4150723369-496\">\n<div class=\"markdown markdown-main-panel ui-v2-enabled\" dir=\"ltr\">\n<div class=\"presented-response-container ng-tns-c4150723369-507\">\n<div class=\"response-container-content ng-tns-c4150723369-507\">\n<div class=\"response-content ng-trigger ng-trigger-responsePopulation ng-tns-c4150723369-507\">\n<div class=\"markdown markdown-main-panel ui-v2-enabled\" dir=\"ltr\">\n<h2 class=\"\" data-sourcepos=\"1:1-1:72\">Robotprecision \u2013 Svets innovation f\u00f6r conveyorband av h\u00f6gsta kvalitet<\/h2>\n<p data-sourcepos=\"3:1-3:157\">Hos NTT Group tar vi produktionen av conveyorband till en helt ny niv\u00e5 med robotbaserad svetsning. V\u00e5r toppmoderna anl\u00e4ggning utrustas med en <strong>MAG 135 FANUC-robot<\/strong> och den allra b\u00e4sta svetsutrustningen fr\u00e5n <strong>Fronius<\/strong>, vilket garanterar exceptionella resultat i varje svetsfog.<\/p>\n<p data-sourcepos=\"5:1-5:138\">Denna avancerade teknik g\u00f6r det m\u00f6jligt f\u00f6r oss att tillverka <strong>conveyorband av h\u00f6gsta kvalitet<\/strong>, med o\u00f6vertr\u00e4ffad precision och j\u00e4mnhet. Genom att s\u00f6ml\u00f6st integrera robotar i v\u00e5r tillverkningsprocess kan vi uppn\u00e5:<\/p>\n<ul data-sourcepos=\"7:1-9:9\">\n<li data-sourcepos=\"7:1-7:156\"><strong>Oavbruten precision:<\/strong> Robotarna eliminerar m\u00e4nskliga fel och levererar konsekvent exakta och repeterbara svetsar, \u00e4ven f\u00f6r komplicerade bandgeometrier.<\/li>\n<li data-sourcepos=\"8:1-8:156\"><strong>F\u00f6rb\u00e4ttrad effektivitet:<\/strong> Automatisering \u00f6kar produktionen, vilket resulterar i h\u00f6gre output samtidigt som ledtider och produktionskostnader minimeras.<\/li>\n<li data-sourcepos=\"9:1-9:9\"><strong>Superior svetskvalitet:<\/strong> Fronius-utrustningen s\u00e4kerst\u00e4ller starka, p\u00e5litliga svetsar som uppfyller de h\u00f6gsta kvalitetskraven, vilket garanterar bandstyrka och h\u00e5llbarhet.<\/li>\n<li data-sourcepos=\"10:1-11:0\"><strong>M\u00e5ngsidighet n\u00e4r den \u00e4r som b\u00e4st:<\/strong> Roboten tacklar olika svetsarbeten, s\u00e5som att s\u00f6ml\u00f6st f\u00e4sta specialtillbeh\u00f6r eller svetsa kugghjul f\u00f6r rullkedjor och conveyorband med o\u00f6vertr\u00e4ffad precision.<\/li>\n<\/ul>\n<p data-sourcepos=\"12:1-12:381\">Ut\u00f6ver effektivitet och precision m\u00f6jligg\u00f6r robotsvetsning att vi kan <strong>utforska innovativa banddesigner<\/strong> med komplicerade svetsfogar, vilket flyttar gr\u00e4nserna f\u00f6r vad som \u00e4r m\u00f6jligt inom conveyorbandtillverkning. Denna outtr\u00f6ttliga str\u00e4van efter innovation g\u00f6r oss till en ledare inom branschen, och levererar <strong>konveyorband av exceptionell kvalitet<\/strong> som st\u00e4rker din verksamhet.<\/p>\n<\/div>\n<\/div>\n<\/div>\n<\/div>\n<\/div>\n<\/div>\n<\/div>\n<\/div>\n<\/div>\n<\/div>\n<\/div>\n<\/div>\n<p>[\/vc_column_text][\/vc_column][vc_column width=&#8221;1\/2&#8243; css=&#8221;.vc_custom_1438784968106{margin-bottom: 40px !important;}&#8221;][vc_video link=&#8221;https:\/\/youtu.be\/UjHtWgB1sf4&#8243;][\/vc_column][\/vc_row]<\/p>\n<\/div>","protected":false},"excerpt":{"rendered":"<p>[vc_section full_width=&#8221;stretch_row&#8221; css=&#8221;.vc_custom_1542025240624{background-color: #f9f9f9 !important;}&#8221;][vc_row css=&#8221;.vc_custom_1542025031874{background-color: #f9f9f9 !important;}&#8221;][vc_column width=&#8221;1\/6&#8243;][\/vc_column][vc_column width=&#8221;2\/3&#8243;][vc_column_text] Robotsvetsning [\/vc_column_text][vc_separator border_width=&#8221;2&#8243; css=&#8221;.vc_custom_1542025311822{margin-bottom: 20px !important;}&#8221;][\/vc_column][vc_column width=&#8221;1\/6&#8243;][\/vc_column][\/vc_row][vc_row css=&#8221;.vc_custom_1542025040822{background-color: #f9f9f9 !important;}&#8221;][vc_column<\/p>\n","protected":false},"author":3,"featured_media":0,"parent":0,"menu_order":0,"comment_status":"closed","ping_status":"closed","template":"","meta":{"footnotes":""},"class_list":["post-20360","page","type-page","status-publish","hentry"],"_links":{"self":[{"href":"https:\/\/nttgroup.com\/sv\/wp-json\/wp\/v2\/pages\/20360","targetHints":{"allow":["GET"]}}],"collection":[{"href":"https:\/\/nttgroup.com\/sv\/wp-json\/wp\/v2\/pages"}],"about":[{"href":"https:\/\/nttgroup.com\/sv\/wp-json\/wp\/v2\/types\/page"}],"author":[{"embeddable":true,"href":"https:\/\/nttgroup.com\/sv\/wp-json\/wp\/v2\/users\/3"}],"replies":[{"embeddable":true,"href":"https:\/\/nttgroup.com\/sv\/wp-json\/wp\/v2\/comments?post=20360"}],"version-history":[{"count":5,"href":"https:\/\/nttgroup.com\/sv\/wp-json\/wp\/v2\/pages\/20360\/revisions"}],"predecessor-version":[{"id":47394,"href":"https:\/\/nttgroup.com\/sv\/wp-json\/wp\/v2\/pages\/20360\/revisions\/47394"}],"wp:attachment":[{"href":"https:\/\/nttgroup.com\/sv\/wp-json\/wp\/v2\/media?parent=20360"}],"curies":[{"name":"wp","href":"https:\/\/api.w.org\/{rel}","templated":true}]}}