{"id":20383,"date":"2024-02-22T19:05:15","date_gmt":"2024-02-22T19:05:15","guid":{"rendered":"https:\/\/nttgroup.com\/lager\/"},"modified":"2024-02-22T19:06:20","modified_gmt":"2024-02-22T19:06:20","slug":"lager","status":"publish","type":"page","link":"https:\/\/nttgroup.com\/sv\/lager\/","title":{"rendered":"Lager"},"content":{"rendered":"<div class=\"wpb-content-wrapper\"><p>[vc_section full_width=&#8221;stretch_row&#8221; css=&#8221;.vc_custom_1694496734621{background-color: #f9f9f9 !important;}&#8221;][vc_row css=&#8221;.vc_custom_1542025031874{background-color: #f9f9f9 !important;}&#8221;][vc_column width=&#8221;1\/6&#8243;][\/vc_column][vc_column width=&#8221;2\/3&#8243;][vc_column_text]<\/p>\n<h4 style=\"font-size: 42px; text-align: center;\">Lager<\/h4>\n<p>[\/vc_column_text][vc_separator border_width=&#8221;2&#8243; css=&#8221;.vc_custom_1542025311822{margin-bottom: 20px !important;}&#8221;][\/vc_column][vc_column width=&#8221;1\/6&#8243;][\/vc_column][\/vc_row][vc_row css=&#8221;.vc_custom_1542025040822{background-color: #f9f9f9 !important;}&#8221;][vc_column width=&#8221;1\/3&#8243;]\t\t\t<div class=\" basel-info-box text-center icon-alignment-top box-style-base color-scheme-dark  with-animation \" onclick=\"\">\n\t\t\t\t\t\t\t\t<div class=\"info-box-content\">\n\t\t\t\t\t<div class=\"info-box-inner\">\n\t\t\t\t\t\t<\/p>\n<h2>Internationell<\/h2>\n<p>V\u00e5ra lager finns i Sverige, Tyskland, Polen och Finland<\/p>\n\t\t\t\t\t<\/div>\n\t\t\t\t<\/div>\n\t\t\t<\/div>\n\t\t[\/vc_column][vc_column width=&#8221;1\/3&#8243;]\t\t\t<div class=\" basel-info-box text-center icon-alignment-top box-style-base color-scheme-dark  with-animation \" onclick=\"\">\n\t\t\t\t\t\t\t\t<div class=\"info-box-content\">\n\t\t\t\t\t<div class=\"info-box-inner\">\n\t\t\t\t\t\t<\/p>\n<h2>+100.000 delar<\/h2>\n<p>\u00d6ver 100 000 standardkomponenter f\u00f6r s\u00e4ndningskraft finns i lager<\/p>\n<h3 class=\"LC20lb\"><\/h3>\n<p>\n\t\t\t\t\t<\/div>\n\t\t\t\t<\/div>\n\t\t\t<\/div>\n\t\t[\/vc_column][vc_column width=&#8221;1\/3&#8243;]\t\t\t<div class=\" basel-info-box text-center icon-alignment-top box-style-base color-scheme-dark  with-animation \" onclick=\"\">\n\t\t\t\t\t\t\t\t<div class=\"info-box-content\">\n\t\t\t\t\t<div class=\"info-box-inner\">\n\t\t\t\t\t\t<\/p>\n<h2>Flexibelt levererat<\/h2>\n<p>Leveranser samma dag \u00e4r m\u00f6jliga.<\/p>\n\t\t\t\t\t<\/div>\n\t\t\t\t<\/div>\n\t\t\t<\/div>\n\t\t[\/vc_column][\/vc_row][\/vc_section][vc_row full_width=&#8221;stretch_row&#8221; css=&#8221;.vc_custom_1694062051816{margin-top: 40px !important;margin-bottom: 45px !important;}&#8221;][vc_column width=&#8221;1\/3&#8243; el_class=&#8221;text-right&#8221;][vc_column_text css=&#8221;.vc_custom_1694496304712{margin-bottom: 30px !important;}&#8221;]<\/p>\n<h5>RULLKEDJOR<\/h5>\n<h5 style=\"margin-bottom: 10px;\"><\/h5>\n<p>Alla typer av rullkedjor av brittisk standard och amerikansk standard. Double Pitch, Rostfritt st\u00e5l, F\u00f6rzinkat, Heavy Duty.[\/vc_column_text][vc_column_text css=&#8221;.vc_custom_1694496703323{margin-bottom: 30px !important;}&#8221;]<\/p>\n<h5>TRANSPORTKEDJOR<\/h5>\n<h5 style=\"margin-bottom: 10px;\"><\/h5>\n<p>M-typ med standard och svetsad utf\u00f6rande.<br \/>\nSl\u00e4pp f\u00f6rfalskade l\u00e4nkar.<br \/>\nSpecialtransport\u00f6rkedjor.[\/vc_column_text][vc_column_text css=&#8221;.vc_custom_1694496426591{margin-bottom: 30px !important;}&#8221;]<\/p>\n<h5><strong style=\"color: #1b1919; font-family: Karla, Arial, Helvetica, sans-serif;\">KUGGHJUL<\/strong><\/h5>\n<h5 style=\"margin-bottom: 10px;\"><\/h5>\n<p>1-, 2-, 3- raddrev och pl\u00e5thjul med induktionsh\u00e4rdade t\u00e4nder.<br \/>\nRostfritt st\u00e5l, dubbelpl\u00e5tshjul, special.[\/vc_column_text][\/vc_column][vc_column width=&#8221;1\/3&#8243;][vc_single_image image=&#8221;15354&#8243; img_size=&#8221;full&#8221; alignment=&#8221;center&#8221; css_animation=&#8221;bottom-to-top&#8221; css=&#8221;.vc_custom_1694027075096{background-image: url(http:\/\/nttwooc.bmbox.net\/wp-content\/uploads\/2017\/02\/Iphone-company-1.jpg?id=803) !important;}&#8221;][\/vc_column][vc_column width=&#8221;1\/3&#8243;][vc_column_text css=&#8221;.vc_custom_1694496497880{margin-bottom: 30px !important;}&#8221;]<\/p>\n<h5>V\u00c4XLAR &amp; ST\u00c4NGOR<\/h5>\n<h5 style=\"margin-bottom: 10px;\"><\/h5>\n<p>Alla storlekar fr\u00e5n M=0,5 upp till M8 finns i lager.<br \/>\nSt\u00e4llar i fyrkantig och rund version.<br \/>\nKugghjul av st\u00e5l, plast, m\u00e4ssing.[\/vc_column_text][vc_column_text css=&#8221;.vc_custom_1694496557852{margin-bottom: 30px !important;}&#8221;]<\/p>\n<h5>AXLAR \/ SKRUVAR<\/h5>\n<h5 style=\"margin-bottom: 10px;\"><\/h5>\n<p>Splineaxlar och nav i olika material.<br \/>\nTrapetsskruvar och muttrar i v\u00e4nster- och h\u00f6gerutf\u00f6rande.<br \/>\nPolygonskaft.[\/vc_column_text][vc_column_text css=&#8221;.vc_custom_1694496594785{margin-bottom: 30px !important;}&#8221;]<\/p>\n<h5>REMDRIVNINGAR<\/h5>\n<h5 style=\"margin-bottom: 10px;\"><\/h5>\n<p>Alla typer av standard runda, trapetsformade kuggremmar och kilremmar finns i lager.[\/vc_column_text][\/vc_column][\/vc_row][vc_row content_placement=&#8221;middle&#8221; css=&#8221;.vc_custom_1451577043146{margin-bottom: 0px !important;}&#8221;][vc_column width=&#8221;1\/2&#8243; css=&#8221;.vc_custom_1438784954834{margin-bottom: 40px !important;}&#8221;][vc_column_text]<\/p>\n<h2>V\u00c5RA LAGERNIV\u00c5ER<\/h2>\n<p data-sourcepos=\"3:1-3:150\">P\u00e5 NTT Group f\u00f6rst\u00e5r vi att stillest\u00e5nd kostar pengar. D\u00e4rf\u00f6r lagerh\u00e5ller vi ett stort utbud av kritiska komponenter f\u00f6r kraft\u00f6verf\u00f6ring, redo f\u00f6r omedelbar leverans. Kuggv\u00e4xlar, kedjehjul, remskivor, tandst\u00e4nger \u2013 ja, vi har allt.<\/p>\n<p>[\/vc_column_text][vc_progress_bar values=&#8221;%5B%7B%22label%22%3A%22Roller%20Chains%22%2C%22value%22%3A%2290%22%2C%22customcolor%22%3A%22%23196767%22%7D%2C%7B%22label%22%3A%22Sprockets%22%2C%22value%22%3A%2295%22%2C%22customcolor%22%3A%22%23196767%22%7D%2C%7B%22label%22%3A%22Gears%20%26%20Racks%22%2C%22value%22%3A%2280%22%2C%22customcolor%22%3A%22%23196767%22%7D%2C%7B%22label%22%3A%22Belt%20%26%20Pulleys%22%2C%22value%22%3A%2270%22%2C%22customcolor%22%3A%22%23196767%22%7D%2C%7B%22label%22%3A%22Conveyor%20Chains%22%2C%22value%22%3A%2290%22%2C%22customcolor%22%3A%22%23196767%22%7D%2C%7B%22label%22%3A%22Spline%20Shafts%20%26%20Hubs%22%2C%22value%22%3A%2270%22%7D%2C%7B%22label%22%3A%22Couplings%22%2C%22value%22%3A%2250%22%7D%5D&#8221; bgcolor=&#8221;custom&#8221; custombgcolor=&#8221;#1daaa3&#8243; customtxtcolor=&#8221;#ffffff&#8221;][\/vc_column][vc_column width=&#8221;1\/2&#8243; css=&#8221;.vc_custom_1438784968106{margin-bottom: 40px !important;}&#8221;][vc_single_image image=&#8221;20277&#8243; img_size=&#8221;614&#215;414&#8243; alignment=&#8221;center&#8221; css_animation=&#8221;right-to-left&#8221;][\/vc_column][\/vc_row]<\/p>\n<\/div>","protected":false},"excerpt":{"rendered":"<p>[vc_section full_width=&#8221;stretch_row&#8221; css=&#8221;.vc_custom_1694496734621{background-color: #f9f9f9 !important;}&#8221;][vc_row css=&#8221;.vc_custom_1542025031874{background-color: #f9f9f9 !important;}&#8221;][vc_column width=&#8221;1\/6&#8243;][\/vc_column][vc_column width=&#8221;2\/3&#8243;][vc_column_text] Lager [\/vc_column_text][vc_separator border_width=&#8221;2&#8243; css=&#8221;.vc_custom_1542025311822{margin-bottom: 20px !important;}&#8221;][\/vc_column][vc_column width=&#8221;1\/6&#8243;][\/vc_column][\/vc_row][vc_row css=&#8221;.vc_custom_1542025040822{background-color: #f9f9f9 !important;}&#8221;][vc_column<\/p>\n","protected":false},"author":3,"featured_media":0,"parent":0,"menu_order":0,"comment_status":"closed","ping_status":"open","template":"","meta":{"footnotes":""},"class_list":["post-20383","page","type-page","status-publish","hentry"],"_links":{"self":[{"href":"https:\/\/nttgroup.com\/sv\/wp-json\/wp\/v2\/pages\/20383","targetHints":{"allow":["GET"]}}],"collection":[{"href":"https:\/\/nttgroup.com\/sv\/wp-json\/wp\/v2\/pages"}],"about":[{"href":"https:\/\/nttgroup.com\/sv\/wp-json\/wp\/v2\/types\/page"}],"author":[{"embeddable":true,"href":"https:\/\/nttgroup.com\/sv\/wp-json\/wp\/v2\/users\/3"}],"replies":[{"embeddable":true,"href":"https:\/\/nttgroup.com\/sv\/wp-json\/wp\/v2\/comments?post=20383"}],"version-history":[{"count":3,"href":"https:\/\/nttgroup.com\/sv\/wp-json\/wp\/v2\/pages\/20383\/revisions"}],"predecessor-version":[{"id":20386,"href":"https:\/\/nttgroup.com\/sv\/wp-json\/wp\/v2\/pages\/20383\/revisions\/20386"}],"wp:attachment":[{"href":"https:\/\/nttgroup.com\/sv\/wp-json\/wp\/v2\/media?parent=20383"}],"curies":[{"name":"wp","href":"https:\/\/api.w.org\/{rel}","templated":true}]}}