{"id":20391,"date":"2024-02-22T19:10:07","date_gmt":"2024-02-22T19:10:07","guid":{"rendered":"https:\/\/nttgroup.com\/leveransvillkor\/"},"modified":"2024-02-22T19:10:08","modified_gmt":"2024-02-22T19:10:08","slug":"leveransvillkor","status":"publish","type":"page","link":"https:\/\/nttgroup.com\/sv\/leveransvillkor\/","title":{"rendered":"Leveransvillkor"},"content":{"rendered":"<div class=\"wpb-content-wrapper\"><p>[vc_section full_width=&#8221;stretch_row&#8221; css=&#8221;.vc_custom_1542025240624{background-color: #f9f9f9 !important;}&#8221;][vc_row css=&#8221;.vc_custom_1542025031874{background-color: #f9f9f9 !important;}&#8221;][vc_column width=&#8221;1\/6&#8243;][\/vc_column][vc_column width=&#8221;2\/3&#8243;][vc_column_text]<\/p>\n<h4 style=\"font-size: 42px; text-align: center;\">Leveransvillkor<\/h4>\n<p>[\/vc_column_text][\/vc_column][vc_column width=&#8221;1\/6&#8243;][\/vc_column][\/vc_row][\/vc_section][vc_row full_width=&#8221;stretch_row&#8221; css=&#8221;.vc_custom_1694062051816{margin-top: 40px !important;margin-bottom: 45px !important;}&#8221;][vc_column width=&#8221;1\/2&#8243; el_class=&#8221;text-left&#8221;][vc_column_text css=&#8221;.vc_custom_1694509339912{margin-bottom: 30px !important;}&#8221;]<\/p>\n<div class=\"dxGrid\">\n<div class=\"dxGrid8 Main1\">\n<p>Vi fr\u00e5ns\u00e4ger oss ansvar p\u00e5 grund av \u00f6kade r\u00e5varupriser, ej f\u00f6rutsedda extrakostnader, v\u00e4xling av valutor, distributionssv\u00e5righeter och andra omst\u00e4ndigheter utanf\u00f6r v\u00e5r kontroll.<\/p>\n<p>Alla NTT Groups leveranser utf\u00f6rs enligt \u201dAllm\u00e4nna leveransbest\u00e4mmelser NL 09\u201d.<\/p>\n<p>Vid kundanpassade produktioner f\u00f6rbeh\u00e5ller vi oss r\u00e4tten att leverera med en kvantitetstolerans p\u00e5 max + 10 procent.<\/p>\n<p>F\u00f6r leveranser fr\u00e5n Kedjeexperten h\u00e4nvisar vi till SSG 9012.<\/p>\n<\/div>\n<\/div>\n<p>[\/vc_column_text][\/vc_column][vc_column width=&#8221;1\/2&#8243;][vc_single_image image=&#8221;15354&#8243; img_size=&#8221;full&#8221; alignment=&#8221;center&#8221; css_animation=&#8221;bottom-to-top&#8221;][\/vc_column][\/vc_row]<\/p>\n<\/div>","protected":false},"excerpt":{"rendered":"<p>[vc_section full_width=&#8221;stretch_row&#8221; css=&#8221;.vc_custom_1542025240624{background-color: #f9f9f9 !important;}&#8221;][vc_row css=&#8221;.vc_custom_1542025031874{background-color: #f9f9f9 !important;}&#8221;][vc_column width=&#8221;1\/6&#8243;][\/vc_column][vc_column width=&#8221;2\/3&#8243;][vc_column_text] Leveransvillkor [\/vc_column_text][\/vc_column][vc_column width=&#8221;1\/6&#8243;][\/vc_column][\/vc_row][\/vc_section][vc_row full_width=&#8221;stretch_row&#8221; css=&#8221;.vc_custom_1694062051816{margin-top: 40px !important;margin-bottom: 45px !important;}&#8221;][vc_column width=&#8221;1\/2&#8243;<\/p>\n","protected":false},"author":3,"featured_media":0,"parent":0,"menu_order":0,"comment_status":"closed","ping_status":"closed","template":"","meta":{"footnotes":""},"class_list":["post-20391","page","type-page","status-publish","hentry"],"_links":{"self":[{"href":"https:\/\/nttgroup.com\/sv\/wp-json\/wp\/v2\/pages\/20391","targetHints":{"allow":["GET"]}}],"collection":[{"href":"https:\/\/nttgroup.com\/sv\/wp-json\/wp\/v2\/pages"}],"about":[{"href":"https:\/\/nttgroup.com\/sv\/wp-json\/wp\/v2\/types\/page"}],"author":[{"embeddable":true,"href":"https:\/\/nttgroup.com\/sv\/wp-json\/wp\/v2\/users\/3"}],"replies":[{"embeddable":true,"href":"https:\/\/nttgroup.com\/sv\/wp-json\/wp\/v2\/comments?post=20391"}],"version-history":[{"count":2,"href":"https:\/\/nttgroup.com\/sv\/wp-json\/wp\/v2\/pages\/20391\/revisions"}],"predecessor-version":[{"id":20393,"href":"https:\/\/nttgroup.com\/sv\/wp-json\/wp\/v2\/pages\/20391\/revisions\/20393"}],"wp:attachment":[{"href":"https:\/\/nttgroup.com\/sv\/wp-json\/wp\/v2\/media?parent=20391"}],"curies":[{"name":"wp","href":"https:\/\/api.w.org\/{rel}","templated":true}]}}