{"id":20394,"date":"2024-02-22T19:14:50","date_gmt":"2024-02-22T19:14:50","guid":{"rendered":"https:\/\/nttgroup.com\/kvalitet\/"},"modified":"2024-02-22T19:14:52","modified_gmt":"2024-02-22T19:14:52","slug":"kvalitet","status":"publish","type":"page","link":"https:\/\/nttgroup.com\/sv\/kvalitet\/","title":{"rendered":"Kvalitet"},"content":{"rendered":"<div class=\"wpb-content-wrapper\"><p>[vc_row full_width=&#8221;stretch_row&#8221; full_height=&#8221;yes&#8221; css=&#8221;.vc_custom_1694029144707{margin-top: -40px !important;margin-bottom: 60px !important;padding-top: 15% !important;padding-bottom: 15% !important;background-image: url(https:\/\/nttgroup.com\/wp-content\/uploads\/2017\/05\/NTT-kola-zebate-produkcja.png?id=13827) !important;background-position: center !important;background-repeat: no-repeat !important;background-size: cover !important;}&#8221;][vc_column][vc_custom_heading text=&#8221;<strong>Kvalitet b\u00f6rjar<\/strong>&#8221; font_container=&#8221;tag:h1|font_size:68|text_align:center|color:%23ffffff|line_height:1&#8243; use_theme_fonts=&#8221;yes&#8221;][vc_custom_heading text=&#8221;<strong>med v\u00e5ra arbetare<\/strong>&#8221; font_container=&#8221;tag:h1|font_size:68|text_align:center|color:%23ffffff|line_height:1&#8243; use_theme_fonts=&#8221;yes&#8221;][vc_column_text basel_color_scheme=&#8221;light&#8221;]<\/p>\n<p style=\"font-size: 18px; margin-bottom: 25px; color: rgba(255,255,255,0.9); text-align: center;\">NTT Group erbjuder det bredaste utbudet av produkter f\u00f6r mekaniska kraft\u00f6verf\u00f6ringar.<br \/>\nVi har en av de st\u00f6rsta maskinparkerna i norra Europa.<\/p>\n<p style=\"font-size: 18px; margin-bottom: 25px; color: rgba(255,255,255,0.9); text-align: center;\"><a class=\"btn btn-color-white btn-size-large btn-style-bordered\" style=\"margin-right: 10px;\" href=\"#\">about us<\/a><a class=\"btn btn-size-large btn-color-primary\" href=\"#\">contact us<\/a><\/p>\n<p>[\/vc_column_text][\/vc_column][\/vc_row][vc_row css=&#8221;.vc_custom_1451575485367{margin-bottom: 65px !important;}&#8221;][vc_column width=&#8221;1\/2&#8243; css=&#8221;.vc_custom_1451389567526{padding-right: 40px !important;}&#8221;][vc_single_image image=&#8221;14950&#8243; img_size=&#8221;full&#8221; alignment=&#8221;center&#8221; css_animation=&#8221;left-to-right&#8221; el_class=&#8221;Liebherr WGT400&#8243;][\/vc_column][vc_column width=&#8221;1\/2&#8243;][vc_column_text css=&#8221;.vc_custom_1707802122137{margin-bottom: 30px !important;}&#8221;]<\/p>\n<h1 style=\"margin-bottom: 15px;\">KVALITET UTOM STANDARDER<\/h1>\n<div class=\"dxGrid\">\n<div class=\"dxGrid8 Main1\">\n<p class=\"Normal\">P\u00e5 NTT Group \u00e4r kvalitet inte bara en slogan \u2013 det \u00e4r v\u00e5r ledstj\u00e4rna. Det \u00e4r f\u00f6rkroppsligat i v\u00e5r formella kvalitetspolicy, ett dokument som beskriver v\u00e5rt orubbliga engagemang f\u00f6r str\u00e4ng kvalitetskontroll och \u00f6vertr\u00e4ffande internationella standarder som ISO 9001. Vi tror att kvalitet b\u00f6rjar med v\u00e5ra medarbetare, och det \u00e4r d\u00e4rf\u00f6r vi investerar mycket i att attrahera och utbilda de mest skickliga utrustningstillverkarna inom industrin. Varje medlem i v\u00e5rt team, fr\u00e5n ingenj\u00f6rer till produktionslinjearbetare, f\u00f6rst\u00e5r betydelsen av deras roll f\u00f6r att uppr\u00e4tth\u00e5lla v\u00e5rt kvalitetsl\u00f6fte. Det handlar inte bara om att uppfylla specifikationer; det handlar om att skapa varje redskap med st\u00f6rsta omsorg och uppm\u00e4rksamhet p\u00e5 detaljer. Detta engagemang stannar inte vid individuella anstr\u00e4ngningar \u2013 det fr\u00e4mjar en samarbetskultur d\u00e4r alla tar ansvar f\u00f6r kvalitet. Vi ger v\u00e5ra anst\u00e4llda m\u00f6jlighet att identifiera och f\u00f6resl\u00e5 f\u00f6rb\u00e4ttringar, vilket fr\u00e4mjar en kontinuerlig cykel av l\u00e4rande och optimering. Denna kollektiva passion f\u00f6r kvalitet s\u00e4kerst\u00e4ller att varje NTT-utrustning \u00f6vertr\u00e4ffar f\u00f6rv\u00e4ntningarna och levererar o\u00f6vertr\u00e4ffad prestanda och tillf\u00f6rlitlighet till v\u00e5ra kunder. Vi inbjuder dig att samarbeta med ett f\u00f6retag d\u00e4r kvalitet inte bara \u00e4r ett m\u00e5l, det \u00e4r ett djupt rotat v\u00e4rde som delas av varje individ.<\/p>\n<\/div>\n<\/div>\n<p>[\/vc_column_text]<div class=\"basel-button-wrapper text-center\"><a  class=\"btn btn-color-primary btn-style-default btn-size-default\">more info<\/a><\/div>[\/vc_column][\/vc_row][vc_row full_width=&#8221;stretch_row&#8221; css=&#8221;.vc_custom_1689860877236{margin-bottom: 45px !important;padding-top: 50px !important;padding-bottom: 70px !important;background-image: url(https:\/\/nttgroup.com\/wp-content\/uploads\/2017\/05\/NTT-listwy-zebate-produkcja-polska.png?id=13832) !important;background-position: center !important;background-repeat: no-repeat !important;background-size: cover !important;}&#8221;][vc_column basel_color_scheme=&#8221;light&#8221;][vc_row_inner css=&#8221;.vc_custom_1450023659115{margin-bottom: 60px !important;}&#8221;][vc_column_inner][vc_custom_heading text=&#8221;<strong>MODERNA PRODUKTIONSANL\u00c4GGNINGAR<\/strong>&#8221; font_container=&#8221;tag:h2|font_size:52|text_align:center|color:%23ffffff|line_height:1.4&#8243; use_theme_fonts=&#8221;yes&#8221; css=&#8221;.vc_custom_1584809755413{margin-bottom: 20px !important;}&#8221;][\/vc_column_inner][\/vc_row_inner][vc_row_inner css=&#8221;.vc_custom_1450023674178{margin-bottom: 0px !important;}&#8221;][vc_column_inner width=&#8221;1\/4&#8243; css=&#8221;.vc_custom_1438783347292{margin-bottom: 40px !important;}&#8221;][vc_icon type=&#8221;linecons&#8221; icon_linecons=&#8221;vc_li vc_li-world&#8221; color=&#8221;custom&#8221; background_style=&#8221;rounded-outline&#8221; background_color=&#8221;white&#8221; size=&#8221;lg&#8221; align=&#8221;center&#8221; custom_color=&#8221;#ffffff&#8221; css=&#8221;.vc_custom_1494268059583{margin-bottom: 20px !important;}&#8221;]\t\t\t<div class=\"basel-counter  counter-default\">\n\t\t\t\t<span class=\"counter-value\" data-state=\"new\" data-final=\"9\">9<\/span>\n\t\t\t\t\t\t\t\t\t<span class=\"counter-label\">PRODUCTION PLANTS IN SWEDEN POLAND GERMANY<\/span>\n\t\t\t\t\t\t\t<\/div>\n\n\t\t[\/vc_column_inner][vc_column_inner width=&#8221;1\/4&#8243; css=&#8221;.vc_custom_1438783353284{margin-bottom: 40px !important;}&#8221;][vc_icon type=&#8221;linecons&#8221; icon_linecons=&#8221;vc_li vc_li-tag&#8221; color=&#8221;custom&#8221; background_style=&#8221;rounded-outline&#8221; background_color=&#8221;white&#8221; size=&#8221;lg&#8221; align=&#8221;center&#8221; custom_color=&#8221;#ffffff&#8221; css=&#8221;.vc_custom_1494268094805{margin-bottom: 20px !important;}&#8221;]\t\t\t<div class=\"basel-counter  counter-default\">\n\t\t\t\t<span class=\"counter-value\" data-state=\"new\" data-final=\"45000\">45000<\/span>\n\t\t\t\t\t\t\t\t\t<span class=\"counter-label\">PRODUCTS IN STOCK<\/span>\n\t\t\t\t\t\t\t<\/div>\n\n\t\t[\/vc_column_inner][vc_column_inner width=&#8221;1\/4&#8243; css=&#8221;.vc_custom_1438783357796{margin-bottom: 40px !important;}&#8221;][vc_icon type=&#8221;linecons&#8221; icon_linecons=&#8221;vc_li vc_li-settings&#8221; color=&#8221;custom&#8221; background_style=&#8221;rounded-outline&#8221; background_color=&#8221;white&#8221; size=&#8221;lg&#8221; align=&#8221;center&#8221; custom_color=&#8221;#ffffff&#8221; css=&#8221;.vc_custom_1450023589607{margin-bottom: 20px !important;}&#8221;]\t\t\t<div class=\"basel-counter  counter-default\">\n\t\t\t\t<span class=\"counter-value\" data-state=\"new\" data-final=\"100\">100<\/span>\n\t\t\t\t\t\t\t\t\t<span class=\"counter-label\">HIGH QUALITY MACHINES<\/span>\n\t\t\t\t\t\t\t<\/div>\n\n\t\t[\/vc_column_inner][vc_column_inner width=&#8221;1\/4&#8243; css=&#8221;.vc_custom_1438783362371{margin-bottom: 40px !important;}&#8221;][vc_icon type=&#8221;linecons&#8221; icon_linecons=&#8221;vc_li vc_li-user&#8221; color=&#8221;custom&#8221; background_style=&#8221;rounded-outline&#8221; background_color=&#8221;white&#8221; size=&#8221;lg&#8221; align=&#8221;center&#8221; custom_color=&#8221;#ffffff&#8221; css=&#8221;.vc_custom_1494268124889{margin-bottom: 20px !important;}&#8221;]\t\t\t<div class=\"basel-counter  counter-default\">\n\t\t\t\t<span class=\"counter-value\" data-state=\"new\" data-final=\"200\">200<\/span>\n\t\t\t\t\t\t\t\t\t<span class=\"counter-label\">PASSIONATE EMPLOYEES<\/span>\n\t\t\t\t\t\t\t<\/div>\n\n\t\t[\/vc_column_inner][\/vc_row_inner][\/vc_column][\/vc_row][vc_row content_placement=&#8221;middle&#8221; css=&#8221;.vc_custom_1451577043146{margin-bottom: 0px !important;}&#8221;][vc_column width=&#8221;1\/2&#8243; css=&#8221;.vc_custom_1438784954834{margin-bottom: 40px !important;}&#8221;][vc_column_text]<\/p>\n<h2>NTT GROUPs KVALITETSPOLICY<\/h2>\n<div class=\"dxGrid\">\n<div class=\"dxGrid8 Main1\">\n<p>NTT Groups kvalitetspolicy bygger p\u00e5 en v\u00e4letablerad produktionstradition med en h\u00f6g kvalitetsniv\u00e5 och en m\u00e5ls\u00e4ttning att ha en ledande position inom mekanisk transmission. V\u00e5r kvalitetspolicy inneh\u00e5ller f\u00f6ljande huvudfr\u00e5gor:<\/p>\n<p>Vi ska leverera produkter som h\u00e5ller korrekt kvalitetsniv\u00e5, r\u00e4tt i tid, till r\u00e4tt leveransadress och till en konkurrenskraftig prisniv\u00e5. P\u00e5 s\u00e5 s\u00e4tt ska vi m\u00f6ta v\u00e5ra kunders krav och f\u00f6rv\u00e4ntningar.<\/p>\n<p>V\u00e5r ambition \u00e4r att skapa l\u00e5ngsiktiga kundrelationer.<\/p>\n<p>V\u00e5rt s\u00e4tt att g\u00f6ra det:<\/p>\n<p>Genom att st\u00e4ndigt f\u00f6rb\u00e4ttra kvalitetsledningssystemet, v\u00e5ra produkter och processer kommer vi att utveckla verksamheten s\u00e5 att vi kan \u00f6ka kundn\u00f6jdheten.<\/p>\n<p>Ledningen ska st\u00f6tta personalen<\/p>\n<p>Ledningen ska besluta om relevanta och stimulerande kvalitetsm\u00e5l som regelbundet kommuniceras, f\u00f6ljs upp och f\u00f6rb\u00e4ttras.<\/p>\n<p>Vi ska ha duktiga medarbetare som k\u00e4nner ansvar f\u00f6r kvaliteten i sitt arbete<\/p>\n<p>V\u00e5ra leverant\u00f6rer och partners ska uppfylla v\u00e5r angivna kvalitetsniv\u00e5<\/p>\n<p>Vi kommer att arbeta f\u00f6r att varje utf\u00f6rd leverans ska vara en bra referens f\u00f6r framtida aff\u00e4rer<\/p>\n<p>Alla i f\u00f6retaget har ett delat ansvar f\u00f6r att uppfylla v\u00e5r kvalitetspolicy.<\/p>\n<p>M\u00f6lndal 2014-10-22<\/p>\n<p>Berndt Denberger<br \/>\nvd<\/p>\n<\/div>\n<\/div>\n<p>[\/vc_column_text][\/vc_column][vc_column width=&#8221;1\/2&#8243; css=&#8221;.vc_custom_1438784968106{margin-bottom: 40px !important;}&#8221;][vc_single_image image=&#8221;13740&#8243; img_size=&#8221;614&#215;414&#8243; alignment=&#8221;center&#8221; css_animation=&#8221;right-to-left&#8221;][\/vc_column][\/vc_row][vc_row full_width=&#8221;stretch_row&#8221; content_placement=&#8221;middle&#8221; css=&#8221;.vc_custom_1707801645313{margin-bottom: 0px !important;background-color: #f9f9f9 !important;}&#8221;][vc_column width=&#8221;1\/2&#8243; css=&#8221;.vc_custom_1438784954834{margin-bottom: 40px !important;}&#8221;][vc_single_image image=&#8221;20179&#8243; img_size=&#8221;large&#8221; alignment=&#8221;center&#8221; css_animation=&#8221;right-to-left&#8221;][\/vc_column][vc_column width=&#8221;1\/2&#8243; css=&#8221;.vc_custom_1438784968106{margin-bottom: 40px !important;}&#8221;][vc_column_text]<\/p>\n<h2>CERTIFIERAD KVALITET: DIN F\u00d6RS\u00c4KRING OM EXCELLENS<\/h2>\n<div class=\"dxGrid\">\n<div class=\"dxGrid8 Main1\">\n<p>F\u00f6r att ytterligare bef\u00e4sta v\u00e5rt engagemang f\u00f6r exceptionell kvalitet \u00e4r NTT Group stolta \u00f6ver att ha ISO 9001-certifieringar p\u00e5 v\u00e5ra olika platser. Denna internationellt erk\u00e4nda standard betyder att v\u00e5rt kvalitetsledningssystem genomg\u00e5r rigor\u00f6sa revisioner och uppfyller de h\u00f6gsta internationella riktm\u00e4rkena. Varje certifiering visar v\u00e5rt engagemang f\u00f6r:<\/p>\n<p>St\u00e4ndiga f\u00f6rb\u00e4ttringar: Vi identifierar och implementerar aktivt processer som f\u00f6rb\u00e4ttrar effektivitet, konsekvens och kundn\u00f6jdhet.<br \/>\nStandardiserad verksamhet: V\u00e5ra standardiserade produktionsprocesser p\u00e5 alla platser garanterar konsekvent kvalitet och tillf\u00f6rlitlighet i varje komponent vi levererar.<br \/>\nRigor\u00f6s kvalitetskontroll: Varje steg i v\u00e5r produktion, fr\u00e5n val av r\u00e5material till slutlig inspektion, f\u00f6ljer strikta kvalitetsprocedurer, minimerar defekter och s\u00e4kerst\u00e4ller \u00f6verl\u00e4gsen prestanda.<\/p>\n<p>Att uppn\u00e5 och uppr\u00e4tth\u00e5lla ISO 9001-certifieringar \u00e4r ett bevis p\u00e5 v\u00e5rt orubbliga engagemang f\u00f6r att ge v\u00e5ra kunder det f\u00f6rtroende och den sinnesfrid som kommer med partnerskap med en kvalitetsdriven tillverkare. Detta engagemang str\u00e4cker sig bortom certifieringar, reflekterar v\u00e5ra k\u00e4rnv\u00e4rden och v\u00e4gleder varje aspekt av v\u00e5r verksamhet.<\/p>\n<\/div>\n<\/div>\n<p>[\/vc_column_text][\/vc_column][\/vc_row]<\/p>\n<\/div>","protected":false},"excerpt":{"rendered":"<p>[vc_row full_width=&#8221;stretch_row&#8221; full_height=&#8221;yes&#8221; css=&#8221;.vc_custom_1694029144707{margin-top: -40px !important;margin-bottom: 60px !important;padding-top: 15% !important;padding-bottom: 15% !important;background-image: url(https:\/\/nttgroup.com\/wp-content\/uploads\/2017\/05\/NTT-kola-zebate-produkcja.png?id=13827) !important;background-position: center !important;background-repeat: no-repeat !important;background-size: cover !important;}&#8221;][vc_column][vc_custom_heading<\/p>\n","protected":false},"author":3,"featured_media":0,"parent":0,"menu_order":0,"comment_status":"closed","ping_status":"closed","template":"","meta":{"footnotes":""},"class_list":["post-20394","page","type-page","status-publish","hentry"],"_links":{"self":[{"href":"https:\/\/nttgroup.com\/sv\/wp-json\/wp\/v2\/pages\/20394","targetHints":{"allow":["GET"]}}],"collection":[{"href":"https:\/\/nttgroup.com\/sv\/wp-json\/wp\/v2\/pages"}],"about":[{"href":"https:\/\/nttgroup.com\/sv\/wp-json\/wp\/v2\/types\/page"}],"author":[{"embeddable":true,"href":"https:\/\/nttgroup.com\/sv\/wp-json\/wp\/v2\/users\/3"}],"replies":[{"embeddable":true,"href":"https:\/\/nttgroup.com\/sv\/wp-json\/wp\/v2\/comments?post=20394"}],"version-history":[{"count":2,"href":"https:\/\/nttgroup.com\/sv\/wp-json\/wp\/v2\/pages\/20394\/revisions"}],"predecessor-version":[{"id":20396,"href":"https:\/\/nttgroup.com\/sv\/wp-json\/wp\/v2\/pages\/20394\/revisions\/20396"}],"wp:attachment":[{"href":"https:\/\/nttgroup.com\/sv\/wp-json\/wp\/v2\/media?parent=20394"}],"curies":[{"name":"wp","href":"https:\/\/api.w.org\/{rel}","templated":true}]}}