{"id":21397,"date":"2024-03-04T12:51:03","date_gmt":"2024-03-04T12:51:03","guid":{"rendered":"https:\/\/nttgroup.com\/product\/m315a200-transportorkedja-serie-m-din-8167-iso1977-sfs2380\/"},"modified":"2024-03-06T13:49:44","modified_gmt":"2024-03-06T13:49:44","slug":"m315a200-transportorkedja-serie-m-din-8167-iso1977-sfs2380","status":"publish","type":"product","link":"https:\/\/nttgroup.com\/sv\/produkt\/m315a200-transportorkedja-serie-m-din-8167-iso1977-sfs2380\/","title":{"rendered":"M315A200 &#8211; Transport\u00f6rkedja &#8211; serie M &#8211; DIN 8167 ISO1977 SFS2380"},"content":{"rendered":"<div class=\"wpb-content-wrapper\">[vc_row full_width=\"stretch_row\" content_placement=\"top\" css=\".vc_custom_1555083823910{margin-bottom: 2vh !important;padding-bottom: 1vh !important;background-color: #f9f9f9 !important;}\"][vc_column][vc_custom_heading text=\"STANDARD &amp; MADE TO ORDER\" font_container=\"tag:h5|font_size:18|text_align:left|color:%23fdb813|line_height:1.1\" use_theme_fonts=\"yes\" css=\".vc_custom_1555076945519{margin-bottom: 10px !important;background-color: #f9f9f9 !important;}\"][vc_single_image image=\"21681\" img_size=\"medium\" css=\"\"][vc_custom_heading text=\"<strong>M-Series<\/strong>\r\n<strong>Conveyor Chains<\/strong>\" font_container=\"tag:h2|font_size:56|text_align:left|color:%230082ca|line_height:1.1\" use_theme_fonts=\"yes\" css=\".vc_custom_1705990170857{margin-bottom: 5px !important;}\"][vc_custom_heading text=\"MOST DURABLE EXECUTION - WELDED PIN &amp; BUSHING\" font_container=\"tag:h2|font_size:22|text_align:left|line_height:1.1\" google_fonts=\"font_family:Raleway%3A100%2C200%2C300%2Cregular%2C500%2C600%2C700%2C800%2C900|font_style:300%20light%20regular%3A300%3Anormal\" css=\".vc_custom_1705990131345{margin-right: 20px !important;margin-bottom: 15px !important;border-right-width: 20px !important;padding-right: 20px !important;}\"][vc_column_text css=\".vc_custom_1713338131551{margin-right: 20px !important;margin-bottom: 25px !important;border-right-width: 50px !important;padding-right: 20px !important;}\"]\r\n<p data-sourcepos=\"3:1-3:232\"><strong>NTT Group<\/strong> manufactures a diverse range of <strong>conveyor chains<\/strong> in <strong>Poland and Sweden<\/strong>.<\/p>\r\n\r\n<ul data-sourcepos=\"5:1-8:0\">\r\n \t<li data-sourcepos=\"5:1-5:102\"><strong>Standard Conveyor Chains:<\/strong> Reliable and readily available options in various sizes and strengths.<\/li>\r\n \t<li data-sourcepos=\"6:1-6:102\"><strong>Welded Conveyor Chains:<\/strong> Exceptionally strong and long-lasting, ideal for demanding applications.<\/li>\r\n \t<li data-sourcepos=\"7:1-8:0\"><strong>Custom Conveyor Chains:<\/strong> Our engineers collaborate with you to design a chain tailored to your unique requirements.<\/li>\r\n<\/ul>\r\n<h5>Made to Order attachments, flights, scrapers are available for any M-Series conveyor chain.<\/h5>\r\n[\/vc_column_text][\/vc_column][\/vc_row]<style data-type=\"vc_shortcodes-custom-css\">.vc_custom_1555083823910{margin-bottom: 2vh !important;padding-bottom: 1vh !important;background-color: #f9f9f9 !important;}.vc_custom_1555076945519{margin-bottom: 10px !important;background-color: #f9f9f9 !important;}.vc_custom_1705990170857{margin-bottom: 5px !important;}.vc_custom_1705990131345{margin-right: 20px !important;margin-bottom: 15px !important;border-right-width: 20px !important;padding-right: 20px !important;}.vc_custom_1713338131551{margin-right: 20px !important;margin-bottom: 25px !important;border-right-width: 50px !important;padding-right: 20px !important;}<\/style>\n<\/div>","protected":false},"excerpt":{"rendered":"<p>NTT Group tillverkar M-seriens transport\u00f6rkedjor i standard- och specialutf\u00f6randen. Nitat standardutf\u00f6rande uppfyller kraven i DIN 8167 eller ISO 1977. HT-versionen med v\u00e4rmebehandlade sidopl\u00e5tar \u00f6vertr\u00e4ffar ISO- och DIN-standarderna och erbjuder h\u00f6gre brottlast och slitstarka sidopl\u00e5tar. Svetsad stift- eller\/och bussningsversion WE anv\u00e4nds oftast d\u00e4r h\u00f6gsta krav st\u00e4lls. Svetsade stift och bussningar ger exceptionellt l\u00e5ng livsl\u00e4ngd och underh\u00e5llsfri drift under l\u00e5ng tid.<\/p>\n","protected":false},"featured_media":20500,"comment_status":"open","ping_status":"closed","template":"","meta":[],"product_brand":[],"product_cat":[20755],"product_tag":[20734],"class_list":{"0":"post-21397","1":"product","2":"type-product","3":"status-publish","4":"has-post-thumbnail","6":"product_cat-m-type-conveyor-chains-4","7":"product_tag-conveyor-chains-sv","9":"first","10":"instock","11":"taxable","12":"shipping-taxable","13":"product-type-simple"},"_links":{"self":[{"href":"https:\/\/nttgroup.com\/sv\/wp-json\/wp\/v2\/product\/21397","targetHints":{"allow":["GET"]}}],"collection":[{"href":"https:\/\/nttgroup.com\/sv\/wp-json\/wp\/v2\/product"}],"about":[{"href":"https:\/\/nttgroup.com\/sv\/wp-json\/wp\/v2\/types\/product"}],"replies":[{"embeddable":true,"href":"https:\/\/nttgroup.com\/sv\/wp-json\/wp\/v2\/comments?post=21397"}],"wp:featuredmedia":[{"embeddable":true,"href":"https:\/\/nttgroup.com\/sv\/wp-json\/wp\/v2\/media\/20500"}],"wp:attachment":[{"href":"https:\/\/nttgroup.com\/sv\/wp-json\/wp\/v2\/media?parent=21397"}],"wp:term":[{"taxonomy":"product_brand","embeddable":true,"href":"https:\/\/nttgroup.com\/sv\/wp-json\/wp\/v2\/product_brand?post=21397"},{"taxonomy":"product_cat","embeddable":true,"href":"https:\/\/nttgroup.com\/sv\/wp-json\/wp\/v2\/product_cat?post=21397"},{"taxonomy":"product_tag","embeddable":true,"href":"https:\/\/nttgroup.com\/sv\/wp-json\/wp\/v2\/product_tag?post=21397"}],"curies":[{"name":"wp","href":"https:\/\/api.w.org\/{rel}","templated":true}]}}